{"id":8067,"date":"2016-02-26T15:12:39","date_gmt":"2016-02-26T15:12:39","guid":{"rendered":"https:\/\/uraniarecords.com\/de\/?page_id=8067"},"modified":"2016-02-26T15:14:27","modified_gmt":"2016-02-26T15:14:27","slug":"wer-sind-wir","status":"publish","type":"page","link":"https:\/\/uraniarecords.com\/de\/wer-sind-wir\/","title":{"rendered":"WER SIND WIR"},"content":{"rendered":"<p class=\"p1\">Urania Records ist ein seit 1998 bestehendes unabh\u00e4ngiges Label mit dem Sitz in der Umgebung Como.<\/p>\n<p class=\"p1\">Seine Produktion umfasst den ganzen breitgef\u00e4cherten Bereich der klassischen Musik und beinhaltet sowohl historische,als auch digitale Aufnahmen.<\/p>\n<p class=\"p1\">All unsere historischen Sammlungen bieten Aufnahmen von h\u00f6chster Qualit\u00e4t. Um die nat\u00fcrliche Klang- Sch\u00f6nheit der Originalquellen zu bewahren, werden diese durch unsere Methode in (auf) 24 Bits und 96 KHz restauriert.<\/p>\n<p class=\"p1\">Urania widmet sich besonders der Arbeit mit raren, unbearbeiteten<span class=\"Apple-converted-space\">\u00a0 <\/span>Aufnahmen der gr\u00f6\u00dften Dirigenten und Interpreten des 20. Jahrhunderts.<\/p>\n<p class=\"p1\">All unsere CD&#8217;s werden den nationalen und internationalen Gesetzen gem\u00e4\u00df ver\u00f6ffentlicht und verkauft.<\/p>\n<p class=\"p1\">Die neue Serie Leonardo spezialiert sich auf zeitgen\u00f6ssisches<span class=\"Apple-converted-space\">\u00a0 <\/span>und erstmalig aufgef\u00fchrtes Repertoire. Es handelt sich dabei um digitale Aufnahmen von Musik verschiedenster instrumentaler Besetzungen.<\/p>\n<p class=\"p1\">Die Aufnahmen von Urania werden sowohl im Netz als auf dem internationalen Markt von den besten &#8222;CD-Verteilern&#8220; vertrieben.<\/p>\n<p class=\"p1\">Urania Records z\u00e4hlt bis dato \u00fcber 500 Titel.<\/p>\n","protected":false},"excerpt":{"rendered":"<p>Urania Records ist ein seit 1998 bestehendes unabh\u00e4ngiges Label mit dem Sitz in der Umgebung Como. Seine Produktion umfasst den ganzen breitgef\u00e4cherten Bereich der klassischen Musik und beinhaltet sowohl historische,als auch digitale Aufnahmen. All unsere historischen Sammlungen bieten Aufnahmen von h\u00f6chster Qualit\u00e4t. Um die nat\u00fcrliche Klang- Sch\u00f6nheit der Originalquellen zu bewahren, werden diese durch unsere&hellip;<\/p>\n","protected":false},"author":1,"featured_media":0,"parent":0,"menu_order":0,"comment_status":"closed","ping_status":"closed","template":"","meta":[],"yoast_head":"<!-- This site is optimized with the Yoast SEO plugin v17.5 - https:\/\/yoast.com\/wordpress\/plugins\/seo\/ -->\n<title>WER SIND WIR - Urania Records<\/title>\n<meta name=\"robots\" content=\"index, follow, max-snippet:-1, max-image-preview:large, max-video-preview:-1\" \/>\n<link rel=\"canonical\" href=\"https:\/\/uraniarecords.com\/de\/wer-sind-wir\/\" \/>\n<meta property=\"og:locale\" content=\"de_DE\" \/>\n<meta property=\"og:type\" content=\"article\" \/>\n<meta property=\"og:title\" content=\"WER SIND WIR - Urania Records\" \/>\n<meta property=\"og:description\" content=\"Urania Records ist ein seit 1998 bestehendes unabh\u00e4ngiges Label mit dem Sitz in der Umgebung Como. Seine Produktion umfasst den ganzen breitgef\u00e4cherten Bereich der klassischen Musik und beinhaltet sowohl historische,als auch digitale Aufnahmen. All unsere historischen Sammlungen bieten Aufnahmen von h\u00f6chster Qualit\u00e4t. Um die nat\u00fcrliche Klang- Sch\u00f6nheit der Originalquellen zu bewahren, werden diese durch unsere&hellip;\" \/>\n<meta property=\"og:url\" content=\"https:\/\/uraniarecords.com\/de\/wer-sind-wir\/\" \/>\n<meta property=\"og:site_name\" content=\"Urania Records\" \/>\n<meta property=\"article:modified_time\" content=\"2016-02-26T15:14:27+00:00\" \/>\n<meta name=\"twitter:card\" content=\"summary\" \/>\n<meta name=\"twitter:label1\" content=\"Gesch\u00e4tzte Lesezeit\" \/>\n\t<meta name=\"twitter:data1\" content=\"1 Minute\" \/>\n<script type=\"application\/ld+json\" class=\"yoast-schema-graph\">{\"@context\":\"https:\/\/schema.org\",\"@graph\":[{\"@type\":\"WebSite\",\"@id\":\"https:\/\/uraniarecords.com\/#website\",\"url\":\"https:\/\/uraniarecords.com\/\",\"name\":\"Urania Records\",\"description\":\"The Italian classical Label since 1998\",\"potentialAction\":[{\"@type\":\"SearchAction\",\"target\":{\"@type\":\"EntryPoint\",\"urlTemplate\":\"https:\/\/uraniarecords.com\/?s={search_term_string}\"},\"query-input\":\"required name=search_term_string\"}],\"inLanguage\":\"de-DE\"},{\"@type\":\"WebPage\",\"@id\":\"https:\/\/uraniarecords.com\/de\/wer-sind-wir\/#webpage\",\"url\":\"https:\/\/uraniarecords.com\/de\/wer-sind-wir\/\",\"name\":\"WER SIND WIR - Urania Records\",\"isPartOf\":{\"@id\":\"https:\/\/uraniarecords.com\/#website\"},\"datePublished\":\"2016-02-26T15:12:39+00:00\",\"dateModified\":\"2016-02-26T15:14:27+00:00\",\"breadcrumb\":{\"@id\":\"https:\/\/uraniarecords.com\/de\/wer-sind-wir\/#breadcrumb\"},\"inLanguage\":\"de-DE\",\"potentialAction\":[{\"@type\":\"ReadAction\",\"target\":[\"https:\/\/uraniarecords.com\/de\/wer-sind-wir\/\"]}]},{\"@type\":\"BreadcrumbList\",\"@id\":\"https:\/\/uraniarecords.com\/de\/wer-sind-wir\/#breadcrumb\",\"itemListElement\":[{\"@type\":\"ListItem\",\"position\":1,\"name\":\"Home\",\"item\":\"https:\/\/uraniarecords.com\/de\/\"},{\"@type\":\"ListItem\",\"position\":2,\"name\":\"WER SIND WIR\"}]}]}<\/script>\n<!-- \/ Yoast SEO plugin. -->","yoast_head_json":{"title":"WER SIND WIR - Urania Records","robots":{"index":"index","follow":"follow","max-snippet":"max-snippet:-1","max-image-preview":"max-image-preview:large","max-video-preview":"max-video-preview:-1"},"canonical":"https:\/\/uraniarecords.com\/de\/wer-sind-wir\/","og_locale":"de_DE","og_type":"article","og_title":"WER SIND WIR - Urania Records","og_description":"Urania Records ist ein seit 1998 bestehendes unabh\u00e4ngiges Label mit dem Sitz in der Umgebung Como. Seine Produktion umfasst den ganzen breitgef\u00e4cherten Bereich der klassischen Musik und beinhaltet sowohl historische,als auch digitale Aufnahmen. All unsere historischen Sammlungen bieten Aufnahmen von h\u00f6chster Qualit\u00e4t. Um die nat\u00fcrliche Klang- Sch\u00f6nheit der Originalquellen zu bewahren, werden diese durch unsere&hellip;","og_url":"https:\/\/uraniarecords.com\/de\/wer-sind-wir\/","og_site_name":"Urania Records","article_modified_time":"2016-02-26T15:14:27+00:00","twitter_card":"summary","twitter_misc":{"Gesch\u00e4tzte Lesezeit":"1 Minute"},"schema":{"@context":"https:\/\/schema.org","@graph":[{"@type":"WebSite","@id":"https:\/\/uraniarecords.com\/#website","url":"https:\/\/uraniarecords.com\/","name":"Urania Records","description":"The Italian classical Label since 1998","potentialAction":[{"@type":"SearchAction","target":{"@type":"EntryPoint","urlTemplate":"https:\/\/uraniarecords.com\/?s={search_term_string}"},"query-input":"required name=search_term_string"}],"inLanguage":"de-DE"},{"@type":"WebPage","@id":"https:\/\/uraniarecords.com\/de\/wer-sind-wir\/#webpage","url":"https:\/\/uraniarecords.com\/de\/wer-sind-wir\/","name":"WER SIND WIR - Urania Records","isPartOf":{"@id":"https:\/\/uraniarecords.com\/#website"},"datePublished":"2016-02-26T15:12:39+00:00","dateModified":"2016-02-26T15:14:27+00:00","breadcrumb":{"@id":"https:\/\/uraniarecords.com\/de\/wer-sind-wir\/#breadcrumb"},"inLanguage":"de-DE","potentialAction":[{"@type":"ReadAction","target":["https:\/\/uraniarecords.com\/de\/wer-sind-wir\/"]}]},{"@type":"BreadcrumbList","@id":"https:\/\/uraniarecords.com\/de\/wer-sind-wir\/#breadcrumb","itemListElement":[{"@type":"ListItem","position":1,"name":"Home","item":"https:\/\/uraniarecords.com\/de\/"},{"@type":"ListItem","position":2,"name":"WER SIND WIR"}]}]}},"_links":{"self":[{"href":"https:\/\/uraniarecords.com\/de\/wp-json\/wp\/v2\/pages\/8067"}],"collection":[{"href":"https:\/\/uraniarecords.com\/de\/wp-json\/wp\/v2\/pages"}],"about":[{"href":"https:\/\/uraniarecords.com\/de\/wp-json\/wp\/v2\/types\/page"}],"author":[{"embeddable":true,"href":"https:\/\/uraniarecords.com\/de\/wp-json\/wp\/v2\/users\/1"}],"replies":[{"embeddable":true,"href":"https:\/\/uraniarecords.com\/de\/wp-json\/wp\/v2\/comments?post=8067"}],"version-history":[{"count":0,"href":"https:\/\/uraniarecords.com\/de\/wp-json\/wp\/v2\/pages\/8067\/revisions"}],"wp:attachment":[{"href":"https:\/\/uraniarecords.com\/de\/wp-json\/wp\/v2\/media?parent=8067"}],"curies":[{"name":"wp","href":"https:\/\/api.w.org\/{rel}","templated":true}]}}