{"id":13299,"date":"2018-01-21T17:00:32","date_gmt":"2018-01-21T17:00:32","guid":{"rendered":"https:\/\/uraniarecords.com\/?post_type=product&#038;p=13299"},"modified":"2024-04-30T16:21:10","modified_gmt":"2024-04-30T16:21:10","slug":"sheherazade-capriccio-espagnol-original-version-for-piano-4-hands","status":"publish","type":"product","link":"https:\/\/uraniarecords.com\/de\/prodotto\/sheherazade-capriccio-espagnol-original-version-for-piano-4-hands\/","title":{"rendered":"SH\u00c9H\u00c9RAZADE &#038; CAPRICCIO ESPAGNOL: ORIGINAL VERSION FOR PIANO 4 HANDS"},"content":{"rendered":"<p>SH\u00c9H\u00c9RAZADE &amp; CAPRICCIO ESPAGNOL: ORIGINAL VERSION FOR PIANO 4 HANDS<\/p>\n<p>(1CD)<\/p>\n<p>&nbsp;<\/p>\n<p>NICOLAI RIMSKY-KORSAKOV<\/p>\n<p><em><strong>Sh\u00e9h\u00e9razade, Suite Sinfonica, OP. 35<\/strong><\/em><\/p>\n<p>Il mare e la nave di Sinbad<\/p>\n<p>Il racconto del Principe Kalendar<\/p>\n<p>Il giovane Principe e la giovane Principessa<\/p>\n<p>Festival a Bagdad. Il Mare. Lo scontro della nave contro una scogliera sormontata da un Cavaliere di Bronzo<\/p>\n<p>&nbsp;<\/p>\n<p><em><strong>Capriccio Espagnol, Op. 34<\/strong><\/em><\/p>\n<p>Alborada<\/p>\n<p>Variazioni<\/p>\n<p>Alborada<\/p>\n<p>Scena e canto gitano<\/p>\n<p>Fandango asturiano<\/p>\n<p>&nbsp;<\/p>\n<p><strong>DUO SOLLINI-BARBATANO<\/strong><\/p>\n<p>Marco Sollini<\/p>\n<p>Salvatore Barbatano<\/p>\n<p><iframe loading=\"lazy\" src=\"https:\/\/lnk.to\/sheherazadepiano\" width=\"400\" height=\"700\" frameborder=\"0\" scrolling=\"no\"><\/iframe><\/p>\n","protected":false},"excerpt":{"rendered":"<p>SH\u00c9H\u00c9RAZADE &amp; CAPRICCIO ESPAGNOL: ORIGINAL VERSION FOR PIANO 4 HANDS (1CD) &nbsp; NICOLAI RIMSKY-KORSAKOV Sh\u00e9h\u00e9razade, Suite Sinfonica, OP. 35 Il mare e la nave di Sinbad Il racconto del Principe Kalendar Il giovane Principe e la giovane Principessa Festival a Bagdad. Il Mare. Lo scontro della nave contro una scogliera sormontata da un Cavaliere di&hellip;<\/p>\n","protected":false},"featured_media":13284,"comment_status":"open","ping_status":"closed","template":"","meta":[],"product_cat":[145,132,179],"product_tag":[],"yoast_head":"<!-- This site is optimized with the Yoast SEO plugin v17.5 - https:\/\/yoast.com\/wordpress\/plugins\/seo\/ -->\n<title>SH\u00c9H\u00c9RAZADE &amp; CAPRICCIO ESPAGNOL: ORIGINAL VERSION FOR PIANO 4 HANDS - Urania Records<\/title>\n<meta name=\"robots\" content=\"index, follow, max-snippet:-1, max-image-preview:large, max-video-preview:-1\" \/>\n<link rel=\"canonical\" href=\"https:\/\/uraniarecords.com\/de\/prodotto\/sheherazade-capriccio-espagnol-original-version-for-piano-4-hands\/\" \/>\n<meta property=\"og:locale\" content=\"de_DE\" \/>\n<meta property=\"og:type\" content=\"article\" \/>\n<meta property=\"og:title\" content=\"SH\u00c9H\u00c9RAZADE &amp; CAPRICCIO ESPAGNOL: ORIGINAL VERSION FOR PIANO 4 HANDS - Urania Records\" \/>\n<meta property=\"og:description\" content=\"SH\u00c9H\u00c9RAZADE &amp; CAPRICCIO ESPAGNOL: ORIGINAL VERSION FOR PIANO 4 HANDS (1CD) &nbsp; NICOLAI RIMSKY-KORSAKOV Sh\u00e9h\u00e9razade, Suite Sinfonica, OP. 35 Il mare e la nave di Sinbad Il racconto del Principe Kalendar Il giovane Principe e la giovane Principessa Festival a Bagdad. Il Mare. Lo scontro della nave contro una scogliera sormontata da un Cavaliere di&hellip;\" \/>\n<meta property=\"og:url\" content=\"https:\/\/uraniarecords.com\/de\/prodotto\/sheherazade-capriccio-espagnol-original-version-for-piano-4-hands\/\" \/>\n<meta property=\"og:site_name\" content=\"Urania Records\" \/>\n<meta property=\"article:modified_time\" content=\"2024-04-30T16:21:10+00:00\" \/>\n<meta property=\"og:image\" content=\"https:\/\/uraniarecords.com\/wp-content\/uploads\/2018\/01\/14035-cover-2.jpg\" \/>\n\t<meta property=\"og:image:width\" content=\"800\" \/>\n\t<meta property=\"og:image:height\" content=\"800\" \/>\n<meta name=\"twitter:card\" content=\"summary\" \/>\n<script type=\"application\/ld+json\" class=\"yoast-schema-graph\">{\"@context\":\"https:\/\/schema.org\",\"@graph\":[{\"@type\":\"WebSite\",\"@id\":\"https:\/\/uraniarecords.com\/#website\",\"url\":\"https:\/\/uraniarecords.com\/\",\"name\":\"Urania Records\",\"description\":\"The Italian classical Label since 1998\",\"potentialAction\":[{\"@type\":\"SearchAction\",\"target\":{\"@type\":\"EntryPoint\",\"urlTemplate\":\"https:\/\/uraniarecords.com\/?s={search_term_string}\"},\"query-input\":\"required name=search_term_string\"}],\"inLanguage\":\"de-DE\"},{\"@type\":\"ImageObject\",\"@id\":\"https:\/\/uraniarecords.com\/de\/prodotto\/sheherazade-capriccio-espagnol-original-version-for-piano-4-hands\/#primaryimage\",\"inLanguage\":\"de-DE\",\"url\":\"https:\/\/uraniarecords.com\/wp-content\/uploads\/2018\/01\/14035-cover-2.jpg\",\"contentUrl\":\"https:\/\/uraniarecords.com\/wp-content\/uploads\/2018\/01\/14035-cover-2.jpg\",\"width\":800,\"height\":800},{\"@type\":\"WebPage\",\"@id\":\"https:\/\/uraniarecords.com\/de\/prodotto\/sheherazade-capriccio-espagnol-original-version-for-piano-4-hands\/#webpage\",\"url\":\"https:\/\/uraniarecords.com\/de\/prodotto\/sheherazade-capriccio-espagnol-original-version-for-piano-4-hands\/\",\"name\":\"SH\\u00c9H\\u00c9RAZADE & CAPRICCIO ESPAGNOL: ORIGINAL VERSION FOR PIANO 4 HANDS - Urania Records\",\"isPartOf\":{\"@id\":\"https:\/\/uraniarecords.com\/#website\"},\"primaryImageOfPage\":{\"@id\":\"https:\/\/uraniarecords.com\/de\/prodotto\/sheherazade-capriccio-espagnol-original-version-for-piano-4-hands\/#primaryimage\"},\"datePublished\":\"2018-01-21T17:00:32+00:00\",\"dateModified\":\"2024-04-30T16:21:10+00:00\",\"breadcrumb\":{\"@id\":\"https:\/\/uraniarecords.com\/de\/prodotto\/sheherazade-capriccio-espagnol-original-version-for-piano-4-hands\/#breadcrumb\"},\"inLanguage\":\"de-DE\",\"potentialAction\":[{\"@type\":\"ReadAction\",\"target\":[\"https:\/\/uraniarecords.com\/de\/prodotto\/sheherazade-capriccio-espagnol-original-version-for-piano-4-hands\/\"]}]},{\"@type\":\"BreadcrumbList\",\"@id\":\"https:\/\/uraniarecords.com\/de\/prodotto\/sheherazade-capriccio-espagnol-original-version-for-piano-4-hands\/#breadcrumb\",\"itemListElement\":[{\"@type\":\"ListItem\",\"position\":1,\"name\":\"Home\",\"item\":\"https:\/\/uraniarecords.com\/de\/\"},{\"@type\":\"ListItem\",\"position\":2,\"name\":\"Shop\",\"item\":\"https:\/\/uraniarecords.com\/de\/shop\/\"},{\"@type\":\"ListItem\",\"position\":3,\"name\":\"SH\\u00c9H\\u00c9RAZADE &#038; CAPRICCIO ESPAGNOL: ORIGINAL VERSION FOR PIANO 4 HANDS\"}]}]}<\/script>\n<!-- \/ Yoast SEO plugin. -->","yoast_head_json":{"title":"SH\u00c9H\u00c9RAZADE & CAPRICCIO ESPAGNOL: ORIGINAL VERSION FOR PIANO 4 HANDS - Urania Records","robots":{"index":"index","follow":"follow","max-snippet":"max-snippet:-1","max-image-preview":"max-image-preview:large","max-video-preview":"max-video-preview:-1"},"canonical":"https:\/\/uraniarecords.com\/de\/prodotto\/sheherazade-capriccio-espagnol-original-version-for-piano-4-hands\/","og_locale":"de_DE","og_type":"article","og_title":"SH\u00c9H\u00c9RAZADE & CAPRICCIO ESPAGNOL: ORIGINAL VERSION FOR PIANO 4 HANDS - Urania Records","og_description":"SH\u00c9H\u00c9RAZADE &amp; CAPRICCIO ESPAGNOL: ORIGINAL VERSION FOR PIANO 4 HANDS (1CD) &nbsp; NICOLAI RIMSKY-KORSAKOV Sh\u00e9h\u00e9razade, Suite Sinfonica, OP. 35 Il mare e la nave di Sinbad Il racconto del Principe Kalendar Il giovane Principe e la giovane Principessa Festival a Bagdad. Il Mare. Lo scontro della nave contro una scogliera sormontata da un Cavaliere di&hellip;","og_url":"https:\/\/uraniarecords.com\/de\/prodotto\/sheherazade-capriccio-espagnol-original-version-for-piano-4-hands\/","og_site_name":"Urania Records","article_modified_time":"2024-04-30T16:21:10+00:00","og_image":[{"width":800,"height":800,"url":"https:\/\/uraniarecords.com\/wp-content\/uploads\/2018\/01\/14035-cover-2.jpg","type":"image\/jpeg"}],"twitter_card":"summary","schema":{"@context":"https:\/\/schema.org","@graph":[{"@type":"WebSite","@id":"https:\/\/uraniarecords.com\/#website","url":"https:\/\/uraniarecords.com\/","name":"Urania Records","description":"The Italian classical Label since 1998","potentialAction":[{"@type":"SearchAction","target":{"@type":"EntryPoint","urlTemplate":"https:\/\/uraniarecords.com\/?s={search_term_string}"},"query-input":"required name=search_term_string"}],"inLanguage":"de-DE"},{"@type":"ImageObject","@id":"https:\/\/uraniarecords.com\/de\/prodotto\/sheherazade-capriccio-espagnol-original-version-for-piano-4-hands\/#primaryimage","inLanguage":"de-DE","url":"https:\/\/uraniarecords.com\/wp-content\/uploads\/2018\/01\/14035-cover-2.jpg","contentUrl":"https:\/\/uraniarecords.com\/wp-content\/uploads\/2018\/01\/14035-cover-2.jpg","width":800,"height":800},{"@type":"WebPage","@id":"https:\/\/uraniarecords.com\/de\/prodotto\/sheherazade-capriccio-espagnol-original-version-for-piano-4-hands\/#webpage","url":"https:\/\/uraniarecords.com\/de\/prodotto\/sheherazade-capriccio-espagnol-original-version-for-piano-4-hands\/","name":"SH\u00c9H\u00c9RAZADE & CAPRICCIO ESPAGNOL: ORIGINAL VERSION FOR PIANO 4 HANDS - Urania Records","isPartOf":{"@id":"https:\/\/uraniarecords.com\/#website"},"primaryImageOfPage":{"@id":"https:\/\/uraniarecords.com\/de\/prodotto\/sheherazade-capriccio-espagnol-original-version-for-piano-4-hands\/#primaryimage"},"datePublished":"2018-01-21T17:00:32+00:00","dateModified":"2024-04-30T16:21:10+00:00","breadcrumb":{"@id":"https:\/\/uraniarecords.com\/de\/prodotto\/sheherazade-capriccio-espagnol-original-version-for-piano-4-hands\/#breadcrumb"},"inLanguage":"de-DE","potentialAction":[{"@type":"ReadAction","target":["https:\/\/uraniarecords.com\/de\/prodotto\/sheherazade-capriccio-espagnol-original-version-for-piano-4-hands\/"]}]},{"@type":"BreadcrumbList","@id":"https:\/\/uraniarecords.com\/de\/prodotto\/sheherazade-capriccio-espagnol-original-version-for-piano-4-hands\/#breadcrumb","itemListElement":[{"@type":"ListItem","position":1,"name":"Home","item":"https:\/\/uraniarecords.com\/de\/"},{"@type":"ListItem","position":2,"name":"Shop","item":"https:\/\/uraniarecords.com\/de\/shop\/"},{"@type":"ListItem","position":3,"name":"SH\u00c9H\u00c9RAZADE &#038; CAPRICCIO ESPAGNOL: ORIGINAL VERSION FOR PIANO 4 HANDS"}]}]}},"_links":{"self":[{"href":"https:\/\/uraniarecords.com\/de\/wp-json\/wp\/v2\/product\/13299"}],"collection":[{"href":"https:\/\/uraniarecords.com\/de\/wp-json\/wp\/v2\/product"}],"about":[{"href":"https:\/\/uraniarecords.com\/de\/wp-json\/wp\/v2\/types\/product"}],"replies":[{"embeddable":true,"href":"https:\/\/uraniarecords.com\/de\/wp-json\/wp\/v2\/comments?post=13299"}],"wp:featuredmedia":[{"embeddable":true,"href":"https:\/\/uraniarecords.com\/de\/wp-json\/wp\/v2\/media\/13284"}],"wp:attachment":[{"href":"https:\/\/uraniarecords.com\/de\/wp-json\/wp\/v2\/media?parent=13299"}],"wp:term":[{"taxonomy":"product_cat","embeddable":true,"href":"https:\/\/uraniarecords.com\/de\/wp-json\/wp\/v2\/product_cat?post=13299"},{"taxonomy":"product_tag","embeddable":true,"href":"https:\/\/uraniarecords.com\/de\/wp-json\/wp\/v2\/product_tag?post=13299"}],"curies":[{"name":"wp","href":"https:\/\/api.w.org\/{rel}","templated":true}]}}