{"id":15685,"date":"2020-10-08T09:40:36","date_gmt":"2020-10-08T09:40:36","guid":{"rendered":"https:\/\/uraniarecords.com\/prodotto\/jean-baptiste-janson-sonatas-op-for-cello-and-bass\/"},"modified":"2024-04-30T15:53:47","modified_gmt":"2024-04-30T15:53:47","slug":"jean-baptiste-janson-sonatas-op-for-cello-and-bass","status":"publish","type":"product","link":"https:\/\/uraniarecords.com\/de\/prodotto\/jean-baptiste-janson-sonatas-op-for-cello-and-bass\/","title":{"rendered":"JEAN\u2013BAPTISTE JANSON: SONATAS OP. I &#038; II FOR CELLO AND BASS"},"content":{"rendered":"<p>JEAN\u2013BAPTISTE JANSON: SONATAS OP. I &amp; II FOR CELLO AND BASS<\/p>\n<p>(1742 &#8211; 1803)<\/p>\n<p>Six sonates a violoncelle et basse Op. 1<\/p>\n<p>Sonata No. 1 in D Major<br \/>\nSonata No. 2 in G Major<br \/>\nSonata No. 3 in C Major<br \/>\nSonata No. 4 in B-flat Major<br \/>\nSonata No. 5 in A Major<br \/>\nSonata No. 6 in D Major<\/p>\n<p>Six sonates pour le violoncelle Op. 2<\/p>\n<p>Sonata No. 1 in C Major<br \/>\nSonata No. 2 in D Minor<br \/>\nSonata No. 3 in D Major<br \/>\nSonata No. 4 in B-flat Major<br \/>\nSonata No. 5 in A Major<br \/>\nSonata No. 6 in G Major<\/p>\n<p>CLAUDIO RONCO<\/p>\n<p>EMANUELA VOZZA<\/p>\n<p>2 CD<\/p>\n<p>Questa incisione \u00e8 in assoluto la prima dedicata alla musi-ca da camera di J.B. Janson. Insieme ai fratelli Duport, fu il maggior rappresentante della scuola violoncellistica francese e ne divenne il primo professore al Conservatorio di Parigi, nell\u2019anno della sua fondazione. Ingiustamente dimenticato dalla storia, le sue prime composizioni rappresentano in modo esemplare la svolta del gusto musicale europeo dallo Stile Galante al Classicismo.<\/p>\n<p>Cet enregistrement est le premier jamais d\u00e9di\u00e9 \u00e0 J.B. Janson. Avec les fr\u00e8res Duport, il \u00e9tait le principal repr\u00e9-sentant de l\u2019\u00e9cole fran\u00e7aise de violoncelle et, l\u2019ann\u00e9e de la fondation du Conservatoire de Paris, il en devint le premier professeur. Injustement oubli\u00e9es par l\u2019histoire, ses premi\u00e8res compositions repr\u00e9sentent de mani\u00e8re exemplaire le tournant du go\u00fbt musical europ\u00e9en du Style Galant au Classicisme.<\/p>\n<p>This recording is the first ever dedicated to J.B. Janson. Together with the Duport brothers he was the major re-presentative of the French cellist school, and in the year of the foundation of the Paris Conservatory he became its first professor. Unjustly forgotten by history, his first com-positions represent in an exemplary way the turning point of European musical taste from the Style Galant to Classicism.<\/p>\n","protected":false},"excerpt":{"rendered":"<p>JEAN\u2013BAPTISTE JANSON: SONATAS OP. I &amp; II FOR CELLO AND BASS (1742 &#8211; 1803) Six sonates a violoncelle et basse Op. 1 Sonata No. 1 in D Major Sonata No. 2 in G Major Sonata No. 3 in C Major Sonata No. 4 in B-flat Major Sonata No. 5 in A Major Sonata No. 6&hellip;<\/p>\n","protected":false},"featured_media":15677,"comment_status":"open","ping_status":"closed","template":"","meta":[],"product_cat":[162,3349,145,3372],"product_tag":[],"yoast_head":"<!-- This site is optimized with the Yoast SEO plugin v17.5 - https:\/\/yoast.com\/wordpress\/plugins\/seo\/ -->\n<title>JEAN\u2013BAPTISTE JANSON: SONATAS OP. I &amp; II FOR CELLO AND BASS - Urania Records<\/title>\n<meta name=\"robots\" content=\"index, follow, max-snippet:-1, max-image-preview:large, max-video-preview:-1\" \/>\n<link rel=\"canonical\" href=\"https:\/\/uraniarecords.com\/de\/prodotto\/jean-baptiste-janson-sonatas-op-for-cello-and-bass\/\" \/>\n<meta property=\"og:locale\" content=\"de_DE\" \/>\n<meta property=\"og:type\" content=\"article\" \/>\n<meta property=\"og:title\" content=\"JEAN\u2013BAPTISTE JANSON: SONATAS OP. I &amp; II FOR CELLO AND BASS - Urania Records\" \/>\n<meta property=\"og:description\" content=\"JEAN\u2013BAPTISTE JANSON: SONATAS OP. I &amp; II FOR CELLO AND BASS (1742 &#8211; 1803) Six sonates a violoncelle et basse Op. 1 Sonata No. 1 in D Major Sonata No. 2 in G Major Sonata No. 3 in C Major Sonata No. 4 in B-flat Major Sonata No. 5 in A Major Sonata No. 6&hellip;\" \/>\n<meta property=\"og:url\" content=\"https:\/\/uraniarecords.com\/de\/prodotto\/jean-baptiste-janson-sonatas-op-for-cello-and-bass\/\" \/>\n<meta property=\"og:site_name\" content=\"Urania Records\" \/>\n<meta property=\"article:modified_time\" content=\"2024-04-30T15:53:47+00:00\" \/>\n<meta property=\"og:image\" content=\"https:\/\/uraniarecords.com\/wp-content\/uploads\/2020\/10\/14062-cover-sito.jpg\" \/>\n\t<meta property=\"og:image:width\" content=\"800\" \/>\n\t<meta property=\"og:image:height\" content=\"800\" \/>\n<meta name=\"twitter:card\" content=\"summary\" \/>\n<meta name=\"twitter:label1\" content=\"Gesch\u00e4tzte Lesezeit\" \/>\n\t<meta name=\"twitter:data1\" content=\"1 Minute\" \/>\n<script type=\"application\/ld+json\" class=\"yoast-schema-graph\">{\"@context\":\"https:\/\/schema.org\",\"@graph\":[{\"@type\":\"WebSite\",\"@id\":\"https:\/\/uraniarecords.com\/#website\",\"url\":\"https:\/\/uraniarecords.com\/\",\"name\":\"Urania Records\",\"description\":\"The Italian classical Label since 1998\",\"potentialAction\":[{\"@type\":\"SearchAction\",\"target\":{\"@type\":\"EntryPoint\",\"urlTemplate\":\"https:\/\/uraniarecords.com\/?s={search_term_string}\"},\"query-input\":\"required name=search_term_string\"}],\"inLanguage\":\"de-DE\"},{\"@type\":\"ImageObject\",\"@id\":\"https:\/\/uraniarecords.com\/de\/prodotto\/jean-baptiste-janson-sonatas-op-for-cello-and-bass\/#primaryimage\",\"inLanguage\":\"de-DE\",\"url\":\"https:\/\/uraniarecords.com\/wp-content\/uploads\/2020\/10\/14062-cover-sito.jpg\",\"contentUrl\":\"https:\/\/uraniarecords.com\/wp-content\/uploads\/2020\/10\/14062-cover-sito.jpg\",\"width\":800,\"height\":800},{\"@type\":\"WebPage\",\"@id\":\"https:\/\/uraniarecords.com\/de\/prodotto\/jean-baptiste-janson-sonatas-op-for-cello-and-bass\/#webpage\",\"url\":\"https:\/\/uraniarecords.com\/de\/prodotto\/jean-baptiste-janson-sonatas-op-for-cello-and-bass\/\",\"name\":\"JEAN\\u2013BAPTISTE JANSON: SONATAS OP. I & II FOR CELLO AND BASS - Urania Records\",\"isPartOf\":{\"@id\":\"https:\/\/uraniarecords.com\/#website\"},\"primaryImageOfPage\":{\"@id\":\"https:\/\/uraniarecords.com\/de\/prodotto\/jean-baptiste-janson-sonatas-op-for-cello-and-bass\/#primaryimage\"},\"datePublished\":\"2020-10-08T09:40:36+00:00\",\"dateModified\":\"2024-04-30T15:53:47+00:00\",\"breadcrumb\":{\"@id\":\"https:\/\/uraniarecords.com\/de\/prodotto\/jean-baptiste-janson-sonatas-op-for-cello-and-bass\/#breadcrumb\"},\"inLanguage\":\"de-DE\",\"potentialAction\":[{\"@type\":\"ReadAction\",\"target\":[\"https:\/\/uraniarecords.com\/de\/prodotto\/jean-baptiste-janson-sonatas-op-for-cello-and-bass\/\"]}]},{\"@type\":\"BreadcrumbList\",\"@id\":\"https:\/\/uraniarecords.com\/de\/prodotto\/jean-baptiste-janson-sonatas-op-for-cello-and-bass\/#breadcrumb\",\"itemListElement\":[{\"@type\":\"ListItem\",\"position\":1,\"name\":\"Home\",\"item\":\"https:\/\/uraniarecords.com\/de\/\"},{\"@type\":\"ListItem\",\"position\":2,\"name\":\"Shop\",\"item\":\"https:\/\/uraniarecords.com\/de\/shop\/\"},{\"@type\":\"ListItem\",\"position\":3,\"name\":\"JEAN\\u2013BAPTISTE JANSON: SONATAS OP. I &#038; II FOR CELLO AND BASS\"}]}]}<\/script>\n<!-- \/ Yoast SEO plugin. -->","yoast_head_json":{"title":"JEAN\u2013BAPTISTE JANSON: SONATAS OP. I & II FOR CELLO AND BASS - Urania Records","robots":{"index":"index","follow":"follow","max-snippet":"max-snippet:-1","max-image-preview":"max-image-preview:large","max-video-preview":"max-video-preview:-1"},"canonical":"https:\/\/uraniarecords.com\/de\/prodotto\/jean-baptiste-janson-sonatas-op-for-cello-and-bass\/","og_locale":"de_DE","og_type":"article","og_title":"JEAN\u2013BAPTISTE JANSON: SONATAS OP. I & II FOR CELLO AND BASS - Urania Records","og_description":"JEAN\u2013BAPTISTE JANSON: SONATAS OP. I &amp; II FOR CELLO AND BASS (1742 &#8211; 1803) Six sonates a violoncelle et basse Op. 1 Sonata No. 1 in D Major Sonata No. 2 in G Major Sonata No. 3 in C Major Sonata No. 4 in B-flat Major Sonata No. 5 in A Major Sonata No. 6&hellip;","og_url":"https:\/\/uraniarecords.com\/de\/prodotto\/jean-baptiste-janson-sonatas-op-for-cello-and-bass\/","og_site_name":"Urania Records","article_modified_time":"2024-04-30T15:53:47+00:00","og_image":[{"width":800,"height":800,"url":"https:\/\/uraniarecords.com\/wp-content\/uploads\/2020\/10\/14062-cover-sito.jpg","type":"image\/jpeg"}],"twitter_card":"summary","twitter_misc":{"Gesch\u00e4tzte Lesezeit":"1 Minute"},"schema":{"@context":"https:\/\/schema.org","@graph":[{"@type":"WebSite","@id":"https:\/\/uraniarecords.com\/#website","url":"https:\/\/uraniarecords.com\/","name":"Urania Records","description":"The Italian classical Label since 1998","potentialAction":[{"@type":"SearchAction","target":{"@type":"EntryPoint","urlTemplate":"https:\/\/uraniarecords.com\/?s={search_term_string}"},"query-input":"required name=search_term_string"}],"inLanguage":"de-DE"},{"@type":"ImageObject","@id":"https:\/\/uraniarecords.com\/de\/prodotto\/jean-baptiste-janson-sonatas-op-for-cello-and-bass\/#primaryimage","inLanguage":"de-DE","url":"https:\/\/uraniarecords.com\/wp-content\/uploads\/2020\/10\/14062-cover-sito.jpg","contentUrl":"https:\/\/uraniarecords.com\/wp-content\/uploads\/2020\/10\/14062-cover-sito.jpg","width":800,"height":800},{"@type":"WebPage","@id":"https:\/\/uraniarecords.com\/de\/prodotto\/jean-baptiste-janson-sonatas-op-for-cello-and-bass\/#webpage","url":"https:\/\/uraniarecords.com\/de\/prodotto\/jean-baptiste-janson-sonatas-op-for-cello-and-bass\/","name":"JEAN\u2013BAPTISTE JANSON: SONATAS OP. I & II FOR CELLO AND BASS - Urania Records","isPartOf":{"@id":"https:\/\/uraniarecords.com\/#website"},"primaryImageOfPage":{"@id":"https:\/\/uraniarecords.com\/de\/prodotto\/jean-baptiste-janson-sonatas-op-for-cello-and-bass\/#primaryimage"},"datePublished":"2020-10-08T09:40:36+00:00","dateModified":"2024-04-30T15:53:47+00:00","breadcrumb":{"@id":"https:\/\/uraniarecords.com\/de\/prodotto\/jean-baptiste-janson-sonatas-op-for-cello-and-bass\/#breadcrumb"},"inLanguage":"de-DE","potentialAction":[{"@type":"ReadAction","target":["https:\/\/uraniarecords.com\/de\/prodotto\/jean-baptiste-janson-sonatas-op-for-cello-and-bass\/"]}]},{"@type":"BreadcrumbList","@id":"https:\/\/uraniarecords.com\/de\/prodotto\/jean-baptiste-janson-sonatas-op-for-cello-and-bass\/#breadcrumb","itemListElement":[{"@type":"ListItem","position":1,"name":"Home","item":"https:\/\/uraniarecords.com\/de\/"},{"@type":"ListItem","position":2,"name":"Shop","item":"https:\/\/uraniarecords.com\/de\/shop\/"},{"@type":"ListItem","position":3,"name":"JEAN\u2013BAPTISTE JANSON: SONATAS OP. I &#038; II FOR CELLO AND BASS"}]}]}},"_links":{"self":[{"href":"https:\/\/uraniarecords.com\/de\/wp-json\/wp\/v2\/product\/15685"}],"collection":[{"href":"https:\/\/uraniarecords.com\/de\/wp-json\/wp\/v2\/product"}],"about":[{"href":"https:\/\/uraniarecords.com\/de\/wp-json\/wp\/v2\/types\/product"}],"replies":[{"embeddable":true,"href":"https:\/\/uraniarecords.com\/de\/wp-json\/wp\/v2\/comments?post=15685"}],"wp:featuredmedia":[{"embeddable":true,"href":"https:\/\/uraniarecords.com\/de\/wp-json\/wp\/v2\/media\/15677"}],"wp:attachment":[{"href":"https:\/\/uraniarecords.com\/de\/wp-json\/wp\/v2\/media?parent=15685"}],"wp:term":[{"taxonomy":"product_cat","embeddable":true,"href":"https:\/\/uraniarecords.com\/de\/wp-json\/wp\/v2\/product_cat?post=15685"},{"taxonomy":"product_tag","embeddable":true,"href":"https:\/\/uraniarecords.com\/de\/wp-json\/wp\/v2\/product_tag?post=15685"}],"curies":[{"name":"wp","href":"https:\/\/api.w.org\/{rel}","templated":true}]}}