{"id":16090,"date":"2021-03-08T10:41:30","date_gmt":"2021-03-08T10:41:30","guid":{"rendered":"https:\/\/uraniarecords.com\/prodotto\/sacred-liturgy-in-bologna\/"},"modified":"2025-04-14T06:26:29","modified_gmt":"2025-04-14T06:26:29","slug":"sacred-liturgy-in-bologna","status":"publish","type":"product","link":"https:\/\/uraniarecords.com\/de\/prodotto\/sacred-liturgy-in-bologna\/","title":{"rendered":"SACRED LITURGY IN BOLOGNA"},"content":{"rendered":"<p><strong>SACRED LITURGY IN BOLOGNA<\/strong><\/p>\n<p>Benedetto Donelli\u00a0<em>Pastorale<\/em><\/p>\n<p>Giacomo Antonio Perti<em>\u00a0Tantum Ergo<\/em><\/p>\n<p>Giuseppe Maria Carretti\u00a0<em>Miserere Mei, Deus<\/em><\/p>\n<p>Ignazio Fontana\u00a0<em>Ia Lamentazione del Venerd\u00ec Santo\u00a0<\/em><\/p>\n<p>Antonio Mazzoni <em>XIIa Profezia del Sabbato Sancto &#8211; Inno a San Petronio<\/em><\/p>\n<p>Nicola Jommelli\u00a0<em>Graduale, Alleluia, Sequenza pel <\/em><em>giorno di Pentecoste<\/em><\/p>\n<p>Ferdinando Bertoni\u00a0<em>Kyrie Gloria, Credo <\/em>from <em>Missa<\/em><\/p>\n<p>P. Giuseppe Gaetano\u00a0Boni\u00a0<em>Sonata per l\u2019elevazione<\/em><\/p>\n<p>G. Battista Martini <em>Sanctus<\/em>, from <em>Missa IX Cum Jubilo &amp;\u00a0Toccata I <\/em>and <em>III in C<\/em> &#8211; <em>Agnus Dei<\/em>, from <em>Missa IX Cum Jubilo<\/em> &amp; <em>Toccata IV <\/em>and <em>VII in<\/em> C &#8211; <em>Ite Missa est<\/em>, from <em>Missa IX\u00a0Cum Jubilo<\/em> &amp;<em>\u00a0Toccata in D<\/em><\/p>\n<p>Gregorian Chant\u00a0<em>Introito Gaude Mater ecclesiae\u00a0 <\/em><br \/>\n<em>Graduale\u00a0Gloria et divitie &#8211; Alleluia Alme et confessor<\/em><br \/>\n<em>Offertorio Sacrificium Deo &#8211; Benedictus et Osanna, from <\/em><br \/>\n<em>Missa IX Cum Jubilo &#8211; Communio Multitudo languentium<\/em><\/p>\n<p>Un viaggio musicale attraverso i principali appuntamenti sacri della citt\u00e0 di Bologna: dal Natale\u00a0 fino a Pentecoste passando dalla Settimana Santa, giungendo infine alla festa pi\u00f9 importante della citt\u00e0: la solennit\u00e0 del Patrono San Petronio, con una Messa Solenne in perfetto \u201cstile bolognese\u201d del XVIII secolo.<\/p>\n<p>A musical journey through the main sacred events of the city of Bologna: from Christmas to Pentecost passing through the Holy Week, up to the most important feast of the city: the solemnity of the Patron, Saint Petronio, with a Solemn Mass in perfect \u201cBolognese style\u201d of the eighteenth century.<\/p>\n<p>&nbsp;<\/p>\n<p>Alice Fraccari,\u00a0Soprano<br \/>\nAngela Troilo,\u00a0Alto<br \/>\nPaolo Davolio,\u00a0Tenor<br \/>\nGiacomo Contro,\u00a0Baritone and concertazione<br \/>\nFrancesco Righini,\u00a0Organ<br \/>\nSilvia De Rosso,\u00a0Violone<br \/>\nAntonio De Luigi,\u00a0Theorbo &amp; Baroque Guitar<\/p>\n<p>Schola Gregoriana<br \/>\nAntonio Bitella, Davide Carollo<br \/>\nAntonio Lorenzoni, Gaspare Valli<\/p>\n","protected":false},"excerpt":{"rendered":"<p>SACRED LITURGY IN BOLOGNA Benedetto Donelli\u00a0Pastorale Giacomo Antonio Perti\u00a0Tantum Ergo Giuseppe Maria Carretti\u00a0Miserere Mei, Deus Ignazio Fontana\u00a0Ia Lamentazione del Venerd\u00ec Santo\u00a0 Antonio Mazzoni XIIa Profezia del Sabbato Sancto &#8211; Inno a San Petronio Nicola Jommelli\u00a0Graduale, Alleluia, Sequenza pel giorno di Pentecoste Ferdinando Bertoni\u00a0Kyrie Gloria, Credo from Missa P. Giuseppe Gaetano\u00a0Boni\u00a0Sonata per l\u2019elevazione G. Battista Martini&hellip;<\/p>\n","protected":false},"featured_media":16083,"comment_status":"open","ping_status":"closed","template":"","meta":[],"product_cat":[162,3349,3370,328],"product_tag":[],"yoast_head":"<!-- This site is optimized with the Yoast SEO plugin v17.5 - https:\/\/yoast.com\/wordpress\/plugins\/seo\/ -->\n<title>SACRED LITURGY IN BOLOGNA - Urania Records<\/title>\n<meta name=\"robots\" content=\"index, follow, max-snippet:-1, max-image-preview:large, max-video-preview:-1\" \/>\n<link rel=\"canonical\" href=\"https:\/\/uraniarecords.com\/de\/prodotto\/sacred-liturgy-in-bologna\/\" \/>\n<meta property=\"og:locale\" content=\"de_DE\" \/>\n<meta property=\"og:type\" content=\"article\" \/>\n<meta property=\"og:title\" content=\"SACRED LITURGY IN BOLOGNA - Urania Records\" \/>\n<meta property=\"og:description\" content=\"SACRED LITURGY IN BOLOGNA Benedetto Donelli\u00a0Pastorale Giacomo Antonio Perti\u00a0Tantum Ergo Giuseppe Maria Carretti\u00a0Miserere Mei, Deus Ignazio Fontana\u00a0Ia Lamentazione del Venerd\u00ec Santo\u00a0 Antonio Mazzoni XIIa Profezia del Sabbato Sancto &#8211; Inno a San Petronio Nicola Jommelli\u00a0Graduale, Alleluia, Sequenza pel giorno di Pentecoste Ferdinando Bertoni\u00a0Kyrie Gloria, Credo from Missa P. Giuseppe Gaetano\u00a0Boni\u00a0Sonata per l\u2019elevazione G. Battista Martini&hellip;\" \/>\n<meta property=\"og:url\" content=\"https:\/\/uraniarecords.com\/de\/prodotto\/sacred-liturgy-in-bologna\/\" \/>\n<meta property=\"og:site_name\" content=\"Urania Records\" \/>\n<meta property=\"article:modified_time\" content=\"2025-04-14T06:26:29+00:00\" \/>\n<meta property=\"og:image\" content=\"https:\/\/uraniarecords.com\/wp-content\/uploads\/2021\/03\/14069-cover-sitos.jpg\" \/>\n\t<meta property=\"og:image:width\" content=\"800\" \/>\n\t<meta property=\"og:image:height\" content=\"800\" \/>\n<meta name=\"twitter:card\" content=\"summary\" \/>\n<meta name=\"twitter:label1\" content=\"Gesch\u00e4tzte Lesezeit\" \/>\n\t<meta name=\"twitter:data1\" content=\"1 Minute\" \/>\n<script type=\"application\/ld+json\" class=\"yoast-schema-graph\">{\"@context\":\"https:\/\/schema.org\",\"@graph\":[{\"@type\":\"WebSite\",\"@id\":\"https:\/\/uraniarecords.com\/#website\",\"url\":\"https:\/\/uraniarecords.com\/\",\"name\":\"Urania Records\",\"description\":\"The Italian classical Label since 1998\",\"potentialAction\":[{\"@type\":\"SearchAction\",\"target\":{\"@type\":\"EntryPoint\",\"urlTemplate\":\"https:\/\/uraniarecords.com\/?s={search_term_string}\"},\"query-input\":\"required name=search_term_string\"}],\"inLanguage\":\"de-DE\"},{\"@type\":\"ImageObject\",\"@id\":\"https:\/\/uraniarecords.com\/de\/prodotto\/sacred-liturgy-in-bologna\/#primaryimage\",\"inLanguage\":\"de-DE\",\"url\":\"https:\/\/uraniarecords.com\/wp-content\/uploads\/2021\/03\/14069-cover-sitos.jpg\",\"contentUrl\":\"https:\/\/uraniarecords.com\/wp-content\/uploads\/2021\/03\/14069-cover-sitos.jpg\",\"width\":800,\"height\":800},{\"@type\":\"WebPage\",\"@id\":\"https:\/\/uraniarecords.com\/de\/prodotto\/sacred-liturgy-in-bologna\/#webpage\",\"url\":\"https:\/\/uraniarecords.com\/de\/prodotto\/sacred-liturgy-in-bologna\/\",\"name\":\"SACRED LITURGY IN BOLOGNA - Urania Records\",\"isPartOf\":{\"@id\":\"https:\/\/uraniarecords.com\/#website\"},\"primaryImageOfPage\":{\"@id\":\"https:\/\/uraniarecords.com\/de\/prodotto\/sacred-liturgy-in-bologna\/#primaryimage\"},\"datePublished\":\"2021-03-08T10:41:30+00:00\",\"dateModified\":\"2025-04-14T06:26:29+00:00\",\"breadcrumb\":{\"@id\":\"https:\/\/uraniarecords.com\/de\/prodotto\/sacred-liturgy-in-bologna\/#breadcrumb\"},\"inLanguage\":\"de-DE\",\"potentialAction\":[{\"@type\":\"ReadAction\",\"target\":[\"https:\/\/uraniarecords.com\/de\/prodotto\/sacred-liturgy-in-bologna\/\"]}]},{\"@type\":\"BreadcrumbList\",\"@id\":\"https:\/\/uraniarecords.com\/de\/prodotto\/sacred-liturgy-in-bologna\/#breadcrumb\",\"itemListElement\":[{\"@type\":\"ListItem\",\"position\":1,\"name\":\"Home\",\"item\":\"https:\/\/uraniarecords.com\/de\/\"},{\"@type\":\"ListItem\",\"position\":2,\"name\":\"Shop\",\"item\":\"https:\/\/uraniarecords.com\/de\/shop\/\"},{\"@type\":\"ListItem\",\"position\":3,\"name\":\"SACRED LITURGY IN BOLOGNA\"}]}]}<\/script>\n<!-- \/ Yoast SEO plugin. -->","yoast_head_json":{"title":"SACRED LITURGY IN BOLOGNA - Urania Records","robots":{"index":"index","follow":"follow","max-snippet":"max-snippet:-1","max-image-preview":"max-image-preview:large","max-video-preview":"max-video-preview:-1"},"canonical":"https:\/\/uraniarecords.com\/de\/prodotto\/sacred-liturgy-in-bologna\/","og_locale":"de_DE","og_type":"article","og_title":"SACRED LITURGY IN BOLOGNA - Urania Records","og_description":"SACRED LITURGY IN BOLOGNA Benedetto Donelli\u00a0Pastorale Giacomo Antonio Perti\u00a0Tantum Ergo Giuseppe Maria Carretti\u00a0Miserere Mei, Deus Ignazio Fontana\u00a0Ia Lamentazione del Venerd\u00ec Santo\u00a0 Antonio Mazzoni XIIa Profezia del Sabbato Sancto &#8211; Inno a San Petronio Nicola Jommelli\u00a0Graduale, Alleluia, Sequenza pel giorno di Pentecoste Ferdinando Bertoni\u00a0Kyrie Gloria, Credo from Missa P. Giuseppe Gaetano\u00a0Boni\u00a0Sonata per l\u2019elevazione G. Battista Martini&hellip;","og_url":"https:\/\/uraniarecords.com\/de\/prodotto\/sacred-liturgy-in-bologna\/","og_site_name":"Urania Records","article_modified_time":"2025-04-14T06:26:29+00:00","og_image":[{"width":800,"height":800,"url":"https:\/\/uraniarecords.com\/wp-content\/uploads\/2021\/03\/14069-cover-sitos.jpg","type":"image\/jpeg"}],"twitter_card":"summary","twitter_misc":{"Gesch\u00e4tzte Lesezeit":"1 Minute"},"schema":{"@context":"https:\/\/schema.org","@graph":[{"@type":"WebSite","@id":"https:\/\/uraniarecords.com\/#website","url":"https:\/\/uraniarecords.com\/","name":"Urania Records","description":"The Italian classical Label since 1998","potentialAction":[{"@type":"SearchAction","target":{"@type":"EntryPoint","urlTemplate":"https:\/\/uraniarecords.com\/?s={search_term_string}"},"query-input":"required name=search_term_string"}],"inLanguage":"de-DE"},{"@type":"ImageObject","@id":"https:\/\/uraniarecords.com\/de\/prodotto\/sacred-liturgy-in-bologna\/#primaryimage","inLanguage":"de-DE","url":"https:\/\/uraniarecords.com\/wp-content\/uploads\/2021\/03\/14069-cover-sitos.jpg","contentUrl":"https:\/\/uraniarecords.com\/wp-content\/uploads\/2021\/03\/14069-cover-sitos.jpg","width":800,"height":800},{"@type":"WebPage","@id":"https:\/\/uraniarecords.com\/de\/prodotto\/sacred-liturgy-in-bologna\/#webpage","url":"https:\/\/uraniarecords.com\/de\/prodotto\/sacred-liturgy-in-bologna\/","name":"SACRED LITURGY IN BOLOGNA - Urania Records","isPartOf":{"@id":"https:\/\/uraniarecords.com\/#website"},"primaryImageOfPage":{"@id":"https:\/\/uraniarecords.com\/de\/prodotto\/sacred-liturgy-in-bologna\/#primaryimage"},"datePublished":"2021-03-08T10:41:30+00:00","dateModified":"2025-04-14T06:26:29+00:00","breadcrumb":{"@id":"https:\/\/uraniarecords.com\/de\/prodotto\/sacred-liturgy-in-bologna\/#breadcrumb"},"inLanguage":"de-DE","potentialAction":[{"@type":"ReadAction","target":["https:\/\/uraniarecords.com\/de\/prodotto\/sacred-liturgy-in-bologna\/"]}]},{"@type":"BreadcrumbList","@id":"https:\/\/uraniarecords.com\/de\/prodotto\/sacred-liturgy-in-bologna\/#breadcrumb","itemListElement":[{"@type":"ListItem","position":1,"name":"Home","item":"https:\/\/uraniarecords.com\/de\/"},{"@type":"ListItem","position":2,"name":"Shop","item":"https:\/\/uraniarecords.com\/de\/shop\/"},{"@type":"ListItem","position":3,"name":"SACRED LITURGY IN BOLOGNA"}]}]}},"_links":{"self":[{"href":"https:\/\/uraniarecords.com\/de\/wp-json\/wp\/v2\/product\/16090"}],"collection":[{"href":"https:\/\/uraniarecords.com\/de\/wp-json\/wp\/v2\/product"}],"about":[{"href":"https:\/\/uraniarecords.com\/de\/wp-json\/wp\/v2\/types\/product"}],"replies":[{"embeddable":true,"href":"https:\/\/uraniarecords.com\/de\/wp-json\/wp\/v2\/comments?post=16090"}],"wp:featuredmedia":[{"embeddable":true,"href":"https:\/\/uraniarecords.com\/de\/wp-json\/wp\/v2\/media\/16083"}],"wp:attachment":[{"href":"https:\/\/uraniarecords.com\/de\/wp-json\/wp\/v2\/media?parent=16090"}],"wp:term":[{"taxonomy":"product_cat","embeddable":true,"href":"https:\/\/uraniarecords.com\/de\/wp-json\/wp\/v2\/product_cat?post=16090"},{"taxonomy":"product_tag","embeddable":true,"href":"https:\/\/uraniarecords.com\/de\/wp-json\/wp\/v2\/product_tag?post=16090"}],"curies":[{"name":"wp","href":"https:\/\/api.w.org\/{rel}","templated":true}]}}