{"id":16149,"date":"2021-04-12T07:01:01","date_gmt":"2021-04-12T07:01:01","guid":{"rendered":"https:\/\/uraniarecords.com\/prodotto\/passionei-sonatas-for-cello\/"},"modified":"2024-04-30T15:53:21","modified_gmt":"2024-04-30T15:53:21","slug":"passionei-sonatas-for-cello","status":"publish","type":"product","link":"https:\/\/uraniarecords.com\/de\/prodotto\/passionei-sonatas-for-cello\/","title":{"rendered":"PASSIONEI: SONATAS FOR CELLO"},"content":{"rendered":"<p>DOMENICO SILVIO PASSIONEI (1682 &#8211; 1761)<\/p>\n<p>SONATAS FOR CELLO &amp; CONTINUO (Amsterdam, 1718)<\/p>\n<p>Sonata V in Sib Maggiore (B-flat Major)<br \/>\nSonata VI in Re Maggiore (D Major)<br \/>\nSonata X in Do Maggiore (C Major)<br \/>\nSonata III in Re minore (D minor)<br \/>\nSonata VII in Re Maggiore (D Major)<br \/>\nSonata I in Fa Maggiore (F Major)<br \/>\nSonata VIII in Do Maggiore (C Major)<br \/>\nSonata XII in La Maggiore (A Major)<\/p>\n<p><em>ENSEMBLE IL CONTINUO<\/em><\/p>\n<p>GIOELE GUSBERTI, cello<br \/>\nCLAUDIO FRIGERIO, cello<br \/>\nMARIJA JOVANOVIC, harpsichord<\/p>\n<p>1 CD WORLD PREMIERE RECORDING<\/p>\n<p>Passionei ide\u00f2 questa raccolta col fine di averne colto diletto, e identico scopo lo ha per noi che ci immergiamo nella densa retorica di cui \u00e8 composta e ne traiamo nuovo sapere; come il Nostro scelse di pubblicare la sua opera per contribuire al sempre pi\u00f9 nutrito repertorio per violoncello e mostrare la propria dottrina strumentale, cos\u00ec noi scegliamo di editare questa nostra fatica come contributo alla riscoperta della genialit\u00e0 di Passionei. Si sono pertanto scelte solo le otto delle dodici Sonate ove si \u00e8 persuasi di essere giunti ad una visione convincente del pensiero compositivo, frutto di approfonditi studi violoncellistici.<\/p>\n<p>Passionei conceived this bundle of cello sonatas with the noble aim of amusement and as it is for us to enjoy his rhetoric and gain more knowledge from it. He published the sonatas to enrich the cello repertoire, as did we through our recording. We wanted to give a sincere contribution to the genius of Passionei and to our history as artists. Therefore we chose only eight of the twelve Sonatas in which we think to have achieved the composer\u2019s compositional vision as result of a serious research about the cello practice.<\/p>\n<p>Front cover: <em>When I said I can see me in your eyes<\/em> by Gianmario Masala. www.gianmariomasala.com<\/p>\n","protected":false},"excerpt":{"rendered":"<p>DOMENICO SILVIO PASSIONEI (1682 &#8211; 1761) SONATAS FOR CELLO &amp; CONTINUO (Amsterdam, 1718) Sonata V in Sib Maggiore (B-flat Major) Sonata VI in Re Maggiore (D Major) Sonata X in Do Maggiore (C Major) Sonata III in Re minore (D minor) Sonata VII in Re Maggiore (D Major) Sonata I in Fa Maggiore (F Major)&hellip;<\/p>\n","protected":false},"featured_media":16142,"comment_status":"open","ping_status":"closed","template":"","meta":[],"product_cat":[162,3349,145,3372],"product_tag":[],"yoast_head":"<!-- This site is optimized with the Yoast SEO plugin v17.5 - https:\/\/yoast.com\/wordpress\/plugins\/seo\/ -->\n<title>PASSIONEI: SONATAS FOR CELLO - Urania Records<\/title>\n<meta name=\"robots\" content=\"index, follow, max-snippet:-1, max-image-preview:large, max-video-preview:-1\" \/>\n<link rel=\"canonical\" href=\"https:\/\/uraniarecords.com\/de\/prodotto\/passionei-sonatas-for-cello\/\" \/>\n<meta property=\"og:locale\" content=\"de_DE\" \/>\n<meta property=\"og:type\" content=\"article\" \/>\n<meta property=\"og:title\" content=\"PASSIONEI: SONATAS FOR CELLO - Urania Records\" \/>\n<meta property=\"og:description\" content=\"DOMENICO SILVIO PASSIONEI (1682 &#8211; 1761) SONATAS FOR CELLO &amp; CONTINUO (Amsterdam, 1718) Sonata V in Sib Maggiore (B-flat Major) Sonata VI in Re Maggiore (D Major) Sonata X in Do Maggiore (C Major) Sonata III in Re minore (D minor) Sonata VII in Re Maggiore (D Major) Sonata I in Fa Maggiore (F Major)&hellip;\" \/>\n<meta property=\"og:url\" content=\"https:\/\/uraniarecords.com\/de\/prodotto\/passionei-sonatas-for-cello\/\" \/>\n<meta property=\"og:site_name\" content=\"Urania Records\" \/>\n<meta property=\"article:modified_time\" content=\"2024-04-30T15:53:21+00:00\" \/>\n<meta property=\"og:image\" content=\"https:\/\/uraniarecords.com\/wp-content\/uploads\/2021\/04\/14070-cover-sito.jpg\" \/>\n\t<meta property=\"og:image:width\" content=\"800\" \/>\n\t<meta property=\"og:image:height\" content=\"800\" \/>\n<meta name=\"twitter:card\" content=\"summary\" \/>\n<meta name=\"twitter:label1\" content=\"Gesch\u00e4tzte Lesezeit\" \/>\n\t<meta name=\"twitter:data1\" content=\"1 Minute\" \/>\n<script type=\"application\/ld+json\" class=\"yoast-schema-graph\">{\"@context\":\"https:\/\/schema.org\",\"@graph\":[{\"@type\":\"WebSite\",\"@id\":\"https:\/\/uraniarecords.com\/#website\",\"url\":\"https:\/\/uraniarecords.com\/\",\"name\":\"Urania Records\",\"description\":\"The Italian classical Label since 1998\",\"potentialAction\":[{\"@type\":\"SearchAction\",\"target\":{\"@type\":\"EntryPoint\",\"urlTemplate\":\"https:\/\/uraniarecords.com\/?s={search_term_string}\"},\"query-input\":\"required name=search_term_string\"}],\"inLanguage\":\"de-DE\"},{\"@type\":\"ImageObject\",\"@id\":\"https:\/\/uraniarecords.com\/de\/prodotto\/passionei-sonatas-for-cello\/#primaryimage\",\"inLanguage\":\"de-DE\",\"url\":\"https:\/\/uraniarecords.com\/wp-content\/uploads\/2021\/04\/14070-cover-sito.jpg\",\"contentUrl\":\"https:\/\/uraniarecords.com\/wp-content\/uploads\/2021\/04\/14070-cover-sito.jpg\",\"width\":800,\"height\":800,\"caption\":\"PASSIONEI ENSEMBLE IL CONTINUO\"},{\"@type\":\"WebPage\",\"@id\":\"https:\/\/uraniarecords.com\/de\/prodotto\/passionei-sonatas-for-cello\/#webpage\",\"url\":\"https:\/\/uraniarecords.com\/de\/prodotto\/passionei-sonatas-for-cello\/\",\"name\":\"PASSIONEI: SONATAS FOR CELLO - Urania Records\",\"isPartOf\":{\"@id\":\"https:\/\/uraniarecords.com\/#website\"},\"primaryImageOfPage\":{\"@id\":\"https:\/\/uraniarecords.com\/de\/prodotto\/passionei-sonatas-for-cello\/#primaryimage\"},\"datePublished\":\"2021-04-12T07:01:01+00:00\",\"dateModified\":\"2024-04-30T15:53:21+00:00\",\"breadcrumb\":{\"@id\":\"https:\/\/uraniarecords.com\/de\/prodotto\/passionei-sonatas-for-cello\/#breadcrumb\"},\"inLanguage\":\"de-DE\",\"potentialAction\":[{\"@type\":\"ReadAction\",\"target\":[\"https:\/\/uraniarecords.com\/de\/prodotto\/passionei-sonatas-for-cello\/\"]}]},{\"@type\":\"BreadcrumbList\",\"@id\":\"https:\/\/uraniarecords.com\/de\/prodotto\/passionei-sonatas-for-cello\/#breadcrumb\",\"itemListElement\":[{\"@type\":\"ListItem\",\"position\":1,\"name\":\"Home\",\"item\":\"https:\/\/uraniarecords.com\/de\/\"},{\"@type\":\"ListItem\",\"position\":2,\"name\":\"Shop\",\"item\":\"https:\/\/uraniarecords.com\/de\/shop\/\"},{\"@type\":\"ListItem\",\"position\":3,\"name\":\"PASSIONEI: SONATAS FOR CELLO\"}]}]}<\/script>\n<!-- \/ Yoast SEO plugin. -->","yoast_head_json":{"title":"PASSIONEI: SONATAS FOR CELLO - Urania Records","robots":{"index":"index","follow":"follow","max-snippet":"max-snippet:-1","max-image-preview":"max-image-preview:large","max-video-preview":"max-video-preview:-1"},"canonical":"https:\/\/uraniarecords.com\/de\/prodotto\/passionei-sonatas-for-cello\/","og_locale":"de_DE","og_type":"article","og_title":"PASSIONEI: SONATAS FOR CELLO - Urania Records","og_description":"DOMENICO SILVIO PASSIONEI (1682 &#8211; 1761) SONATAS FOR CELLO &amp; CONTINUO (Amsterdam, 1718) Sonata V in Sib Maggiore (B-flat Major) Sonata VI in Re Maggiore (D Major) Sonata X in Do Maggiore (C Major) Sonata III in Re minore (D minor) Sonata VII in Re Maggiore (D Major) Sonata I in Fa Maggiore (F Major)&hellip;","og_url":"https:\/\/uraniarecords.com\/de\/prodotto\/passionei-sonatas-for-cello\/","og_site_name":"Urania Records","article_modified_time":"2024-04-30T15:53:21+00:00","og_image":[{"width":800,"height":800,"url":"https:\/\/uraniarecords.com\/wp-content\/uploads\/2021\/04\/14070-cover-sito.jpg","type":"image\/jpeg"}],"twitter_card":"summary","twitter_misc":{"Gesch\u00e4tzte Lesezeit":"1 Minute"},"schema":{"@context":"https:\/\/schema.org","@graph":[{"@type":"WebSite","@id":"https:\/\/uraniarecords.com\/#website","url":"https:\/\/uraniarecords.com\/","name":"Urania Records","description":"The Italian classical Label since 1998","potentialAction":[{"@type":"SearchAction","target":{"@type":"EntryPoint","urlTemplate":"https:\/\/uraniarecords.com\/?s={search_term_string}"},"query-input":"required name=search_term_string"}],"inLanguage":"de-DE"},{"@type":"ImageObject","@id":"https:\/\/uraniarecords.com\/de\/prodotto\/passionei-sonatas-for-cello\/#primaryimage","inLanguage":"de-DE","url":"https:\/\/uraniarecords.com\/wp-content\/uploads\/2021\/04\/14070-cover-sito.jpg","contentUrl":"https:\/\/uraniarecords.com\/wp-content\/uploads\/2021\/04\/14070-cover-sito.jpg","width":800,"height":800,"caption":"PASSIONEI ENSEMBLE IL CONTINUO"},{"@type":"WebPage","@id":"https:\/\/uraniarecords.com\/de\/prodotto\/passionei-sonatas-for-cello\/#webpage","url":"https:\/\/uraniarecords.com\/de\/prodotto\/passionei-sonatas-for-cello\/","name":"PASSIONEI: SONATAS FOR CELLO - Urania Records","isPartOf":{"@id":"https:\/\/uraniarecords.com\/#website"},"primaryImageOfPage":{"@id":"https:\/\/uraniarecords.com\/de\/prodotto\/passionei-sonatas-for-cello\/#primaryimage"},"datePublished":"2021-04-12T07:01:01+00:00","dateModified":"2024-04-30T15:53:21+00:00","breadcrumb":{"@id":"https:\/\/uraniarecords.com\/de\/prodotto\/passionei-sonatas-for-cello\/#breadcrumb"},"inLanguage":"de-DE","potentialAction":[{"@type":"ReadAction","target":["https:\/\/uraniarecords.com\/de\/prodotto\/passionei-sonatas-for-cello\/"]}]},{"@type":"BreadcrumbList","@id":"https:\/\/uraniarecords.com\/de\/prodotto\/passionei-sonatas-for-cello\/#breadcrumb","itemListElement":[{"@type":"ListItem","position":1,"name":"Home","item":"https:\/\/uraniarecords.com\/de\/"},{"@type":"ListItem","position":2,"name":"Shop","item":"https:\/\/uraniarecords.com\/de\/shop\/"},{"@type":"ListItem","position":3,"name":"PASSIONEI: SONATAS FOR CELLO"}]}]}},"_links":{"self":[{"href":"https:\/\/uraniarecords.com\/de\/wp-json\/wp\/v2\/product\/16149"}],"collection":[{"href":"https:\/\/uraniarecords.com\/de\/wp-json\/wp\/v2\/product"}],"about":[{"href":"https:\/\/uraniarecords.com\/de\/wp-json\/wp\/v2\/types\/product"}],"replies":[{"embeddable":true,"href":"https:\/\/uraniarecords.com\/de\/wp-json\/wp\/v2\/comments?post=16149"}],"wp:featuredmedia":[{"embeddable":true,"href":"https:\/\/uraniarecords.com\/de\/wp-json\/wp\/v2\/media\/16142"}],"wp:attachment":[{"href":"https:\/\/uraniarecords.com\/de\/wp-json\/wp\/v2\/media?parent=16149"}],"wp:term":[{"taxonomy":"product_cat","embeddable":true,"href":"https:\/\/uraniarecords.com\/de\/wp-json\/wp\/v2\/product_cat?post=16149"},{"taxonomy":"product_tag","embeddable":true,"href":"https:\/\/uraniarecords.com\/de\/wp-json\/wp\/v2\/product_tag?post=16149"}],"curies":[{"name":"wp","href":"https:\/\/api.w.org\/{rel}","templated":true}]}}