{"id":17484,"date":"2022-11-03T13:13:27","date_gmt":"2022-11-03T13:13:27","guid":{"rendered":"https:\/\/uraniarecords.com\/prodotto\/e-siprutini-cello-sonatas-op-iii-op-v\/"},"modified":"2024-04-30T15:51:54","modified_gmt":"2024-04-30T15:51:54","slug":"e-siprutini-cello-sonatas-op-iii-op-v","status":"publish","type":"product","link":"https:\/\/uraniarecords.com\/de\/prodotto\/e-siprutini-cello-sonatas-op-iii-op-v\/","title":{"rendered":"E. SIPRUTINI: CELLO SONATAS, OP. III &#038; Op. V"},"content":{"rendered":"<p><strong>EMANUEL SIPRUTINI<\/strong> (Emmanuel Shiprut)<\/p>\n<p>(Netherlands 1730 &#8211; London 1790)<\/p>\n<p>SIX SOLOS FOR a VIOLONCELLO WITH BASS Op. III (London, 1764)<\/p>\n<p><em>Sonata I in D minor<\/em><br \/>\n<em>Sonata II in F Major<\/em><br \/>\n<em>Sonata III in G Major<\/em><br \/>\n<em>Sonata IV in A minor<\/em><br \/>\n<em>Sonata V in D Major<\/em><br \/>\n<em>Sonata VI in C Major<\/em><\/p>\n<p>SIX SOLOS FOR a VIOLONCELLO WITH BASS Op. V (London, about 1765)<\/p>\n<p><em>Sonata I in C Major<\/em><br \/>\n<em>Sonata II in A Major<\/em><br \/>\n<em>Sonata III in G Major<\/em><br \/>\n<em>Sonata IV in D Major<\/em><br \/>\n<em>Sonata V in F Major<\/em><br \/>\n<em>Sonata VI in G Major<\/em><\/p>\n<p>CLAUDIO RONCO &#8211; EMANUELA VOZZA<br \/>\nOn original instruments<\/p>\n<p>2 CD<\/p>\n<p>&nbsp;<\/p>\n<p>Della nascita e degli studi di Emanuel Siprutini non sappiamo nulla, se non che l\u2019italianizzazione del suo nome ebraico, Shiprut, parrebbe indicare la sua appartenenza alla scuola violoncellistica italiana, di gran moda all\u2019epoca. Intorno al 1750 si hanno notizie di suoi concerti in Olanda, dove era attivo anche come commerciante di vino, e verso il 1755 si stabil\u00ec a Londra come concertista e insegnante di violoncello. Leopold Mozart lo incontr\u00f2 nel 1764 durante il suo viaggio in Inghilterra e, colpito dal suo talento musicale, tent\u00f2 di convincerlo a convertirsi al cristianesimo, ma senza riuscirci. Lasci\u00f2 sette libri di sonate per il violoncello che certamente i Mozart possedettero, come vien da pensare ritrovandone tracce e frammenti nelle pi\u00f9 note opere di Wolfgang Amadeus.<\/p>\n<p>&nbsp;<\/p>\n<p>ENGLISH VERSION<\/p>\n<p>Of the birth and studies of Emanuel Siprutini we know nothing, except that the Italianization of his Hebrew name, Shiprut, would seem to indicate, if anything, the belonging to an italian school and style, if only for con-venience (Italian cellists were the most appreciated). Around 1750 there are records of his concerts in Holland, where he was also active as a wine merchant, and few years later he settled in London as a concert performer and cello teacher. Leopold Mozart met him in 1764 while visiting England, and struck by his talent tried to convince him to convert to Christianity. Emanuel refused and remained serenely Jewish, cellist and wine trader. He left seven books of sonatas for the cello, which the Mozarts certainly possessed, as is to be believed, finding traces and shreds of ideas in the works of Wolfgang.<\/p>\n","protected":false},"excerpt":{"rendered":"<p>EMANUEL SIPRUTINI (Emmanuel Shiprut) (Netherlands 1730 &#8211; London 1790) SIX SOLOS FOR a VIOLONCELLO WITH BASS Op. III (London, 1764) Sonata I in D minor Sonata II in F Major Sonata III in G Major Sonata IV in A minor Sonata V in D Major Sonata VI in C Major SIX SOLOS FOR a VIOLONCELLO&hellip;<\/p>\n","protected":false},"featured_media":17386,"comment_status":"open","ping_status":"closed","template":"","meta":[],"product_cat":[162,3349,145,3372],"product_tag":[],"yoast_head":"<!-- This site is optimized with the Yoast SEO plugin v17.5 - https:\/\/yoast.com\/wordpress\/plugins\/seo\/ -->\n<title>E. SIPRUTINI: CELLO SONATAS, OP. III &amp; Op. V - Urania Records<\/title>\n<meta name=\"robots\" content=\"index, follow, max-snippet:-1, max-image-preview:large, max-video-preview:-1\" \/>\n<link rel=\"canonical\" href=\"https:\/\/uraniarecords.com\/de\/prodotto\/e-siprutini-cello-sonatas-op-iii-op-v\/\" \/>\n<meta property=\"og:locale\" content=\"de_DE\" \/>\n<meta property=\"og:type\" content=\"article\" \/>\n<meta property=\"og:title\" content=\"E. SIPRUTINI: CELLO SONATAS, OP. III &amp; Op. V - Urania Records\" \/>\n<meta property=\"og:description\" content=\"EMANUEL SIPRUTINI (Emmanuel Shiprut) (Netherlands 1730 &#8211; London 1790) SIX SOLOS FOR a VIOLONCELLO WITH BASS Op. III (London, 1764) Sonata I in D minor Sonata II in F Major Sonata III in G Major Sonata IV in A minor Sonata V in D Major Sonata VI in C Major SIX SOLOS FOR a VIOLONCELLO&hellip;\" \/>\n<meta property=\"og:url\" content=\"https:\/\/uraniarecords.com\/de\/prodotto\/e-siprutini-cello-sonatas-op-iii-op-v\/\" \/>\n<meta property=\"og:site_name\" content=\"Urania Records\" \/>\n<meta property=\"article:modified_time\" content=\"2024-04-30T15:51:54+00:00\" \/>\n<meta property=\"og:image\" content=\"https:\/\/uraniarecords.com\/wp-content\/uploads\/2022\/10\/14094-cover-sito.jpg\" \/>\n\t<meta property=\"og:image:width\" content=\"800\" \/>\n\t<meta property=\"og:image:height\" content=\"731\" \/>\n<meta name=\"twitter:card\" content=\"summary\" \/>\n<meta name=\"twitter:label1\" content=\"Gesch\u00e4tzte Lesezeit\" \/>\n\t<meta name=\"twitter:data1\" content=\"2 Minuten\" \/>\n<script type=\"application\/ld+json\" class=\"yoast-schema-graph\">{\"@context\":\"https:\/\/schema.org\",\"@graph\":[{\"@type\":\"WebSite\",\"@id\":\"https:\/\/uraniarecords.com\/#website\",\"url\":\"https:\/\/uraniarecords.com\/\",\"name\":\"Urania Records\",\"description\":\"The Italian classical Label since 1998\",\"potentialAction\":[{\"@type\":\"SearchAction\",\"target\":{\"@type\":\"EntryPoint\",\"urlTemplate\":\"https:\/\/uraniarecords.com\/?s={search_term_string}\"},\"query-input\":\"required name=search_term_string\"}],\"inLanguage\":\"de-DE\"},{\"@type\":\"ImageObject\",\"@id\":\"https:\/\/uraniarecords.com\/de\/prodotto\/e-siprutini-cello-sonatas-op-iii-op-v\/#primaryimage\",\"inLanguage\":\"de-DE\",\"url\":\"https:\/\/uraniarecords.com\/wp-content\/uploads\/2022\/10\/14094-cover-sito.jpg\",\"contentUrl\":\"https:\/\/uraniarecords.com\/wp-content\/uploads\/2022\/10\/14094-cover-sito.jpg\",\"width\":800,\"height\":731},{\"@type\":\"WebPage\",\"@id\":\"https:\/\/uraniarecords.com\/de\/prodotto\/e-siprutini-cello-sonatas-op-iii-op-v\/#webpage\",\"url\":\"https:\/\/uraniarecords.com\/de\/prodotto\/e-siprutini-cello-sonatas-op-iii-op-v\/\",\"name\":\"E. SIPRUTINI: CELLO SONATAS, OP. III & Op. V - Urania Records\",\"isPartOf\":{\"@id\":\"https:\/\/uraniarecords.com\/#website\"},\"primaryImageOfPage\":{\"@id\":\"https:\/\/uraniarecords.com\/de\/prodotto\/e-siprutini-cello-sonatas-op-iii-op-v\/#primaryimage\"},\"datePublished\":\"2022-11-03T13:13:27+00:00\",\"dateModified\":\"2024-04-30T15:51:54+00:00\",\"breadcrumb\":{\"@id\":\"https:\/\/uraniarecords.com\/de\/prodotto\/e-siprutini-cello-sonatas-op-iii-op-v\/#breadcrumb\"},\"inLanguage\":\"de-DE\",\"potentialAction\":[{\"@type\":\"ReadAction\",\"target\":[\"https:\/\/uraniarecords.com\/de\/prodotto\/e-siprutini-cello-sonatas-op-iii-op-v\/\"]}]},{\"@type\":\"BreadcrumbList\",\"@id\":\"https:\/\/uraniarecords.com\/de\/prodotto\/e-siprutini-cello-sonatas-op-iii-op-v\/#breadcrumb\",\"itemListElement\":[{\"@type\":\"ListItem\",\"position\":1,\"name\":\"Home\",\"item\":\"https:\/\/uraniarecords.com\/de\/\"},{\"@type\":\"ListItem\",\"position\":2,\"name\":\"Shop\",\"item\":\"https:\/\/uraniarecords.com\/de\/shop\/\"},{\"@type\":\"ListItem\",\"position\":3,\"name\":\"E. SIPRUTINI: CELLO SONATAS, OP. III &#038; Op. V\"}]}]}<\/script>\n<!-- \/ Yoast SEO plugin. -->","yoast_head_json":{"title":"E. SIPRUTINI: CELLO SONATAS, OP. III & Op. V - Urania Records","robots":{"index":"index","follow":"follow","max-snippet":"max-snippet:-1","max-image-preview":"max-image-preview:large","max-video-preview":"max-video-preview:-1"},"canonical":"https:\/\/uraniarecords.com\/de\/prodotto\/e-siprutini-cello-sonatas-op-iii-op-v\/","og_locale":"de_DE","og_type":"article","og_title":"E. SIPRUTINI: CELLO SONATAS, OP. III & Op. V - Urania Records","og_description":"EMANUEL SIPRUTINI (Emmanuel Shiprut) (Netherlands 1730 &#8211; London 1790) SIX SOLOS FOR a VIOLONCELLO WITH BASS Op. III (London, 1764) Sonata I in D minor Sonata II in F Major Sonata III in G Major Sonata IV in A minor Sonata V in D Major Sonata VI in C Major SIX SOLOS FOR a VIOLONCELLO&hellip;","og_url":"https:\/\/uraniarecords.com\/de\/prodotto\/e-siprutini-cello-sonatas-op-iii-op-v\/","og_site_name":"Urania Records","article_modified_time":"2024-04-30T15:51:54+00:00","og_image":[{"width":800,"height":731,"url":"https:\/\/uraniarecords.com\/wp-content\/uploads\/2022\/10\/14094-cover-sito.jpg","type":"image\/jpeg"}],"twitter_card":"summary","twitter_misc":{"Gesch\u00e4tzte Lesezeit":"2 Minuten"},"schema":{"@context":"https:\/\/schema.org","@graph":[{"@type":"WebSite","@id":"https:\/\/uraniarecords.com\/#website","url":"https:\/\/uraniarecords.com\/","name":"Urania Records","description":"The Italian classical Label since 1998","potentialAction":[{"@type":"SearchAction","target":{"@type":"EntryPoint","urlTemplate":"https:\/\/uraniarecords.com\/?s={search_term_string}"},"query-input":"required name=search_term_string"}],"inLanguage":"de-DE"},{"@type":"ImageObject","@id":"https:\/\/uraniarecords.com\/de\/prodotto\/e-siprutini-cello-sonatas-op-iii-op-v\/#primaryimage","inLanguage":"de-DE","url":"https:\/\/uraniarecords.com\/wp-content\/uploads\/2022\/10\/14094-cover-sito.jpg","contentUrl":"https:\/\/uraniarecords.com\/wp-content\/uploads\/2022\/10\/14094-cover-sito.jpg","width":800,"height":731},{"@type":"WebPage","@id":"https:\/\/uraniarecords.com\/de\/prodotto\/e-siprutini-cello-sonatas-op-iii-op-v\/#webpage","url":"https:\/\/uraniarecords.com\/de\/prodotto\/e-siprutini-cello-sonatas-op-iii-op-v\/","name":"E. SIPRUTINI: CELLO SONATAS, OP. III & Op. V - Urania Records","isPartOf":{"@id":"https:\/\/uraniarecords.com\/#website"},"primaryImageOfPage":{"@id":"https:\/\/uraniarecords.com\/de\/prodotto\/e-siprutini-cello-sonatas-op-iii-op-v\/#primaryimage"},"datePublished":"2022-11-03T13:13:27+00:00","dateModified":"2024-04-30T15:51:54+00:00","breadcrumb":{"@id":"https:\/\/uraniarecords.com\/de\/prodotto\/e-siprutini-cello-sonatas-op-iii-op-v\/#breadcrumb"},"inLanguage":"de-DE","potentialAction":[{"@type":"ReadAction","target":["https:\/\/uraniarecords.com\/de\/prodotto\/e-siprutini-cello-sonatas-op-iii-op-v\/"]}]},{"@type":"BreadcrumbList","@id":"https:\/\/uraniarecords.com\/de\/prodotto\/e-siprutini-cello-sonatas-op-iii-op-v\/#breadcrumb","itemListElement":[{"@type":"ListItem","position":1,"name":"Home","item":"https:\/\/uraniarecords.com\/de\/"},{"@type":"ListItem","position":2,"name":"Shop","item":"https:\/\/uraniarecords.com\/de\/shop\/"},{"@type":"ListItem","position":3,"name":"E. SIPRUTINI: CELLO SONATAS, OP. III &#038; Op. V"}]}]}},"_links":{"self":[{"href":"https:\/\/uraniarecords.com\/de\/wp-json\/wp\/v2\/product\/17484"}],"collection":[{"href":"https:\/\/uraniarecords.com\/de\/wp-json\/wp\/v2\/product"}],"about":[{"href":"https:\/\/uraniarecords.com\/de\/wp-json\/wp\/v2\/types\/product"}],"replies":[{"embeddable":true,"href":"https:\/\/uraniarecords.com\/de\/wp-json\/wp\/v2\/comments?post=17484"}],"wp:featuredmedia":[{"embeddable":true,"href":"https:\/\/uraniarecords.com\/de\/wp-json\/wp\/v2\/media\/17386"}],"wp:attachment":[{"href":"https:\/\/uraniarecords.com\/de\/wp-json\/wp\/v2\/media?parent=17484"}],"wp:term":[{"taxonomy":"product_cat","embeddable":true,"href":"https:\/\/uraniarecords.com\/de\/wp-json\/wp\/v2\/product_cat?post=17484"},{"taxonomy":"product_tag","embeddable":true,"href":"https:\/\/uraniarecords.com\/de\/wp-json\/wp\/v2\/product_tag?post=17484"}],"curies":[{"name":"wp","href":"https:\/\/api.w.org\/{rel}","templated":true}]}}