{"id":19243,"date":"2024-03-04T14:28:01","date_gmt":"2024-03-04T14:28:01","guid":{"rendered":"https:\/\/uraniarecords.com\/prodotto\/puccini-the-complete-works-for-string-quartet\/"},"modified":"2025-04-14T06:26:03","modified_gmt":"2025-04-14T06:26:03","slug":"puccini-the-complete-works-for-string-quartet","status":"publish","type":"product","link":"https:\/\/uraniarecords.com\/de\/prodotto\/puccini-the-complete-works-for-string-quartet\/","title":{"rendered":"PUCCINI: THE COMPLETE WORKS FOR STRING QUARTET"},"content":{"rendered":"<p>GIACOMO PUCCINI (1858-1924)<\/p>\n<p>Quartetto in Re<br \/>\nAllegro moderato &#8211; Adagio &#8211; Scherzo (allegro vivo) &#8211; Allegro vivo<\/p>\n<p>Minuetto Nos. 1,2,3<\/p>\n<p>Fuga Nos. 1,2,3<\/p>\n<p>Crisantemi<\/p>\n<p>Paolo Morena, Violin I<br \/>\nFabio Ravasi, Violin II<br \/>\nCynthia Liao, Viola<br \/>\nGabriele Zanetti, Cello<\/p>\n<p>1 CD<\/p>\n<p>&nbsp;<\/p>\n<p>Chiunque oggi senta parlare di Giacomo Puccini, istintivamente \u00e8 portato a pensare alle sue pi\u00f9 celebri composizioni in campo operistico. Non tutti sanno per\u00f2 che la sua produzione degli anni di formazione milanese, conclusa nel 1883, \u00e8 esclusivamente strumentale. A tale cimento artistico appartengono i brani inclusi nel presente album, tranne Crisantemi che \u00e8 pi\u00f9 tardo e contribuir\u00e0 con i suoi due temi principali all\u2019ultimo atto della<em> Manon Lescaut<\/em> (1893).<\/p>\n<p>Anyone who hears about Giacomo Puccini today is instinctively led to think of his most famous operatic compositions. However, not everyone knows that his production during his Milanese training years, which ended in 1883, was exclusively instrumental. The pieces included in this album belong to this artistic challenge, except for Crisantemi which came later and will contribute with its two main themes to the last act of<em> Manon Lescaut<\/em> (1893).<\/p>\n<p><iframe src=\"https:\/\/lnk.to\/Pucciniquartet\"width=\"400\" height=\"700\" frameborder=\"0\" scrolling=\"no\"><\/iframe><\/p>\n","protected":false},"excerpt":{"rendered":"<p>GIACOMO PUCCINI (1858-1924) Quartetto in Re Allegro moderato &#8211; Adagio &#8211; Scherzo (allegro vivo) &#8211; Allegro vivo Minuetto Nos. 1,2,3 Fuga Nos. 1,2,3 Crisantemi Paolo Morena, Violin I Fabio Ravasi, Violin II Cynthia Liao, Viola Gabriele Zanetti, Cello 1 CD &nbsp; Chiunque oggi senta parlare di Giacomo Puccini, istintivamente \u00e8 portato a pensare alle sue&hellip;<\/p>\n","protected":false},"featured_media":19236,"comment_status":"open","ping_status":"closed","template":"","meta":[],"product_cat":[3349,145,132,3372],"product_tag":[],"yoast_head":"<!-- This site is optimized with the Yoast SEO plugin v17.5 - https:\/\/yoast.com\/wordpress\/plugins\/seo\/ -->\n<title>PUCCINI: THE COMPLETE WORKS FOR STRING QUARTET - Urania Records<\/title>\n<meta name=\"robots\" content=\"index, follow, max-snippet:-1, max-image-preview:large, max-video-preview:-1\" \/>\n<link rel=\"canonical\" href=\"https:\/\/uraniarecords.com\/de\/prodotto\/puccini-the-complete-works-for-string-quartet\/\" \/>\n<meta property=\"og:locale\" content=\"de_DE\" \/>\n<meta property=\"og:type\" content=\"article\" \/>\n<meta property=\"og:title\" content=\"PUCCINI: THE COMPLETE WORKS FOR STRING QUARTET - Urania Records\" \/>\n<meta property=\"og:description\" content=\"GIACOMO PUCCINI (1858-1924) Quartetto in Re Allegro moderato &#8211; Adagio &#8211; Scherzo (allegro vivo) &#8211; Allegro vivo Minuetto Nos. 1,2,3 Fuga Nos. 1,2,3 Crisantemi Paolo Morena, Violin I Fabio Ravasi, Violin II Cynthia Liao, Viola Gabriele Zanetti, Cello 1 CD &nbsp; Chiunque oggi senta parlare di Giacomo Puccini, istintivamente \u00e8 portato a pensare alle sue&hellip;\" \/>\n<meta property=\"og:url\" content=\"https:\/\/uraniarecords.com\/de\/prodotto\/puccini-the-complete-works-for-string-quartet\/\" \/>\n<meta property=\"og:site_name\" content=\"Urania Records\" \/>\n<meta property=\"article:modified_time\" content=\"2025-04-14T06:26:03+00:00\" \/>\n<meta property=\"og:image\" content=\"https:\/\/uraniarecords.com\/wp-content\/uploads\/2024\/02\/14111-cover-SITO.jpg\" \/>\n\t<meta property=\"og:image:width\" content=\"800\" \/>\n\t<meta property=\"og:image:height\" content=\"716\" \/>\n<meta name=\"twitter:card\" content=\"summary\" \/>\n<meta name=\"twitter:label1\" content=\"Gesch\u00e4tzte Lesezeit\" \/>\n\t<meta name=\"twitter:data1\" content=\"1 Minute\" \/>\n<script type=\"application\/ld+json\" class=\"yoast-schema-graph\">{\"@context\":\"https:\/\/schema.org\",\"@graph\":[{\"@type\":\"WebSite\",\"@id\":\"https:\/\/uraniarecords.com\/#website\",\"url\":\"https:\/\/uraniarecords.com\/\",\"name\":\"Urania Records\",\"description\":\"The Italian classical Label since 1998\",\"potentialAction\":[{\"@type\":\"SearchAction\",\"target\":{\"@type\":\"EntryPoint\",\"urlTemplate\":\"https:\/\/uraniarecords.com\/?s={search_term_string}\"},\"query-input\":\"required name=search_term_string\"}],\"inLanguage\":\"de-DE\"},{\"@type\":\"ImageObject\",\"@id\":\"https:\/\/uraniarecords.com\/de\/prodotto\/puccini-the-complete-works-for-string-quartet\/#primaryimage\",\"inLanguage\":\"de-DE\",\"url\":\"https:\/\/uraniarecords.com\/wp-content\/uploads\/2024\/02\/14111-cover-SITO.jpg\",\"contentUrl\":\"https:\/\/uraniarecords.com\/wp-content\/uploads\/2024\/02\/14111-cover-SITO.jpg\",\"width\":800,\"height\":716},{\"@type\":\"WebPage\",\"@id\":\"https:\/\/uraniarecords.com\/de\/prodotto\/puccini-the-complete-works-for-string-quartet\/#webpage\",\"url\":\"https:\/\/uraniarecords.com\/de\/prodotto\/puccini-the-complete-works-for-string-quartet\/\",\"name\":\"PUCCINI: THE COMPLETE WORKS FOR STRING QUARTET - Urania Records\",\"isPartOf\":{\"@id\":\"https:\/\/uraniarecords.com\/#website\"},\"primaryImageOfPage\":{\"@id\":\"https:\/\/uraniarecords.com\/de\/prodotto\/puccini-the-complete-works-for-string-quartet\/#primaryimage\"},\"datePublished\":\"2024-03-04T14:28:01+00:00\",\"dateModified\":\"2025-04-14T06:26:03+00:00\",\"breadcrumb\":{\"@id\":\"https:\/\/uraniarecords.com\/de\/prodotto\/puccini-the-complete-works-for-string-quartet\/#breadcrumb\"},\"inLanguage\":\"de-DE\",\"potentialAction\":[{\"@type\":\"ReadAction\",\"target\":[\"https:\/\/uraniarecords.com\/de\/prodotto\/puccini-the-complete-works-for-string-quartet\/\"]}]},{\"@type\":\"BreadcrumbList\",\"@id\":\"https:\/\/uraniarecords.com\/de\/prodotto\/puccini-the-complete-works-for-string-quartet\/#breadcrumb\",\"itemListElement\":[{\"@type\":\"ListItem\",\"position\":1,\"name\":\"Home\",\"item\":\"https:\/\/uraniarecords.com\/de\/\"},{\"@type\":\"ListItem\",\"position\":2,\"name\":\"Shop\",\"item\":\"https:\/\/uraniarecords.com\/de\/shop\/\"},{\"@type\":\"ListItem\",\"position\":3,\"name\":\"PUCCINI: THE COMPLETE WORKS FOR STRING QUARTET\"}]}]}<\/script>\n<!-- \/ Yoast SEO plugin. -->","yoast_head_json":{"title":"PUCCINI: THE COMPLETE WORKS FOR STRING QUARTET - Urania Records","robots":{"index":"index","follow":"follow","max-snippet":"max-snippet:-1","max-image-preview":"max-image-preview:large","max-video-preview":"max-video-preview:-1"},"canonical":"https:\/\/uraniarecords.com\/de\/prodotto\/puccini-the-complete-works-for-string-quartet\/","og_locale":"de_DE","og_type":"article","og_title":"PUCCINI: THE COMPLETE WORKS FOR STRING QUARTET - Urania Records","og_description":"GIACOMO PUCCINI (1858-1924) Quartetto in Re Allegro moderato &#8211; Adagio &#8211; Scherzo (allegro vivo) &#8211; Allegro vivo Minuetto Nos. 1,2,3 Fuga Nos. 1,2,3 Crisantemi Paolo Morena, Violin I Fabio Ravasi, Violin II Cynthia Liao, Viola Gabriele Zanetti, Cello 1 CD &nbsp; Chiunque oggi senta parlare di Giacomo Puccini, istintivamente \u00e8 portato a pensare alle sue&hellip;","og_url":"https:\/\/uraniarecords.com\/de\/prodotto\/puccini-the-complete-works-for-string-quartet\/","og_site_name":"Urania Records","article_modified_time":"2025-04-14T06:26:03+00:00","og_image":[{"width":800,"height":716,"url":"https:\/\/uraniarecords.com\/wp-content\/uploads\/2024\/02\/14111-cover-SITO.jpg","type":"image\/jpeg"}],"twitter_card":"summary","twitter_misc":{"Gesch\u00e4tzte Lesezeit":"1 Minute"},"schema":{"@context":"https:\/\/schema.org","@graph":[{"@type":"WebSite","@id":"https:\/\/uraniarecords.com\/#website","url":"https:\/\/uraniarecords.com\/","name":"Urania Records","description":"The Italian classical Label since 1998","potentialAction":[{"@type":"SearchAction","target":{"@type":"EntryPoint","urlTemplate":"https:\/\/uraniarecords.com\/?s={search_term_string}"},"query-input":"required name=search_term_string"}],"inLanguage":"de-DE"},{"@type":"ImageObject","@id":"https:\/\/uraniarecords.com\/de\/prodotto\/puccini-the-complete-works-for-string-quartet\/#primaryimage","inLanguage":"de-DE","url":"https:\/\/uraniarecords.com\/wp-content\/uploads\/2024\/02\/14111-cover-SITO.jpg","contentUrl":"https:\/\/uraniarecords.com\/wp-content\/uploads\/2024\/02\/14111-cover-SITO.jpg","width":800,"height":716},{"@type":"WebPage","@id":"https:\/\/uraniarecords.com\/de\/prodotto\/puccini-the-complete-works-for-string-quartet\/#webpage","url":"https:\/\/uraniarecords.com\/de\/prodotto\/puccini-the-complete-works-for-string-quartet\/","name":"PUCCINI: THE COMPLETE WORKS FOR STRING QUARTET - Urania Records","isPartOf":{"@id":"https:\/\/uraniarecords.com\/#website"},"primaryImageOfPage":{"@id":"https:\/\/uraniarecords.com\/de\/prodotto\/puccini-the-complete-works-for-string-quartet\/#primaryimage"},"datePublished":"2024-03-04T14:28:01+00:00","dateModified":"2025-04-14T06:26:03+00:00","breadcrumb":{"@id":"https:\/\/uraniarecords.com\/de\/prodotto\/puccini-the-complete-works-for-string-quartet\/#breadcrumb"},"inLanguage":"de-DE","potentialAction":[{"@type":"ReadAction","target":["https:\/\/uraniarecords.com\/de\/prodotto\/puccini-the-complete-works-for-string-quartet\/"]}]},{"@type":"BreadcrumbList","@id":"https:\/\/uraniarecords.com\/de\/prodotto\/puccini-the-complete-works-for-string-quartet\/#breadcrumb","itemListElement":[{"@type":"ListItem","position":1,"name":"Home","item":"https:\/\/uraniarecords.com\/de\/"},{"@type":"ListItem","position":2,"name":"Shop","item":"https:\/\/uraniarecords.com\/de\/shop\/"},{"@type":"ListItem","position":3,"name":"PUCCINI: THE COMPLETE WORKS FOR STRING QUARTET"}]}]}},"_links":{"self":[{"href":"https:\/\/uraniarecords.com\/de\/wp-json\/wp\/v2\/product\/19243"}],"collection":[{"href":"https:\/\/uraniarecords.com\/de\/wp-json\/wp\/v2\/product"}],"about":[{"href":"https:\/\/uraniarecords.com\/de\/wp-json\/wp\/v2\/types\/product"}],"replies":[{"embeddable":true,"href":"https:\/\/uraniarecords.com\/de\/wp-json\/wp\/v2\/comments?post=19243"}],"wp:featuredmedia":[{"embeddable":true,"href":"https:\/\/uraniarecords.com\/de\/wp-json\/wp\/v2\/media\/19236"}],"wp:attachment":[{"href":"https:\/\/uraniarecords.com\/de\/wp-json\/wp\/v2\/media?parent=19243"}],"wp:term":[{"taxonomy":"product_cat","embeddable":true,"href":"https:\/\/uraniarecords.com\/de\/wp-json\/wp\/v2\/product_cat?post=19243"},{"taxonomy":"product_tag","embeddable":true,"href":"https:\/\/uraniarecords.com\/de\/wp-json\/wp\/v2\/product_tag?post=19243"}],"curies":[{"name":"wp","href":"https:\/\/api.w.org\/{rel}","templated":true}]}}