{"id":20110,"date":"2025-08-29T13:36:47","date_gmt":"2025-08-29T13:36:47","guid":{"rendered":"https:\/\/uraniarecords.com\/prodotto\/k-szymanowski-a-scriabin-preludes\/"},"modified":"2025-12-11T06:42:35","modified_gmt":"2025-12-11T06:42:35","slug":"k-szymanowski-a-scriabin-preludes","status":"publish","type":"product","link":"https:\/\/uraniarecords.com\/de\/prodotto\/k-szymanowski-a-scriabin-preludes\/","title":{"rendered":"K. SZYMANOWSKI &#038; A. SCRIABIN: PRELUDES"},"content":{"rendered":"<p>K. SZYMANOWSKI &amp; A. SCRIABIN: PRELUDES<\/p>\n<p><strong>Karol Szymanowski<\/strong> (1882\u20131937)<\/p>\n<p><em>9 Preludes, Op. 1<\/em><\/p>\n<p><strong>Alexander Scriabin (<\/strong>1872\u20131915)<\/p>\n<p><em>6 Preludes, Op. 13<\/em><\/p>\n<p><strong>Franz Liszt<\/strong> (1811-1886)<\/p>\n<p><em>Kleine Klavierst\u00fccke, S. 192<\/em><\/p>\n<p><em>Ann\u00e9es de P\u00e8legrinage, Suisse, S. 160 Vall\u00e9e d\u2019Obermann<\/em><\/p>\n<p><em>From Mozart\u2019s Requiem in D minor Confutatis Maledictis, S. 550<\/em><\/p>\n<p><em>From Mozart\u2019s Requiem in D minor Lacrymosa, S. 550<\/em><\/p>\n<p>&nbsp;<\/p>\n<p>La musica che celebra l\u2019agonia del Romanticismo vive di una mistica le cui tracce il nostro materialismo ha reso leggenda. Intorno agli artisti del liberty \u00e8 un proliferare di movimenti esoterici, alla ricerca di quel nesso tra anima e forze cosmiche che, nella musica, diviene suono.<\/p>\n<p>&nbsp;<\/p>\n<p>The music that celebrates the agony of Romanticism lives on a mysticism whose traces our materialism has rendered legendary. Around the artists of Art Nouveau (Liberty), is a proliferation of esoteric movements, in search of that link between soul and cosmic forces which, in music, becomes sound.<\/p>\n<p>&nbsp;<\/p>\n<p>1 cd, 2025<\/p>\n<p>GIULIA VENTURA, piano<\/p>\n<blockquote class=\"wp-embedded-content\" data-secret=\"eZ3e3MjK4N\"><p><a href=\"https:\/\/uraniarecords.com\/ventura-giulia-piano\/\">VENTURA GIULIA, PIANO<\/a><\/p><\/blockquote>\n<p><iframe class=\"wp-embedded-content\" sandbox=\"allow-scripts\" security=\"restricted\" style=\"position: absolute; clip: rect(1px, 1px, 1px, 1px);\" title=\"&#8222;VENTURA GIULIA, PIANO&#8220; &#8212; Urania Records\" src=\"https:\/\/uraniarecords.com\/ventura-giulia-piano\/embed\/#?secret=eZ3e3MjK4N\" data-secret=\"eZ3e3MjK4N\" width=\"600\" height=\"338\" frameborder=\"0\" marginwidth=\"0\" marginheight=\"0\" scrolling=\"no\"><\/iframe><\/p>\n<p><iframe src=\"https:\/\/lnk.to\/szymescriabpreludes\"width=\"400\" height=\"700\" frameborder=\"0\" scrolling=\"no\"><\/iframe>&#8222;width=&#8220;400&#8243; height=&#8220;700&#8243; frameborder=&#8220;0&#8220; scrolling=&#8220;no&#8220;><\/iframe><\/p>\n","protected":false},"excerpt":{"rendered":"<p>K. SZYMANOWSKI &amp; A. SCRIABIN: PRELUDES Karol Szymanowski (1882\u20131937) 9 Preludes, Op. 1 Alexander Scriabin (1872\u20131915) 6 Preludes, Op. 13 Franz Liszt (1811-1886) Kleine Klavierst\u00fccke, S. 192 Ann\u00e9es de P\u00e8legrinage, Suisse, S. 160 Vall\u00e9e d\u2019Obermann From Mozart\u2019s Requiem in D minor Confutatis Maledictis, S. 550 From Mozart\u2019s Requiem in D minor Lacrymosa, S. 550 &nbsp;&hellip;<\/p>\n","protected":false},"featured_media":20054,"comment_status":"open","ping_status":"closed","template":"","meta":[],"product_cat":[3349,145,179],"product_tag":[],"yoast_head":"<!-- This site is optimized with the Yoast SEO plugin v17.5 - https:\/\/yoast.com\/wordpress\/plugins\/seo\/ -->\n<title>K. SZYMANOWSKI &amp; A. SCRIABIN: PRELUDES - Urania Records<\/title>\n<meta name=\"robots\" content=\"index, follow, max-snippet:-1, max-image-preview:large, max-video-preview:-1\" \/>\n<link rel=\"canonical\" href=\"https:\/\/uraniarecords.com\/de\/prodotto\/k-szymanowski-a-scriabin-preludes\/\" \/>\n<meta property=\"og:locale\" content=\"de_DE\" \/>\n<meta property=\"og:type\" content=\"article\" \/>\n<meta property=\"og:title\" content=\"K. SZYMANOWSKI &amp; A. SCRIABIN: PRELUDES - Urania Records\" \/>\n<meta property=\"og:description\" content=\"K. SZYMANOWSKI &amp; A. SCRIABIN: PRELUDES Karol Szymanowski (1882\u20131937) 9 Preludes, Op. 1 Alexander Scriabin (1872\u20131915) 6 Preludes, Op. 13 Franz Liszt (1811-1886) Kleine Klavierst\u00fccke, S. 192 Ann\u00e9es de P\u00e8legrinage, Suisse, S. 160 Vall\u00e9e d\u2019Obermann From Mozart\u2019s Requiem in D minor Confutatis Maledictis, S. 550 From Mozart\u2019s Requiem in D minor Lacrymosa, S. 550 &nbsp;&hellip;\" \/>\n<meta property=\"og:url\" content=\"https:\/\/uraniarecords.com\/de\/prodotto\/k-szymanowski-a-scriabin-preludes\/\" \/>\n<meta property=\"og:site_name\" content=\"Urania Records\" \/>\n<meta property=\"article:modified_time\" content=\"2025-12-11T06:42:35+00:00\" \/>\n<meta property=\"og:image\" content=\"https:\/\/uraniarecords.com\/wp-content\/uploads\/2025\/08\/14129-cover-sito.jpg\" \/>\n\t<meta property=\"og:image:width\" content=\"800\" \/>\n\t<meta property=\"og:image:height\" content=\"718\" \/>\n<meta name=\"twitter:card\" content=\"summary\" \/>\n<meta name=\"twitter:label1\" content=\"Gesch\u00e4tzte Lesezeit\" \/>\n\t<meta name=\"twitter:data1\" content=\"1 Minute\" \/>\n<script type=\"application\/ld+json\" class=\"yoast-schema-graph\">{\"@context\":\"https:\/\/schema.org\",\"@graph\":[{\"@type\":\"WebSite\",\"@id\":\"https:\/\/uraniarecords.com\/#website\",\"url\":\"https:\/\/uraniarecords.com\/\",\"name\":\"Urania Records\",\"description\":\"The Italian classical Label since 1998\",\"potentialAction\":[{\"@type\":\"SearchAction\",\"target\":{\"@type\":\"EntryPoint\",\"urlTemplate\":\"https:\/\/uraniarecords.com\/?s={search_term_string}\"},\"query-input\":\"required name=search_term_string\"}],\"inLanguage\":\"de-DE\"},{\"@type\":\"ImageObject\",\"@id\":\"https:\/\/uraniarecords.com\/de\/prodotto\/k-szymanowski-a-scriabin-preludes\/#primaryimage\",\"inLanguage\":\"de-DE\",\"url\":\"https:\/\/uraniarecords.com\/wp-content\/uploads\/2025\/08\/14129-cover-sito.jpg\",\"contentUrl\":\"https:\/\/uraniarecords.com\/wp-content\/uploads\/2025\/08\/14129-cover-sito.jpg\",\"width\":800,\"height\":718},{\"@type\":\"WebPage\",\"@id\":\"https:\/\/uraniarecords.com\/de\/prodotto\/k-szymanowski-a-scriabin-preludes\/#webpage\",\"url\":\"https:\/\/uraniarecords.com\/de\/prodotto\/k-szymanowski-a-scriabin-preludes\/\",\"name\":\"K. SZYMANOWSKI & A. SCRIABIN: PRELUDES - Urania Records\",\"isPartOf\":{\"@id\":\"https:\/\/uraniarecords.com\/#website\"},\"primaryImageOfPage\":{\"@id\":\"https:\/\/uraniarecords.com\/de\/prodotto\/k-szymanowski-a-scriabin-preludes\/#primaryimage\"},\"datePublished\":\"2025-08-29T13:36:47+00:00\",\"dateModified\":\"2025-12-11T06:42:35+00:00\",\"breadcrumb\":{\"@id\":\"https:\/\/uraniarecords.com\/de\/prodotto\/k-szymanowski-a-scriabin-preludes\/#breadcrumb\"},\"inLanguage\":\"de-DE\",\"potentialAction\":[{\"@type\":\"ReadAction\",\"target\":[\"https:\/\/uraniarecords.com\/de\/prodotto\/k-szymanowski-a-scriabin-preludes\/\"]}]},{\"@type\":\"BreadcrumbList\",\"@id\":\"https:\/\/uraniarecords.com\/de\/prodotto\/k-szymanowski-a-scriabin-preludes\/#breadcrumb\",\"itemListElement\":[{\"@type\":\"ListItem\",\"position\":1,\"name\":\"Home\",\"item\":\"https:\/\/uraniarecords.com\/de\/\"},{\"@type\":\"ListItem\",\"position\":2,\"name\":\"Shop\",\"item\":\"https:\/\/uraniarecords.com\/de\/shop\/\"},{\"@type\":\"ListItem\",\"position\":3,\"name\":\"K. SZYMANOWSKI &#038; A. SCRIABIN: PRELUDES\"}]}]}<\/script>\n<!-- \/ Yoast SEO plugin. -->","yoast_head_json":{"title":"K. SZYMANOWSKI & A. SCRIABIN: PRELUDES - Urania Records","robots":{"index":"index","follow":"follow","max-snippet":"max-snippet:-1","max-image-preview":"max-image-preview:large","max-video-preview":"max-video-preview:-1"},"canonical":"https:\/\/uraniarecords.com\/de\/prodotto\/k-szymanowski-a-scriabin-preludes\/","og_locale":"de_DE","og_type":"article","og_title":"K. SZYMANOWSKI & A. SCRIABIN: PRELUDES - Urania Records","og_description":"K. SZYMANOWSKI &amp; A. SCRIABIN: PRELUDES Karol Szymanowski (1882\u20131937) 9 Preludes, Op. 1 Alexander Scriabin (1872\u20131915) 6 Preludes, Op. 13 Franz Liszt (1811-1886) Kleine Klavierst\u00fccke, S. 192 Ann\u00e9es de P\u00e8legrinage, Suisse, S. 160 Vall\u00e9e d\u2019Obermann From Mozart\u2019s Requiem in D minor Confutatis Maledictis, S. 550 From Mozart\u2019s Requiem in D minor Lacrymosa, S. 550 &nbsp;&hellip;","og_url":"https:\/\/uraniarecords.com\/de\/prodotto\/k-szymanowski-a-scriabin-preludes\/","og_site_name":"Urania Records","article_modified_time":"2025-12-11T06:42:35+00:00","og_image":[{"width":800,"height":718,"url":"https:\/\/uraniarecords.com\/wp-content\/uploads\/2025\/08\/14129-cover-sito.jpg","type":"image\/jpeg"}],"twitter_card":"summary","twitter_misc":{"Gesch\u00e4tzte Lesezeit":"1 Minute"},"schema":{"@context":"https:\/\/schema.org","@graph":[{"@type":"WebSite","@id":"https:\/\/uraniarecords.com\/#website","url":"https:\/\/uraniarecords.com\/","name":"Urania Records","description":"The Italian classical Label since 1998","potentialAction":[{"@type":"SearchAction","target":{"@type":"EntryPoint","urlTemplate":"https:\/\/uraniarecords.com\/?s={search_term_string}"},"query-input":"required name=search_term_string"}],"inLanguage":"de-DE"},{"@type":"ImageObject","@id":"https:\/\/uraniarecords.com\/de\/prodotto\/k-szymanowski-a-scriabin-preludes\/#primaryimage","inLanguage":"de-DE","url":"https:\/\/uraniarecords.com\/wp-content\/uploads\/2025\/08\/14129-cover-sito.jpg","contentUrl":"https:\/\/uraniarecords.com\/wp-content\/uploads\/2025\/08\/14129-cover-sito.jpg","width":800,"height":718},{"@type":"WebPage","@id":"https:\/\/uraniarecords.com\/de\/prodotto\/k-szymanowski-a-scriabin-preludes\/#webpage","url":"https:\/\/uraniarecords.com\/de\/prodotto\/k-szymanowski-a-scriabin-preludes\/","name":"K. SZYMANOWSKI & A. SCRIABIN: PRELUDES - Urania Records","isPartOf":{"@id":"https:\/\/uraniarecords.com\/#website"},"primaryImageOfPage":{"@id":"https:\/\/uraniarecords.com\/de\/prodotto\/k-szymanowski-a-scriabin-preludes\/#primaryimage"},"datePublished":"2025-08-29T13:36:47+00:00","dateModified":"2025-12-11T06:42:35+00:00","breadcrumb":{"@id":"https:\/\/uraniarecords.com\/de\/prodotto\/k-szymanowski-a-scriabin-preludes\/#breadcrumb"},"inLanguage":"de-DE","potentialAction":[{"@type":"ReadAction","target":["https:\/\/uraniarecords.com\/de\/prodotto\/k-szymanowski-a-scriabin-preludes\/"]}]},{"@type":"BreadcrumbList","@id":"https:\/\/uraniarecords.com\/de\/prodotto\/k-szymanowski-a-scriabin-preludes\/#breadcrumb","itemListElement":[{"@type":"ListItem","position":1,"name":"Home","item":"https:\/\/uraniarecords.com\/de\/"},{"@type":"ListItem","position":2,"name":"Shop","item":"https:\/\/uraniarecords.com\/de\/shop\/"},{"@type":"ListItem","position":3,"name":"K. SZYMANOWSKI &#038; A. SCRIABIN: PRELUDES"}]}]}},"_links":{"self":[{"href":"https:\/\/uraniarecords.com\/de\/wp-json\/wp\/v2\/product\/20110"}],"collection":[{"href":"https:\/\/uraniarecords.com\/de\/wp-json\/wp\/v2\/product"}],"about":[{"href":"https:\/\/uraniarecords.com\/de\/wp-json\/wp\/v2\/types\/product"}],"replies":[{"embeddable":true,"href":"https:\/\/uraniarecords.com\/de\/wp-json\/wp\/v2\/comments?post=20110"}],"wp:featuredmedia":[{"embeddable":true,"href":"https:\/\/uraniarecords.com\/de\/wp-json\/wp\/v2\/media\/20054"}],"wp:attachment":[{"href":"https:\/\/uraniarecords.com\/de\/wp-json\/wp\/v2\/media?parent=20110"}],"wp:term":[{"taxonomy":"product_cat","embeddable":true,"href":"https:\/\/uraniarecords.com\/de\/wp-json\/wp\/v2\/product_cat?post=20110"},{"taxonomy":"product_tag","embeddable":true,"href":"https:\/\/uraniarecords.com\/de\/wp-json\/wp\/v2\/product_tag?post=20110"}],"curies":[{"name":"wp","href":"https:\/\/api.w.org\/{rel}","templated":true}]}}