{"id":3227,"date":"2016-01-12T16:11:35","date_gmt":"2016-01-12T16:11:35","guid":{"rendered":"https:\/\/uraniarecords.com\/de\/prodotto\/rossini-il-barbiere-di-siviglia\/"},"modified":"2023-06-12T09:50:14","modified_gmt":"2023-06-12T09:50:14","slug":"rossini-il-barbiere-di-siviglia","status":"publish","type":"product","link":"https:\/\/uraniarecords.com\/de\/prodotto\/rossini-il-barbiere-di-siviglia\/","title":{"rendered":"ROSSINI: IL BARBIERE DI SIVIGLIA &#8211; BARTOLETTI, 1960"},"content":{"rendered":"<p>WS 121.203 (2 CD)<\/p>\n<p>GIACHINO ROSSINI<\/p>\n<p><strong><em>IL BARBIERE DI SIVIGLIA<\/em><\/strong><\/p>\n<p>Nicola Monti &#8211; Giorgio Tadeo &#8211; Gianna d&#8217;Angelo &#8211; Renato Capecchi &#8211; Carlo Cava &#8211; Giorgio Giorgetti &#8211; Gabriella Carturan &#8211; Giorgio Giorgetti<\/p>\n<p><strong>BRUNO BARTOLETTI<\/strong>, conductor<\/p>\n<p><em>Orchester des Bayerischen Rundfunks &amp; Coro dell&#8217;Opera Nazionale Italiana<\/em><\/p>\n<p>1960 Philips Original Production<\/p>\n<p>&nbsp;<\/p>\n<p>DESCRIZIONE PRODOTTO<\/p>\n<p class=\"p1\">Tra le infinite versioni discografiche del capolavoro rossiniano, sono poche quelle integralmente cantate da interpreti italiani: ovvero, l\u2019edizione Cetra del 1950 con Taddei nel ruolo del protagonista; quella del 1956 edita dalla Decca con Ettore Bastianini, e quest\u2019altra celebre versione del 1960 pubblicata in origine dalla Philips. Per un\u2019opera come <i>Il Barbiere di Siviglia<\/i>, aldil\u00e0 della validit\u00e0 tecnica dei cantanti, \u00e8 essenziale il loro dominio della lingua italiana, che nel caso \u2013 come il nostro \u2013 di un\u2019opera con i <i>recitati secchi<\/i> \u00e8 richiesta una padronanza assoluta della lingua in cui quei recitativi sono declamati: al contrario, si cade nel surreale o addirittura nel grottesco. Il grande cast di questa edizione del 1960, \u00e8 fortunatamente dominato, oltre che da quel grande attore e grande cantante che fu Renato Capecchi, da un insieme di interpreti italiani. Risultato: una delle versioni del <i>Barbiere di Siviglia<\/i> pi\u00f9 eccitanti, intense e comiche che mai siano state registrate. Ne ripubblichiamo quindi con piacere una nuova edizione, che in ogni caso rispetta il <i>sound<\/i> stereofonico originale della Philips, gi\u00e0 a quei tempi di straordinaria bellezza e fedelt\u00e0.<\/p>\n","protected":false},"excerpt":{"rendered":"<p>WS 121.203 (2 CD) GIACHINO ROSSINI IL BARBIERE DI SIVIGLIA Nicola Monti &#8211; Giorgio Tadeo &#8211; Gianna d&#8217;Angelo &#8211; Renato Capecchi &#8211; Carlo Cava &#8211; Giorgio Giorgetti &#8211; Gabriella Carturan &#8211; Giorgio Giorgetti BRUNO BARTOLETTI, conductor Orchester des Bayerischen Rundfunks &amp; Coro dell&#8217;Opera Nazionale Italiana 1960 Philips Original Production &nbsp; DESCRIZIONE PRODOTTO Tra le infinite&hellip;<\/p>\n","protected":false},"featured_media":3262,"comment_status":"open","ping_status":"closed","template":"","meta":[],"product_cat":[170],"product_tag":[],"yoast_head":"<!-- This site is optimized with the Yoast SEO plugin v17.5 - https:\/\/yoast.com\/wordpress\/plugins\/seo\/ -->\n<title>ROSSINI: IL BARBIERE DI SIVIGLIA - BARTOLETTI, 1960 - Urania Records<\/title>\n<meta name=\"robots\" content=\"index, follow, max-snippet:-1, max-image-preview:large, max-video-preview:-1\" \/>\n<link rel=\"canonical\" href=\"https:\/\/uraniarecords.com\/de\/prodotto\/rossini-il-barbiere-di-siviglia\/\" \/>\n<meta property=\"og:locale\" content=\"de_DE\" \/>\n<meta property=\"og:type\" content=\"article\" \/>\n<meta property=\"og:title\" content=\"ROSSINI: IL BARBIERE DI SIVIGLIA - BARTOLETTI, 1960 - Urania Records\" \/>\n<meta property=\"og:description\" content=\"WS 121.203 (2 CD) GIACHINO ROSSINI IL BARBIERE DI SIVIGLIA Nicola Monti &#8211; Giorgio Tadeo &#8211; Gianna d&#8217;Angelo &#8211; Renato Capecchi &#8211; Carlo Cava &#8211; Giorgio Giorgetti &#8211; Gabriella Carturan &#8211; Giorgio Giorgetti BRUNO BARTOLETTI, conductor Orchester des Bayerischen Rundfunks &amp; Coro dell&#8217;Opera Nazionale Italiana 1960 Philips Original Production &nbsp; DESCRIZIONE PRODOTTO Tra le infinite&hellip;\" \/>\n<meta property=\"og:url\" content=\"https:\/\/uraniarecords.com\/de\/prodotto\/rossini-il-barbiere-di-siviglia\/\" \/>\n<meta property=\"og:site_name\" content=\"Urania Records\" \/>\n<meta property=\"article:modified_time\" content=\"2023-06-12T09:50:14+00:00\" \/>\n<meta property=\"og:image\" content=\"https:\/\/uraniarecords.com\/wp-content\/uploads\/2016\/01\/203-cover.jpg\" \/>\n\t<meta property=\"og:image:width\" content=\"800\" \/>\n\t<meta property=\"og:image:height\" content=\"800\" \/>\n<meta name=\"twitter:card\" content=\"summary\" \/>\n<meta name=\"twitter:label1\" content=\"Gesch\u00e4tzte Lesezeit\" \/>\n\t<meta name=\"twitter:data1\" content=\"1 Minute\" \/>\n<script type=\"application\/ld+json\" class=\"yoast-schema-graph\">{\"@context\":\"https:\/\/schema.org\",\"@graph\":[{\"@type\":\"WebSite\",\"@id\":\"https:\/\/uraniarecords.com\/#website\",\"url\":\"https:\/\/uraniarecords.com\/\",\"name\":\"Urania Records\",\"description\":\"The Italian classical Label since 1998\",\"potentialAction\":[{\"@type\":\"SearchAction\",\"target\":{\"@type\":\"EntryPoint\",\"urlTemplate\":\"https:\/\/uraniarecords.com\/?s={search_term_string}\"},\"query-input\":\"required name=search_term_string\"}],\"inLanguage\":\"de-DE\"},{\"@type\":\"ImageObject\",\"@id\":\"https:\/\/uraniarecords.com\/de\/prodotto\/rossini-il-barbiere-di-siviglia\/#primaryimage\",\"inLanguage\":\"de-DE\",\"url\":\"https:\/\/uraniarecords.com\/wp-content\/uploads\/2016\/01\/203-cover.jpg\",\"contentUrl\":\"https:\/\/uraniarecords.com\/wp-content\/uploads\/2016\/01\/203-cover.jpg\",\"width\":800,\"height\":800},{\"@type\":\"WebPage\",\"@id\":\"https:\/\/uraniarecords.com\/de\/prodotto\/rossini-il-barbiere-di-siviglia\/#webpage\",\"url\":\"https:\/\/uraniarecords.com\/de\/prodotto\/rossini-il-barbiere-di-siviglia\/\",\"name\":\"ROSSINI: IL BARBIERE DI SIVIGLIA - BARTOLETTI, 1960 - Urania Records\",\"isPartOf\":{\"@id\":\"https:\/\/uraniarecords.com\/#website\"},\"primaryImageOfPage\":{\"@id\":\"https:\/\/uraniarecords.com\/de\/prodotto\/rossini-il-barbiere-di-siviglia\/#primaryimage\"},\"datePublished\":\"2016-01-12T16:11:35+00:00\",\"dateModified\":\"2023-06-12T09:50:14+00:00\",\"breadcrumb\":{\"@id\":\"https:\/\/uraniarecords.com\/de\/prodotto\/rossini-il-barbiere-di-siviglia\/#breadcrumb\"},\"inLanguage\":\"de-DE\",\"potentialAction\":[{\"@type\":\"ReadAction\",\"target\":[\"https:\/\/uraniarecords.com\/de\/prodotto\/rossini-il-barbiere-di-siviglia\/\"]}]},{\"@type\":\"BreadcrumbList\",\"@id\":\"https:\/\/uraniarecords.com\/de\/prodotto\/rossini-il-barbiere-di-siviglia\/#breadcrumb\",\"itemListElement\":[{\"@type\":\"ListItem\",\"position\":1,\"name\":\"Home\",\"item\":\"https:\/\/uraniarecords.com\/de\/\"},{\"@type\":\"ListItem\",\"position\":2,\"name\":\"Shop\",\"item\":\"https:\/\/uraniarecords.com\/de\/shop\/\"},{\"@type\":\"ListItem\",\"position\":3,\"name\":\"ROSSINI: IL BARBIERE DI SIVIGLIA &#8211; BARTOLETTI, 1960\"}]}]}<\/script>\n<!-- \/ Yoast SEO plugin. -->","yoast_head_json":{"title":"ROSSINI: IL BARBIERE DI SIVIGLIA - BARTOLETTI, 1960 - Urania Records","robots":{"index":"index","follow":"follow","max-snippet":"max-snippet:-1","max-image-preview":"max-image-preview:large","max-video-preview":"max-video-preview:-1"},"canonical":"https:\/\/uraniarecords.com\/de\/prodotto\/rossini-il-barbiere-di-siviglia\/","og_locale":"de_DE","og_type":"article","og_title":"ROSSINI: IL BARBIERE DI SIVIGLIA - BARTOLETTI, 1960 - Urania Records","og_description":"WS 121.203 (2 CD) GIACHINO ROSSINI IL BARBIERE DI SIVIGLIA Nicola Monti &#8211; Giorgio Tadeo &#8211; Gianna d&#8217;Angelo &#8211; Renato Capecchi &#8211; Carlo Cava &#8211; Giorgio Giorgetti &#8211; Gabriella Carturan &#8211; Giorgio Giorgetti BRUNO BARTOLETTI, conductor Orchester des Bayerischen Rundfunks &amp; Coro dell&#8217;Opera Nazionale Italiana 1960 Philips Original Production &nbsp; DESCRIZIONE PRODOTTO Tra le infinite&hellip;","og_url":"https:\/\/uraniarecords.com\/de\/prodotto\/rossini-il-barbiere-di-siviglia\/","og_site_name":"Urania Records","article_modified_time":"2023-06-12T09:50:14+00:00","og_image":[{"width":800,"height":800,"url":"https:\/\/uraniarecords.com\/wp-content\/uploads\/2016\/01\/203-cover.jpg","type":"image\/jpeg"}],"twitter_card":"summary","twitter_misc":{"Gesch\u00e4tzte Lesezeit":"1 Minute"},"schema":{"@context":"https:\/\/schema.org","@graph":[{"@type":"WebSite","@id":"https:\/\/uraniarecords.com\/#website","url":"https:\/\/uraniarecords.com\/","name":"Urania Records","description":"The Italian classical Label since 1998","potentialAction":[{"@type":"SearchAction","target":{"@type":"EntryPoint","urlTemplate":"https:\/\/uraniarecords.com\/?s={search_term_string}"},"query-input":"required name=search_term_string"}],"inLanguage":"de-DE"},{"@type":"ImageObject","@id":"https:\/\/uraniarecords.com\/de\/prodotto\/rossini-il-barbiere-di-siviglia\/#primaryimage","inLanguage":"de-DE","url":"https:\/\/uraniarecords.com\/wp-content\/uploads\/2016\/01\/203-cover.jpg","contentUrl":"https:\/\/uraniarecords.com\/wp-content\/uploads\/2016\/01\/203-cover.jpg","width":800,"height":800},{"@type":"WebPage","@id":"https:\/\/uraniarecords.com\/de\/prodotto\/rossini-il-barbiere-di-siviglia\/#webpage","url":"https:\/\/uraniarecords.com\/de\/prodotto\/rossini-il-barbiere-di-siviglia\/","name":"ROSSINI: IL BARBIERE DI SIVIGLIA - BARTOLETTI, 1960 - Urania Records","isPartOf":{"@id":"https:\/\/uraniarecords.com\/#website"},"primaryImageOfPage":{"@id":"https:\/\/uraniarecords.com\/de\/prodotto\/rossini-il-barbiere-di-siviglia\/#primaryimage"},"datePublished":"2016-01-12T16:11:35+00:00","dateModified":"2023-06-12T09:50:14+00:00","breadcrumb":{"@id":"https:\/\/uraniarecords.com\/de\/prodotto\/rossini-il-barbiere-di-siviglia\/#breadcrumb"},"inLanguage":"de-DE","potentialAction":[{"@type":"ReadAction","target":["https:\/\/uraniarecords.com\/de\/prodotto\/rossini-il-barbiere-di-siviglia\/"]}]},{"@type":"BreadcrumbList","@id":"https:\/\/uraniarecords.com\/de\/prodotto\/rossini-il-barbiere-di-siviglia\/#breadcrumb","itemListElement":[{"@type":"ListItem","position":1,"name":"Home","item":"https:\/\/uraniarecords.com\/de\/"},{"@type":"ListItem","position":2,"name":"Shop","item":"https:\/\/uraniarecords.com\/de\/shop\/"},{"@type":"ListItem","position":3,"name":"ROSSINI: IL BARBIERE DI SIVIGLIA &#8211; BARTOLETTI, 1960"}]}]}},"_links":{"self":[{"href":"https:\/\/uraniarecords.com\/de\/wp-json\/wp\/v2\/product\/3227"}],"collection":[{"href":"https:\/\/uraniarecords.com\/de\/wp-json\/wp\/v2\/product"}],"about":[{"href":"https:\/\/uraniarecords.com\/de\/wp-json\/wp\/v2\/types\/product"}],"replies":[{"embeddable":true,"href":"https:\/\/uraniarecords.com\/de\/wp-json\/wp\/v2\/comments?post=3227"}],"wp:featuredmedia":[{"embeddable":true,"href":"https:\/\/uraniarecords.com\/de\/wp-json\/wp\/v2\/media\/3262"}],"wp:attachment":[{"href":"https:\/\/uraniarecords.com\/de\/wp-json\/wp\/v2\/media?parent=3227"}],"wp:term":[{"taxonomy":"product_cat","embeddable":true,"href":"https:\/\/uraniarecords.com\/de\/wp-json\/wp\/v2\/product_cat?post=3227"},{"taxonomy":"product_tag","embeddable":true,"href":"https:\/\/uraniarecords.com\/de\/wp-json\/wp\/v2\/product_tag?post=3227"}],"curies":[{"name":"wp","href":"https:\/\/api.w.org\/{rel}","templated":true}]}}