{"id":3538,"date":"2016-01-18T16:39:07","date_gmt":"2016-01-18T16:39:07","guid":{"rendered":"https:\/\/uraniarecords.com\/de\/prodotto\/puccini-turandot-erede\/"},"modified":"2023-03-31T14:59:43","modified_gmt":"2023-03-31T14:59:43","slug":"puccini-turandot-erede","status":"publish","type":"product","link":"https:\/\/uraniarecords.com\/de\/prodotto\/puccini-turandot-erede\/","title":{"rendered":"PUCCINI: TURANDOT, EREDE"},"content":{"rendered":"<p>WS 121.202 (2 CD)<\/p>\n<p>PUCCINI<\/p>\n<p><em><strong>TURANDOT<\/strong><\/em><\/p>\n<p>INGE BORKH,\u00a0RENATA TEBALDI,\u00a0MARIO DEL MONACO<\/p>\n<p>&nbsp;<\/p>\n<p><strong>ALBERTO EREDE<\/strong><\/p>\n<p>Orchestra e Coro dell&#8217;Accademia di S. Cecilia, Roma &#8211; 1955<\/p>\n<p>&nbsp;<\/p>\n<p>DESCRIZIONE PRODOTTO<\/p>\n<p class=\"p1\">Questa edizione di <i>Turandot<\/i> \u00e8 una testimonianza fondamentale della storia operistica del XX secolo. Il cast \u00e8 stellare: magnifica la Li\u00f9 di Renata Tebaldi, ritratta all\u2019epoca del suo massimo splendore vocale, Mario Del Monaco si muove pienamente a suo agio, con una voce torrenziale e capace di dominare con disinvoltura quasi imbarazzante le pi\u00f9 corpose masse orchestrali sfruttando al meglio anche una dizione di rimarchevole chiarezza. Inge Borke, autentico soprano drammatico di matrice wagneriana, si presta al meglio nella lettura di Turandot per la quale certe durezze trovano una giustificazione espressiva. , e la lettura di Alberto Erede \u00e8 volta in primo luogo proprio a esaltare la presenza vocale dei singoli interpreti in un quadro orchestrale teso alla massima spettacolarizzazione dell\u2019insieme.<\/p>\n<p>&nbsp;<\/p>\n","protected":false},"excerpt":{"rendered":"<p>WS 121.202 (2 CD) PUCCINI TURANDOT INGE BORKH,\u00a0RENATA TEBALDI,\u00a0MARIO DEL MONACO &nbsp; ALBERTO EREDE Orchestra e Coro dell&#8217;Accademia di S. Cecilia, Roma &#8211; 1955 &nbsp; DESCRIZIONE PRODOTTO Questa edizione di Turandot \u00e8 una testimonianza fondamentale della storia operistica del XX secolo. Il cast \u00e8 stellare: magnifica la Li\u00f9 di Renata Tebaldi, ritratta all\u2019epoca del suo&hellip;<\/p>\n","protected":false},"featured_media":3971,"comment_status":"open","ping_status":"closed","template":"","meta":[],"product_cat":[170],"product_tag":[366,367],"yoast_head":"<!-- This site is optimized with the Yoast SEO plugin v17.5 - https:\/\/yoast.com\/wordpress\/plugins\/seo\/ -->\n<title>PUCCINI: TURANDOT, EREDE - Urania Records<\/title>\n<meta name=\"robots\" content=\"index, follow, max-snippet:-1, max-image-preview:large, max-video-preview:-1\" \/>\n<link rel=\"canonical\" href=\"https:\/\/uraniarecords.com\/de\/prodotto\/puccini-turandot-erede\/\" \/>\n<meta property=\"og:locale\" content=\"de_DE\" \/>\n<meta property=\"og:type\" content=\"article\" \/>\n<meta property=\"og:title\" content=\"PUCCINI: TURANDOT, EREDE - Urania Records\" \/>\n<meta property=\"og:description\" content=\"WS 121.202 (2 CD) PUCCINI TURANDOT INGE BORKH,\u00a0RENATA TEBALDI,\u00a0MARIO DEL MONACO &nbsp; ALBERTO EREDE Orchestra e Coro dell&#8217;Accademia di S. Cecilia, Roma &#8211; 1955 &nbsp; DESCRIZIONE PRODOTTO Questa edizione di Turandot \u00e8 una testimonianza fondamentale della storia operistica del XX secolo. Il cast \u00e8 stellare: magnifica la Li\u00f9 di Renata Tebaldi, ritratta all\u2019epoca del suo&hellip;\" \/>\n<meta property=\"og:url\" content=\"https:\/\/uraniarecords.com\/de\/prodotto\/puccini-turandot-erede\/\" \/>\n<meta property=\"og:site_name\" content=\"Urania Records\" \/>\n<meta property=\"article:modified_time\" content=\"2023-03-31T14:59:43+00:00\" \/>\n<meta property=\"og:image\" content=\"https:\/\/uraniarecords.com\/wp-content\/uploads\/2016\/01\/202-cover.jpg\" \/>\n\t<meta property=\"og:image:width\" content=\"800\" \/>\n\t<meta property=\"og:image:height\" content=\"800\" \/>\n<meta name=\"twitter:card\" content=\"summary\" \/>\n<meta name=\"twitter:label1\" content=\"Gesch\u00e4tzte Lesezeit\" \/>\n\t<meta name=\"twitter:data1\" content=\"1 Minute\" \/>\n<script type=\"application\/ld+json\" class=\"yoast-schema-graph\">{\"@context\":\"https:\/\/schema.org\",\"@graph\":[{\"@type\":\"WebSite\",\"@id\":\"https:\/\/uraniarecords.com\/#website\",\"url\":\"https:\/\/uraniarecords.com\/\",\"name\":\"Urania Records\",\"description\":\"The Italian classical Label since 1998\",\"potentialAction\":[{\"@type\":\"SearchAction\",\"target\":{\"@type\":\"EntryPoint\",\"urlTemplate\":\"https:\/\/uraniarecords.com\/?s={search_term_string}\"},\"query-input\":\"required name=search_term_string\"}],\"inLanguage\":\"de-DE\"},{\"@type\":\"ImageObject\",\"@id\":\"https:\/\/uraniarecords.com\/de\/prodotto\/puccini-turandot-erede\/#primaryimage\",\"inLanguage\":\"de-DE\",\"url\":\"https:\/\/uraniarecords.com\/wp-content\/uploads\/2016\/01\/202-cover.jpg\",\"contentUrl\":\"https:\/\/uraniarecords.com\/wp-content\/uploads\/2016\/01\/202-cover.jpg\",\"width\":800,\"height\":800},{\"@type\":\"WebPage\",\"@id\":\"https:\/\/uraniarecords.com\/de\/prodotto\/puccini-turandot-erede\/#webpage\",\"url\":\"https:\/\/uraniarecords.com\/de\/prodotto\/puccini-turandot-erede\/\",\"name\":\"PUCCINI: TURANDOT, EREDE - Urania Records\",\"isPartOf\":{\"@id\":\"https:\/\/uraniarecords.com\/#website\"},\"primaryImageOfPage\":{\"@id\":\"https:\/\/uraniarecords.com\/de\/prodotto\/puccini-turandot-erede\/#primaryimage\"},\"datePublished\":\"2016-01-18T16:39:07+00:00\",\"dateModified\":\"2023-03-31T14:59:43+00:00\",\"breadcrumb\":{\"@id\":\"https:\/\/uraniarecords.com\/de\/prodotto\/puccini-turandot-erede\/#breadcrumb\"},\"inLanguage\":\"de-DE\",\"potentialAction\":[{\"@type\":\"ReadAction\",\"target\":[\"https:\/\/uraniarecords.com\/de\/prodotto\/puccini-turandot-erede\/\"]}]},{\"@type\":\"BreadcrumbList\",\"@id\":\"https:\/\/uraniarecords.com\/de\/prodotto\/puccini-turandot-erede\/#breadcrumb\",\"itemListElement\":[{\"@type\":\"ListItem\",\"position\":1,\"name\":\"Home\",\"item\":\"https:\/\/uraniarecords.com\/de\/\"},{\"@type\":\"ListItem\",\"position\":2,\"name\":\"Shop\",\"item\":\"https:\/\/uraniarecords.com\/de\/shop\/\"},{\"@type\":\"ListItem\",\"position\":3,\"name\":\"PUCCINI: TURANDOT, EREDE\"}]}]}<\/script>\n<!-- \/ Yoast SEO plugin. -->","yoast_head_json":{"title":"PUCCINI: TURANDOT, EREDE - Urania Records","robots":{"index":"index","follow":"follow","max-snippet":"max-snippet:-1","max-image-preview":"max-image-preview:large","max-video-preview":"max-video-preview:-1"},"canonical":"https:\/\/uraniarecords.com\/de\/prodotto\/puccini-turandot-erede\/","og_locale":"de_DE","og_type":"article","og_title":"PUCCINI: TURANDOT, EREDE - Urania Records","og_description":"WS 121.202 (2 CD) PUCCINI TURANDOT INGE BORKH,\u00a0RENATA TEBALDI,\u00a0MARIO DEL MONACO &nbsp; ALBERTO EREDE Orchestra e Coro dell&#8217;Accademia di S. Cecilia, Roma &#8211; 1955 &nbsp; DESCRIZIONE PRODOTTO Questa edizione di Turandot \u00e8 una testimonianza fondamentale della storia operistica del XX secolo. Il cast \u00e8 stellare: magnifica la Li\u00f9 di Renata Tebaldi, ritratta all\u2019epoca del suo&hellip;","og_url":"https:\/\/uraniarecords.com\/de\/prodotto\/puccini-turandot-erede\/","og_site_name":"Urania Records","article_modified_time":"2023-03-31T14:59:43+00:00","og_image":[{"width":800,"height":800,"url":"https:\/\/uraniarecords.com\/wp-content\/uploads\/2016\/01\/202-cover.jpg","type":"image\/jpeg"}],"twitter_card":"summary","twitter_misc":{"Gesch\u00e4tzte Lesezeit":"1 Minute"},"schema":{"@context":"https:\/\/schema.org","@graph":[{"@type":"WebSite","@id":"https:\/\/uraniarecords.com\/#website","url":"https:\/\/uraniarecords.com\/","name":"Urania Records","description":"The Italian classical Label since 1998","potentialAction":[{"@type":"SearchAction","target":{"@type":"EntryPoint","urlTemplate":"https:\/\/uraniarecords.com\/?s={search_term_string}"},"query-input":"required name=search_term_string"}],"inLanguage":"de-DE"},{"@type":"ImageObject","@id":"https:\/\/uraniarecords.com\/de\/prodotto\/puccini-turandot-erede\/#primaryimage","inLanguage":"de-DE","url":"https:\/\/uraniarecords.com\/wp-content\/uploads\/2016\/01\/202-cover.jpg","contentUrl":"https:\/\/uraniarecords.com\/wp-content\/uploads\/2016\/01\/202-cover.jpg","width":800,"height":800},{"@type":"WebPage","@id":"https:\/\/uraniarecords.com\/de\/prodotto\/puccini-turandot-erede\/#webpage","url":"https:\/\/uraniarecords.com\/de\/prodotto\/puccini-turandot-erede\/","name":"PUCCINI: TURANDOT, EREDE - Urania Records","isPartOf":{"@id":"https:\/\/uraniarecords.com\/#website"},"primaryImageOfPage":{"@id":"https:\/\/uraniarecords.com\/de\/prodotto\/puccini-turandot-erede\/#primaryimage"},"datePublished":"2016-01-18T16:39:07+00:00","dateModified":"2023-03-31T14:59:43+00:00","breadcrumb":{"@id":"https:\/\/uraniarecords.com\/de\/prodotto\/puccini-turandot-erede\/#breadcrumb"},"inLanguage":"de-DE","potentialAction":[{"@type":"ReadAction","target":["https:\/\/uraniarecords.com\/de\/prodotto\/puccini-turandot-erede\/"]}]},{"@type":"BreadcrumbList","@id":"https:\/\/uraniarecords.com\/de\/prodotto\/puccini-turandot-erede\/#breadcrumb","itemListElement":[{"@type":"ListItem","position":1,"name":"Home","item":"https:\/\/uraniarecords.com\/de\/"},{"@type":"ListItem","position":2,"name":"Shop","item":"https:\/\/uraniarecords.com\/de\/shop\/"},{"@type":"ListItem","position":3,"name":"PUCCINI: TURANDOT, EREDE"}]}]}},"_links":{"self":[{"href":"https:\/\/uraniarecords.com\/de\/wp-json\/wp\/v2\/product\/3538"}],"collection":[{"href":"https:\/\/uraniarecords.com\/de\/wp-json\/wp\/v2\/product"}],"about":[{"href":"https:\/\/uraniarecords.com\/de\/wp-json\/wp\/v2\/types\/product"}],"replies":[{"embeddable":true,"href":"https:\/\/uraniarecords.com\/de\/wp-json\/wp\/v2\/comments?post=3538"}],"wp:featuredmedia":[{"embeddable":true,"href":"https:\/\/uraniarecords.com\/de\/wp-json\/wp\/v2\/media\/3971"}],"wp:attachment":[{"href":"https:\/\/uraniarecords.com\/de\/wp-json\/wp\/v2\/media?parent=3538"}],"wp:term":[{"taxonomy":"product_cat","embeddable":true,"href":"https:\/\/uraniarecords.com\/de\/wp-json\/wp\/v2\/product_cat?post=3538"},{"taxonomy":"product_tag","embeddable":true,"href":"https:\/\/uraniarecords.com\/de\/wp-json\/wp\/v2\/product_tag?post=3538"}],"curies":[{"name":"wp","href":"https:\/\/api.w.org\/{rel}","templated":true}]}}