{"id":3632,"date":"2016-01-19T11:20:12","date_gmt":"2016-01-19T11:20:12","guid":{"rendered":"https:\/\/uraniarecords.com\/de\/prodotto\/mozart-string-quartets\/"},"modified":"2023-12-01T11:48:05","modified_gmt":"2023-12-01T11:48:05","slug":"mozart-string-quartets","status":"publish","type":"product","link":"https:\/\/uraniarecords.com\/de\/prodotto\/mozart-string-quartets\/","title":{"rendered":"MOZART: STRING QUARTETS"},"content":{"rendered":"<p>WS 121.120 (2 CD)<\/p>\n<p><strong>AMADEUS QUARTET PLAYS MOZART STRING QUARTETS<\/strong><\/p>\n<p><em>String Quartet in B Flat Major, KV 458 &#8222;The Hunt&#8220;<\/em><\/p>\n<p><em>String Quartet in C Major, KV 465 &#8222;Dissonance&#8220;<\/em><\/p>\n<p><em>String Quartet in D Major, KV 499 &#8222;Hoffmeister&#8220;<\/em><\/p>\n<p><em>String Quartet in F Major, KV 575 &#8222;Prussian&#8220;<\/em><\/p>\n<p><em>String Quartet in F Major, KV 590 &#8222;Prussian&#8220;<\/em><\/p>\n<p><strong>AMADEUS QUARTET<\/strong><\/p>\n<p>Recordings: 1951\/1955<\/p>\n<p>&nbsp;<\/p>\n<p>DESCRIZIONE PRODOTTO<\/p>\n<p>&nbsp;<\/p>\n<p class=\"p1\">Il Quartetto Amadeus, con il Quartetto Italiano, in Europa \u00e8 stata la pi\u00f9 famosa formazione da camera della seconda met\u00e0 del Novecento. Mozart, Beethoven e Schubert hanno ricevuto da questo Quartetto alcune tra le pi\u00f9 prestigiose interpretazioni dei loro lavori. In questo bax da 2 CD Urania\u00a0sono presenti i quartetti pi\u00f9 significativi del repertorio mozartiano, incisi dal Quartetto Amadeus tra il 1951 e il 1955. Si tratta di vere pietre miliari della storia dell&#8217;interpretazione cameristica.<\/p>\n<p><iframe loading=\"lazy\" src=\"https:\/\/lnk.to\/mozartstringquartets\" width=\"400\" height=\"700\" frameborder=\"0\" scrolling=\"no\"><\/iframe><\/p>\n","protected":false},"excerpt":{"rendered":"<p>WS 121.120 (2 CD) AMADEUS QUARTET PLAYS MOZART STRING QUARTETS String Quartet in B Flat Major, KV 458 &#8222;The Hunt&#8220; String Quartet in C Major, KV 465 &#8222;Dissonance&#8220; String Quartet in D Major, KV 499 &#8222;Hoffmeister&#8220; String Quartet in F Major, KV 575 &#8222;Prussian&#8220; String Quartet in F Major, KV 590 &#8222;Prussian&#8220; AMADEUS QUARTET Recordings:&hellip;<\/p>\n","protected":false},"featured_media":4786,"comment_status":"open","ping_status":"closed","template":"","meta":[],"product_cat":[145,132],"product_tag":[545,546,1043],"yoast_head":"<!-- This site is optimized with the Yoast SEO plugin v17.5 - https:\/\/yoast.com\/wordpress\/plugins\/seo\/ -->\n<title>MOZART: STRING QUARTETS - Urania Records<\/title>\n<meta name=\"robots\" content=\"index, follow, max-snippet:-1, max-image-preview:large, max-video-preview:-1\" \/>\n<link rel=\"canonical\" href=\"https:\/\/uraniarecords.com\/de\/prodotto\/mozart-string-quartets\/\" \/>\n<meta property=\"og:locale\" content=\"de_DE\" \/>\n<meta property=\"og:type\" content=\"article\" \/>\n<meta property=\"og:title\" content=\"MOZART: STRING QUARTETS - Urania Records\" \/>\n<meta property=\"og:description\" content=\"WS 121.120 (2 CD) AMADEUS QUARTET PLAYS MOZART STRING QUARTETS String Quartet in B Flat Major, KV 458 &#8222;The Hunt&#8220; String Quartet in C Major, KV 465 &#8222;Dissonance&#8220; String Quartet in D Major, KV 499 &#8222;Hoffmeister&#8220; String Quartet in F Major, KV 575 &#8222;Prussian&#8220; String Quartet in F Major, KV 590 &#8222;Prussian&#8220; AMADEUS QUARTET Recordings:&hellip;\" \/>\n<meta property=\"og:url\" content=\"https:\/\/uraniarecords.com\/de\/prodotto\/mozart-string-quartets\/\" \/>\n<meta property=\"og:site_name\" content=\"Urania Records\" \/>\n<meta property=\"article:modified_time\" content=\"2023-12-01T11:48:05+00:00\" \/>\n<meta property=\"og:image\" content=\"https:\/\/uraniarecords.com\/wp-content\/uploads\/2016\/01\/120-cover.jpg\" \/>\n\t<meta property=\"og:image:width\" content=\"800\" \/>\n\t<meta property=\"og:image:height\" content=\"800\" \/>\n<meta name=\"twitter:card\" content=\"summary\" \/>\n<meta name=\"twitter:label1\" content=\"Gesch\u00e4tzte Lesezeit\" \/>\n\t<meta name=\"twitter:data1\" content=\"1 Minute\" \/>\n<script type=\"application\/ld+json\" class=\"yoast-schema-graph\">{\"@context\":\"https:\/\/schema.org\",\"@graph\":[{\"@type\":\"WebSite\",\"@id\":\"https:\/\/uraniarecords.com\/#website\",\"url\":\"https:\/\/uraniarecords.com\/\",\"name\":\"Urania Records\",\"description\":\"The Italian classical Label since 1998\",\"potentialAction\":[{\"@type\":\"SearchAction\",\"target\":{\"@type\":\"EntryPoint\",\"urlTemplate\":\"https:\/\/uraniarecords.com\/?s={search_term_string}\"},\"query-input\":\"required name=search_term_string\"}],\"inLanguage\":\"de-DE\"},{\"@type\":\"ImageObject\",\"@id\":\"https:\/\/uraniarecords.com\/de\/prodotto\/mozart-string-quartets\/#primaryimage\",\"inLanguage\":\"de-DE\",\"url\":\"https:\/\/uraniarecords.com\/wp-content\/uploads\/2016\/01\/120-cover.jpg\",\"contentUrl\":\"https:\/\/uraniarecords.com\/wp-content\/uploads\/2016\/01\/120-cover.jpg\",\"width\":800,\"height\":800},{\"@type\":\"WebPage\",\"@id\":\"https:\/\/uraniarecords.com\/de\/prodotto\/mozart-string-quartets\/#webpage\",\"url\":\"https:\/\/uraniarecords.com\/de\/prodotto\/mozart-string-quartets\/\",\"name\":\"MOZART: STRING QUARTETS - Urania Records\",\"isPartOf\":{\"@id\":\"https:\/\/uraniarecords.com\/#website\"},\"primaryImageOfPage\":{\"@id\":\"https:\/\/uraniarecords.com\/de\/prodotto\/mozart-string-quartets\/#primaryimage\"},\"datePublished\":\"2016-01-19T11:20:12+00:00\",\"dateModified\":\"2023-12-01T11:48:05+00:00\",\"breadcrumb\":{\"@id\":\"https:\/\/uraniarecords.com\/de\/prodotto\/mozart-string-quartets\/#breadcrumb\"},\"inLanguage\":\"de-DE\",\"potentialAction\":[{\"@type\":\"ReadAction\",\"target\":[\"https:\/\/uraniarecords.com\/de\/prodotto\/mozart-string-quartets\/\"]}]},{\"@type\":\"BreadcrumbList\",\"@id\":\"https:\/\/uraniarecords.com\/de\/prodotto\/mozart-string-quartets\/#breadcrumb\",\"itemListElement\":[{\"@type\":\"ListItem\",\"position\":1,\"name\":\"Home\",\"item\":\"https:\/\/uraniarecords.com\/de\/\"},{\"@type\":\"ListItem\",\"position\":2,\"name\":\"Shop\",\"item\":\"https:\/\/uraniarecords.com\/de\/shop\/\"},{\"@type\":\"ListItem\",\"position\":3,\"name\":\"MOZART: STRING QUARTETS\"}]}]}<\/script>\n<!-- \/ Yoast SEO plugin. -->","yoast_head_json":{"title":"MOZART: STRING QUARTETS - Urania Records","robots":{"index":"index","follow":"follow","max-snippet":"max-snippet:-1","max-image-preview":"max-image-preview:large","max-video-preview":"max-video-preview:-1"},"canonical":"https:\/\/uraniarecords.com\/de\/prodotto\/mozart-string-quartets\/","og_locale":"de_DE","og_type":"article","og_title":"MOZART: STRING QUARTETS - Urania Records","og_description":"WS 121.120 (2 CD) AMADEUS QUARTET PLAYS MOZART STRING QUARTETS String Quartet in B Flat Major, KV 458 &#8222;The Hunt&#8220; String Quartet in C Major, KV 465 &#8222;Dissonance&#8220; String Quartet in D Major, KV 499 &#8222;Hoffmeister&#8220; String Quartet in F Major, KV 575 &#8222;Prussian&#8220; String Quartet in F Major, KV 590 &#8222;Prussian&#8220; AMADEUS QUARTET Recordings:&hellip;","og_url":"https:\/\/uraniarecords.com\/de\/prodotto\/mozart-string-quartets\/","og_site_name":"Urania Records","article_modified_time":"2023-12-01T11:48:05+00:00","og_image":[{"width":800,"height":800,"url":"https:\/\/uraniarecords.com\/wp-content\/uploads\/2016\/01\/120-cover.jpg","type":"image\/jpeg"}],"twitter_card":"summary","twitter_misc":{"Gesch\u00e4tzte Lesezeit":"1 Minute"},"schema":{"@context":"https:\/\/schema.org","@graph":[{"@type":"WebSite","@id":"https:\/\/uraniarecords.com\/#website","url":"https:\/\/uraniarecords.com\/","name":"Urania Records","description":"The Italian classical Label since 1998","potentialAction":[{"@type":"SearchAction","target":{"@type":"EntryPoint","urlTemplate":"https:\/\/uraniarecords.com\/?s={search_term_string}"},"query-input":"required name=search_term_string"}],"inLanguage":"de-DE"},{"@type":"ImageObject","@id":"https:\/\/uraniarecords.com\/de\/prodotto\/mozart-string-quartets\/#primaryimage","inLanguage":"de-DE","url":"https:\/\/uraniarecords.com\/wp-content\/uploads\/2016\/01\/120-cover.jpg","contentUrl":"https:\/\/uraniarecords.com\/wp-content\/uploads\/2016\/01\/120-cover.jpg","width":800,"height":800},{"@type":"WebPage","@id":"https:\/\/uraniarecords.com\/de\/prodotto\/mozart-string-quartets\/#webpage","url":"https:\/\/uraniarecords.com\/de\/prodotto\/mozart-string-quartets\/","name":"MOZART: STRING QUARTETS - Urania Records","isPartOf":{"@id":"https:\/\/uraniarecords.com\/#website"},"primaryImageOfPage":{"@id":"https:\/\/uraniarecords.com\/de\/prodotto\/mozart-string-quartets\/#primaryimage"},"datePublished":"2016-01-19T11:20:12+00:00","dateModified":"2023-12-01T11:48:05+00:00","breadcrumb":{"@id":"https:\/\/uraniarecords.com\/de\/prodotto\/mozart-string-quartets\/#breadcrumb"},"inLanguage":"de-DE","potentialAction":[{"@type":"ReadAction","target":["https:\/\/uraniarecords.com\/de\/prodotto\/mozart-string-quartets\/"]}]},{"@type":"BreadcrumbList","@id":"https:\/\/uraniarecords.com\/de\/prodotto\/mozart-string-quartets\/#breadcrumb","itemListElement":[{"@type":"ListItem","position":1,"name":"Home","item":"https:\/\/uraniarecords.com\/de\/"},{"@type":"ListItem","position":2,"name":"Shop","item":"https:\/\/uraniarecords.com\/de\/shop\/"},{"@type":"ListItem","position":3,"name":"MOZART: STRING QUARTETS"}]}]}},"_links":{"self":[{"href":"https:\/\/uraniarecords.com\/de\/wp-json\/wp\/v2\/product\/3632"}],"collection":[{"href":"https:\/\/uraniarecords.com\/de\/wp-json\/wp\/v2\/product"}],"about":[{"href":"https:\/\/uraniarecords.com\/de\/wp-json\/wp\/v2\/types\/product"}],"replies":[{"embeddable":true,"href":"https:\/\/uraniarecords.com\/de\/wp-json\/wp\/v2\/comments?post=3632"}],"wp:featuredmedia":[{"embeddable":true,"href":"https:\/\/uraniarecords.com\/de\/wp-json\/wp\/v2\/media\/4786"}],"wp:attachment":[{"href":"https:\/\/uraniarecords.com\/de\/wp-json\/wp\/v2\/media?parent=3632"}],"wp:term":[{"taxonomy":"product_cat","embeddable":true,"href":"https:\/\/uraniarecords.com\/de\/wp-json\/wp\/v2\/product_cat?post=3632"},{"taxonomy":"product_tag","embeddable":true,"href":"https:\/\/uraniarecords.com\/de\/wp-json\/wp\/v2\/product_tag?post=3632"}],"curies":[{"name":"wp","href":"https:\/\/api.w.org\/{rel}","templated":true}]}}