{"id":3667,"date":"2016-01-19T12:40:31","date_gmt":"2016-01-19T12:40:31","guid":{"rendered":"https:\/\/uraniarecords.com\/de\/prodotto\/3664\/"},"modified":"2023-03-31T14:58:09","modified_gmt":"2023-03-31T14:58:09","slug":"verdiattilachristoff","status":"publish","type":"product","link":"https:\/\/uraniarecords.com\/de\/prodotto\/verdiattilachristoff\/","title":{"rendered":"VERDI: ATTILA, CHRISTOFF"},"content":{"rendered":"<p>VERDI<\/p>\n<p><strong>ATTILA<\/strong><\/p>\n<p>BORIS CHRISTOFF &#8211; GUELFI &#8211; ROBERTI &#8211; LIMARILLI<\/p>\n<p>&nbsp;<\/p>\n<p><strong>BRUNO BARTOLETTI<\/strong><\/p>\n<p>Orchestra e coro del Maggio Musicale Fiorentino<\/p>\n<p>1962 Live recording<\/p>\n<p>&nbsp;<\/p>\n<p>DESCRIZIONE PRODOTTO<\/p>\n<p class=\"p1\">La riscoperta del Verdi giovanile \u00e8 piuttosto recente. Ci sono solo due grandi edizioni di quest&#8217;opera: la prima \u00e8 la registrazione Philips degli anni &#8217;70 e registrata da Gardelli (Attila: Ruggero Raimondi), e poi quella registrata da EMI negli anni &#8217;90 diretta da Muti (Attila: Samuel Ramey). Questa versione live, di un&#8217;eccellente qualit\u00e0 audio, \u00e8 molto importante per essere stata la sola interpretazione di Boris Christoff nel ruolo di Attila, con Gastone Limarilli e Margherita Roberti nei fuori di Foresto e Odabella. L&#8217;importanza storica \u00e8 la presenza del baritono Giangiacomo guelfi, la cui interpretazione di Ezio \u00e8 una tra le pi\u00f9 impressionanti mai registrate.<\/p>\n","protected":false},"excerpt":{"rendered":"<p>VERDI ATTILA BORIS CHRISTOFF &#8211; GUELFI &#8211; ROBERTI &#8211; LIMARILLI &nbsp; BRUNO BARTOLETTI Orchestra e coro del Maggio Musicale Fiorentino 1962 Live recording &nbsp; DESCRIZIONE PRODOTTO La riscoperta del Verdi giovanile \u00e8 piuttosto recente. Ci sono solo due grandi edizioni di quest&#8217;opera: la prima \u00e8 la registrazione Philips degli anni &#8217;70 e registrata da Gardelli&hellip;<\/p>\n","protected":false},"featured_media":4867,"comment_status":"open","ping_status":"closed","template":"","meta":[],"product_cat":[170],"product_tag":[],"yoast_head":"<!-- This site is optimized with the Yoast SEO plugin v17.5 - https:\/\/yoast.com\/wordpress\/plugins\/seo\/ -->\n<title>VERDI: ATTILA, CHRISTOFF - Urania Records<\/title>\n<meta name=\"robots\" content=\"index, follow, max-snippet:-1, max-image-preview:large, max-video-preview:-1\" \/>\n<link rel=\"canonical\" href=\"https:\/\/uraniarecords.com\/de\/prodotto\/verdiattilachristoff\/\" \/>\n<meta property=\"og:locale\" content=\"de_DE\" \/>\n<meta property=\"og:type\" content=\"article\" \/>\n<meta property=\"og:title\" content=\"VERDI: ATTILA, CHRISTOFF - Urania Records\" \/>\n<meta property=\"og:description\" content=\"VERDI ATTILA BORIS CHRISTOFF &#8211; GUELFI &#8211; ROBERTI &#8211; LIMARILLI &nbsp; BRUNO BARTOLETTI Orchestra e coro del Maggio Musicale Fiorentino 1962 Live recording &nbsp; DESCRIZIONE PRODOTTO La riscoperta del Verdi giovanile \u00e8 piuttosto recente. Ci sono solo due grandi edizioni di quest&#8217;opera: la prima \u00e8 la registrazione Philips degli anni &#8217;70 e registrata da Gardelli&hellip;\" \/>\n<meta property=\"og:url\" content=\"https:\/\/uraniarecords.com\/de\/prodotto\/verdiattilachristoff\/\" \/>\n<meta property=\"og:site_name\" content=\"Urania Records\" \/>\n<meta property=\"article:modified_time\" content=\"2023-03-31T14:58:09+00:00\" \/>\n<meta property=\"og:image\" content=\"https:\/\/uraniarecords.com\/wp-content\/uploads\/2016\/01\/148-cover-copia.jpg\" \/>\n\t<meta property=\"og:image:width\" content=\"800\" \/>\n\t<meta property=\"og:image:height\" content=\"800\" \/>\n<meta name=\"twitter:card\" content=\"summary\" \/>\n<meta name=\"twitter:label1\" content=\"Gesch\u00e4tzte Lesezeit\" \/>\n\t<meta name=\"twitter:data1\" content=\"1 Minute\" \/>\n<script type=\"application\/ld+json\" class=\"yoast-schema-graph\">{\"@context\":\"https:\/\/schema.org\",\"@graph\":[{\"@type\":\"WebSite\",\"@id\":\"https:\/\/uraniarecords.com\/#website\",\"url\":\"https:\/\/uraniarecords.com\/\",\"name\":\"Urania Records\",\"description\":\"The Italian classical Label since 1998\",\"potentialAction\":[{\"@type\":\"SearchAction\",\"target\":{\"@type\":\"EntryPoint\",\"urlTemplate\":\"https:\/\/uraniarecords.com\/?s={search_term_string}\"},\"query-input\":\"required name=search_term_string\"}],\"inLanguage\":\"de-DE\"},{\"@type\":\"ImageObject\",\"@id\":\"https:\/\/uraniarecords.com\/de\/prodotto\/verdiattilachristoff\/#primaryimage\",\"inLanguage\":\"de-DE\",\"url\":\"https:\/\/uraniarecords.com\/wp-content\/uploads\/2016\/01\/148-cover-copia.jpg\",\"contentUrl\":\"https:\/\/uraniarecords.com\/wp-content\/uploads\/2016\/01\/148-cover-copia.jpg\",\"width\":800,\"height\":800},{\"@type\":\"WebPage\",\"@id\":\"https:\/\/uraniarecords.com\/de\/prodotto\/verdiattilachristoff\/#webpage\",\"url\":\"https:\/\/uraniarecords.com\/de\/prodotto\/verdiattilachristoff\/\",\"name\":\"VERDI: ATTILA, CHRISTOFF - Urania Records\",\"isPartOf\":{\"@id\":\"https:\/\/uraniarecords.com\/#website\"},\"primaryImageOfPage\":{\"@id\":\"https:\/\/uraniarecords.com\/de\/prodotto\/verdiattilachristoff\/#primaryimage\"},\"datePublished\":\"2016-01-19T12:40:31+00:00\",\"dateModified\":\"2023-03-31T14:58:09+00:00\",\"breadcrumb\":{\"@id\":\"https:\/\/uraniarecords.com\/de\/prodotto\/verdiattilachristoff\/#breadcrumb\"},\"inLanguage\":\"de-DE\",\"potentialAction\":[{\"@type\":\"ReadAction\",\"target\":[\"https:\/\/uraniarecords.com\/de\/prodotto\/verdiattilachristoff\/\"]}]},{\"@type\":\"BreadcrumbList\",\"@id\":\"https:\/\/uraniarecords.com\/de\/prodotto\/verdiattilachristoff\/#breadcrumb\",\"itemListElement\":[{\"@type\":\"ListItem\",\"position\":1,\"name\":\"Home\",\"item\":\"https:\/\/uraniarecords.com\/de\/\"},{\"@type\":\"ListItem\",\"position\":2,\"name\":\"Shop\",\"item\":\"https:\/\/uraniarecords.com\/de\/shop\/\"},{\"@type\":\"ListItem\",\"position\":3,\"name\":\"VERDI: ATTILA, CHRISTOFF\"}]}]}<\/script>\n<!-- \/ Yoast SEO plugin. -->","yoast_head_json":{"title":"VERDI: ATTILA, CHRISTOFF - Urania Records","robots":{"index":"index","follow":"follow","max-snippet":"max-snippet:-1","max-image-preview":"max-image-preview:large","max-video-preview":"max-video-preview:-1"},"canonical":"https:\/\/uraniarecords.com\/de\/prodotto\/verdiattilachristoff\/","og_locale":"de_DE","og_type":"article","og_title":"VERDI: ATTILA, CHRISTOFF - Urania Records","og_description":"VERDI ATTILA BORIS CHRISTOFF &#8211; GUELFI &#8211; ROBERTI &#8211; LIMARILLI &nbsp; BRUNO BARTOLETTI Orchestra e coro del Maggio Musicale Fiorentino 1962 Live recording &nbsp; DESCRIZIONE PRODOTTO La riscoperta del Verdi giovanile \u00e8 piuttosto recente. Ci sono solo due grandi edizioni di quest&#8217;opera: la prima \u00e8 la registrazione Philips degli anni &#8217;70 e registrata da Gardelli&hellip;","og_url":"https:\/\/uraniarecords.com\/de\/prodotto\/verdiattilachristoff\/","og_site_name":"Urania Records","article_modified_time":"2023-03-31T14:58:09+00:00","og_image":[{"width":800,"height":800,"url":"https:\/\/uraniarecords.com\/wp-content\/uploads\/2016\/01\/148-cover-copia.jpg","type":"image\/jpeg"}],"twitter_card":"summary","twitter_misc":{"Gesch\u00e4tzte Lesezeit":"1 Minute"},"schema":{"@context":"https:\/\/schema.org","@graph":[{"@type":"WebSite","@id":"https:\/\/uraniarecords.com\/#website","url":"https:\/\/uraniarecords.com\/","name":"Urania Records","description":"The Italian classical Label since 1998","potentialAction":[{"@type":"SearchAction","target":{"@type":"EntryPoint","urlTemplate":"https:\/\/uraniarecords.com\/?s={search_term_string}"},"query-input":"required name=search_term_string"}],"inLanguage":"de-DE"},{"@type":"ImageObject","@id":"https:\/\/uraniarecords.com\/de\/prodotto\/verdiattilachristoff\/#primaryimage","inLanguage":"de-DE","url":"https:\/\/uraniarecords.com\/wp-content\/uploads\/2016\/01\/148-cover-copia.jpg","contentUrl":"https:\/\/uraniarecords.com\/wp-content\/uploads\/2016\/01\/148-cover-copia.jpg","width":800,"height":800},{"@type":"WebPage","@id":"https:\/\/uraniarecords.com\/de\/prodotto\/verdiattilachristoff\/#webpage","url":"https:\/\/uraniarecords.com\/de\/prodotto\/verdiattilachristoff\/","name":"VERDI: ATTILA, CHRISTOFF - Urania Records","isPartOf":{"@id":"https:\/\/uraniarecords.com\/#website"},"primaryImageOfPage":{"@id":"https:\/\/uraniarecords.com\/de\/prodotto\/verdiattilachristoff\/#primaryimage"},"datePublished":"2016-01-19T12:40:31+00:00","dateModified":"2023-03-31T14:58:09+00:00","breadcrumb":{"@id":"https:\/\/uraniarecords.com\/de\/prodotto\/verdiattilachristoff\/#breadcrumb"},"inLanguage":"de-DE","potentialAction":[{"@type":"ReadAction","target":["https:\/\/uraniarecords.com\/de\/prodotto\/verdiattilachristoff\/"]}]},{"@type":"BreadcrumbList","@id":"https:\/\/uraniarecords.com\/de\/prodotto\/verdiattilachristoff\/#breadcrumb","itemListElement":[{"@type":"ListItem","position":1,"name":"Home","item":"https:\/\/uraniarecords.com\/de\/"},{"@type":"ListItem","position":2,"name":"Shop","item":"https:\/\/uraniarecords.com\/de\/shop\/"},{"@type":"ListItem","position":3,"name":"VERDI: ATTILA, CHRISTOFF"}]}]}},"_links":{"self":[{"href":"https:\/\/uraniarecords.com\/de\/wp-json\/wp\/v2\/product\/3667"}],"collection":[{"href":"https:\/\/uraniarecords.com\/de\/wp-json\/wp\/v2\/product"}],"about":[{"href":"https:\/\/uraniarecords.com\/de\/wp-json\/wp\/v2\/types\/product"}],"replies":[{"embeddable":true,"href":"https:\/\/uraniarecords.com\/de\/wp-json\/wp\/v2\/comments?post=3667"}],"wp:featuredmedia":[{"embeddable":true,"href":"https:\/\/uraniarecords.com\/de\/wp-json\/wp\/v2\/media\/4867"}],"wp:attachment":[{"href":"https:\/\/uraniarecords.com\/de\/wp-json\/wp\/v2\/media?parent=3667"}],"wp:term":[{"taxonomy":"product_cat","embeddable":true,"href":"https:\/\/uraniarecords.com\/de\/wp-json\/wp\/v2\/product_cat?post=3667"},{"taxonomy":"product_tag","embeddable":true,"href":"https:\/\/uraniarecords.com\/de\/wp-json\/wp\/v2\/product_tag?post=3667"}],"curies":[{"name":"wp","href":"https:\/\/api.w.org\/{rel}","templated":true}]}}