{"id":3672,"date":"2016-01-19T12:48:05","date_gmt":"2016-01-19T12:48:05","guid":{"rendered":"https:\/\/uraniarecords.com\/de\/prodotto\/fritz-reiner-conducts-mahler-dvorak\/"},"modified":"2023-03-31T14:58:06","modified_gmt":"2023-03-31T14:58:06","slug":"fritz-reiner-conducts-mahler-dvorak","status":"publish","type":"product","link":"https:\/\/uraniarecords.com\/de\/prodotto\/fritz-reiner-conducts-mahler-dvorak\/","title":{"rendered":"FRITZ REINER CONDUCTS MAHLER &#038; DVORAK"},"content":{"rendered":"<p>WS 121.147 ( 2 CD)<\/p>\n<p><strong>FRITZ REINER CONDUCTS MAHLER &amp; DVORAK<\/strong><\/p>\n<p><strong>MAHLER<\/strong><\/p>\n<p><em>Das Lied von der Erde<\/em><\/p>\n<p><em>Symphony No. 4<\/em><\/p>\n<p><strong>DVORAK<\/strong><\/p>\n<p><em>Symphony No. 9 &#8222;From the New World&#8220;<\/em><\/p>\n<p>&nbsp;<\/p>\n<p><strong>FRITZ REINER<\/strong><\/p>\n<p>Chicago Symphony Orchestra 1957-1959 RCA Original productions<\/p>\n<p>&nbsp;<\/p>\n<p>DESCRIZIONE PRODOTTO<\/p>\n<p class=\"p1\">Tra i classici del disco del \u2018900 non manca certamente il periodo di registrazioni\u00a0stereofoniche realizzate dalla RCA a Chicago con Fritz Reiner sul podio dell\u2019orchestra della citt\u00e0 americana. La qualit\u00e0 di queste riprese stereo \u00e8 davvero stupefacente ancor oggi, a mezzo secolo di distanza, ed evidenzia il rigore ma anche il virtuosismo degli strumentisti di Chicago. In quanto alla visione interpretativa che Reiner ha del tardo romanticismo di Mahler e Dvorak, bisognerebbe parlare di \u201cclassicismo\u201d. Una visione estremamente sorvegliata dalla retorica espressiva. Questa accade soprattutto con il Mahler della <i>Quarta Sinfonia<\/i>, qui veramente paradisiaco, lontano dai turgori della <i>Terza<\/i> e dell\u2019<i>Ottava<\/i>. Misterioso ed equamente distribuito tra espressivit\u00e0 vocale e orchestrale \u00e8 l\u2019approccio al <i>Das Lied von der Erde<\/i>; mentre \u00e8 quasi solenne e pacata l\u2019interpretazione dell\u2019ultima <i>Sinfonia<\/i> di Dvorak. In ogni caso si tratta del lascito discografico d uno dei pi\u00f9 insigni direttori europei operanti in America a met\u00e0 XX secolo, lascito ancor oggi degno di grande attenzione e modello di un modo di fare mistico scevro da protagonismi e velleit\u00e0 didascaliche.<\/p>\n","protected":false},"excerpt":{"rendered":"<p>WS 121.147 ( 2 CD) FRITZ REINER CONDUCTS MAHLER &amp; DVORAK MAHLER Das Lied von der Erde Symphony No. 4 DVORAK Symphony No. 9 &#8222;From the New World&#8220; &nbsp; FRITZ REINER Chicago Symphony Orchestra 1957-1959 RCA Original productions &nbsp; DESCRIZIONE PRODOTTO Tra i classici del disco del \u2018900 non manca certamente il periodo di registrazioni\u00a0stereofoniche&hellip;<\/p>\n","protected":false},"featured_media":4899,"comment_status":"open","ping_status":"closed","template":"","meta":[],"product_cat":[145,166],"product_tag":[],"yoast_head":"<!-- This site is optimized with the Yoast SEO plugin v17.5 - https:\/\/yoast.com\/wordpress\/plugins\/seo\/ -->\n<title>FRITZ REINER CONDUCTS MAHLER &amp; DVORAK - Urania Records<\/title>\n<meta name=\"robots\" content=\"index, follow, max-snippet:-1, max-image-preview:large, max-video-preview:-1\" \/>\n<link rel=\"canonical\" href=\"https:\/\/uraniarecords.com\/de\/prodotto\/fritz-reiner-conducts-mahler-dvorak\/\" \/>\n<meta property=\"og:locale\" content=\"de_DE\" \/>\n<meta property=\"og:type\" content=\"article\" \/>\n<meta property=\"og:title\" content=\"FRITZ REINER CONDUCTS MAHLER &amp; DVORAK - Urania Records\" \/>\n<meta property=\"og:description\" content=\"WS 121.147 ( 2 CD) FRITZ REINER CONDUCTS MAHLER &amp; DVORAK MAHLER Das Lied von der Erde Symphony No. 4 DVORAK Symphony No. 9 &#8222;From the New World&#8220; &nbsp; FRITZ REINER Chicago Symphony Orchestra 1957-1959 RCA Original productions &nbsp; DESCRIZIONE PRODOTTO Tra i classici del disco del \u2018900 non manca certamente il periodo di registrazioni\u00a0stereofoniche&hellip;\" \/>\n<meta property=\"og:url\" content=\"https:\/\/uraniarecords.com\/de\/prodotto\/fritz-reiner-conducts-mahler-dvorak\/\" \/>\n<meta property=\"og:site_name\" content=\"Urania Records\" \/>\n<meta property=\"article:modified_time\" content=\"2023-03-31T14:58:06+00:00\" \/>\n<meta property=\"og:image\" content=\"https:\/\/uraniarecords.com\/wp-content\/uploads\/2016\/01\/147-cover-copia.jpg\" \/>\n\t<meta property=\"og:image:width\" content=\"800\" \/>\n\t<meta property=\"og:image:height\" content=\"800\" \/>\n<meta name=\"twitter:card\" content=\"summary\" \/>\n<meta name=\"twitter:label1\" content=\"Gesch\u00e4tzte Lesezeit\" \/>\n\t<meta name=\"twitter:data1\" content=\"1 Minute\" \/>\n<script type=\"application\/ld+json\" class=\"yoast-schema-graph\">{\"@context\":\"https:\/\/schema.org\",\"@graph\":[{\"@type\":\"WebSite\",\"@id\":\"https:\/\/uraniarecords.com\/#website\",\"url\":\"https:\/\/uraniarecords.com\/\",\"name\":\"Urania Records\",\"description\":\"The Italian classical Label since 1998\",\"potentialAction\":[{\"@type\":\"SearchAction\",\"target\":{\"@type\":\"EntryPoint\",\"urlTemplate\":\"https:\/\/uraniarecords.com\/?s={search_term_string}\"},\"query-input\":\"required name=search_term_string\"}],\"inLanguage\":\"de-DE\"},{\"@type\":\"ImageObject\",\"@id\":\"https:\/\/uraniarecords.com\/de\/prodotto\/fritz-reiner-conducts-mahler-dvorak\/#primaryimage\",\"inLanguage\":\"de-DE\",\"url\":\"https:\/\/uraniarecords.com\/wp-content\/uploads\/2016\/01\/147-cover-copia.jpg\",\"contentUrl\":\"https:\/\/uraniarecords.com\/wp-content\/uploads\/2016\/01\/147-cover-copia.jpg\",\"width\":800,\"height\":800},{\"@type\":\"WebPage\",\"@id\":\"https:\/\/uraniarecords.com\/de\/prodotto\/fritz-reiner-conducts-mahler-dvorak\/#webpage\",\"url\":\"https:\/\/uraniarecords.com\/de\/prodotto\/fritz-reiner-conducts-mahler-dvorak\/\",\"name\":\"FRITZ REINER CONDUCTS MAHLER & DVORAK - Urania Records\",\"isPartOf\":{\"@id\":\"https:\/\/uraniarecords.com\/#website\"},\"primaryImageOfPage\":{\"@id\":\"https:\/\/uraniarecords.com\/de\/prodotto\/fritz-reiner-conducts-mahler-dvorak\/#primaryimage\"},\"datePublished\":\"2016-01-19T12:48:05+00:00\",\"dateModified\":\"2023-03-31T14:58:06+00:00\",\"breadcrumb\":{\"@id\":\"https:\/\/uraniarecords.com\/de\/prodotto\/fritz-reiner-conducts-mahler-dvorak\/#breadcrumb\"},\"inLanguage\":\"de-DE\",\"potentialAction\":[{\"@type\":\"ReadAction\",\"target\":[\"https:\/\/uraniarecords.com\/de\/prodotto\/fritz-reiner-conducts-mahler-dvorak\/\"]}]},{\"@type\":\"BreadcrumbList\",\"@id\":\"https:\/\/uraniarecords.com\/de\/prodotto\/fritz-reiner-conducts-mahler-dvorak\/#breadcrumb\",\"itemListElement\":[{\"@type\":\"ListItem\",\"position\":1,\"name\":\"Home\",\"item\":\"https:\/\/uraniarecords.com\/de\/\"},{\"@type\":\"ListItem\",\"position\":2,\"name\":\"Shop\",\"item\":\"https:\/\/uraniarecords.com\/de\/shop\/\"},{\"@type\":\"ListItem\",\"position\":3,\"name\":\"FRITZ REINER CONDUCTS MAHLER &#038; DVORAK\"}]}]}<\/script>\n<!-- \/ Yoast SEO plugin. -->","yoast_head_json":{"title":"FRITZ REINER CONDUCTS MAHLER & DVORAK - Urania Records","robots":{"index":"index","follow":"follow","max-snippet":"max-snippet:-1","max-image-preview":"max-image-preview:large","max-video-preview":"max-video-preview:-1"},"canonical":"https:\/\/uraniarecords.com\/de\/prodotto\/fritz-reiner-conducts-mahler-dvorak\/","og_locale":"de_DE","og_type":"article","og_title":"FRITZ REINER CONDUCTS MAHLER & DVORAK - Urania Records","og_description":"WS 121.147 ( 2 CD) FRITZ REINER CONDUCTS MAHLER &amp; DVORAK MAHLER Das Lied von der Erde Symphony No. 4 DVORAK Symphony No. 9 &#8222;From the New World&#8220; &nbsp; FRITZ REINER Chicago Symphony Orchestra 1957-1959 RCA Original productions &nbsp; DESCRIZIONE PRODOTTO Tra i classici del disco del \u2018900 non manca certamente il periodo di registrazioni\u00a0stereofoniche&hellip;","og_url":"https:\/\/uraniarecords.com\/de\/prodotto\/fritz-reiner-conducts-mahler-dvorak\/","og_site_name":"Urania Records","article_modified_time":"2023-03-31T14:58:06+00:00","og_image":[{"width":800,"height":800,"url":"https:\/\/uraniarecords.com\/wp-content\/uploads\/2016\/01\/147-cover-copia.jpg","type":"image\/jpeg"}],"twitter_card":"summary","twitter_misc":{"Gesch\u00e4tzte Lesezeit":"1 Minute"},"schema":{"@context":"https:\/\/schema.org","@graph":[{"@type":"WebSite","@id":"https:\/\/uraniarecords.com\/#website","url":"https:\/\/uraniarecords.com\/","name":"Urania Records","description":"The Italian classical Label since 1998","potentialAction":[{"@type":"SearchAction","target":{"@type":"EntryPoint","urlTemplate":"https:\/\/uraniarecords.com\/?s={search_term_string}"},"query-input":"required name=search_term_string"}],"inLanguage":"de-DE"},{"@type":"ImageObject","@id":"https:\/\/uraniarecords.com\/de\/prodotto\/fritz-reiner-conducts-mahler-dvorak\/#primaryimage","inLanguage":"de-DE","url":"https:\/\/uraniarecords.com\/wp-content\/uploads\/2016\/01\/147-cover-copia.jpg","contentUrl":"https:\/\/uraniarecords.com\/wp-content\/uploads\/2016\/01\/147-cover-copia.jpg","width":800,"height":800},{"@type":"WebPage","@id":"https:\/\/uraniarecords.com\/de\/prodotto\/fritz-reiner-conducts-mahler-dvorak\/#webpage","url":"https:\/\/uraniarecords.com\/de\/prodotto\/fritz-reiner-conducts-mahler-dvorak\/","name":"FRITZ REINER CONDUCTS MAHLER & DVORAK - Urania Records","isPartOf":{"@id":"https:\/\/uraniarecords.com\/#website"},"primaryImageOfPage":{"@id":"https:\/\/uraniarecords.com\/de\/prodotto\/fritz-reiner-conducts-mahler-dvorak\/#primaryimage"},"datePublished":"2016-01-19T12:48:05+00:00","dateModified":"2023-03-31T14:58:06+00:00","breadcrumb":{"@id":"https:\/\/uraniarecords.com\/de\/prodotto\/fritz-reiner-conducts-mahler-dvorak\/#breadcrumb"},"inLanguage":"de-DE","potentialAction":[{"@type":"ReadAction","target":["https:\/\/uraniarecords.com\/de\/prodotto\/fritz-reiner-conducts-mahler-dvorak\/"]}]},{"@type":"BreadcrumbList","@id":"https:\/\/uraniarecords.com\/de\/prodotto\/fritz-reiner-conducts-mahler-dvorak\/#breadcrumb","itemListElement":[{"@type":"ListItem","position":1,"name":"Home","item":"https:\/\/uraniarecords.com\/de\/"},{"@type":"ListItem","position":2,"name":"Shop","item":"https:\/\/uraniarecords.com\/de\/shop\/"},{"@type":"ListItem","position":3,"name":"FRITZ REINER CONDUCTS MAHLER &#038; DVORAK"}]}]}},"_links":{"self":[{"href":"https:\/\/uraniarecords.com\/de\/wp-json\/wp\/v2\/product\/3672"}],"collection":[{"href":"https:\/\/uraniarecords.com\/de\/wp-json\/wp\/v2\/product"}],"about":[{"href":"https:\/\/uraniarecords.com\/de\/wp-json\/wp\/v2\/types\/product"}],"replies":[{"embeddable":true,"href":"https:\/\/uraniarecords.com\/de\/wp-json\/wp\/v2\/comments?post=3672"}],"wp:featuredmedia":[{"embeddable":true,"href":"https:\/\/uraniarecords.com\/de\/wp-json\/wp\/v2\/media\/4899"}],"wp:attachment":[{"href":"https:\/\/uraniarecords.com\/de\/wp-json\/wp\/v2\/media?parent=3672"}],"wp:term":[{"taxonomy":"product_cat","embeddable":true,"href":"https:\/\/uraniarecords.com\/de\/wp-json\/wp\/v2\/product_cat?post=3672"},{"taxonomy":"product_tag","embeddable":true,"href":"https:\/\/uraniarecords.com\/de\/wp-json\/wp\/v2\/product_tag?post=3672"}],"curies":[{"name":"wp","href":"https:\/\/api.w.org\/{rel}","templated":true}]}}