{"id":5335,"date":"2016-01-22T13:29:37","date_gmt":"2016-01-22T13:29:37","guid":{"rendered":"https:\/\/uraniarecords.com\/de\/prodotto\/decline-and-fall-of-the-western-music\/"},"modified":"2023-12-01T08:30:55","modified_gmt":"2023-12-01T08:30:55","slug":"decline-and-fall-of-the-western-music","status":"publish","type":"product","link":"https:\/\/uraniarecords.com\/de\/prodotto\/decline-and-fall-of-the-western-music\/","title":{"rendered":"DECLINE AND FALL OF THE WESTERN MUSIC"},"content":{"rendered":"<p>WS 121.161 (2CD)<\/p>\n<p><strong>DECLINE AND FALL OF THE WESTERN MUSIC<\/strong><\/p>\n<p><strong><em>WAGNER &#8211; BRAHMS &#8211; MAHLER &#8211; STRAUSS &#8211; SCHOENBERG<\/em><\/strong><\/p>\n<p>KNAPPERSBUSCH &#8211; WALTER &#8211; VAN BEINUM &#8211; SARGENT &#8211; MITROPOULOS<\/p>\n<p><em>1949-1961\u00a0<\/em><\/p>\n<p>&nbsp;<\/p>\n<p>DESCRIZIONE PRODOTTO<\/p>\n<p class=\"p1\">Il punto di rottura tra il gradimento pubblico e la produzione musicale \u00e8 diventato irreparabile negli anni Venti del Novecento, quando l\u2019imporsi della musica atonale e dodecafonica ha allontanato definitivamente il grande pubblico dalla musica colta occidentale. I sintomi di tale decadenza sono per\u00f2 gi\u00e0 evidenti in alcune composizioni che appaiono a met\u00e0 Ottocento. Questa antologia, pur con tutti i limiti di questo genere, cerca di rendere evidente il processo attraverso il quale tutto si \u00e8 attuato, e segue il filo rosso dei grandi cicli di <i>Lieder<\/i> e Cantate per voce femminile e orchestra, genere al quale da Wagner a Schoenberg, soprattutto i compositori austro-tedeschi si sono dedicati. Gli ultimi due brani (<i>Vier letzte Lieder<\/i> di Strauss ed <i>Erwartung<\/i> di Schoenberg) sono esemplificativi di un destino culturale a cui l\u2019arte europea era votata: nel primo caso, con la continuit\u00e0, ci sarebbe stata la sopravvivenza; nel secondo, lo sfacelo. Come \u00e8 stato.<\/p>\n<p><iframe src=\"https:\/\/lnk.to\/declineandfall\"width=\"400\" height=\"700\" frameborder=\"0\" scrolling=\"no\"><\/iframe><\/p>\n","protected":false},"excerpt":{"rendered":"<p>WS 121.161 (2CD) DECLINE AND FALL OF THE WESTERN MUSIC WAGNER &#8211; BRAHMS &#8211; MAHLER &#8211; STRAUSS &#8211; SCHOENBERG KNAPPERSBUSCH &#8211; WALTER &#8211; VAN BEINUM &#8211; SARGENT &#8211; MITROPOULOS 1949-1961\u00a0 &nbsp; DESCRIZIONE PRODOTTO Il punto di rottura tra il gradimento pubblico e la produzione musicale \u00e8 diventato irreparabile negli anni Venti del Novecento, quando l\u2019imporsi&hellip;<\/p>\n","protected":false},"featured_media":6088,"comment_status":"open","ping_status":"closed","template":"","meta":[],"product_cat":[328],"product_tag":[1152],"yoast_head":"<!-- This site is optimized with the Yoast SEO plugin v17.5 - https:\/\/yoast.com\/wordpress\/plugins\/seo\/ -->\n<title>DECLINE AND FALL OF THE WESTERN MUSIC - Urania Records<\/title>\n<meta name=\"robots\" content=\"index, follow, max-snippet:-1, max-image-preview:large, max-video-preview:-1\" \/>\n<link rel=\"canonical\" href=\"https:\/\/uraniarecords.com\/de\/prodotto\/decline-and-fall-of-the-western-music\/\" \/>\n<meta property=\"og:locale\" content=\"de_DE\" \/>\n<meta property=\"og:type\" content=\"article\" \/>\n<meta property=\"og:title\" content=\"DECLINE AND FALL OF THE WESTERN MUSIC - Urania Records\" \/>\n<meta property=\"og:description\" content=\"WS 121.161 (2CD) DECLINE AND FALL OF THE WESTERN MUSIC WAGNER &#8211; BRAHMS &#8211; MAHLER &#8211; STRAUSS &#8211; SCHOENBERG KNAPPERSBUSCH &#8211; WALTER &#8211; VAN BEINUM &#8211; SARGENT &#8211; MITROPOULOS 1949-1961\u00a0 &nbsp; DESCRIZIONE PRODOTTO Il punto di rottura tra il gradimento pubblico e la produzione musicale \u00e8 diventato irreparabile negli anni Venti del Novecento, quando l\u2019imporsi&hellip;\" \/>\n<meta property=\"og:url\" content=\"https:\/\/uraniarecords.com\/de\/prodotto\/decline-and-fall-of-the-western-music\/\" \/>\n<meta property=\"og:site_name\" content=\"Urania Records\" \/>\n<meta property=\"article:modified_time\" content=\"2023-12-01T08:30:55+00:00\" \/>\n<meta property=\"og:image\" content=\"https:\/\/uraniarecords.com\/wp-content\/uploads\/2016\/01\/161-COVER.jpg\" \/>\n\t<meta property=\"og:image:width\" content=\"800\" \/>\n\t<meta property=\"og:image:height\" content=\"800\" \/>\n<meta name=\"twitter:card\" content=\"summary\" \/>\n<meta name=\"twitter:label1\" content=\"Gesch\u00e4tzte Lesezeit\" \/>\n\t<meta name=\"twitter:data1\" content=\"1 Minute\" \/>\n<script type=\"application\/ld+json\" class=\"yoast-schema-graph\">{\"@context\":\"https:\/\/schema.org\",\"@graph\":[{\"@type\":\"WebSite\",\"@id\":\"https:\/\/uraniarecords.com\/#website\",\"url\":\"https:\/\/uraniarecords.com\/\",\"name\":\"Urania Records\",\"description\":\"The Italian classical Label since 1998\",\"potentialAction\":[{\"@type\":\"SearchAction\",\"target\":{\"@type\":\"EntryPoint\",\"urlTemplate\":\"https:\/\/uraniarecords.com\/?s={search_term_string}\"},\"query-input\":\"required name=search_term_string\"}],\"inLanguage\":\"de-DE\"},{\"@type\":\"ImageObject\",\"@id\":\"https:\/\/uraniarecords.com\/de\/prodotto\/decline-and-fall-of-the-western-music\/#primaryimage\",\"inLanguage\":\"de-DE\",\"url\":\"https:\/\/uraniarecords.com\/wp-content\/uploads\/2016\/01\/161-COVER.jpg\",\"contentUrl\":\"https:\/\/uraniarecords.com\/wp-content\/uploads\/2016\/01\/161-COVER.jpg\",\"width\":800,\"height\":800},{\"@type\":\"WebPage\",\"@id\":\"https:\/\/uraniarecords.com\/de\/prodotto\/decline-and-fall-of-the-western-music\/#webpage\",\"url\":\"https:\/\/uraniarecords.com\/de\/prodotto\/decline-and-fall-of-the-western-music\/\",\"name\":\"DECLINE AND FALL OF THE WESTERN MUSIC - Urania Records\",\"isPartOf\":{\"@id\":\"https:\/\/uraniarecords.com\/#website\"},\"primaryImageOfPage\":{\"@id\":\"https:\/\/uraniarecords.com\/de\/prodotto\/decline-and-fall-of-the-western-music\/#primaryimage\"},\"datePublished\":\"2016-01-22T13:29:37+00:00\",\"dateModified\":\"2023-12-01T08:30:55+00:00\",\"breadcrumb\":{\"@id\":\"https:\/\/uraniarecords.com\/de\/prodotto\/decline-and-fall-of-the-western-music\/#breadcrumb\"},\"inLanguage\":\"de-DE\",\"potentialAction\":[{\"@type\":\"ReadAction\",\"target\":[\"https:\/\/uraniarecords.com\/de\/prodotto\/decline-and-fall-of-the-western-music\/\"]}]},{\"@type\":\"BreadcrumbList\",\"@id\":\"https:\/\/uraniarecords.com\/de\/prodotto\/decline-and-fall-of-the-western-music\/#breadcrumb\",\"itemListElement\":[{\"@type\":\"ListItem\",\"position\":1,\"name\":\"Home\",\"item\":\"https:\/\/uraniarecords.com\/de\/\"},{\"@type\":\"ListItem\",\"position\":2,\"name\":\"Shop\",\"item\":\"https:\/\/uraniarecords.com\/de\/shop\/\"},{\"@type\":\"ListItem\",\"position\":3,\"name\":\"DECLINE AND FALL OF THE WESTERN MUSIC\"}]}]}<\/script>\n<!-- \/ Yoast SEO plugin. -->","yoast_head_json":{"title":"DECLINE AND FALL OF THE WESTERN MUSIC - Urania Records","robots":{"index":"index","follow":"follow","max-snippet":"max-snippet:-1","max-image-preview":"max-image-preview:large","max-video-preview":"max-video-preview:-1"},"canonical":"https:\/\/uraniarecords.com\/de\/prodotto\/decline-and-fall-of-the-western-music\/","og_locale":"de_DE","og_type":"article","og_title":"DECLINE AND FALL OF THE WESTERN MUSIC - Urania Records","og_description":"WS 121.161 (2CD) DECLINE AND FALL OF THE WESTERN MUSIC WAGNER &#8211; BRAHMS &#8211; MAHLER &#8211; STRAUSS &#8211; SCHOENBERG KNAPPERSBUSCH &#8211; WALTER &#8211; VAN BEINUM &#8211; SARGENT &#8211; MITROPOULOS 1949-1961\u00a0 &nbsp; DESCRIZIONE PRODOTTO Il punto di rottura tra il gradimento pubblico e la produzione musicale \u00e8 diventato irreparabile negli anni Venti del Novecento, quando l\u2019imporsi&hellip;","og_url":"https:\/\/uraniarecords.com\/de\/prodotto\/decline-and-fall-of-the-western-music\/","og_site_name":"Urania Records","article_modified_time":"2023-12-01T08:30:55+00:00","og_image":[{"width":800,"height":800,"url":"https:\/\/uraniarecords.com\/wp-content\/uploads\/2016\/01\/161-COVER.jpg","type":"image\/jpeg"}],"twitter_card":"summary","twitter_misc":{"Gesch\u00e4tzte Lesezeit":"1 Minute"},"schema":{"@context":"https:\/\/schema.org","@graph":[{"@type":"WebSite","@id":"https:\/\/uraniarecords.com\/#website","url":"https:\/\/uraniarecords.com\/","name":"Urania Records","description":"The Italian classical Label since 1998","potentialAction":[{"@type":"SearchAction","target":{"@type":"EntryPoint","urlTemplate":"https:\/\/uraniarecords.com\/?s={search_term_string}"},"query-input":"required name=search_term_string"}],"inLanguage":"de-DE"},{"@type":"ImageObject","@id":"https:\/\/uraniarecords.com\/de\/prodotto\/decline-and-fall-of-the-western-music\/#primaryimage","inLanguage":"de-DE","url":"https:\/\/uraniarecords.com\/wp-content\/uploads\/2016\/01\/161-COVER.jpg","contentUrl":"https:\/\/uraniarecords.com\/wp-content\/uploads\/2016\/01\/161-COVER.jpg","width":800,"height":800},{"@type":"WebPage","@id":"https:\/\/uraniarecords.com\/de\/prodotto\/decline-and-fall-of-the-western-music\/#webpage","url":"https:\/\/uraniarecords.com\/de\/prodotto\/decline-and-fall-of-the-western-music\/","name":"DECLINE AND FALL OF THE WESTERN MUSIC - Urania Records","isPartOf":{"@id":"https:\/\/uraniarecords.com\/#website"},"primaryImageOfPage":{"@id":"https:\/\/uraniarecords.com\/de\/prodotto\/decline-and-fall-of-the-western-music\/#primaryimage"},"datePublished":"2016-01-22T13:29:37+00:00","dateModified":"2023-12-01T08:30:55+00:00","breadcrumb":{"@id":"https:\/\/uraniarecords.com\/de\/prodotto\/decline-and-fall-of-the-western-music\/#breadcrumb"},"inLanguage":"de-DE","potentialAction":[{"@type":"ReadAction","target":["https:\/\/uraniarecords.com\/de\/prodotto\/decline-and-fall-of-the-western-music\/"]}]},{"@type":"BreadcrumbList","@id":"https:\/\/uraniarecords.com\/de\/prodotto\/decline-and-fall-of-the-western-music\/#breadcrumb","itemListElement":[{"@type":"ListItem","position":1,"name":"Home","item":"https:\/\/uraniarecords.com\/de\/"},{"@type":"ListItem","position":2,"name":"Shop","item":"https:\/\/uraniarecords.com\/de\/shop\/"},{"@type":"ListItem","position":3,"name":"DECLINE AND FALL OF THE WESTERN MUSIC"}]}]}},"_links":{"self":[{"href":"https:\/\/uraniarecords.com\/de\/wp-json\/wp\/v2\/product\/5335"}],"collection":[{"href":"https:\/\/uraniarecords.com\/de\/wp-json\/wp\/v2\/product"}],"about":[{"href":"https:\/\/uraniarecords.com\/de\/wp-json\/wp\/v2\/types\/product"}],"replies":[{"embeddable":true,"href":"https:\/\/uraniarecords.com\/de\/wp-json\/wp\/v2\/comments?post=5335"}],"wp:featuredmedia":[{"embeddable":true,"href":"https:\/\/uraniarecords.com\/de\/wp-json\/wp\/v2\/media\/6088"}],"wp:attachment":[{"href":"https:\/\/uraniarecords.com\/de\/wp-json\/wp\/v2\/media?parent=5335"}],"wp:term":[{"taxonomy":"product_cat","embeddable":true,"href":"https:\/\/uraniarecords.com\/de\/wp-json\/wp\/v2\/product_cat?post=5335"},{"taxonomy":"product_tag","embeddable":true,"href":"https:\/\/uraniarecords.com\/de\/wp-json\/wp\/v2\/product_tag?post=5335"}],"curies":[{"name":"wp","href":"https:\/\/api.w.org\/{rel}","templated":true}]}}