{"id":12850,"date":"2017-09-06T16:17:12","date_gmt":"2017-09-06T16:17:12","guid":{"rendered":"https:\/\/uraniarecords.com\/product\/couperin-les-concerts-royaux\/"},"modified":"2026-02-10T07:24:55","modified_gmt":"2026-02-10T07:24:55","slug":"couperin-les-concerts-royaux","status":"publish","type":"product","link":"https:\/\/uraniarecords.com\/en\/prodotto\/couperin-les-concerts-royaux\/","title":{"rendered":"COUPERIN: LES CONCERTS ROYAUX"},"content":{"rendered":"<p>COUPERIN: LES CONCERTS ROYAUX<\/p>\n<p>PREMIER CONCERT<\/p>\n<p>Pr\u00e9lude Gravement<br \/>\nAllemande L\u00e9g\u00e8rement<br \/>\nSarabande Mesur\u00e9<br \/>\nGavotte notes \u00e9gales et coul\u00e9es<br \/>\nGigue<br \/>\nMenuet en Trio<\/p>\n<p>SECOND CONCERT<\/p>\n<p>Pr\u00e9lude Gracieusement<br \/>\nAllemande Fugu\u00e9 gayement<br \/>\nAir Tendre<br \/>\nAir contrefugu\u00e9 vivement<br \/>\nEchos Tendrement<\/p>\n<p>TROISI\u00c8ME CONCERT<\/p>\n<p>Pr\u00e9lude Lentement<br \/>\nAllemande L\u00e9g\u00e8rement<br \/>\nCourante<br \/>\nSarabande Grave<br \/>\nGavotte<br \/>\nMusette naivement<br \/>\nChacconne l\u00e9g\u00e8re<\/p>\n<p>QUATRI\u00c8ME CONCERT<\/p>\n<p>Pr\u00e9lude Gravement<br \/>\nAllemande L\u00e9g\u00e8rement<br \/>\nCourante Fran\u00e7oise Galement<br \/>\nCourante \u00e0 l\u2019Italienne Point\u00e9-Coul\u00e9 Gayement<br \/>\nSarabande tr\u00e8s tendrement<br \/>\nRigaudon L\u00e9g\u00e8rement et marqu\u00e9<br \/>\nForlane en Rondeau Gayment<\/p>\n<p>&nbsp;<\/p>\n<p><em><strong>I FIORI MUSICALI<\/strong>, baroque ensemble<\/em><\/p>\n<p>Maria Giovanna Fiorentino, voice flute and soprano recorder<br \/>\nPaolo Tognon, bassoon<br \/>\nRosita Ippolito, viola da gamba<br \/>\nMaria Luisa Baldassari, harpsichord<\/p>\n<p><strong>1 CD<\/strong><\/p>\n<p>&nbsp;<\/p>\n","protected":false},"excerpt":{"rendered":"<p>COUPERIN: LES CONCERTS ROYAUX PREMIER CONCERT Pr\u00e9lude Gravement Allemande L\u00e9g\u00e8rement Sarabande Mesur\u00e9 Gavotte notes \u00e9gales et coul\u00e9es Gigue Menuet en Trio SECOND CONCERT Pr\u00e9lude Gracieusement Allemande Fugu\u00e9 gayement Air Tendre Air contrefugu\u00e9 vivement Echos Tendrement TROISI\u00c8ME CONCERT Pr\u00e9lude Lentement Allemande L\u00e9g\u00e8rement Courante Sarabande Grave Gavotte Musette naivement Chacconne l\u00e9g\u00e8re QUATRI\u00c8ME CONCERT Pr\u00e9lude Gravement Allemande L\u00e9g\u00e8rement&hellip;<\/p>\n","protected":false},"featured_media":12841,"comment_status":"open","ping_status":"closed","template":"","meta":[],"product_cat":[161,87],"product_tag":[],"yoast_head":"<!-- This site is optimized with the Yoast SEO plugin v17.5 - https:\/\/yoast.com\/wordpress\/plugins\/seo\/ -->\n<title>COUPERIN: LES CONCERTS ROYAUX - Urania Records<\/title>\n<meta name=\"robots\" content=\"index, follow, max-snippet:-1, max-image-preview:large, max-video-preview:-1\" \/>\n<link rel=\"canonical\" href=\"https:\/\/uraniarecords.com\/en\/prodotto\/couperin-les-concerts-royaux\/\" \/>\n<meta property=\"og:locale\" content=\"en_US\" \/>\n<meta property=\"og:type\" content=\"article\" \/>\n<meta property=\"og:title\" content=\"COUPERIN: LES CONCERTS ROYAUX - Urania Records\" \/>\n<meta property=\"og:description\" content=\"COUPERIN: LES CONCERTS ROYAUX PREMIER CONCERT Pr\u00e9lude Gravement Allemande L\u00e9g\u00e8rement Sarabande Mesur\u00e9 Gavotte notes \u00e9gales et coul\u00e9es Gigue Menuet en Trio SECOND CONCERT Pr\u00e9lude Gracieusement Allemande Fugu\u00e9 gayement Air Tendre Air contrefugu\u00e9 vivement Echos Tendrement TROISI\u00c8ME CONCERT Pr\u00e9lude Lentement Allemande L\u00e9g\u00e8rement Courante Sarabande Grave Gavotte Musette naivement Chacconne l\u00e9g\u00e8re QUATRI\u00c8ME CONCERT Pr\u00e9lude Gravement Allemande L\u00e9g\u00e8rement&hellip;\" \/>\n<meta property=\"og:url\" content=\"https:\/\/uraniarecords.com\/en\/prodotto\/couperin-les-concerts-royaux\/\" \/>\n<meta property=\"og:site_name\" content=\"Urania Records\" \/>\n<meta property=\"article:modified_time\" content=\"2026-02-10T07:24:55+00:00\" \/>\n<meta property=\"og:image\" content=\"https:\/\/uraniarecords.com\/wp-content\/uploads\/2017\/09\/14031-cover-PER-SITO.jpg\" \/>\n\t<meta property=\"og:image:width\" content=\"800\" \/>\n\t<meta property=\"og:image:height\" content=\"800\" \/>\n<meta name=\"twitter:card\" content=\"summary\" \/>\n<meta name=\"twitter:label1\" content=\"Est. reading time\" \/>\n\t<meta name=\"twitter:data1\" content=\"1 minute\" \/>\n<script type=\"application\/ld+json\" class=\"yoast-schema-graph\">{\"@context\":\"https:\/\/schema.org\",\"@graph\":[{\"@type\":\"WebSite\",\"@id\":\"https:\/\/uraniarecords.com\/#website\",\"url\":\"https:\/\/uraniarecords.com\/\",\"name\":\"Urania Records\",\"description\":\"The Italian classical Label since 1998\",\"potentialAction\":[{\"@type\":\"SearchAction\",\"target\":{\"@type\":\"EntryPoint\",\"urlTemplate\":\"https:\/\/uraniarecords.com\/?s={search_term_string}\"},\"query-input\":\"required name=search_term_string\"}],\"inLanguage\":\"en-US\"},{\"@type\":\"ImageObject\",\"@id\":\"https:\/\/uraniarecords.com\/en\/prodotto\/couperin-les-concerts-royaux\/#primaryimage\",\"inLanguage\":\"en-US\",\"url\":\"https:\/\/uraniarecords.com\/wp-content\/uploads\/2017\/09\/14031-cover-PER-SITO.jpg\",\"contentUrl\":\"https:\/\/uraniarecords.com\/wp-content\/uploads\/2017\/09\/14031-cover-PER-SITO.jpg\",\"width\":800,\"height\":800},{\"@type\":\"WebPage\",\"@id\":\"https:\/\/uraniarecords.com\/en\/prodotto\/couperin-les-concerts-royaux\/#webpage\",\"url\":\"https:\/\/uraniarecords.com\/en\/prodotto\/couperin-les-concerts-royaux\/\",\"name\":\"COUPERIN: LES CONCERTS ROYAUX - Urania Records\",\"isPartOf\":{\"@id\":\"https:\/\/uraniarecords.com\/#website\"},\"primaryImageOfPage\":{\"@id\":\"https:\/\/uraniarecords.com\/en\/prodotto\/couperin-les-concerts-royaux\/#primaryimage\"},\"datePublished\":\"2017-09-06T16:17:12+00:00\",\"dateModified\":\"2026-02-10T07:24:55+00:00\",\"breadcrumb\":{\"@id\":\"https:\/\/uraniarecords.com\/en\/prodotto\/couperin-les-concerts-royaux\/#breadcrumb\"},\"inLanguage\":\"en-US\",\"potentialAction\":[{\"@type\":\"ReadAction\",\"target\":[\"https:\/\/uraniarecords.com\/en\/prodotto\/couperin-les-concerts-royaux\/\"]}]},{\"@type\":\"BreadcrumbList\",\"@id\":\"https:\/\/uraniarecords.com\/en\/prodotto\/couperin-les-concerts-royaux\/#breadcrumb\",\"itemListElement\":[{\"@type\":\"ListItem\",\"position\":1,\"name\":\"Home\",\"item\":\"https:\/\/uraniarecords.com\/en\/\"},{\"@type\":\"ListItem\",\"position\":2,\"name\":\"Shop\",\"item\":\"https:\/\/uraniarecords.com\/en\/shop\/\"},{\"@type\":\"ListItem\",\"position\":3,\"name\":\"COUPERIN: LES CONCERTS ROYAUX\"}]}]}<\/script>\n<!-- \/ Yoast SEO plugin. -->","yoast_head_json":{"title":"COUPERIN: LES CONCERTS ROYAUX - Urania Records","robots":{"index":"index","follow":"follow","max-snippet":"max-snippet:-1","max-image-preview":"max-image-preview:large","max-video-preview":"max-video-preview:-1"},"canonical":"https:\/\/uraniarecords.com\/en\/prodotto\/couperin-les-concerts-royaux\/","og_locale":"en_US","og_type":"article","og_title":"COUPERIN: LES CONCERTS ROYAUX - Urania Records","og_description":"COUPERIN: LES CONCERTS ROYAUX PREMIER CONCERT Pr\u00e9lude Gravement Allemande L\u00e9g\u00e8rement Sarabande Mesur\u00e9 Gavotte notes \u00e9gales et coul\u00e9es Gigue Menuet en Trio SECOND CONCERT Pr\u00e9lude Gracieusement Allemande Fugu\u00e9 gayement Air Tendre Air contrefugu\u00e9 vivement Echos Tendrement TROISI\u00c8ME CONCERT Pr\u00e9lude Lentement Allemande L\u00e9g\u00e8rement Courante Sarabande Grave Gavotte Musette naivement Chacconne l\u00e9g\u00e8re QUATRI\u00c8ME CONCERT Pr\u00e9lude Gravement Allemande L\u00e9g\u00e8rement&hellip;","og_url":"https:\/\/uraniarecords.com\/en\/prodotto\/couperin-les-concerts-royaux\/","og_site_name":"Urania Records","article_modified_time":"2026-02-10T07:24:55+00:00","og_image":[{"width":800,"height":800,"url":"https:\/\/uraniarecords.com\/wp-content\/uploads\/2017\/09\/14031-cover-PER-SITO.jpg","type":"image\/jpeg"}],"twitter_card":"summary","twitter_misc":{"Est. reading time":"1 minute"},"schema":{"@context":"https:\/\/schema.org","@graph":[{"@type":"WebSite","@id":"https:\/\/uraniarecords.com\/#website","url":"https:\/\/uraniarecords.com\/","name":"Urania Records","description":"The Italian classical Label since 1998","potentialAction":[{"@type":"SearchAction","target":{"@type":"EntryPoint","urlTemplate":"https:\/\/uraniarecords.com\/?s={search_term_string}"},"query-input":"required name=search_term_string"}],"inLanguage":"en-US"},{"@type":"ImageObject","@id":"https:\/\/uraniarecords.com\/en\/prodotto\/couperin-les-concerts-royaux\/#primaryimage","inLanguage":"en-US","url":"https:\/\/uraniarecords.com\/wp-content\/uploads\/2017\/09\/14031-cover-PER-SITO.jpg","contentUrl":"https:\/\/uraniarecords.com\/wp-content\/uploads\/2017\/09\/14031-cover-PER-SITO.jpg","width":800,"height":800},{"@type":"WebPage","@id":"https:\/\/uraniarecords.com\/en\/prodotto\/couperin-les-concerts-royaux\/#webpage","url":"https:\/\/uraniarecords.com\/en\/prodotto\/couperin-les-concerts-royaux\/","name":"COUPERIN: LES CONCERTS ROYAUX - Urania Records","isPartOf":{"@id":"https:\/\/uraniarecords.com\/#website"},"primaryImageOfPage":{"@id":"https:\/\/uraniarecords.com\/en\/prodotto\/couperin-les-concerts-royaux\/#primaryimage"},"datePublished":"2017-09-06T16:17:12+00:00","dateModified":"2026-02-10T07:24:55+00:00","breadcrumb":{"@id":"https:\/\/uraniarecords.com\/en\/prodotto\/couperin-les-concerts-royaux\/#breadcrumb"},"inLanguage":"en-US","potentialAction":[{"@type":"ReadAction","target":["https:\/\/uraniarecords.com\/en\/prodotto\/couperin-les-concerts-royaux\/"]}]},{"@type":"BreadcrumbList","@id":"https:\/\/uraniarecords.com\/en\/prodotto\/couperin-les-concerts-royaux\/#breadcrumb","itemListElement":[{"@type":"ListItem","position":1,"name":"Home","item":"https:\/\/uraniarecords.com\/en\/"},{"@type":"ListItem","position":2,"name":"Shop","item":"https:\/\/uraniarecords.com\/en\/shop\/"},{"@type":"ListItem","position":3,"name":"COUPERIN: LES CONCERTS ROYAUX"}]}]}},"_links":{"self":[{"href":"https:\/\/uraniarecords.com\/en\/wp-json\/wp\/v2\/product\/12850"}],"collection":[{"href":"https:\/\/uraniarecords.com\/en\/wp-json\/wp\/v2\/product"}],"about":[{"href":"https:\/\/uraniarecords.com\/en\/wp-json\/wp\/v2\/types\/product"}],"replies":[{"embeddable":true,"href":"https:\/\/uraniarecords.com\/en\/wp-json\/wp\/v2\/comments?post=12850"}],"wp:featuredmedia":[{"embeddable":true,"href":"https:\/\/uraniarecords.com\/en\/wp-json\/wp\/v2\/media\/12841"}],"wp:attachment":[{"href":"https:\/\/uraniarecords.com\/en\/wp-json\/wp\/v2\/media?parent=12850"}],"wp:term":[{"taxonomy":"product_cat","embeddable":true,"href":"https:\/\/uraniarecords.com\/en\/wp-json\/wp\/v2\/product_cat?post=12850"},{"taxonomy":"product_tag","embeddable":true,"href":"https:\/\/uraniarecords.com\/en\/wp-json\/wp\/v2\/product_tag?post=12850"}],"curies":[{"name":"wp","href":"https:\/\/api.w.org\/{rel}","templated":true}]}}