{"id":16362,"date":"2021-09-08T07:16:25","date_gmt":"2021-09-08T07:16:25","guid":{"rendered":"https:\/\/uraniarecords.com\/prodotto\/zappa-6-duets\/"},"modified":"2025-04-14T06:26:25","modified_gmt":"2025-04-14T06:26:25","slug":"zappa-6-duets","status":"publish","type":"product","link":"https:\/\/uraniarecords.com\/en\/prodotto\/zappa-6-duets\/","title":{"rendered":"ZAPPA: 6 DUETS"},"content":{"rendered":"<p>FRANCESCO ZAPPA (1717 &#8211; 1803)<\/p>\n<p>6 DUETS FOR VIOLIN AND CELLO<\/p>\n<p>Duet I in B-flat<br \/>\nDuet II in C<br \/>\nDuet III in D<br \/>\nDuet IV in F<br \/>\nDuet V in G<br \/>\nDuet VI in E-flat<\/p>\n<p>&nbsp;<\/p>\n<p>1 CD<\/p>\n<p>ALLA MANIERA ITALIANA ENSEMBLE<\/p>\n<p>Giacomo Coletti, violin<br \/>\nAnna Camporini, cello<\/p>\n<p>&nbsp;<\/p>\n<p>Di Francesco Zappa, violoncellista e compositore milanese di met\u00e0 Settecento poco si conosce. Questa incisione ci per-mette per la prima volta in tempi moderni di apprezzare le qualit\u00e0 di un musicista che fu accompagnato, all\u2019epoca, da una stima ampia e generalizzata. I sei Duetti per volino e violoncello, pubblicati a Parigi e qui presentati, sono improntati a una garbata colloquialit\u00e0 salottiera. Zappa li compone nel pi\u00f9 classico stile galante, senza che la sua musica scada mai nella superficialit\u00e0. Al contrario, una ricca inventiva e il senso delle proporzioni formali rivelano il compositore di razza il cui tratto inconfondibile \u00e8 la tipica melodiosit\u00e0 di stampo italiano.<\/p>\n<p>Little is known about Francesco Zappa, Milanese composer and cellist of the mid-eighteenth century. This recording allows us, for the first time in modern times, to appreciate the qualities of a musician who, in his lifetime, was welcomed with general, broad esteem. His six Duets for violin and cello, published in Paris and presented here, sound like a polite parlour conversation. If Zappa chooses a classical gallant style, his music is never superficial, and he clearly proves a first-rate composer whose unmistakable trait is his Italian melodiousness.<\/p>\n<p><iframe loading=\"lazy\" src=\"https:\/\/lnk.to\/zappa\" width=\"400\" height=\"700\" frameborder=\"0\" scrolling=\"no\"><\/iframe><\/p>\n","protected":false},"excerpt":{"rendered":"<p>FRANCESCO ZAPPA (1717 &#8211; 1803) 6 DUETS FOR VIOLIN AND CELLO Duet I in B-flat Duet II in C Duet III in D Duet IV in F Duet V in G Duet VI in E-flat &nbsp; 1 CD ALLA MANIERA ITALIANA ENSEMBLE Giacomo Coletti, violin Anna Camporini, cello &nbsp; Di Francesco Zappa, violoncellista e compositore&hellip;<\/p>\n","protected":false},"featured_media":16306,"comment_status":"open","ping_status":"closed","template":"","meta":[],"product_cat":[161,3347,87,3371],"product_tag":[],"yoast_head":"<!-- This site is optimized with the Yoast SEO plugin v17.5 - https:\/\/yoast.com\/wordpress\/plugins\/seo\/ -->\n<title>ZAPPA: 6 DUETS - Urania Records<\/title>\n<meta name=\"robots\" content=\"index, follow, max-snippet:-1, max-image-preview:large, max-video-preview:-1\" \/>\n<link rel=\"canonical\" href=\"https:\/\/uraniarecords.com\/en\/prodotto\/zappa-6-duets\/\" \/>\n<meta property=\"og:locale\" content=\"en_US\" \/>\n<meta property=\"og:type\" content=\"article\" \/>\n<meta property=\"og:title\" content=\"ZAPPA: 6 DUETS - Urania Records\" \/>\n<meta property=\"og:description\" content=\"FRANCESCO ZAPPA (1717 &#8211; 1803) 6 DUETS FOR VIOLIN AND CELLO Duet I in B-flat Duet II in C Duet III in D Duet IV in F Duet V in G Duet VI in E-flat &nbsp; 1 CD ALLA MANIERA ITALIANA ENSEMBLE Giacomo Coletti, violin Anna Camporini, cello &nbsp; Di Francesco Zappa, violoncellista e compositore&hellip;\" \/>\n<meta property=\"og:url\" content=\"https:\/\/uraniarecords.com\/en\/prodotto\/zappa-6-duets\/\" \/>\n<meta property=\"og:site_name\" content=\"Urania Records\" \/>\n<meta property=\"article:modified_time\" content=\"2025-04-14T06:26:25+00:00\" \/>\n<meta property=\"og:image\" content=\"https:\/\/uraniarecords.com\/wp-content\/uploads\/2021\/08\/14075-cover-SITO.jpg\" \/>\n\t<meta property=\"og:image:width\" content=\"800\" \/>\n\t<meta property=\"og:image:height\" content=\"719\" \/>\n<meta name=\"twitter:card\" content=\"summary\" \/>\n<meta name=\"twitter:label1\" content=\"Est. reading time\" \/>\n\t<meta name=\"twitter:data1\" content=\"1 minute\" \/>\n<script type=\"application\/ld+json\" class=\"yoast-schema-graph\">{\"@context\":\"https:\/\/schema.org\",\"@graph\":[{\"@type\":\"WebSite\",\"@id\":\"https:\/\/uraniarecords.com\/#website\",\"url\":\"https:\/\/uraniarecords.com\/\",\"name\":\"Urania Records\",\"description\":\"The Italian classical Label since 1998\",\"potentialAction\":[{\"@type\":\"SearchAction\",\"target\":{\"@type\":\"EntryPoint\",\"urlTemplate\":\"https:\/\/uraniarecords.com\/?s={search_term_string}\"},\"query-input\":\"required name=search_term_string\"}],\"inLanguage\":\"en-US\"},{\"@type\":\"ImageObject\",\"@id\":\"https:\/\/uraniarecords.com\/en\/prodotto\/zappa-6-duets\/#primaryimage\",\"inLanguage\":\"en-US\",\"url\":\"https:\/\/uraniarecords.com\/wp-content\/uploads\/2021\/08\/14075-cover-SITO.jpg\",\"contentUrl\":\"https:\/\/uraniarecords.com\/wp-content\/uploads\/2021\/08\/14075-cover-SITO.jpg\",\"width\":800,\"height\":719},{\"@type\":\"WebPage\",\"@id\":\"https:\/\/uraniarecords.com\/en\/prodotto\/zappa-6-duets\/#webpage\",\"url\":\"https:\/\/uraniarecords.com\/en\/prodotto\/zappa-6-duets\/\",\"name\":\"ZAPPA: 6 DUETS - Urania Records\",\"isPartOf\":{\"@id\":\"https:\/\/uraniarecords.com\/#website\"},\"primaryImageOfPage\":{\"@id\":\"https:\/\/uraniarecords.com\/en\/prodotto\/zappa-6-duets\/#primaryimage\"},\"datePublished\":\"2021-09-08T07:16:25+00:00\",\"dateModified\":\"2025-04-14T06:26:25+00:00\",\"breadcrumb\":{\"@id\":\"https:\/\/uraniarecords.com\/en\/prodotto\/zappa-6-duets\/#breadcrumb\"},\"inLanguage\":\"en-US\",\"potentialAction\":[{\"@type\":\"ReadAction\",\"target\":[\"https:\/\/uraniarecords.com\/en\/prodotto\/zappa-6-duets\/\"]}]},{\"@type\":\"BreadcrumbList\",\"@id\":\"https:\/\/uraniarecords.com\/en\/prodotto\/zappa-6-duets\/#breadcrumb\",\"itemListElement\":[{\"@type\":\"ListItem\",\"position\":1,\"name\":\"Home\",\"item\":\"https:\/\/uraniarecords.com\/en\/\"},{\"@type\":\"ListItem\",\"position\":2,\"name\":\"Shop\",\"item\":\"https:\/\/uraniarecords.com\/en\/shop\/\"},{\"@type\":\"ListItem\",\"position\":3,\"name\":\"ZAPPA: 6 DUETS\"}]}]}<\/script>\n<!-- \/ Yoast SEO plugin. -->","yoast_head_json":{"title":"ZAPPA: 6 DUETS - Urania Records","robots":{"index":"index","follow":"follow","max-snippet":"max-snippet:-1","max-image-preview":"max-image-preview:large","max-video-preview":"max-video-preview:-1"},"canonical":"https:\/\/uraniarecords.com\/en\/prodotto\/zappa-6-duets\/","og_locale":"en_US","og_type":"article","og_title":"ZAPPA: 6 DUETS - Urania Records","og_description":"FRANCESCO ZAPPA (1717 &#8211; 1803) 6 DUETS FOR VIOLIN AND CELLO Duet I in B-flat Duet II in C Duet III in D Duet IV in F Duet V in G Duet VI in E-flat &nbsp; 1 CD ALLA MANIERA ITALIANA ENSEMBLE Giacomo Coletti, violin Anna Camporini, cello &nbsp; Di Francesco Zappa, violoncellista e compositore&hellip;","og_url":"https:\/\/uraniarecords.com\/en\/prodotto\/zappa-6-duets\/","og_site_name":"Urania Records","article_modified_time":"2025-04-14T06:26:25+00:00","og_image":[{"width":800,"height":719,"url":"https:\/\/uraniarecords.com\/wp-content\/uploads\/2021\/08\/14075-cover-SITO.jpg","type":"image\/jpeg"}],"twitter_card":"summary","twitter_misc":{"Est. reading time":"1 minute"},"schema":{"@context":"https:\/\/schema.org","@graph":[{"@type":"WebSite","@id":"https:\/\/uraniarecords.com\/#website","url":"https:\/\/uraniarecords.com\/","name":"Urania Records","description":"The Italian classical Label since 1998","potentialAction":[{"@type":"SearchAction","target":{"@type":"EntryPoint","urlTemplate":"https:\/\/uraniarecords.com\/?s={search_term_string}"},"query-input":"required name=search_term_string"}],"inLanguage":"en-US"},{"@type":"ImageObject","@id":"https:\/\/uraniarecords.com\/en\/prodotto\/zappa-6-duets\/#primaryimage","inLanguage":"en-US","url":"https:\/\/uraniarecords.com\/wp-content\/uploads\/2021\/08\/14075-cover-SITO.jpg","contentUrl":"https:\/\/uraniarecords.com\/wp-content\/uploads\/2021\/08\/14075-cover-SITO.jpg","width":800,"height":719},{"@type":"WebPage","@id":"https:\/\/uraniarecords.com\/en\/prodotto\/zappa-6-duets\/#webpage","url":"https:\/\/uraniarecords.com\/en\/prodotto\/zappa-6-duets\/","name":"ZAPPA: 6 DUETS - Urania Records","isPartOf":{"@id":"https:\/\/uraniarecords.com\/#website"},"primaryImageOfPage":{"@id":"https:\/\/uraniarecords.com\/en\/prodotto\/zappa-6-duets\/#primaryimage"},"datePublished":"2021-09-08T07:16:25+00:00","dateModified":"2025-04-14T06:26:25+00:00","breadcrumb":{"@id":"https:\/\/uraniarecords.com\/en\/prodotto\/zappa-6-duets\/#breadcrumb"},"inLanguage":"en-US","potentialAction":[{"@type":"ReadAction","target":["https:\/\/uraniarecords.com\/en\/prodotto\/zappa-6-duets\/"]}]},{"@type":"BreadcrumbList","@id":"https:\/\/uraniarecords.com\/en\/prodotto\/zappa-6-duets\/#breadcrumb","itemListElement":[{"@type":"ListItem","position":1,"name":"Home","item":"https:\/\/uraniarecords.com\/en\/"},{"@type":"ListItem","position":2,"name":"Shop","item":"https:\/\/uraniarecords.com\/en\/shop\/"},{"@type":"ListItem","position":3,"name":"ZAPPA: 6 DUETS"}]}]}},"_links":{"self":[{"href":"https:\/\/uraniarecords.com\/en\/wp-json\/wp\/v2\/product\/16362"}],"collection":[{"href":"https:\/\/uraniarecords.com\/en\/wp-json\/wp\/v2\/product"}],"about":[{"href":"https:\/\/uraniarecords.com\/en\/wp-json\/wp\/v2\/types\/product"}],"replies":[{"embeddable":true,"href":"https:\/\/uraniarecords.com\/en\/wp-json\/wp\/v2\/comments?post=16362"}],"wp:featuredmedia":[{"embeddable":true,"href":"https:\/\/uraniarecords.com\/en\/wp-json\/wp\/v2\/media\/16306"}],"wp:attachment":[{"href":"https:\/\/uraniarecords.com\/en\/wp-json\/wp\/v2\/media?parent=16362"}],"wp:term":[{"taxonomy":"product_cat","embeddable":true,"href":"https:\/\/uraniarecords.com\/en\/wp-json\/wp\/v2\/product_cat?post=16362"},{"taxonomy":"product_tag","embeddable":true,"href":"https:\/\/uraniarecords.com\/en\/wp-json\/wp\/v2\/product_tag?post=16362"}],"curies":[{"name":"wp","href":"https:\/\/api.w.org\/{rel}","templated":true}]}}