{"id":16388,"date":"2021-10-04T06:25:41","date_gmt":"2021-10-04T06:25:41","guid":{"rendered":"https:\/\/uraniarecords.com\/prodotto\/c-p-e-bach-sonatas-for-viola-da-gamba-harpsichord\/"},"modified":"2025-07-04T17:33:55","modified_gmt":"2025-07-04T17:33:55","slug":"c-p-e-bach-sonatas-for-viola-da-gamba-harpsichord","status":"publish","type":"product","link":"https:\/\/uraniarecords.com\/en\/prodotto\/c-p-e-bach-sonatas-for-viola-da-gamba-harpsichord\/","title":{"rendered":"C.P.E. BACH: SONATAS FOR VIOLA DA GAMBA &#038; HARPSICHORD"},"content":{"rendered":"<p><strong>C.P.E. BACH: SONATAS FOR VIOLA DA GAMBA &amp; HARPSICHORD<\/strong><\/p>\n<p>&nbsp;<\/p>\n<p><em>Sonata in G Minor Wq 88<\/em> for viola da gamba and harpsichord (1759)<\/p>\n<p><em>Sonata in C Major Wq 136<\/em> for viola da gamba and continuo (1745)<\/p>\n<p><em>Sonata in D Major Wq 137<\/em> for viola da gamba and continuo (1746)<\/p>\n<p>&nbsp;<\/p>\n<p>LUCA LAZZARINI, viola<br \/>\nNICOLA RENIERO, harpsichord<\/p>\n<p>La musica di C.P.E. Bach ha indicato la via a musicisti venuti dopo di lui e costituisce il ponte tra il barocco e il classicismo musicale. Le Sonate per viola da gamba e cembalo furono scritte presso la corte di Federico II, quando la viola da gamba divenne uno strumento di sempre pi\u00f9 raro utilizzo in molti paesi. A servizio del Re di Prussia era anche J.J. Quantz, che nel suo trattato d\u00e0 indicazioni preziose sulle velocit\u00e0 di esecuzione; indicazioni che si \u00e8 qui cercato di adottare e seguire, quali preziose testimonianze dell\u2019epoca.<\/p>\n<p>The music of C.P.E. Bach showed the way to other great musicians who came after him and links baroque to classicism.The three Sonatas for viola da gamba and harpsichord were composed during his period at the court of Frederick the Great, when the use of the viola da gamba was becoming increasingly less common in many countries. At the service of the King of Prussia was also J.J. Quantz who gave valuable indications on the speed of performance that we have tried to adopt and follow as precious, reliable testimonies of that epoch.<\/p>\n<p>1 CD<\/p>\n<p>(Front cover: Gianmario Masala)<\/p>\n","protected":false},"excerpt":{"rendered":"<p>C.P.E. BACH: SONATAS FOR VIOLA DA GAMBA &amp; HARPSICHORD &nbsp; Sonata in G Minor Wq 88 for viola da gamba and harpsichord (1759) Sonata in C Major Wq 136 for viola da gamba and continuo (1745) Sonata in D Major Wq 137 for viola da gamba and continuo (1746) &nbsp; LUCA LAZZARINI, viola NICOLA RENIERO,&hellip;<\/p>\n","protected":false},"featured_media":16381,"comment_status":"open","ping_status":"closed","template":"","meta":[],"product_cat":[161,3347,87],"product_tag":[],"yoast_head":"<!-- This site is optimized with the Yoast SEO plugin v17.5 - https:\/\/yoast.com\/wordpress\/plugins\/seo\/ -->\n<title>C.P.E. BACH: SONATAS FOR VIOLA DA GAMBA &amp; HARPSICHORD - Urania Records<\/title>\n<meta name=\"robots\" content=\"index, follow, max-snippet:-1, max-image-preview:large, max-video-preview:-1\" \/>\n<link rel=\"canonical\" href=\"https:\/\/uraniarecords.com\/en\/prodotto\/c-p-e-bach-sonatas-for-viola-da-gamba-harpsichord\/\" \/>\n<meta property=\"og:locale\" content=\"en_US\" \/>\n<meta property=\"og:type\" content=\"article\" \/>\n<meta property=\"og:title\" content=\"C.P.E. BACH: SONATAS FOR VIOLA DA GAMBA &amp; HARPSICHORD - Urania Records\" \/>\n<meta property=\"og:description\" content=\"C.P.E. BACH: SONATAS FOR VIOLA DA GAMBA &amp; HARPSICHORD &nbsp; Sonata in G Minor Wq 88 for viola da gamba and harpsichord (1759) Sonata in C Major Wq 136 for viola da gamba and continuo (1745) Sonata in D Major Wq 137 for viola da gamba and continuo (1746) &nbsp; LUCA LAZZARINI, viola NICOLA RENIERO,&hellip;\" \/>\n<meta property=\"og:url\" content=\"https:\/\/uraniarecords.com\/en\/prodotto\/c-p-e-bach-sonatas-for-viola-da-gamba-harpsichord\/\" \/>\n<meta property=\"og:site_name\" content=\"Urania Records\" \/>\n<meta property=\"article:modified_time\" content=\"2025-07-04T17:33:55+00:00\" \/>\n<meta property=\"og:image\" content=\"https:\/\/uraniarecords.com\/wp-content\/uploads\/2021\/10\/14079-cover-SITO.jpg\" \/>\n\t<meta property=\"og:image:width\" content=\"800\" \/>\n\t<meta property=\"og:image:height\" content=\"724\" \/>\n<meta name=\"twitter:card\" content=\"summary\" \/>\n<meta name=\"twitter:label1\" content=\"Est. reading time\" \/>\n\t<meta name=\"twitter:data1\" content=\"1 minute\" \/>\n<script type=\"application\/ld+json\" class=\"yoast-schema-graph\">{\"@context\":\"https:\/\/schema.org\",\"@graph\":[{\"@type\":\"WebSite\",\"@id\":\"https:\/\/uraniarecords.com\/#website\",\"url\":\"https:\/\/uraniarecords.com\/\",\"name\":\"Urania Records\",\"description\":\"The Italian classical Label since 1998\",\"potentialAction\":[{\"@type\":\"SearchAction\",\"target\":{\"@type\":\"EntryPoint\",\"urlTemplate\":\"https:\/\/uraniarecords.com\/?s={search_term_string}\"},\"query-input\":\"required name=search_term_string\"}],\"inLanguage\":\"en-US\"},{\"@type\":\"ImageObject\",\"@id\":\"https:\/\/uraniarecords.com\/en\/prodotto\/c-p-e-bach-sonatas-for-viola-da-gamba-harpsichord\/#primaryimage\",\"inLanguage\":\"en-US\",\"url\":\"https:\/\/uraniarecords.com\/wp-content\/uploads\/2021\/10\/14079-cover-SITO.jpg\",\"contentUrl\":\"https:\/\/uraniarecords.com\/wp-content\/uploads\/2021\/10\/14079-cover-SITO.jpg\",\"width\":800,\"height\":724},{\"@type\":\"WebPage\",\"@id\":\"https:\/\/uraniarecords.com\/en\/prodotto\/c-p-e-bach-sonatas-for-viola-da-gamba-harpsichord\/#webpage\",\"url\":\"https:\/\/uraniarecords.com\/en\/prodotto\/c-p-e-bach-sonatas-for-viola-da-gamba-harpsichord\/\",\"name\":\"C.P.E. BACH: SONATAS FOR VIOLA DA GAMBA & HARPSICHORD - Urania Records\",\"isPartOf\":{\"@id\":\"https:\/\/uraniarecords.com\/#website\"},\"primaryImageOfPage\":{\"@id\":\"https:\/\/uraniarecords.com\/en\/prodotto\/c-p-e-bach-sonatas-for-viola-da-gamba-harpsichord\/#primaryimage\"},\"datePublished\":\"2021-10-04T06:25:41+00:00\",\"dateModified\":\"2025-07-04T17:33:55+00:00\",\"breadcrumb\":{\"@id\":\"https:\/\/uraniarecords.com\/en\/prodotto\/c-p-e-bach-sonatas-for-viola-da-gamba-harpsichord\/#breadcrumb\"},\"inLanguage\":\"en-US\",\"potentialAction\":[{\"@type\":\"ReadAction\",\"target\":[\"https:\/\/uraniarecords.com\/en\/prodotto\/c-p-e-bach-sonatas-for-viola-da-gamba-harpsichord\/\"]}]},{\"@type\":\"BreadcrumbList\",\"@id\":\"https:\/\/uraniarecords.com\/en\/prodotto\/c-p-e-bach-sonatas-for-viola-da-gamba-harpsichord\/#breadcrumb\",\"itemListElement\":[{\"@type\":\"ListItem\",\"position\":1,\"name\":\"Home\",\"item\":\"https:\/\/uraniarecords.com\/en\/\"},{\"@type\":\"ListItem\",\"position\":2,\"name\":\"Shop\",\"item\":\"https:\/\/uraniarecords.com\/en\/shop\/\"},{\"@type\":\"ListItem\",\"position\":3,\"name\":\"C.P.E. BACH: SONATAS FOR VIOLA DA GAMBA &#038; HARPSICHORD\"}]}]}<\/script>\n<!-- \/ Yoast SEO plugin. -->","yoast_head_json":{"title":"C.P.E. BACH: SONATAS FOR VIOLA DA GAMBA & HARPSICHORD - Urania Records","robots":{"index":"index","follow":"follow","max-snippet":"max-snippet:-1","max-image-preview":"max-image-preview:large","max-video-preview":"max-video-preview:-1"},"canonical":"https:\/\/uraniarecords.com\/en\/prodotto\/c-p-e-bach-sonatas-for-viola-da-gamba-harpsichord\/","og_locale":"en_US","og_type":"article","og_title":"C.P.E. BACH: SONATAS FOR VIOLA DA GAMBA & HARPSICHORD - Urania Records","og_description":"C.P.E. BACH: SONATAS FOR VIOLA DA GAMBA &amp; HARPSICHORD &nbsp; Sonata in G Minor Wq 88 for viola da gamba and harpsichord (1759) Sonata in C Major Wq 136 for viola da gamba and continuo (1745) Sonata in D Major Wq 137 for viola da gamba and continuo (1746) &nbsp; LUCA LAZZARINI, viola NICOLA RENIERO,&hellip;","og_url":"https:\/\/uraniarecords.com\/en\/prodotto\/c-p-e-bach-sonatas-for-viola-da-gamba-harpsichord\/","og_site_name":"Urania Records","article_modified_time":"2025-07-04T17:33:55+00:00","og_image":[{"width":800,"height":724,"url":"https:\/\/uraniarecords.com\/wp-content\/uploads\/2021\/10\/14079-cover-SITO.jpg","type":"image\/jpeg"}],"twitter_card":"summary","twitter_misc":{"Est. reading time":"1 minute"},"schema":{"@context":"https:\/\/schema.org","@graph":[{"@type":"WebSite","@id":"https:\/\/uraniarecords.com\/#website","url":"https:\/\/uraniarecords.com\/","name":"Urania Records","description":"The Italian classical Label since 1998","potentialAction":[{"@type":"SearchAction","target":{"@type":"EntryPoint","urlTemplate":"https:\/\/uraniarecords.com\/?s={search_term_string}"},"query-input":"required name=search_term_string"}],"inLanguage":"en-US"},{"@type":"ImageObject","@id":"https:\/\/uraniarecords.com\/en\/prodotto\/c-p-e-bach-sonatas-for-viola-da-gamba-harpsichord\/#primaryimage","inLanguage":"en-US","url":"https:\/\/uraniarecords.com\/wp-content\/uploads\/2021\/10\/14079-cover-SITO.jpg","contentUrl":"https:\/\/uraniarecords.com\/wp-content\/uploads\/2021\/10\/14079-cover-SITO.jpg","width":800,"height":724},{"@type":"WebPage","@id":"https:\/\/uraniarecords.com\/en\/prodotto\/c-p-e-bach-sonatas-for-viola-da-gamba-harpsichord\/#webpage","url":"https:\/\/uraniarecords.com\/en\/prodotto\/c-p-e-bach-sonatas-for-viola-da-gamba-harpsichord\/","name":"C.P.E. BACH: SONATAS FOR VIOLA DA GAMBA & HARPSICHORD - Urania Records","isPartOf":{"@id":"https:\/\/uraniarecords.com\/#website"},"primaryImageOfPage":{"@id":"https:\/\/uraniarecords.com\/en\/prodotto\/c-p-e-bach-sonatas-for-viola-da-gamba-harpsichord\/#primaryimage"},"datePublished":"2021-10-04T06:25:41+00:00","dateModified":"2025-07-04T17:33:55+00:00","breadcrumb":{"@id":"https:\/\/uraniarecords.com\/en\/prodotto\/c-p-e-bach-sonatas-for-viola-da-gamba-harpsichord\/#breadcrumb"},"inLanguage":"en-US","potentialAction":[{"@type":"ReadAction","target":["https:\/\/uraniarecords.com\/en\/prodotto\/c-p-e-bach-sonatas-for-viola-da-gamba-harpsichord\/"]}]},{"@type":"BreadcrumbList","@id":"https:\/\/uraniarecords.com\/en\/prodotto\/c-p-e-bach-sonatas-for-viola-da-gamba-harpsichord\/#breadcrumb","itemListElement":[{"@type":"ListItem","position":1,"name":"Home","item":"https:\/\/uraniarecords.com\/en\/"},{"@type":"ListItem","position":2,"name":"Shop","item":"https:\/\/uraniarecords.com\/en\/shop\/"},{"@type":"ListItem","position":3,"name":"C.P.E. BACH: SONATAS FOR VIOLA DA GAMBA &#038; HARPSICHORD"}]}]}},"_links":{"self":[{"href":"https:\/\/uraniarecords.com\/en\/wp-json\/wp\/v2\/product\/16388"}],"collection":[{"href":"https:\/\/uraniarecords.com\/en\/wp-json\/wp\/v2\/product"}],"about":[{"href":"https:\/\/uraniarecords.com\/en\/wp-json\/wp\/v2\/types\/product"}],"replies":[{"embeddable":true,"href":"https:\/\/uraniarecords.com\/en\/wp-json\/wp\/v2\/comments?post=16388"}],"wp:featuredmedia":[{"embeddable":true,"href":"https:\/\/uraniarecords.com\/en\/wp-json\/wp\/v2\/media\/16381"}],"wp:attachment":[{"href":"https:\/\/uraniarecords.com\/en\/wp-json\/wp\/v2\/media?parent=16388"}],"wp:term":[{"taxonomy":"product_cat","embeddable":true,"href":"https:\/\/uraniarecords.com\/en\/wp-json\/wp\/v2\/product_cat?post=16388"},{"taxonomy":"product_tag","embeddable":true,"href":"https:\/\/uraniarecords.com\/en\/wp-json\/wp\/v2\/product_tag?post=16388"}],"curies":[{"name":"wp","href":"https:\/\/api.w.org\/{rel}","templated":true}]}}