{"id":16400,"date":"2021-10-04T06:37:11","date_gmt":"2021-10-04T06:37:11","guid":{"rendered":"https:\/\/uraniarecords.com\/prodotto\/the-young-clara-early-piano-works\/"},"modified":"2024-04-30T15:52:56","modified_gmt":"2024-04-30T15:52:56","slug":"the-young-clara-early-piano-works","status":"publish","type":"product","link":"https:\/\/uraniarecords.com\/en\/prodotto\/the-young-clara-early-piano-works\/","title":{"rendered":"THE YOUNG CLARA: EARLY PIANO WORKS"},"content":{"rendered":"<p><strong>THE YOUNG CLARA: EARLY PIANO WORKS<\/strong><\/p>\n<p>&nbsp;<\/p>\n<p>CLARA WIECK SCHUMANN<\/p>\n<p><em>Sonata in G minor<\/em><\/p>\n<p><em>4 Polonoises Op. 1<\/em><\/p>\n<p><em>3 Romances Op. 11<\/em><\/p>\n<p><em>Soir\u00e9es Musicales Op. 6<\/em><\/p>\n<p><em>Souvenir de Vienne (impromptu pour le pianoforte) Op. 9<\/em><\/p>\n<p>&nbsp;<\/p>\n<p>In questo album si \u00e8 deciso di affrontare alcune delle pi\u00f9 rappresentative opere giovanili di Clara Schumann, dalle Polacche op. 1, alla Sonata in sol minore. Qui scoviamo il clima all\u2019interno del quale la giovane cresce artisticamente, tra pianismo \u201cdi bravura\u201d, le influenze chopiniane (le Soir\u00e9es Musicales op.6), il quasi obbligatorio omaggio alla tradizione viennese (il Souvenir de Vienne op.9 dedicato all\u2019Imperatrice d\u2019Austria) e, altrettanto d\u2019obbligo, l\u2019esperienza della forma-sonata che, insieme alle Romanze op.11, segna il passaggio ad una seconda fase pi\u00f9 matura della sua vita e della sua poetica.<\/p>\n<p>This Album tackles some of Clara Schumann most representative early works, from the Polonaises op. 1 (written when she was 13) to the Sonata in G minor (composed at the age of 20). These pages show the environment in which the young Clara grows artistically, namely pianism of \u201cvirtuosity\u201d, the influence of Chopin (the Soir\u00e9es Musicales op.6 ), the almost statutory homage to the Viennese tradition (the Souvenir de Vienne op. 9 dedicated to the Empress of Austria) and, equally obligatory, the sonata that, together with the Romances op. 11, marks the passage to a second, more mature phase \u2013 magnificent yet tormented &#8211; of her life and poetics.<\/p>\n<p>&nbsp;<\/p>\n<p><a href=\"https:\/\/uraniarecords.com\/wp-content\/uploads\/2021\/10\/Guida-ascolto-Clara-Schumann.pdf\">GUIDA ALL&#8217;ASCOLTO<\/a><\/p>\n<p>&nbsp;<\/p>\n<p>ANGELA TIRINO, piano<\/p>\n<p>Front cover: Gianmario Masala<\/p>\n","protected":false},"excerpt":{"rendered":"<p>THE YOUNG CLARA: EARLY PIANO WORKS &nbsp; CLARA WIECK SCHUMANN Sonata in G minor 4 Polonoises Op. 1 3 Romances Op. 11 Soir\u00e9es Musicales Op. 6 Souvenir de Vienne (impromptu pour le pianoforte) Op. 9 &nbsp; In questo album si \u00e8 deciso di affrontare alcune delle pi\u00f9 rappresentative opere giovanili di Clara Schumann, dalle Polacche&hellip;<\/p>\n","protected":false},"featured_media":16393,"comment_status":"open","ping_status":"closed","template":"","meta":[],"product_cat":[3347,87,177],"product_tag":[],"yoast_head":"<!-- This site is optimized with the Yoast SEO plugin v17.5 - https:\/\/yoast.com\/wordpress\/plugins\/seo\/ -->\n<title>THE YOUNG CLARA: EARLY PIANO WORKS - Urania Records<\/title>\n<meta name=\"robots\" content=\"index, follow, max-snippet:-1, max-image-preview:large, max-video-preview:-1\" \/>\n<link rel=\"canonical\" href=\"https:\/\/uraniarecords.com\/en\/prodotto\/the-young-clara-early-piano-works\/\" \/>\n<meta property=\"og:locale\" content=\"en_US\" \/>\n<meta property=\"og:type\" content=\"article\" \/>\n<meta property=\"og:title\" content=\"THE YOUNG CLARA: EARLY PIANO WORKS - Urania Records\" \/>\n<meta property=\"og:description\" content=\"THE YOUNG CLARA: EARLY PIANO WORKS &nbsp; CLARA WIECK SCHUMANN Sonata in G minor 4 Polonoises Op. 1 3 Romances Op. 11 Soir\u00e9es Musicales Op. 6 Souvenir de Vienne (impromptu pour le pianoforte) Op. 9 &nbsp; In questo album si \u00e8 deciso di affrontare alcune delle pi\u00f9 rappresentative opere giovanili di Clara Schumann, dalle Polacche&hellip;\" \/>\n<meta property=\"og:url\" content=\"https:\/\/uraniarecords.com\/en\/prodotto\/the-young-clara-early-piano-works\/\" \/>\n<meta property=\"og:site_name\" content=\"Urania Records\" \/>\n<meta property=\"article:modified_time\" content=\"2024-04-30T15:52:56+00:00\" \/>\n<meta property=\"og:image\" content=\"https:\/\/uraniarecords.com\/wp-content\/uploads\/2021\/10\/14078-cover-SITO.jpg\" \/>\n\t<meta property=\"og:image:width\" content=\"800\" \/>\n\t<meta property=\"og:image:height\" content=\"722\" \/>\n<meta name=\"twitter:card\" content=\"summary\" \/>\n<meta name=\"twitter:label1\" content=\"Est. reading time\" \/>\n\t<meta name=\"twitter:data1\" content=\"1 minute\" \/>\n<script type=\"application\/ld+json\" class=\"yoast-schema-graph\">{\"@context\":\"https:\/\/schema.org\",\"@graph\":[{\"@type\":\"WebSite\",\"@id\":\"https:\/\/uraniarecords.com\/#website\",\"url\":\"https:\/\/uraniarecords.com\/\",\"name\":\"Urania Records\",\"description\":\"The Italian classical Label since 1998\",\"potentialAction\":[{\"@type\":\"SearchAction\",\"target\":{\"@type\":\"EntryPoint\",\"urlTemplate\":\"https:\/\/uraniarecords.com\/?s={search_term_string}\"},\"query-input\":\"required name=search_term_string\"}],\"inLanguage\":\"en-US\"},{\"@type\":\"ImageObject\",\"@id\":\"https:\/\/uraniarecords.com\/en\/prodotto\/the-young-clara-early-piano-works\/#primaryimage\",\"inLanguage\":\"en-US\",\"url\":\"https:\/\/uraniarecords.com\/wp-content\/uploads\/2021\/10\/14078-cover-SITO.jpg\",\"contentUrl\":\"https:\/\/uraniarecords.com\/wp-content\/uploads\/2021\/10\/14078-cover-SITO.jpg\",\"width\":800,\"height\":722},{\"@type\":\"WebPage\",\"@id\":\"https:\/\/uraniarecords.com\/en\/prodotto\/the-young-clara-early-piano-works\/#webpage\",\"url\":\"https:\/\/uraniarecords.com\/en\/prodotto\/the-young-clara-early-piano-works\/\",\"name\":\"THE YOUNG CLARA: EARLY PIANO WORKS - Urania Records\",\"isPartOf\":{\"@id\":\"https:\/\/uraniarecords.com\/#website\"},\"primaryImageOfPage\":{\"@id\":\"https:\/\/uraniarecords.com\/en\/prodotto\/the-young-clara-early-piano-works\/#primaryimage\"},\"datePublished\":\"2021-10-04T06:37:11+00:00\",\"dateModified\":\"2024-04-30T15:52:56+00:00\",\"breadcrumb\":{\"@id\":\"https:\/\/uraniarecords.com\/en\/prodotto\/the-young-clara-early-piano-works\/#breadcrumb\"},\"inLanguage\":\"en-US\",\"potentialAction\":[{\"@type\":\"ReadAction\",\"target\":[\"https:\/\/uraniarecords.com\/en\/prodotto\/the-young-clara-early-piano-works\/\"]}]},{\"@type\":\"BreadcrumbList\",\"@id\":\"https:\/\/uraniarecords.com\/en\/prodotto\/the-young-clara-early-piano-works\/#breadcrumb\",\"itemListElement\":[{\"@type\":\"ListItem\",\"position\":1,\"name\":\"Home\",\"item\":\"https:\/\/uraniarecords.com\/en\/\"},{\"@type\":\"ListItem\",\"position\":2,\"name\":\"Shop\",\"item\":\"https:\/\/uraniarecords.com\/en\/shop\/\"},{\"@type\":\"ListItem\",\"position\":3,\"name\":\"THE YOUNG CLARA: EARLY PIANO WORKS\"}]}]}<\/script>\n<!-- \/ Yoast SEO plugin. -->","yoast_head_json":{"title":"THE YOUNG CLARA: EARLY PIANO WORKS - Urania Records","robots":{"index":"index","follow":"follow","max-snippet":"max-snippet:-1","max-image-preview":"max-image-preview:large","max-video-preview":"max-video-preview:-1"},"canonical":"https:\/\/uraniarecords.com\/en\/prodotto\/the-young-clara-early-piano-works\/","og_locale":"en_US","og_type":"article","og_title":"THE YOUNG CLARA: EARLY PIANO WORKS - Urania Records","og_description":"THE YOUNG CLARA: EARLY PIANO WORKS &nbsp; CLARA WIECK SCHUMANN Sonata in G minor 4 Polonoises Op. 1 3 Romances Op. 11 Soir\u00e9es Musicales Op. 6 Souvenir de Vienne (impromptu pour le pianoforte) Op. 9 &nbsp; In questo album si \u00e8 deciso di affrontare alcune delle pi\u00f9 rappresentative opere giovanili di Clara Schumann, dalle Polacche&hellip;","og_url":"https:\/\/uraniarecords.com\/en\/prodotto\/the-young-clara-early-piano-works\/","og_site_name":"Urania Records","article_modified_time":"2024-04-30T15:52:56+00:00","og_image":[{"width":800,"height":722,"url":"https:\/\/uraniarecords.com\/wp-content\/uploads\/2021\/10\/14078-cover-SITO.jpg","type":"image\/jpeg"}],"twitter_card":"summary","twitter_misc":{"Est. reading time":"1 minute"},"schema":{"@context":"https:\/\/schema.org","@graph":[{"@type":"WebSite","@id":"https:\/\/uraniarecords.com\/#website","url":"https:\/\/uraniarecords.com\/","name":"Urania Records","description":"The Italian classical Label since 1998","potentialAction":[{"@type":"SearchAction","target":{"@type":"EntryPoint","urlTemplate":"https:\/\/uraniarecords.com\/?s={search_term_string}"},"query-input":"required name=search_term_string"}],"inLanguage":"en-US"},{"@type":"ImageObject","@id":"https:\/\/uraniarecords.com\/en\/prodotto\/the-young-clara-early-piano-works\/#primaryimage","inLanguage":"en-US","url":"https:\/\/uraniarecords.com\/wp-content\/uploads\/2021\/10\/14078-cover-SITO.jpg","contentUrl":"https:\/\/uraniarecords.com\/wp-content\/uploads\/2021\/10\/14078-cover-SITO.jpg","width":800,"height":722},{"@type":"WebPage","@id":"https:\/\/uraniarecords.com\/en\/prodotto\/the-young-clara-early-piano-works\/#webpage","url":"https:\/\/uraniarecords.com\/en\/prodotto\/the-young-clara-early-piano-works\/","name":"THE YOUNG CLARA: EARLY PIANO WORKS - Urania Records","isPartOf":{"@id":"https:\/\/uraniarecords.com\/#website"},"primaryImageOfPage":{"@id":"https:\/\/uraniarecords.com\/en\/prodotto\/the-young-clara-early-piano-works\/#primaryimage"},"datePublished":"2021-10-04T06:37:11+00:00","dateModified":"2024-04-30T15:52:56+00:00","breadcrumb":{"@id":"https:\/\/uraniarecords.com\/en\/prodotto\/the-young-clara-early-piano-works\/#breadcrumb"},"inLanguage":"en-US","potentialAction":[{"@type":"ReadAction","target":["https:\/\/uraniarecords.com\/en\/prodotto\/the-young-clara-early-piano-works\/"]}]},{"@type":"BreadcrumbList","@id":"https:\/\/uraniarecords.com\/en\/prodotto\/the-young-clara-early-piano-works\/#breadcrumb","itemListElement":[{"@type":"ListItem","position":1,"name":"Home","item":"https:\/\/uraniarecords.com\/en\/"},{"@type":"ListItem","position":2,"name":"Shop","item":"https:\/\/uraniarecords.com\/en\/shop\/"},{"@type":"ListItem","position":3,"name":"THE YOUNG CLARA: EARLY PIANO WORKS"}]}]}},"_links":{"self":[{"href":"https:\/\/uraniarecords.com\/en\/wp-json\/wp\/v2\/product\/16400"}],"collection":[{"href":"https:\/\/uraniarecords.com\/en\/wp-json\/wp\/v2\/product"}],"about":[{"href":"https:\/\/uraniarecords.com\/en\/wp-json\/wp\/v2\/types\/product"}],"replies":[{"embeddable":true,"href":"https:\/\/uraniarecords.com\/en\/wp-json\/wp\/v2\/comments?post=16400"}],"wp:featuredmedia":[{"embeddable":true,"href":"https:\/\/uraniarecords.com\/en\/wp-json\/wp\/v2\/media\/16393"}],"wp:attachment":[{"href":"https:\/\/uraniarecords.com\/en\/wp-json\/wp\/v2\/media?parent=16400"}],"wp:term":[{"taxonomy":"product_cat","embeddable":true,"href":"https:\/\/uraniarecords.com\/en\/wp-json\/wp\/v2\/product_cat?post=16400"},{"taxonomy":"product_tag","embeddable":true,"href":"https:\/\/uraniarecords.com\/en\/wp-json\/wp\/v2\/product_tag?post=16400"}],"curies":[{"name":"wp","href":"https:\/\/api.w.org\/{rel}","templated":true}]}}