{"id":17345,"date":"2022-10-03T06:17:18","date_gmt":"2022-10-03T06:17:18","guid":{"rendered":"https:\/\/uraniarecords.com\/prodotto\/weber-der-freischutz-furtwangler\/"},"modified":"2024-04-30T15:52:09","modified_gmt":"2024-04-30T15:52:09","slug":"weber-der-freischutz-furtwangler","status":"publish","type":"product","link":"https:\/\/uraniarecords.com\/en\/prodotto\/weber-der-freischutz-furtwangler\/","title":{"rendered":"WEBER: DER FREISCH\u00dcTZ &#8211; FURTW\u00c4NGLER"},"content":{"rendered":"<p>WEBER: DER FREISCH\u00dcTZ &#8211; FURTW\u00c4NGLER<\/p>\n<p>Ottokar: Afred Poell<br \/>\nAgathe: Elisabeth Gr\u00fcmmer<br \/>\nKaspar: Kurt B\u00f6hme<br \/>\nEremit: Otto Edelmann<br \/>\nKuno: Oscar Czerwenka<br \/>\n\u00c4nnchen: Rita Streich<br \/>\nMax: Hans Hopf<br \/>\nKilian: Karl D\u00f6nch<\/p>\n<p>Chor der Wiener Staatsoper<br \/>\nWiener Philharmoniker<br \/>\nWilhelm Furtw\u00e4ngler<\/p>\n<p>ORF-SALZBURG<br \/>\nORIGINALPRODUCTION<br \/>\nRECORDED LIVE AT 1954<br \/>\nSALZBURG FESTSPIELE<\/p>\n<p>2 CD<\/p>\n","protected":false},"excerpt":{"rendered":"<p>WEBER: DER FREISCH\u00dcTZ &#8211; FURTW\u00c4NGLER Ottokar: Afred Poell Agathe: Elisabeth Gr\u00fcmmer Kaspar: Kurt B\u00f6hme Eremit: Otto Edelmann Kuno: Oscar Czerwenka \u00c4nnchen: Rita Streich Max: Hans Hopf Kilian: Karl D\u00f6nch Chor der Wiener Staatsoper Wiener Philharmoniker Wilhelm Furtw\u00e4ngler ORF-SALZBURG ORIGINALPRODUCTION RECORDED LIVE AT 1954 SALZBURG FESTSPIELE 2 CD<\/p>\n","protected":false},"featured_media":17264,"comment_status":"open","ping_status":"closed","template":"","meta":[],"product_cat":[3344,168],"product_tag":[],"yoast_head":"<!-- This site is optimized with the Yoast SEO plugin v17.5 - https:\/\/yoast.com\/wordpress\/plugins\/seo\/ -->\n<title>WEBER: DER FREISCH\u00dcTZ - FURTW\u00c4NGLER - Urania Records<\/title>\n<meta name=\"robots\" content=\"index, follow, max-snippet:-1, max-image-preview:large, max-video-preview:-1\" \/>\n<link rel=\"canonical\" href=\"https:\/\/uraniarecords.com\/en\/prodotto\/weber-der-freischutz-furtwangler\/\" \/>\n<meta property=\"og:locale\" content=\"en_US\" \/>\n<meta property=\"og:type\" content=\"article\" \/>\n<meta property=\"og:title\" content=\"WEBER: DER FREISCH\u00dcTZ - FURTW\u00c4NGLER - Urania Records\" \/>\n<meta property=\"og:description\" content=\"WEBER: DER FREISCH\u00dcTZ &#8211; FURTW\u00c4NGLER Ottokar: Afred Poell Agathe: Elisabeth Gr\u00fcmmer Kaspar: Kurt B\u00f6hme Eremit: Otto Edelmann Kuno: Oscar Czerwenka \u00c4nnchen: Rita Streich Max: Hans Hopf Kilian: Karl D\u00f6nch Chor der Wiener Staatsoper Wiener Philharmoniker Wilhelm Furtw\u00e4ngler ORF-SALZBURG ORIGINALPRODUCTION RECORDED LIVE AT 1954 SALZBURG FESTSPIELE 2 CD\" \/>\n<meta property=\"og:url\" content=\"https:\/\/uraniarecords.com\/en\/prodotto\/weber-der-freischutz-furtwangler\/\" \/>\n<meta property=\"og:site_name\" content=\"Urania Records\" \/>\n<meta property=\"article:modified_time\" content=\"2024-04-30T15:52:09+00:00\" \/>\n<meta property=\"og:image\" content=\"https:\/\/uraniarecords.com\/wp-content\/uploads\/2022\/09\/400-cover-sito.jpg\" \/>\n\t<meta property=\"og:image:width\" content=\"800\" \/>\n\t<meta property=\"og:image:height\" content=\"721\" \/>\n<meta name=\"twitter:card\" content=\"summary\" \/>\n<meta name=\"twitter:label1\" content=\"Est. reading time\" \/>\n\t<meta name=\"twitter:data1\" content=\"1 minute\" \/>\n<script type=\"application\/ld+json\" class=\"yoast-schema-graph\">{\"@context\":\"https:\/\/schema.org\",\"@graph\":[{\"@type\":\"WebSite\",\"@id\":\"https:\/\/uraniarecords.com\/#website\",\"url\":\"https:\/\/uraniarecords.com\/\",\"name\":\"Urania Records\",\"description\":\"The Italian classical Label since 1998\",\"potentialAction\":[{\"@type\":\"SearchAction\",\"target\":{\"@type\":\"EntryPoint\",\"urlTemplate\":\"https:\/\/uraniarecords.com\/?s={search_term_string}\"},\"query-input\":\"required name=search_term_string\"}],\"inLanguage\":\"en-US\"},{\"@type\":\"ImageObject\",\"@id\":\"https:\/\/uraniarecords.com\/en\/prodotto\/weber-der-freischutz-furtwangler\/#primaryimage\",\"inLanguage\":\"en-US\",\"url\":\"https:\/\/uraniarecords.com\/wp-content\/uploads\/2022\/09\/400-cover-sito.jpg\",\"contentUrl\":\"https:\/\/uraniarecords.com\/wp-content\/uploads\/2022\/09\/400-cover-sito.jpg\",\"width\":800,\"height\":721},{\"@type\":\"WebPage\",\"@id\":\"https:\/\/uraniarecords.com\/en\/prodotto\/weber-der-freischutz-furtwangler\/#webpage\",\"url\":\"https:\/\/uraniarecords.com\/en\/prodotto\/weber-der-freischutz-furtwangler\/\",\"name\":\"WEBER: DER FREISCH\\u00dcTZ - FURTW\\u00c4NGLER - Urania Records\",\"isPartOf\":{\"@id\":\"https:\/\/uraniarecords.com\/#website\"},\"primaryImageOfPage\":{\"@id\":\"https:\/\/uraniarecords.com\/en\/prodotto\/weber-der-freischutz-furtwangler\/#primaryimage\"},\"datePublished\":\"2022-10-03T06:17:18+00:00\",\"dateModified\":\"2024-04-30T15:52:09+00:00\",\"breadcrumb\":{\"@id\":\"https:\/\/uraniarecords.com\/en\/prodotto\/weber-der-freischutz-furtwangler\/#breadcrumb\"},\"inLanguage\":\"en-US\",\"potentialAction\":[{\"@type\":\"ReadAction\",\"target\":[\"https:\/\/uraniarecords.com\/en\/prodotto\/weber-der-freischutz-furtwangler\/\"]}]},{\"@type\":\"BreadcrumbList\",\"@id\":\"https:\/\/uraniarecords.com\/en\/prodotto\/weber-der-freischutz-furtwangler\/#breadcrumb\",\"itemListElement\":[{\"@type\":\"ListItem\",\"position\":1,\"name\":\"Home\",\"item\":\"https:\/\/uraniarecords.com\/en\/\"},{\"@type\":\"ListItem\",\"position\":2,\"name\":\"Shop\",\"item\":\"https:\/\/uraniarecords.com\/en\/shop\/\"},{\"@type\":\"ListItem\",\"position\":3,\"name\":\"WEBER: DER FREISCH\\u00dcTZ &#8211; FURTW\\u00c4NGLER\"}]}]}<\/script>\n<!-- \/ Yoast SEO plugin. -->","yoast_head_json":{"title":"WEBER: DER FREISCH\u00dcTZ - FURTW\u00c4NGLER - Urania Records","robots":{"index":"index","follow":"follow","max-snippet":"max-snippet:-1","max-image-preview":"max-image-preview:large","max-video-preview":"max-video-preview:-1"},"canonical":"https:\/\/uraniarecords.com\/en\/prodotto\/weber-der-freischutz-furtwangler\/","og_locale":"en_US","og_type":"article","og_title":"WEBER: DER FREISCH\u00dcTZ - FURTW\u00c4NGLER - Urania Records","og_description":"WEBER: DER FREISCH\u00dcTZ &#8211; FURTW\u00c4NGLER Ottokar: Afred Poell Agathe: Elisabeth Gr\u00fcmmer Kaspar: Kurt B\u00f6hme Eremit: Otto Edelmann Kuno: Oscar Czerwenka \u00c4nnchen: Rita Streich Max: Hans Hopf Kilian: Karl D\u00f6nch Chor der Wiener Staatsoper Wiener Philharmoniker Wilhelm Furtw\u00e4ngler ORF-SALZBURG ORIGINALPRODUCTION RECORDED LIVE AT 1954 SALZBURG FESTSPIELE 2 CD","og_url":"https:\/\/uraniarecords.com\/en\/prodotto\/weber-der-freischutz-furtwangler\/","og_site_name":"Urania Records","article_modified_time":"2024-04-30T15:52:09+00:00","og_image":[{"width":800,"height":721,"url":"https:\/\/uraniarecords.com\/wp-content\/uploads\/2022\/09\/400-cover-sito.jpg","type":"image\/jpeg"}],"twitter_card":"summary","twitter_misc":{"Est. reading time":"1 minute"},"schema":{"@context":"https:\/\/schema.org","@graph":[{"@type":"WebSite","@id":"https:\/\/uraniarecords.com\/#website","url":"https:\/\/uraniarecords.com\/","name":"Urania Records","description":"The Italian classical Label since 1998","potentialAction":[{"@type":"SearchAction","target":{"@type":"EntryPoint","urlTemplate":"https:\/\/uraniarecords.com\/?s={search_term_string}"},"query-input":"required name=search_term_string"}],"inLanguage":"en-US"},{"@type":"ImageObject","@id":"https:\/\/uraniarecords.com\/en\/prodotto\/weber-der-freischutz-furtwangler\/#primaryimage","inLanguage":"en-US","url":"https:\/\/uraniarecords.com\/wp-content\/uploads\/2022\/09\/400-cover-sito.jpg","contentUrl":"https:\/\/uraniarecords.com\/wp-content\/uploads\/2022\/09\/400-cover-sito.jpg","width":800,"height":721},{"@type":"WebPage","@id":"https:\/\/uraniarecords.com\/en\/prodotto\/weber-der-freischutz-furtwangler\/#webpage","url":"https:\/\/uraniarecords.com\/en\/prodotto\/weber-der-freischutz-furtwangler\/","name":"WEBER: DER FREISCH\u00dcTZ - FURTW\u00c4NGLER - Urania Records","isPartOf":{"@id":"https:\/\/uraniarecords.com\/#website"},"primaryImageOfPage":{"@id":"https:\/\/uraniarecords.com\/en\/prodotto\/weber-der-freischutz-furtwangler\/#primaryimage"},"datePublished":"2022-10-03T06:17:18+00:00","dateModified":"2024-04-30T15:52:09+00:00","breadcrumb":{"@id":"https:\/\/uraniarecords.com\/en\/prodotto\/weber-der-freischutz-furtwangler\/#breadcrumb"},"inLanguage":"en-US","potentialAction":[{"@type":"ReadAction","target":["https:\/\/uraniarecords.com\/en\/prodotto\/weber-der-freischutz-furtwangler\/"]}]},{"@type":"BreadcrumbList","@id":"https:\/\/uraniarecords.com\/en\/prodotto\/weber-der-freischutz-furtwangler\/#breadcrumb","itemListElement":[{"@type":"ListItem","position":1,"name":"Home","item":"https:\/\/uraniarecords.com\/en\/"},{"@type":"ListItem","position":2,"name":"Shop","item":"https:\/\/uraniarecords.com\/en\/shop\/"},{"@type":"ListItem","position":3,"name":"WEBER: DER FREISCH\u00dcTZ &#8211; FURTW\u00c4NGLER"}]}]}},"_links":{"self":[{"href":"https:\/\/uraniarecords.com\/en\/wp-json\/wp\/v2\/product\/17345"}],"collection":[{"href":"https:\/\/uraniarecords.com\/en\/wp-json\/wp\/v2\/product"}],"about":[{"href":"https:\/\/uraniarecords.com\/en\/wp-json\/wp\/v2\/types\/product"}],"replies":[{"embeddable":true,"href":"https:\/\/uraniarecords.com\/en\/wp-json\/wp\/v2\/comments?post=17345"}],"wp:featuredmedia":[{"embeddable":true,"href":"https:\/\/uraniarecords.com\/en\/wp-json\/wp\/v2\/media\/17264"}],"wp:attachment":[{"href":"https:\/\/uraniarecords.com\/en\/wp-json\/wp\/v2\/media?parent=17345"}],"wp:term":[{"taxonomy":"product_cat","embeddable":true,"href":"https:\/\/uraniarecords.com\/en\/wp-json\/wp\/v2\/product_cat?post=17345"},{"taxonomy":"product_tag","embeddable":true,"href":"https:\/\/uraniarecords.com\/en\/wp-json\/wp\/v2\/product_tag?post=17345"}],"curies":[{"name":"wp","href":"https:\/\/api.w.org\/{rel}","templated":true}]}}