{"id":19453,"date":"2024-05-20T06:55:19","date_gmt":"2024-05-20T06:55:19","guid":{"rendered":"https:\/\/uraniarecords.com\/prodotto\/cello-virtuosi-in-france-1730-1790\/"},"modified":"2024-09-13T09:03:47","modified_gmt":"2024-09-13T09:03:47","slug":"cello-virtuosi-in-france-1730-1790","status":"publish","type":"product","link":"https:\/\/uraniarecords.com\/en\/prodotto\/cello-virtuosi-in-france-1730-1790\/","title":{"rendered":"CELLO VIRTUOSI IN FRANCE 1730-1790"},"content":{"rendered":"<p>CELLO VIRTUOSI IN FRANCE 1730-1790<\/p>\n<p>SONATAS &amp; DUOS FOR TWO CELLOS<\/p>\n<p>J.P. RAMEAU (1683 \u2013 1764) | M. BERTEAU (1691 \u2013 1771) | F. CUPIS (1732 \u2013 1808)<br \/>\nAirs from: \u201c<em>Les Gentils Airs&#8230; ajust\u00e9 pour deux Violoncelles\u201d and from \u201cRecueil d\u2019Airs choisis \u2026 par M.r Cupis le Jeune<\/em>\u201d, publ. in Paris, 1760\/70.<\/p>\n<p>J. B. DE BOISMORTIER (1689\u2013 1755)<br \/>\n<em>Sonata Op. XXVI No. 5<\/em><\/p>\n<p>V. J. SPOURNI (17&#8230; \u2013 1754) ***<br \/>\n<em>Sonatas (Op. IX), Nos. 1, 3<\/em><\/p>\n<p>J. P. GUIGNON (1702 \u2013 1774) ***<br \/>\n<em>Sonata Op. II No. 1<\/em><\/p>\n<p>J. B. BARRI\u00c8RE (1707 \u2013 1747)<br \/>\n<em>Sonata Op. I, Nos. 2,3<\/em><\/p>\n<p>L.F. J. PATOUART (1717 \u2013 1797) ***<br \/>\n<em>Sonata Op. II, Nos. 3, 5<\/em><\/p>\n<p>J. P: BAUR (1719 \u2013 1773) ***<br \/>\n<em>Sonata Op. I No. 5<\/em><\/p>\n<p>C. H. DE BLAINVILLE (1711 \u2013 1769)<br \/>\n<em>Sonata Op. II No. 1<\/em><\/p>\n<p>B. GIRAUD (17.. \u2013 1790)<br \/>\n<em>Sonata Op. I No. 4<\/em><\/p>\n<p>J. B. TILLI\u00c8RE (2nd half XVIII Cent.)<br \/>\n<em>Sonata No. 2<\/em><\/p>\n<p>L.C.J. REY (1738 \u2013 1811) ***<br \/>\n<em>Sonata Op. IV, No. 4<\/em><\/p>\n<p>J. B. CANAVAS L\u2019AIN\u00c9 (1713 \u2013 1784) ***<br \/>\n<em>Sonate Op.II nos.1-5-6<\/em><\/p>\n<p>S. LANZETTI (1710 \u2013 1780)<br \/>\n\u201cVivace\u201d and \u201cLargo\u201d from: \u201c<em>Pi\u00e8ces \u2026del Signor Lanchetty<\/em>\u201d, mss Bibl. Nat. Paris.<\/p>\n<p>J. B. BR\u00c9VAL (1753\u2013 1823)<br \/>\n<em>Sonata Op. XII Nos. 3,5, Op. XXVIII Nos. 1,4,5,6<\/em> **<\/p>\n<p>*** World premi\u00e8re rec.<\/p>\n<p>Dodicesimo titolo della nostra collana interamente dedicata al violoncello solista nel Settecento, unito ai precedenti con le sonate di Lanzetti, Janson, Duport e Spourni, in questa raccolta si indaga sull\u2019affascinante percorso del violoncello di scuola napoletana in Francia e, parallelamente, intorno agli sviluppi dei rispettivi stili musicali verso la nascita della nuova musica europea nel Classicismo. Dalle ammalianti, ipnotiche atmosfere delle Arie francesi alla vivace teatralit\u00e0 dell\u2019immaginario musicale italiano, attraverso i sessant\u2019anni precedenti la R\u00e9volution, il violoncello \u00e8 stato certamente uno dei pi\u00f9 autentici protagonisti.<\/p>\n<p>Twelfth title of our series entirely dedicated to the solo cello in the XVIIIth century, combined with the precedents with the sonatas by Lanzetti, Janson, Duport and Spourni, this collection investigates the fascinating path of the Neapolitan cello school in France and, in parallel, the developments of the musical styles towards the birth of new European music in Classicism. From the bewitching, hypnotic atmospheres of the French Arias to the lively theatricality of the Italian musical imagination, throughout the sixty years preceding the R\u00e9volution the cello was certainly one of the most authentic protagonists.<\/p>\n<p>&nbsp;<\/p>\n<p>3 CD<\/p>\n<p>CLAUDIO RONCO &#8211; EMANUELA VOZZA, on original instruments<\/p>\n<p><iframe loading=\"lazy\" src=\"https:\/\/lnk.to\/CelloFrance\" width=\"400\" height=\"700\" frameborder=\"0\" scrolling=\"no\"><\/iframe><\/p>\n","protected":false},"excerpt":{"rendered":"<p>CELLO VIRTUOSI IN FRANCE 1730-1790 SONATAS &amp; DUOS FOR TWO CELLOS J.P. RAMEAU (1683 \u2013 1764) | M. BERTEAU (1691 \u2013 1771) | F. CUPIS (1732 \u2013 1808) Airs from: \u201cLes Gentils Airs&#8230; ajust\u00e9 pour deux Violoncelles\u201d and from \u201cRecueil d\u2019Airs choisis \u2026 par M.r Cupis le Jeune\u201d, publ. in Paris, 1760\/70. J. B. DE&hellip;<\/p>\n","protected":false},"featured_media":19430,"comment_status":"open","ping_status":"closed","template":"","meta":[],"product_cat":[3347,87,3371],"product_tag":[],"yoast_head":"<!-- This site is optimized with the Yoast SEO plugin v17.5 - https:\/\/yoast.com\/wordpress\/plugins\/seo\/ -->\n<title>CELLO VIRTUOSI IN FRANCE 1730-1790 - Urania Records<\/title>\n<meta name=\"robots\" content=\"index, follow, max-snippet:-1, max-image-preview:large, max-video-preview:-1\" \/>\n<link rel=\"canonical\" href=\"https:\/\/uraniarecords.com\/en\/prodotto\/cello-virtuosi-in-france-1730-1790\/\" \/>\n<meta property=\"og:locale\" content=\"en_US\" \/>\n<meta property=\"og:type\" content=\"article\" \/>\n<meta property=\"og:title\" content=\"CELLO VIRTUOSI IN FRANCE 1730-1790 - Urania Records\" \/>\n<meta property=\"og:description\" content=\"CELLO VIRTUOSI IN FRANCE 1730-1790 SONATAS &amp; DUOS FOR TWO CELLOS J.P. RAMEAU (1683 \u2013 1764) | M. BERTEAU (1691 \u2013 1771) | F. CUPIS (1732 \u2013 1808) Airs from: \u201cLes Gentils Airs&#8230; ajust\u00e9 pour deux Violoncelles\u201d and from \u201cRecueil d\u2019Airs choisis \u2026 par M.r Cupis le Jeune\u201d, publ. in Paris, 1760\/70. J. B. DE&hellip;\" \/>\n<meta property=\"og:url\" content=\"https:\/\/uraniarecords.com\/en\/prodotto\/cello-virtuosi-in-france-1730-1790\/\" \/>\n<meta property=\"og:site_name\" content=\"Urania Records\" \/>\n<meta property=\"article:modified_time\" content=\"2024-09-13T09:03:47+00:00\" \/>\n<meta property=\"og:image\" content=\"https:\/\/uraniarecords.com\/wp-content\/uploads\/2024\/05\/14115-cover-sito.jpg\" \/>\n\t<meta property=\"og:image:width\" content=\"800\" \/>\n\t<meta property=\"og:image:height\" content=\"719\" \/>\n<meta name=\"twitter:card\" content=\"summary\" \/>\n<meta name=\"twitter:label1\" content=\"Est. reading time\" \/>\n\t<meta name=\"twitter:data1\" content=\"2 minutes\" \/>\n<script type=\"application\/ld+json\" class=\"yoast-schema-graph\">{\"@context\":\"https:\/\/schema.org\",\"@graph\":[{\"@type\":\"WebSite\",\"@id\":\"https:\/\/uraniarecords.com\/#website\",\"url\":\"https:\/\/uraniarecords.com\/\",\"name\":\"Urania Records\",\"description\":\"The Italian classical Label since 1998\",\"potentialAction\":[{\"@type\":\"SearchAction\",\"target\":{\"@type\":\"EntryPoint\",\"urlTemplate\":\"https:\/\/uraniarecords.com\/?s={search_term_string}\"},\"query-input\":\"required name=search_term_string\"}],\"inLanguage\":\"en-US\"},{\"@type\":\"ImageObject\",\"@id\":\"https:\/\/uraniarecords.com\/en\/prodotto\/cello-virtuosi-in-france-1730-1790\/#primaryimage\",\"inLanguage\":\"en-US\",\"url\":\"https:\/\/uraniarecords.com\/wp-content\/uploads\/2024\/05\/14115-cover-sito.jpg\",\"contentUrl\":\"https:\/\/uraniarecords.com\/wp-content\/uploads\/2024\/05\/14115-cover-sito.jpg\",\"width\":800,\"height\":719},{\"@type\":\"WebPage\",\"@id\":\"https:\/\/uraniarecords.com\/en\/prodotto\/cello-virtuosi-in-france-1730-1790\/#webpage\",\"url\":\"https:\/\/uraniarecords.com\/en\/prodotto\/cello-virtuosi-in-france-1730-1790\/\",\"name\":\"CELLO VIRTUOSI IN FRANCE 1730-1790 - Urania Records\",\"isPartOf\":{\"@id\":\"https:\/\/uraniarecords.com\/#website\"},\"primaryImageOfPage\":{\"@id\":\"https:\/\/uraniarecords.com\/en\/prodotto\/cello-virtuosi-in-france-1730-1790\/#primaryimage\"},\"datePublished\":\"2024-05-20T06:55:19+00:00\",\"dateModified\":\"2024-09-13T09:03:47+00:00\",\"breadcrumb\":{\"@id\":\"https:\/\/uraniarecords.com\/en\/prodotto\/cello-virtuosi-in-france-1730-1790\/#breadcrumb\"},\"inLanguage\":\"en-US\",\"potentialAction\":[{\"@type\":\"ReadAction\",\"target\":[\"https:\/\/uraniarecords.com\/en\/prodotto\/cello-virtuosi-in-france-1730-1790\/\"]}]},{\"@type\":\"BreadcrumbList\",\"@id\":\"https:\/\/uraniarecords.com\/en\/prodotto\/cello-virtuosi-in-france-1730-1790\/#breadcrumb\",\"itemListElement\":[{\"@type\":\"ListItem\",\"position\":1,\"name\":\"Home\",\"item\":\"https:\/\/uraniarecords.com\/en\/\"},{\"@type\":\"ListItem\",\"position\":2,\"name\":\"Shop\",\"item\":\"https:\/\/uraniarecords.com\/en\/shop\/\"},{\"@type\":\"ListItem\",\"position\":3,\"name\":\"CELLO VIRTUOSI IN FRANCE 1730-1790\"}]}]}<\/script>\n<!-- \/ Yoast SEO plugin. -->","yoast_head_json":{"title":"CELLO VIRTUOSI IN FRANCE 1730-1790 - Urania Records","robots":{"index":"index","follow":"follow","max-snippet":"max-snippet:-1","max-image-preview":"max-image-preview:large","max-video-preview":"max-video-preview:-1"},"canonical":"https:\/\/uraniarecords.com\/en\/prodotto\/cello-virtuosi-in-france-1730-1790\/","og_locale":"en_US","og_type":"article","og_title":"CELLO VIRTUOSI IN FRANCE 1730-1790 - Urania Records","og_description":"CELLO VIRTUOSI IN FRANCE 1730-1790 SONATAS &amp; DUOS FOR TWO CELLOS J.P. RAMEAU (1683 \u2013 1764) | M. BERTEAU (1691 \u2013 1771) | F. CUPIS (1732 \u2013 1808) Airs from: \u201cLes Gentils Airs&#8230; ajust\u00e9 pour deux Violoncelles\u201d and from \u201cRecueil d\u2019Airs choisis \u2026 par M.r Cupis le Jeune\u201d, publ. in Paris, 1760\/70. J. B. DE&hellip;","og_url":"https:\/\/uraniarecords.com\/en\/prodotto\/cello-virtuosi-in-france-1730-1790\/","og_site_name":"Urania Records","article_modified_time":"2024-09-13T09:03:47+00:00","og_image":[{"width":800,"height":719,"url":"https:\/\/uraniarecords.com\/wp-content\/uploads\/2024\/05\/14115-cover-sito.jpg","type":"image\/jpeg"}],"twitter_card":"summary","twitter_misc":{"Est. reading time":"2 minutes"},"schema":{"@context":"https:\/\/schema.org","@graph":[{"@type":"WebSite","@id":"https:\/\/uraniarecords.com\/#website","url":"https:\/\/uraniarecords.com\/","name":"Urania Records","description":"The Italian classical Label since 1998","potentialAction":[{"@type":"SearchAction","target":{"@type":"EntryPoint","urlTemplate":"https:\/\/uraniarecords.com\/?s={search_term_string}"},"query-input":"required name=search_term_string"}],"inLanguage":"en-US"},{"@type":"ImageObject","@id":"https:\/\/uraniarecords.com\/en\/prodotto\/cello-virtuosi-in-france-1730-1790\/#primaryimage","inLanguage":"en-US","url":"https:\/\/uraniarecords.com\/wp-content\/uploads\/2024\/05\/14115-cover-sito.jpg","contentUrl":"https:\/\/uraniarecords.com\/wp-content\/uploads\/2024\/05\/14115-cover-sito.jpg","width":800,"height":719},{"@type":"WebPage","@id":"https:\/\/uraniarecords.com\/en\/prodotto\/cello-virtuosi-in-france-1730-1790\/#webpage","url":"https:\/\/uraniarecords.com\/en\/prodotto\/cello-virtuosi-in-france-1730-1790\/","name":"CELLO VIRTUOSI IN FRANCE 1730-1790 - Urania Records","isPartOf":{"@id":"https:\/\/uraniarecords.com\/#website"},"primaryImageOfPage":{"@id":"https:\/\/uraniarecords.com\/en\/prodotto\/cello-virtuosi-in-france-1730-1790\/#primaryimage"},"datePublished":"2024-05-20T06:55:19+00:00","dateModified":"2024-09-13T09:03:47+00:00","breadcrumb":{"@id":"https:\/\/uraniarecords.com\/en\/prodotto\/cello-virtuosi-in-france-1730-1790\/#breadcrumb"},"inLanguage":"en-US","potentialAction":[{"@type":"ReadAction","target":["https:\/\/uraniarecords.com\/en\/prodotto\/cello-virtuosi-in-france-1730-1790\/"]}]},{"@type":"BreadcrumbList","@id":"https:\/\/uraniarecords.com\/en\/prodotto\/cello-virtuosi-in-france-1730-1790\/#breadcrumb","itemListElement":[{"@type":"ListItem","position":1,"name":"Home","item":"https:\/\/uraniarecords.com\/en\/"},{"@type":"ListItem","position":2,"name":"Shop","item":"https:\/\/uraniarecords.com\/en\/shop\/"},{"@type":"ListItem","position":3,"name":"CELLO VIRTUOSI IN FRANCE 1730-1790"}]}]}},"_links":{"self":[{"href":"https:\/\/uraniarecords.com\/en\/wp-json\/wp\/v2\/product\/19453"}],"collection":[{"href":"https:\/\/uraniarecords.com\/en\/wp-json\/wp\/v2\/product"}],"about":[{"href":"https:\/\/uraniarecords.com\/en\/wp-json\/wp\/v2\/types\/product"}],"replies":[{"embeddable":true,"href":"https:\/\/uraniarecords.com\/en\/wp-json\/wp\/v2\/comments?post=19453"}],"wp:featuredmedia":[{"embeddable":true,"href":"https:\/\/uraniarecords.com\/en\/wp-json\/wp\/v2\/media\/19430"}],"wp:attachment":[{"href":"https:\/\/uraniarecords.com\/en\/wp-json\/wp\/v2\/media?parent=19453"}],"wp:term":[{"taxonomy":"product_cat","embeddable":true,"href":"https:\/\/uraniarecords.com\/en\/wp-json\/wp\/v2\/product_cat?post=19453"},{"taxonomy":"product_tag","embeddable":true,"href":"https:\/\/uraniarecords.com\/en\/wp-json\/wp\/v2\/product_tag?post=19453"}],"curies":[{"name":"wp","href":"https:\/\/api.w.org\/{rel}","templated":true}]}}