{"id":19785,"date":"2024-12-16T16:49:04","date_gmt":"2024-12-16T16:49:04","guid":{"rendered":"https:\/\/uraniarecords.com\/prodotto\/mahler-symphony-n-1-delman\/"},"modified":"2025-03-07T14:56:06","modified_gmt":"2025-03-07T14:56:06","slug":"mahler-symphony-n-1-delman","status":"publish","type":"product","link":"https:\/\/uraniarecords.com\/en\/prodotto\/mahler-symphony-n-1-delman\/","title":{"rendered":"MAHLER, SYMPHONY N. 1 &#8211; DELMAN"},"content":{"rendered":"<p>GUSTAV MAHLER (1860\u20131911)<\/p>\n<p><em>Symphony No. 1 in D Major<\/em><br \/>\nI. Langsam, Schleppend, Wie ein Naturlaut; im Aanfag sehr gem\u00e4chlich;<br \/>\nII. Kr\u00e4ftig, bewegt, doch nicht zu schnell<br \/>\nIII. Feierlich und gemessen, ohne zu schleppen<br \/>\nIV. St\u00fcrmisch bewegt. Energisch<\/p>\n<p>&nbsp;<\/p>\n<p>VLADIMIR DELMAN<\/p>\n<p>Milan Rai Symphony Orchestra<\/p>\n<p>Live recording, MIlan, 1991<\/p>\n<p>2024<\/p>\n<p><iframe src=\"https:\/\/lnk.to\/mahlerdelm\"width=\"400\" height=\"700\" frameborder=\"0\" scrolling=\"no\"><\/iframe><\/p>\n","protected":false},"excerpt":{"rendered":"<p>GUSTAV MAHLER (1860\u20131911) Symphony No. 1 in D Major I. Langsam, Schleppend, Wie ein Naturlaut; im Aanfag sehr gem\u00e4chlich; II. Kr\u00e4ftig, bewegt, doch nicht zu schnell III. Feierlich und gemessen, ohne zu schleppen IV. St\u00fcrmisch bewegt. Energisch &nbsp; VLADIMIR DELMAN Milan Rai Symphony Orchestra Live recording, MIlan, 1991 2024<\/p>\n","protected":false},"featured_media":19778,"comment_status":"open","ping_status":"closed","template":"","meta":[],"product_cat":[3347,164],"product_tag":[],"yoast_head":"<!-- This site is optimized with the Yoast SEO plugin v17.5 - https:\/\/yoast.com\/wordpress\/plugins\/seo\/ -->\n<title>MAHLER, SYMPHONY N. 1 - DELMAN - Urania Records<\/title>\n<meta name=\"robots\" content=\"index, follow, max-snippet:-1, max-image-preview:large, max-video-preview:-1\" \/>\n<link rel=\"canonical\" href=\"https:\/\/uraniarecords.com\/en\/prodotto\/mahler-symphony-n-1-delman\/\" \/>\n<meta property=\"og:locale\" content=\"en_US\" \/>\n<meta property=\"og:type\" content=\"article\" \/>\n<meta property=\"og:title\" content=\"MAHLER, SYMPHONY N. 1 - DELMAN - Urania Records\" \/>\n<meta property=\"og:description\" content=\"GUSTAV MAHLER (1860\u20131911) Symphony No. 1 in D Major I. Langsam, Schleppend, Wie ein Naturlaut; im Aanfag sehr gem\u00e4chlich; II. Kr\u00e4ftig, bewegt, doch nicht zu schnell III. Feierlich und gemessen, ohne zu schleppen IV. St\u00fcrmisch bewegt. Energisch &nbsp; VLADIMIR DELMAN Milan Rai Symphony Orchestra Live recording, MIlan, 1991 2024\" \/>\n<meta property=\"og:url\" content=\"https:\/\/uraniarecords.com\/en\/prodotto\/mahler-symphony-n-1-delman\/\" \/>\n<meta property=\"og:site_name\" content=\"Urania Records\" \/>\n<meta property=\"article:modified_time\" content=\"2025-03-07T14:56:06+00:00\" \/>\n<meta property=\"og:image\" content=\"https:\/\/uraniarecords.com\/wp-content\/uploads\/2024\/12\/14122-cover-sito.jpg\" \/>\n\t<meta property=\"og:image:width\" content=\"800\" \/>\n\t<meta property=\"og:image:height\" content=\"720\" \/>\n<meta name=\"twitter:card\" content=\"summary\" \/>\n<meta name=\"twitter:label1\" content=\"Est. reading time\" \/>\n\t<meta name=\"twitter:data1\" content=\"1 minute\" \/>\n<script type=\"application\/ld+json\" class=\"yoast-schema-graph\">{\"@context\":\"https:\/\/schema.org\",\"@graph\":[{\"@type\":\"WebSite\",\"@id\":\"https:\/\/uraniarecords.com\/#website\",\"url\":\"https:\/\/uraniarecords.com\/\",\"name\":\"Urania Records\",\"description\":\"The Italian classical Label since 1998\",\"potentialAction\":[{\"@type\":\"SearchAction\",\"target\":{\"@type\":\"EntryPoint\",\"urlTemplate\":\"https:\/\/uraniarecords.com\/?s={search_term_string}\"},\"query-input\":\"required name=search_term_string\"}],\"inLanguage\":\"en-US\"},{\"@type\":\"ImageObject\",\"@id\":\"https:\/\/uraniarecords.com\/en\/prodotto\/mahler-symphony-n-1-delman\/#primaryimage\",\"inLanguage\":\"en-US\",\"url\":\"https:\/\/uraniarecords.com\/wp-content\/uploads\/2024\/12\/14122-cover-sito.jpg\",\"contentUrl\":\"https:\/\/uraniarecords.com\/wp-content\/uploads\/2024\/12\/14122-cover-sito.jpg\",\"width\":800,\"height\":720},{\"@type\":\"WebPage\",\"@id\":\"https:\/\/uraniarecords.com\/en\/prodotto\/mahler-symphony-n-1-delman\/#webpage\",\"url\":\"https:\/\/uraniarecords.com\/en\/prodotto\/mahler-symphony-n-1-delman\/\",\"name\":\"MAHLER, SYMPHONY N. 1 - DELMAN - Urania Records\",\"isPartOf\":{\"@id\":\"https:\/\/uraniarecords.com\/#website\"},\"primaryImageOfPage\":{\"@id\":\"https:\/\/uraniarecords.com\/en\/prodotto\/mahler-symphony-n-1-delman\/#primaryimage\"},\"datePublished\":\"2024-12-16T16:49:04+00:00\",\"dateModified\":\"2025-03-07T14:56:06+00:00\",\"breadcrumb\":{\"@id\":\"https:\/\/uraniarecords.com\/en\/prodotto\/mahler-symphony-n-1-delman\/#breadcrumb\"},\"inLanguage\":\"en-US\",\"potentialAction\":[{\"@type\":\"ReadAction\",\"target\":[\"https:\/\/uraniarecords.com\/en\/prodotto\/mahler-symphony-n-1-delman\/\"]}]},{\"@type\":\"BreadcrumbList\",\"@id\":\"https:\/\/uraniarecords.com\/en\/prodotto\/mahler-symphony-n-1-delman\/#breadcrumb\",\"itemListElement\":[{\"@type\":\"ListItem\",\"position\":1,\"name\":\"Home\",\"item\":\"https:\/\/uraniarecords.com\/en\/\"},{\"@type\":\"ListItem\",\"position\":2,\"name\":\"Shop\",\"item\":\"https:\/\/uraniarecords.com\/en\/shop\/\"},{\"@type\":\"ListItem\",\"position\":3,\"name\":\"MAHLER, SYMPHONY N. 1 &#8211; DELMAN\"}]}]}<\/script>\n<!-- \/ Yoast SEO plugin. -->","yoast_head_json":{"title":"MAHLER, SYMPHONY N. 1 - DELMAN - Urania Records","robots":{"index":"index","follow":"follow","max-snippet":"max-snippet:-1","max-image-preview":"max-image-preview:large","max-video-preview":"max-video-preview:-1"},"canonical":"https:\/\/uraniarecords.com\/en\/prodotto\/mahler-symphony-n-1-delman\/","og_locale":"en_US","og_type":"article","og_title":"MAHLER, SYMPHONY N. 1 - DELMAN - Urania Records","og_description":"GUSTAV MAHLER (1860\u20131911) Symphony No. 1 in D Major I. Langsam, Schleppend, Wie ein Naturlaut; im Aanfag sehr gem\u00e4chlich; II. Kr\u00e4ftig, bewegt, doch nicht zu schnell III. Feierlich und gemessen, ohne zu schleppen IV. St\u00fcrmisch bewegt. Energisch &nbsp; VLADIMIR DELMAN Milan Rai Symphony Orchestra Live recording, MIlan, 1991 2024","og_url":"https:\/\/uraniarecords.com\/en\/prodotto\/mahler-symphony-n-1-delman\/","og_site_name":"Urania Records","article_modified_time":"2025-03-07T14:56:06+00:00","og_image":[{"width":800,"height":720,"url":"https:\/\/uraniarecords.com\/wp-content\/uploads\/2024\/12\/14122-cover-sito.jpg","type":"image\/jpeg"}],"twitter_card":"summary","twitter_misc":{"Est. reading time":"1 minute"},"schema":{"@context":"https:\/\/schema.org","@graph":[{"@type":"WebSite","@id":"https:\/\/uraniarecords.com\/#website","url":"https:\/\/uraniarecords.com\/","name":"Urania Records","description":"The Italian classical Label since 1998","potentialAction":[{"@type":"SearchAction","target":{"@type":"EntryPoint","urlTemplate":"https:\/\/uraniarecords.com\/?s={search_term_string}"},"query-input":"required name=search_term_string"}],"inLanguage":"en-US"},{"@type":"ImageObject","@id":"https:\/\/uraniarecords.com\/en\/prodotto\/mahler-symphony-n-1-delman\/#primaryimage","inLanguage":"en-US","url":"https:\/\/uraniarecords.com\/wp-content\/uploads\/2024\/12\/14122-cover-sito.jpg","contentUrl":"https:\/\/uraniarecords.com\/wp-content\/uploads\/2024\/12\/14122-cover-sito.jpg","width":800,"height":720},{"@type":"WebPage","@id":"https:\/\/uraniarecords.com\/en\/prodotto\/mahler-symphony-n-1-delman\/#webpage","url":"https:\/\/uraniarecords.com\/en\/prodotto\/mahler-symphony-n-1-delman\/","name":"MAHLER, SYMPHONY N. 1 - DELMAN - Urania Records","isPartOf":{"@id":"https:\/\/uraniarecords.com\/#website"},"primaryImageOfPage":{"@id":"https:\/\/uraniarecords.com\/en\/prodotto\/mahler-symphony-n-1-delman\/#primaryimage"},"datePublished":"2024-12-16T16:49:04+00:00","dateModified":"2025-03-07T14:56:06+00:00","breadcrumb":{"@id":"https:\/\/uraniarecords.com\/en\/prodotto\/mahler-symphony-n-1-delman\/#breadcrumb"},"inLanguage":"en-US","potentialAction":[{"@type":"ReadAction","target":["https:\/\/uraniarecords.com\/en\/prodotto\/mahler-symphony-n-1-delman\/"]}]},{"@type":"BreadcrumbList","@id":"https:\/\/uraniarecords.com\/en\/prodotto\/mahler-symphony-n-1-delman\/#breadcrumb","itemListElement":[{"@type":"ListItem","position":1,"name":"Home","item":"https:\/\/uraniarecords.com\/en\/"},{"@type":"ListItem","position":2,"name":"Shop","item":"https:\/\/uraniarecords.com\/en\/shop\/"},{"@type":"ListItem","position":3,"name":"MAHLER, SYMPHONY N. 1 &#8211; DELMAN"}]}]}},"_links":{"self":[{"href":"https:\/\/uraniarecords.com\/en\/wp-json\/wp\/v2\/product\/19785"}],"collection":[{"href":"https:\/\/uraniarecords.com\/en\/wp-json\/wp\/v2\/product"}],"about":[{"href":"https:\/\/uraniarecords.com\/en\/wp-json\/wp\/v2\/types\/product"}],"replies":[{"embeddable":true,"href":"https:\/\/uraniarecords.com\/en\/wp-json\/wp\/v2\/comments?post=19785"}],"wp:featuredmedia":[{"embeddable":true,"href":"https:\/\/uraniarecords.com\/en\/wp-json\/wp\/v2\/media\/19778"}],"wp:attachment":[{"href":"https:\/\/uraniarecords.com\/en\/wp-json\/wp\/v2\/media?parent=19785"}],"wp:term":[{"taxonomy":"product_cat","embeddable":true,"href":"https:\/\/uraniarecords.com\/en\/wp-json\/wp\/v2\/product_cat?post=19785"},{"taxonomy":"product_tag","embeddable":true,"href":"https:\/\/uraniarecords.com\/en\/wp-json\/wp\/v2\/product_tag?post=19785"}],"curies":[{"name":"wp","href":"https:\/\/api.w.org\/{rel}","templated":true}]}}