{"id":20295,"date":"2026-02-17T11:32:17","date_gmt":"2026-02-17T11:32:17","guid":{"rendered":"https:\/\/uraniarecords.com\/prodotto\/j-n-hummel-piano-quintets-op-74-87\/"},"modified":"2026-03-04T07:34:15","modified_gmt":"2026-03-04T07:34:15","slug":"j-n-hummel-piano-quintets-op-74-87","status":"publish","type":"product","link":"https:\/\/uraniarecords.com\/en\/prodotto\/j-n-hummel-piano-quintets-op-74-87\/","title":{"rendered":"J.N. HUMMEL: PIANO QUINTETS Op. 74 &#038; 87"},"content":{"rendered":"<p>J.N. HUMMEL: PIANO QUINTETS Op. 74 &amp; 87<\/p>\n<p>JOHANN NEPOMUK HUMMEL (1778 \u2014 1837)<\/p>\n<p>Piano Quintet Op. 74 in D minor<br \/>\nI. Allegro con spirito<br \/>\nII. Menuetto o scherzo &#8211; Allegro<br \/>\nIII. Andante con variazioni<br \/>\nIV. Finale &#8211; Vivace<\/p>\n<p>Piano Quintet Op. 87 in E-flat minor<br \/>\nI. Allegro e risoluto assai<br \/>\nII. Menuetto &#8211; Allegro con fuoco<br \/>\nIII. Largo<br \/>\nIV. Finale &#8211; Allegro agitato<\/p>\n<p>&nbsp;<\/p>\n<p>1 CD, 2026<\/p>\n<p>ATALANTA FUGIENS<\/p>\n<p>Alessandro Moccia, violin<br \/>\nJean Philippe Vasseur, viola<br \/>\nGiuseppina Runza, cello<br \/>\nVanni Moretto, double-bass &amp; Concertmaster<br \/>\nAlessandro Commellato, fortepiano<\/p>\n<blockquote class=\"wp-embedded-content\" data-secret=\"YvwyHRztLn\"><p><a href=\"https:\/\/uraniarecords.com\/archivio-della-sinfonia-milanese\/\">ARCHIVIO DELLA SINFONIA MILANESE &#8211; ATALANTA FUGIENS<\/a><\/p><\/blockquote>\n<p><iframe class=\"wp-embedded-content\" sandbox=\"allow-scripts\" security=\"restricted\" style=\"position: absolute; clip: rect(1px, 1px, 1px, 1px);\" title=\"&#8220;ARCHIVIO DELLA SINFONIA MILANESE &#8211; ATALANTA FUGIENS&#8221; &#8212; Urania Records\" src=\"https:\/\/uraniarecords.com\/archivio-della-sinfonia-milanese\/embed\/#?secret=YvwyHRztLn\" data-secret=\"YvwyHRztLn\" width=\"600\" height=\"338\" frameborder=\"0\" marginwidth=\"0\" marginheight=\"0\" scrolling=\"no\"><\/iframe><\/p>\n<p>&nbsp;<\/p>\n<div>\u00abAllievo del famoso Herr Mozart, quanto ad abilit\u00e0, precisione e delicatezza, supera ogni aspettativa\u00bb (Berlin-sche Nachrichten von Staats, 21 maggio 1789).<\/div>\n<div>Goethe in una lettera ad Eckermann del 1829 lo paragona nel modo di suonare a Napoleone, dominatore del mondo: \u00abEntrambe le imprese ci appaiono meravigliose, non comprendiamo n\u00e9 l\u2019una n\u00e9 l\u2019altra eppure \u00e8 cos\u00ec. E tutto ci\u00f2 avviene sotto i nostri occhi\u00bb.<\/div>\n<div>Mozart stesso annuncia pubblicamente che il ragazzo diventer\u00e0 per il pianoforte quello che Raffaello \u00e8 diventato per la pittura.<\/div>\n<div><\/div>\n<div>\n<div>\u00ab With his ability, precision and sensitivity, this pupil of the celebrated Herr Mozart exceeds all expectations\u00bb (Berlinsche Nachrichten von Staats, 21 May 1789).<\/div>\n<div>In a letter to Eckermann in 1829, Goethe compares his playing to Napoleon\u2019s domination of the world \u00abboth feats appear amazing to us; they escape our comprehension, yet occur nonetheless \u2013\u00a0 and these marvels unfold before our very eyes\u00bb.<\/div>\n<div>And according to Mozart himself, the young man was destined to reach the same heights with the pianoforte as Raffaello had in the world of Art.<\/div>\n<\/div>\n<div><\/div>\n<div><\/div>\n<div>\n<p>&nbsp;<\/p>\n<\/div>\n<p><iframe src=\"https:\/\/lnk.to\/HULLEMQUINTETS\"width=\"400\" height=\"700\" frameborder=\"0\" scrolling=\"no\"><\/iframe><\/p>\n","protected":false},"excerpt":{"rendered":"<p>J.N. HUMMEL: PIANO QUINTETS Op. 74 &amp; 87 JOHANN NEPOMUK HUMMEL (1778 \u2014 1837) Piano Quintet Op. 74 in D minor I. Allegro con spirito II. Menuetto o scherzo &#8211; Allegro III. Andante con variazioni IV. Finale &#8211; Vivace Piano Quintet Op. 87 in E-flat minor I. Allegro e risoluto assai II. Menuetto &#8211; Allegro&hellip;<\/p>\n","protected":false},"featured_media":20278,"comment_status":"open","ping_status":"closed","template":"","meta":[],"product_cat":[3347,87,164],"product_tag":[],"yoast_head":"<!-- This site is optimized with the Yoast SEO plugin v17.5 - https:\/\/yoast.com\/wordpress\/plugins\/seo\/ -->\n<title>J.N. HUMMEL: PIANO QUINTETS Op. 74 &amp; 87 - Urania Records<\/title>\n<meta name=\"robots\" content=\"index, follow, max-snippet:-1, max-image-preview:large, max-video-preview:-1\" \/>\n<link rel=\"canonical\" href=\"https:\/\/uraniarecords.com\/en\/prodotto\/j-n-hummel-piano-quintets-op-74-87\/\" \/>\n<meta property=\"og:locale\" content=\"en_US\" \/>\n<meta property=\"og:type\" content=\"article\" \/>\n<meta property=\"og:title\" content=\"J.N. HUMMEL: PIANO QUINTETS Op. 74 &amp; 87 - Urania Records\" \/>\n<meta property=\"og:description\" content=\"J.N. HUMMEL: PIANO QUINTETS Op. 74 &amp; 87 JOHANN NEPOMUK HUMMEL (1778 \u2014 1837) Piano Quintet Op. 74 in D minor I. Allegro con spirito II. Menuetto o scherzo &#8211; Allegro III. Andante con variazioni IV. Finale &#8211; Vivace Piano Quintet Op. 87 in E-flat minor I. Allegro e risoluto assai II. Menuetto &#8211; Allegro&hellip;\" \/>\n<meta property=\"og:url\" content=\"https:\/\/uraniarecords.com\/en\/prodotto\/j-n-hummel-piano-quintets-op-74-87\/\" \/>\n<meta property=\"og:site_name\" content=\"Urania Records\" \/>\n<meta property=\"article:modified_time\" content=\"2026-03-04T07:34:15+00:00\" \/>\n<meta property=\"og:image\" content=\"https:\/\/uraniarecords.com\/wp-content\/uploads\/2026\/02\/14135-cover-sito-1.jpg\" \/>\n\t<meta property=\"og:image:width\" content=\"800\" \/>\n\t<meta property=\"og:image:height\" content=\"724\" \/>\n<meta name=\"twitter:card\" content=\"summary\" \/>\n<meta name=\"twitter:label1\" content=\"Est. reading time\" \/>\n\t<meta name=\"twitter:data1\" content=\"2 minutes\" \/>\n<script type=\"application\/ld+json\" class=\"yoast-schema-graph\">{\"@context\":\"https:\/\/schema.org\",\"@graph\":[{\"@type\":\"WebSite\",\"@id\":\"https:\/\/uraniarecords.com\/#website\",\"url\":\"https:\/\/uraniarecords.com\/\",\"name\":\"Urania Records\",\"description\":\"The Italian classical Label since 1998\",\"potentialAction\":[{\"@type\":\"SearchAction\",\"target\":{\"@type\":\"EntryPoint\",\"urlTemplate\":\"https:\/\/uraniarecords.com\/?s={search_term_string}\"},\"query-input\":\"required name=search_term_string\"}],\"inLanguage\":\"en-US\"},{\"@type\":\"ImageObject\",\"@id\":\"https:\/\/uraniarecords.com\/en\/prodotto\/j-n-hummel-piano-quintets-op-74-87\/#primaryimage\",\"inLanguage\":\"en-US\",\"url\":\"https:\/\/uraniarecords.com\/wp-content\/uploads\/2026\/02\/14135-cover-sito-1.jpg\",\"contentUrl\":\"https:\/\/uraniarecords.com\/wp-content\/uploads\/2026\/02\/14135-cover-sito-1.jpg\",\"width\":800,\"height\":724},{\"@type\":\"WebPage\",\"@id\":\"https:\/\/uraniarecords.com\/en\/prodotto\/j-n-hummel-piano-quintets-op-74-87\/#webpage\",\"url\":\"https:\/\/uraniarecords.com\/en\/prodotto\/j-n-hummel-piano-quintets-op-74-87\/\",\"name\":\"J.N. HUMMEL: PIANO QUINTETS Op. 74 & 87 - Urania Records\",\"isPartOf\":{\"@id\":\"https:\/\/uraniarecords.com\/#website\"},\"primaryImageOfPage\":{\"@id\":\"https:\/\/uraniarecords.com\/en\/prodotto\/j-n-hummel-piano-quintets-op-74-87\/#primaryimage\"},\"datePublished\":\"2026-02-17T11:32:17+00:00\",\"dateModified\":\"2026-03-04T07:34:15+00:00\",\"breadcrumb\":{\"@id\":\"https:\/\/uraniarecords.com\/en\/prodotto\/j-n-hummel-piano-quintets-op-74-87\/#breadcrumb\"},\"inLanguage\":\"en-US\",\"potentialAction\":[{\"@type\":\"ReadAction\",\"target\":[\"https:\/\/uraniarecords.com\/en\/prodotto\/j-n-hummel-piano-quintets-op-74-87\/\"]}]},{\"@type\":\"BreadcrumbList\",\"@id\":\"https:\/\/uraniarecords.com\/en\/prodotto\/j-n-hummel-piano-quintets-op-74-87\/#breadcrumb\",\"itemListElement\":[{\"@type\":\"ListItem\",\"position\":1,\"name\":\"Home\",\"item\":\"https:\/\/uraniarecords.com\/en\/\"},{\"@type\":\"ListItem\",\"position\":2,\"name\":\"Shop\",\"item\":\"https:\/\/uraniarecords.com\/en\/shop\/\"},{\"@type\":\"ListItem\",\"position\":3,\"name\":\"J.N. HUMMEL: PIANO QUINTETS Op. 74 &#038; 87\"}]}]}<\/script>\n<!-- \/ Yoast SEO plugin. -->","yoast_head_json":{"title":"J.N. HUMMEL: PIANO QUINTETS Op. 74 & 87 - Urania Records","robots":{"index":"index","follow":"follow","max-snippet":"max-snippet:-1","max-image-preview":"max-image-preview:large","max-video-preview":"max-video-preview:-1"},"canonical":"https:\/\/uraniarecords.com\/en\/prodotto\/j-n-hummel-piano-quintets-op-74-87\/","og_locale":"en_US","og_type":"article","og_title":"J.N. HUMMEL: PIANO QUINTETS Op. 74 & 87 - Urania Records","og_description":"J.N. HUMMEL: PIANO QUINTETS Op. 74 &amp; 87 JOHANN NEPOMUK HUMMEL (1778 \u2014 1837) Piano Quintet Op. 74 in D minor I. Allegro con spirito II. Menuetto o scherzo &#8211; Allegro III. Andante con variazioni IV. Finale &#8211; Vivace Piano Quintet Op. 87 in E-flat minor I. Allegro e risoluto assai II. Menuetto &#8211; Allegro&hellip;","og_url":"https:\/\/uraniarecords.com\/en\/prodotto\/j-n-hummel-piano-quintets-op-74-87\/","og_site_name":"Urania Records","article_modified_time":"2026-03-04T07:34:15+00:00","og_image":[{"width":800,"height":724,"url":"https:\/\/uraniarecords.com\/wp-content\/uploads\/2026\/02\/14135-cover-sito-1.jpg","type":"image\/jpeg"}],"twitter_card":"summary","twitter_misc":{"Est. reading time":"2 minutes"},"schema":{"@context":"https:\/\/schema.org","@graph":[{"@type":"WebSite","@id":"https:\/\/uraniarecords.com\/#website","url":"https:\/\/uraniarecords.com\/","name":"Urania Records","description":"The Italian classical Label since 1998","potentialAction":[{"@type":"SearchAction","target":{"@type":"EntryPoint","urlTemplate":"https:\/\/uraniarecords.com\/?s={search_term_string}"},"query-input":"required name=search_term_string"}],"inLanguage":"en-US"},{"@type":"ImageObject","@id":"https:\/\/uraniarecords.com\/en\/prodotto\/j-n-hummel-piano-quintets-op-74-87\/#primaryimage","inLanguage":"en-US","url":"https:\/\/uraniarecords.com\/wp-content\/uploads\/2026\/02\/14135-cover-sito-1.jpg","contentUrl":"https:\/\/uraniarecords.com\/wp-content\/uploads\/2026\/02\/14135-cover-sito-1.jpg","width":800,"height":724},{"@type":"WebPage","@id":"https:\/\/uraniarecords.com\/en\/prodotto\/j-n-hummel-piano-quintets-op-74-87\/#webpage","url":"https:\/\/uraniarecords.com\/en\/prodotto\/j-n-hummel-piano-quintets-op-74-87\/","name":"J.N. HUMMEL: PIANO QUINTETS Op. 74 & 87 - Urania Records","isPartOf":{"@id":"https:\/\/uraniarecords.com\/#website"},"primaryImageOfPage":{"@id":"https:\/\/uraniarecords.com\/en\/prodotto\/j-n-hummel-piano-quintets-op-74-87\/#primaryimage"},"datePublished":"2026-02-17T11:32:17+00:00","dateModified":"2026-03-04T07:34:15+00:00","breadcrumb":{"@id":"https:\/\/uraniarecords.com\/en\/prodotto\/j-n-hummel-piano-quintets-op-74-87\/#breadcrumb"},"inLanguage":"en-US","potentialAction":[{"@type":"ReadAction","target":["https:\/\/uraniarecords.com\/en\/prodotto\/j-n-hummel-piano-quintets-op-74-87\/"]}]},{"@type":"BreadcrumbList","@id":"https:\/\/uraniarecords.com\/en\/prodotto\/j-n-hummel-piano-quintets-op-74-87\/#breadcrumb","itemListElement":[{"@type":"ListItem","position":1,"name":"Home","item":"https:\/\/uraniarecords.com\/en\/"},{"@type":"ListItem","position":2,"name":"Shop","item":"https:\/\/uraniarecords.com\/en\/shop\/"},{"@type":"ListItem","position":3,"name":"J.N. HUMMEL: PIANO QUINTETS Op. 74 &#038; 87"}]}]}},"_links":{"self":[{"href":"https:\/\/uraniarecords.com\/en\/wp-json\/wp\/v2\/product\/20295"}],"collection":[{"href":"https:\/\/uraniarecords.com\/en\/wp-json\/wp\/v2\/product"}],"about":[{"href":"https:\/\/uraniarecords.com\/en\/wp-json\/wp\/v2\/types\/product"}],"replies":[{"embeddable":true,"href":"https:\/\/uraniarecords.com\/en\/wp-json\/wp\/v2\/comments?post=20295"}],"wp:featuredmedia":[{"embeddable":true,"href":"https:\/\/uraniarecords.com\/en\/wp-json\/wp\/v2\/media\/20278"}],"wp:attachment":[{"href":"https:\/\/uraniarecords.com\/en\/wp-json\/wp\/v2\/media?parent=20295"}],"wp:term":[{"taxonomy":"product_cat","embeddable":true,"href":"https:\/\/uraniarecords.com\/en\/wp-json\/wp\/v2\/product_cat?post=20295"},{"taxonomy":"product_tag","embeddable":true,"href":"https:\/\/uraniarecords.com\/en\/wp-json\/wp\/v2\/product_tag?post=20295"}],"curies":[{"name":"wp","href":"https:\/\/api.w.org\/{rel}","templated":true}]}}