{"id":3220,"date":"2016-01-12T16:08:12","date_gmt":"2016-01-12T16:08:12","guid":{"rendered":"https:\/\/uraniarecords.com\/en\/prodotto\/bach-stokowsky-the-great-transcriptions\/"},"modified":"2023-03-31T15:00:52","modified_gmt":"2023-03-31T15:00:52","slug":"bach-stokowsky-the-great-transcriptions","status":"publish","type":"product","link":"https:\/\/uraniarecords.com\/en\/prodotto\/bach-stokowsky-the-great-transcriptions\/","title":{"rendered":"BACH &#038; STOKOWSKY: THE GREAT TRANSCRIPTIONS"},"content":{"rendered":"<p>WS 121.179 (2 CD)<\/p>\n<p><strong>BACH &amp; STOKOWSKY:\u00a0THE GREAT TRANSCRIPTIONS<\/strong><\/p>\n<p><strong>Orchestral Transcriptions <\/strong>from:<\/p>\n<p><em>Passacaglia and Fugue BWV 585 &#8211; Suite No. 2 BWV 807 &#8211; Christmas Oratorio BWV 248<\/em><\/p>\n<p><em>Orchestral Suite No. 3 BWV 1068<\/em> etc&#8230;<\/p>\n<p><strong>DEBUSSY<\/strong><\/p>\n<p><em>Pr\u00e9lude \u00e0 l&#8217;apr\u00e8s-midi d&#8217;un faune<\/em><\/p>\n<p>Ib\u00e9ria<\/p>\n<p><strong>RESPIGHI<\/strong><\/p>\n<p><em>Pini di Roma<\/em><\/p>\n<p><strong>MARTIN<\/strong><\/p>\n<p><em>P\u00e9tite Symphonie concertante<\/em><\/p>\n<p>&nbsp;<\/p>\n<p><strong>LEOPOLD STOKOWSKY<\/strong><\/p>\n<p><em>Leopold Stokowsky Symphony Orchestra<\/em><\/p>\n<p><em>1957-1959 Original Productions<\/em><\/p>\n<p>&nbsp;<\/p>\n<p>DESCRIZIONE PRODOTTO<\/p>\n<p class=\"p1\">Nella sua lunghissima carriera discografica, durata quasi 60 anni, Leopold Stokowski ha registrato non meno di 3 volte le sue trascrizioni bachiane, ottenendo sempre un notevole successo di pubblico, fino a quella vera apoteosi che \u00e8 stato l\u2019inserimento in <i>Fantasia<\/i> di Walt Disney della sua versione orchestrale della celeberrima Toccata e Fuga in Re minore per organo di Bach. La registrazione che presentiamo \u00e8 la sua prima versione stereo effettuata negli Stati Uniti alla fine degli anni Cinquanta, che sar\u00e0 poi seguita, negli anni Settanta, da una ulteriore versione Decca. A detta dei critici, questa versione americana \u00e8 la pi\u00f9 bella e la pi\u00f9 suggestiva delle tre. Noi la ripresentiamo per via del fascino indiscutibile che tali elaborazioni musicali esercitano in modo inequivocabile, trasformando Bach in un autore molto pi\u00f9 vicino alla nostra sensibilit\u00e0 di quanto non faccia la sua musica originale. Sul secondo CD abbiamo aggiunto brani di Debussy, Respighi e Martin, da molto tempo introvabili sul mercato corrente.<\/p>\n","protected":false},"excerpt":{"rendered":"<p>WS 121.179 (2 CD) BACH &amp; STOKOWSKY:\u00a0THE GREAT TRANSCRIPTIONS Orchestral Transcriptions from: Passacaglia and Fugue BWV 585 &#8211; Suite No. 2 BWV 807 &#8211; Christmas Oratorio BWV 248 Orchestral Suite No. 3 BWV 1068 etc&#8230; DEBUSSY Pr\u00e9lude \u00e0 l&#8217;apr\u00e8s-midi d&#8217;un faune Ib\u00e9ria RESPIGHI Pini di Roma MARTIN P\u00e9tite Symphonie concertante &nbsp; LEOPOLD STOKOWSKY Leopold Stokowsky&hellip;<\/p>\n","protected":false},"featured_media":3275,"comment_status":"open","ping_status":"closed","template":"","meta":[],"product_cat":[87,164],"product_tag":[],"yoast_head":"<!-- This site is optimized with the Yoast SEO plugin v17.5 - https:\/\/yoast.com\/wordpress\/plugins\/seo\/ -->\n<title>BACH &amp; STOKOWSKY: THE GREAT TRANSCRIPTIONS - Urania Records<\/title>\n<meta name=\"robots\" content=\"index, follow, max-snippet:-1, max-image-preview:large, max-video-preview:-1\" \/>\n<link rel=\"canonical\" href=\"https:\/\/uraniarecords.com\/en\/prodotto\/bach-stokowsky-the-great-transcriptions\/\" \/>\n<meta property=\"og:locale\" content=\"en_US\" \/>\n<meta property=\"og:type\" content=\"article\" \/>\n<meta property=\"og:title\" content=\"BACH &amp; STOKOWSKY: THE GREAT TRANSCRIPTIONS - Urania Records\" \/>\n<meta property=\"og:description\" content=\"WS 121.179 (2 CD) BACH &amp; STOKOWSKY:\u00a0THE GREAT TRANSCRIPTIONS Orchestral Transcriptions from: Passacaglia and Fugue BWV 585 &#8211; Suite No. 2 BWV 807 &#8211; Christmas Oratorio BWV 248 Orchestral Suite No. 3 BWV 1068 etc&#8230; DEBUSSY Pr\u00e9lude \u00e0 l&#8217;apr\u00e8s-midi d&#8217;un faune Ib\u00e9ria RESPIGHI Pini di Roma MARTIN P\u00e9tite Symphonie concertante &nbsp; LEOPOLD STOKOWSKY Leopold Stokowsky&hellip;\" \/>\n<meta property=\"og:url\" content=\"https:\/\/uraniarecords.com\/en\/prodotto\/bach-stokowsky-the-great-transcriptions\/\" \/>\n<meta property=\"og:site_name\" content=\"Urania Records\" \/>\n<meta property=\"article:modified_time\" content=\"2023-03-31T15:00:52+00:00\" \/>\n<meta property=\"og:image\" content=\"https:\/\/uraniarecords.com\/wp-content\/uploads\/2016\/01\/179-cover.jpg\" \/>\n\t<meta property=\"og:image:width\" content=\"800\" \/>\n\t<meta property=\"og:image:height\" content=\"800\" \/>\n<meta name=\"twitter:card\" content=\"summary\" \/>\n<meta name=\"twitter:label1\" content=\"Est. reading time\" \/>\n\t<meta name=\"twitter:data1\" content=\"1 minute\" \/>\n<script type=\"application\/ld+json\" class=\"yoast-schema-graph\">{\"@context\":\"https:\/\/schema.org\",\"@graph\":[{\"@type\":\"WebSite\",\"@id\":\"https:\/\/uraniarecords.com\/#website\",\"url\":\"https:\/\/uraniarecords.com\/\",\"name\":\"Urania Records\",\"description\":\"The Italian classical Label since 1998\",\"potentialAction\":[{\"@type\":\"SearchAction\",\"target\":{\"@type\":\"EntryPoint\",\"urlTemplate\":\"https:\/\/uraniarecords.com\/?s={search_term_string}\"},\"query-input\":\"required name=search_term_string\"}],\"inLanguage\":\"en-US\"},{\"@type\":\"ImageObject\",\"@id\":\"https:\/\/uraniarecords.com\/en\/prodotto\/bach-stokowsky-the-great-transcriptions\/#primaryimage\",\"inLanguage\":\"en-US\",\"url\":\"https:\/\/uraniarecords.com\/wp-content\/uploads\/2016\/01\/179-cover.jpg\",\"contentUrl\":\"https:\/\/uraniarecords.com\/wp-content\/uploads\/2016\/01\/179-cover.jpg\",\"width\":800,\"height\":800},{\"@type\":\"WebPage\",\"@id\":\"https:\/\/uraniarecords.com\/en\/prodotto\/bach-stokowsky-the-great-transcriptions\/#webpage\",\"url\":\"https:\/\/uraniarecords.com\/en\/prodotto\/bach-stokowsky-the-great-transcriptions\/\",\"name\":\"BACH & STOKOWSKY: THE GREAT TRANSCRIPTIONS - Urania Records\",\"isPartOf\":{\"@id\":\"https:\/\/uraniarecords.com\/#website\"},\"primaryImageOfPage\":{\"@id\":\"https:\/\/uraniarecords.com\/en\/prodotto\/bach-stokowsky-the-great-transcriptions\/#primaryimage\"},\"datePublished\":\"2016-01-12T16:08:12+00:00\",\"dateModified\":\"2023-03-31T15:00:52+00:00\",\"breadcrumb\":{\"@id\":\"https:\/\/uraniarecords.com\/en\/prodotto\/bach-stokowsky-the-great-transcriptions\/#breadcrumb\"},\"inLanguage\":\"en-US\",\"potentialAction\":[{\"@type\":\"ReadAction\",\"target\":[\"https:\/\/uraniarecords.com\/en\/prodotto\/bach-stokowsky-the-great-transcriptions\/\"]}]},{\"@type\":\"BreadcrumbList\",\"@id\":\"https:\/\/uraniarecords.com\/en\/prodotto\/bach-stokowsky-the-great-transcriptions\/#breadcrumb\",\"itemListElement\":[{\"@type\":\"ListItem\",\"position\":1,\"name\":\"Home\",\"item\":\"https:\/\/uraniarecords.com\/en\/\"},{\"@type\":\"ListItem\",\"position\":2,\"name\":\"Shop\",\"item\":\"https:\/\/uraniarecords.com\/en\/shop\/\"},{\"@type\":\"ListItem\",\"position\":3,\"name\":\"BACH &#038; STOKOWSKY: THE GREAT TRANSCRIPTIONS\"}]}]}<\/script>\n<!-- \/ Yoast SEO plugin. -->","yoast_head_json":{"title":"BACH & STOKOWSKY: THE GREAT TRANSCRIPTIONS - Urania Records","robots":{"index":"index","follow":"follow","max-snippet":"max-snippet:-1","max-image-preview":"max-image-preview:large","max-video-preview":"max-video-preview:-1"},"canonical":"https:\/\/uraniarecords.com\/en\/prodotto\/bach-stokowsky-the-great-transcriptions\/","og_locale":"en_US","og_type":"article","og_title":"BACH & STOKOWSKY: THE GREAT TRANSCRIPTIONS - Urania Records","og_description":"WS 121.179 (2 CD) BACH &amp; STOKOWSKY:\u00a0THE GREAT TRANSCRIPTIONS Orchestral Transcriptions from: Passacaglia and Fugue BWV 585 &#8211; Suite No. 2 BWV 807 &#8211; Christmas Oratorio BWV 248 Orchestral Suite No. 3 BWV 1068 etc&#8230; DEBUSSY Pr\u00e9lude \u00e0 l&#8217;apr\u00e8s-midi d&#8217;un faune Ib\u00e9ria RESPIGHI Pini di Roma MARTIN P\u00e9tite Symphonie concertante &nbsp; LEOPOLD STOKOWSKY Leopold Stokowsky&hellip;","og_url":"https:\/\/uraniarecords.com\/en\/prodotto\/bach-stokowsky-the-great-transcriptions\/","og_site_name":"Urania Records","article_modified_time":"2023-03-31T15:00:52+00:00","og_image":[{"width":800,"height":800,"url":"https:\/\/uraniarecords.com\/wp-content\/uploads\/2016\/01\/179-cover.jpg","type":"image\/jpeg"}],"twitter_card":"summary","twitter_misc":{"Est. reading time":"1 minute"},"schema":{"@context":"https:\/\/schema.org","@graph":[{"@type":"WebSite","@id":"https:\/\/uraniarecords.com\/#website","url":"https:\/\/uraniarecords.com\/","name":"Urania Records","description":"The Italian classical Label since 1998","potentialAction":[{"@type":"SearchAction","target":{"@type":"EntryPoint","urlTemplate":"https:\/\/uraniarecords.com\/?s={search_term_string}"},"query-input":"required name=search_term_string"}],"inLanguage":"en-US"},{"@type":"ImageObject","@id":"https:\/\/uraniarecords.com\/en\/prodotto\/bach-stokowsky-the-great-transcriptions\/#primaryimage","inLanguage":"en-US","url":"https:\/\/uraniarecords.com\/wp-content\/uploads\/2016\/01\/179-cover.jpg","contentUrl":"https:\/\/uraniarecords.com\/wp-content\/uploads\/2016\/01\/179-cover.jpg","width":800,"height":800},{"@type":"WebPage","@id":"https:\/\/uraniarecords.com\/en\/prodotto\/bach-stokowsky-the-great-transcriptions\/#webpage","url":"https:\/\/uraniarecords.com\/en\/prodotto\/bach-stokowsky-the-great-transcriptions\/","name":"BACH & STOKOWSKY: THE GREAT TRANSCRIPTIONS - Urania Records","isPartOf":{"@id":"https:\/\/uraniarecords.com\/#website"},"primaryImageOfPage":{"@id":"https:\/\/uraniarecords.com\/en\/prodotto\/bach-stokowsky-the-great-transcriptions\/#primaryimage"},"datePublished":"2016-01-12T16:08:12+00:00","dateModified":"2023-03-31T15:00:52+00:00","breadcrumb":{"@id":"https:\/\/uraniarecords.com\/en\/prodotto\/bach-stokowsky-the-great-transcriptions\/#breadcrumb"},"inLanguage":"en-US","potentialAction":[{"@type":"ReadAction","target":["https:\/\/uraniarecords.com\/en\/prodotto\/bach-stokowsky-the-great-transcriptions\/"]}]},{"@type":"BreadcrumbList","@id":"https:\/\/uraniarecords.com\/en\/prodotto\/bach-stokowsky-the-great-transcriptions\/#breadcrumb","itemListElement":[{"@type":"ListItem","position":1,"name":"Home","item":"https:\/\/uraniarecords.com\/en\/"},{"@type":"ListItem","position":2,"name":"Shop","item":"https:\/\/uraniarecords.com\/en\/shop\/"},{"@type":"ListItem","position":3,"name":"BACH &#038; STOKOWSKY: THE GREAT TRANSCRIPTIONS"}]}]}},"_links":{"self":[{"href":"https:\/\/uraniarecords.com\/en\/wp-json\/wp\/v2\/product\/3220"}],"collection":[{"href":"https:\/\/uraniarecords.com\/en\/wp-json\/wp\/v2\/product"}],"about":[{"href":"https:\/\/uraniarecords.com\/en\/wp-json\/wp\/v2\/types\/product"}],"replies":[{"embeddable":true,"href":"https:\/\/uraniarecords.com\/en\/wp-json\/wp\/v2\/comments?post=3220"}],"wp:featuredmedia":[{"embeddable":true,"href":"https:\/\/uraniarecords.com\/en\/wp-json\/wp\/v2\/media\/3275"}],"wp:attachment":[{"href":"https:\/\/uraniarecords.com\/en\/wp-json\/wp\/v2\/media?parent=3220"}],"wp:term":[{"taxonomy":"product_cat","embeddable":true,"href":"https:\/\/uraniarecords.com\/en\/wp-json\/wp\/v2\/product_cat?post=3220"},{"taxonomy":"product_tag","embeddable":true,"href":"https:\/\/uraniarecords.com\/en\/wp-json\/wp\/v2\/product_tag?post=3220"}],"curies":[{"name":"wp","href":"https:\/\/api.w.org\/{rel}","templated":true}]}}