{"id":3561,"date":"2016-01-18T16:54:38","date_gmt":"2016-01-18T16:54:38","guid":{"rendered":"https:\/\/uraniarecords.com\/en\/prodotto\/toscanini-conducts-bruckner\/"},"modified":"2023-03-31T14:59:25","modified_gmt":"2023-03-31T14:59:25","slug":"toscanini-conducts-bruckner","status":"publish","type":"product","link":"https:\/\/uraniarecords.com\/en\/prodotto\/toscanini-conducts-bruckner\/","title":{"rendered":"TOSCANINI CONDUCTS BRUCKNER"},"content":{"rendered":"<p>WS 121.277 (2 CD)<\/p>\n<p>&nbsp;<\/p>\n<p><em>Venezia, 1949 &#8211; Festival di Musica Contemporanea<\/em><\/p>\n<p>&nbsp;<\/p>\n<p><strong>CHERUBINI<\/strong><\/p>\n<p><em>Anacreon<\/em>, Ouverture<\/p>\n<p><strong>BEETHOVEN<\/strong><\/p>\n<p><em>Symphony No. 6 in F Major, Op. 68 &#8220;Pastorale&#8221;<\/em><\/p>\n<p><strong>FRANCK<\/strong><\/p>\n<p><em>Les Eolid\u00e8s<\/em><\/p>\n<p><strong>SMETATA<\/strong><\/p>\n<p><em>The moldau<\/em><\/p>\n<p><strong>R. STRAUSS<\/strong><\/p>\n<p><em>Don Juan, Op. 20<\/em><\/p>\n<p><strong>WAGNER<\/strong><\/p>\n<p><em>Die Meistersinger von Nuernberg, Prelude Act I<\/em><\/p>\n<p><strong>BRUCKNER<\/strong><\/p>\n<p><em>Symphony No. 7<\/em><\/p>\n<p>&nbsp;<\/p>\n<p>&nbsp;<\/p>\n<p><strong>ARTURO TOSCANINI<\/strong><\/p>\n<p>New York Philharmonic, 1935-\u00a0Orchestra della Scala, 1949<\/p>\n<p>&nbsp;<\/p>\n<p>DESCRIZIONE PRODOTTO<\/p>\n<p class=\"p1\">Questo box contiene quella che sicuramente \u00e8 la testimonianza pi\u00f9 rara e originale dell&#8217;intera discografia di Toscanini: la Settima Sinfonia di Bruckner registrata alla Carnage Hall di New York il 27 Gennaio 1935. Bruckner \u00e8 uno degli autori meno frequentati da Toscanini e questa registrazione, riemersa dagli archivi negli ultimi anni, contribuisce ad allargare in maniera significativa ci\u00f2 che resta del repertorio del grande direttore. L&#8217;edizione \u00e8 di fatto integrale, fatte salve le ultime battute del primo movimento, che purtroppo erano assenti dagli acetati originali. Si \u00e8 provveduto a leggerissimi editing all&#8217;interno del terzo e quarto movimento laddove pochissime battute (del resto poco significative) mancavano dal documento originale. La durata del brano \u00e8 comunque di 58 minuti, ovvero solo pochi secondi in meno dell&#8217;edizione completa. Il suono \u00e8 di ottima qualit\u00e0 per presenza timbrica e dinamica e il rumore di fondo \u00e8 molto contenuto. Parimenti rara \u00e8 la registrazione del 1949 del concerto integrale dato da Toscanini a Venenzia con l&#8217;Orchestra della Scala in una delle sue rare tourn\u00e9e in Italia in quegli anni.<\/p>\n<p>&nbsp;<\/p>\n","protected":false},"excerpt":{"rendered":"<p>WS 121.277 (2 CD) &nbsp; Venezia, 1949 &#8211; Festival di Musica Contemporanea &nbsp; CHERUBINI Anacreon, Ouverture BEETHOVEN Symphony No. 6 in F Major, Op. 68 &#8220;Pastorale&#8221; FRANCK Les Eolid\u00e8s SMETATA The moldau R. STRAUSS Don Juan, Op. 20 WAGNER Die Meistersinger von Nuernberg, Prelude Act I BRUCKNER Symphony No. 7 &nbsp; &nbsp; ARTURO TOSCANINI New&hellip;<\/p>\n","protected":false},"featured_media":4217,"comment_status":"open","ping_status":"closed","template":"","meta":[],"product_cat":[87,164],"product_tag":[429],"yoast_head":"<!-- This site is optimized with the Yoast SEO plugin v17.5 - https:\/\/yoast.com\/wordpress\/plugins\/seo\/ -->\n<title>TOSCANINI CONDUCTS BRUCKNER - Urania Records<\/title>\n<meta name=\"robots\" content=\"index, follow, max-snippet:-1, max-image-preview:large, max-video-preview:-1\" \/>\n<link rel=\"canonical\" href=\"https:\/\/uraniarecords.com\/en\/prodotto\/toscanini-conducts-bruckner\/\" \/>\n<meta property=\"og:locale\" content=\"en_US\" \/>\n<meta property=\"og:type\" content=\"article\" \/>\n<meta property=\"og:title\" content=\"TOSCANINI CONDUCTS BRUCKNER - Urania Records\" \/>\n<meta property=\"og:description\" content=\"WS 121.277 (2 CD) &nbsp; Venezia, 1949 &#8211; Festival di Musica Contemporanea &nbsp; CHERUBINI Anacreon, Ouverture BEETHOVEN Symphony No. 6 in F Major, Op. 68 &#8220;Pastorale&#8221; FRANCK Les Eolid\u00e8s SMETATA The moldau R. STRAUSS Don Juan, Op. 20 WAGNER Die Meistersinger von Nuernberg, Prelude Act I BRUCKNER Symphony No. 7 &nbsp; &nbsp; ARTURO TOSCANINI New&hellip;\" \/>\n<meta property=\"og:url\" content=\"https:\/\/uraniarecords.com\/en\/prodotto\/toscanini-conducts-bruckner\/\" \/>\n<meta property=\"og:site_name\" content=\"Urania Records\" \/>\n<meta property=\"article:modified_time\" content=\"2023-03-31T14:59:25+00:00\" \/>\n<meta property=\"og:image\" content=\"https:\/\/uraniarecords.com\/wp-content\/uploads\/2016\/01\/277-cover.jpg\" \/>\n\t<meta property=\"og:image:width\" content=\"800\" \/>\n\t<meta property=\"og:image:height\" content=\"800\" \/>\n<meta name=\"twitter:card\" content=\"summary\" \/>\n<meta name=\"twitter:label1\" content=\"Est. reading time\" \/>\n\t<meta name=\"twitter:data1\" content=\"1 minute\" \/>\n<script type=\"application\/ld+json\" class=\"yoast-schema-graph\">{\"@context\":\"https:\/\/schema.org\",\"@graph\":[{\"@type\":\"WebSite\",\"@id\":\"https:\/\/uraniarecords.com\/#website\",\"url\":\"https:\/\/uraniarecords.com\/\",\"name\":\"Urania Records\",\"description\":\"The Italian classical Label since 1998\",\"potentialAction\":[{\"@type\":\"SearchAction\",\"target\":{\"@type\":\"EntryPoint\",\"urlTemplate\":\"https:\/\/uraniarecords.com\/?s={search_term_string}\"},\"query-input\":\"required name=search_term_string\"}],\"inLanguage\":\"en-US\"},{\"@type\":\"ImageObject\",\"@id\":\"https:\/\/uraniarecords.com\/en\/prodotto\/toscanini-conducts-bruckner\/#primaryimage\",\"inLanguage\":\"en-US\",\"url\":\"https:\/\/uraniarecords.com\/wp-content\/uploads\/2016\/01\/277-cover.jpg\",\"contentUrl\":\"https:\/\/uraniarecords.com\/wp-content\/uploads\/2016\/01\/277-cover.jpg\",\"width\":800,\"height\":800},{\"@type\":\"WebPage\",\"@id\":\"https:\/\/uraniarecords.com\/en\/prodotto\/toscanini-conducts-bruckner\/#webpage\",\"url\":\"https:\/\/uraniarecords.com\/en\/prodotto\/toscanini-conducts-bruckner\/\",\"name\":\"TOSCANINI CONDUCTS BRUCKNER - Urania Records\",\"isPartOf\":{\"@id\":\"https:\/\/uraniarecords.com\/#website\"},\"primaryImageOfPage\":{\"@id\":\"https:\/\/uraniarecords.com\/en\/prodotto\/toscanini-conducts-bruckner\/#primaryimage\"},\"datePublished\":\"2016-01-18T16:54:38+00:00\",\"dateModified\":\"2023-03-31T14:59:25+00:00\",\"breadcrumb\":{\"@id\":\"https:\/\/uraniarecords.com\/en\/prodotto\/toscanini-conducts-bruckner\/#breadcrumb\"},\"inLanguage\":\"en-US\",\"potentialAction\":[{\"@type\":\"ReadAction\",\"target\":[\"https:\/\/uraniarecords.com\/en\/prodotto\/toscanini-conducts-bruckner\/\"]}]},{\"@type\":\"BreadcrumbList\",\"@id\":\"https:\/\/uraniarecords.com\/en\/prodotto\/toscanini-conducts-bruckner\/#breadcrumb\",\"itemListElement\":[{\"@type\":\"ListItem\",\"position\":1,\"name\":\"Home\",\"item\":\"https:\/\/uraniarecords.com\/en\/\"},{\"@type\":\"ListItem\",\"position\":2,\"name\":\"Shop\",\"item\":\"https:\/\/uraniarecords.com\/en\/shop\/\"},{\"@type\":\"ListItem\",\"position\":3,\"name\":\"TOSCANINI CONDUCTS BRUCKNER\"}]}]}<\/script>\n<!-- \/ Yoast SEO plugin. -->","yoast_head_json":{"title":"TOSCANINI CONDUCTS BRUCKNER - Urania Records","robots":{"index":"index","follow":"follow","max-snippet":"max-snippet:-1","max-image-preview":"max-image-preview:large","max-video-preview":"max-video-preview:-1"},"canonical":"https:\/\/uraniarecords.com\/en\/prodotto\/toscanini-conducts-bruckner\/","og_locale":"en_US","og_type":"article","og_title":"TOSCANINI CONDUCTS BRUCKNER - Urania Records","og_description":"WS 121.277 (2 CD) &nbsp; Venezia, 1949 &#8211; Festival di Musica Contemporanea &nbsp; CHERUBINI Anacreon, Ouverture BEETHOVEN Symphony No. 6 in F Major, Op. 68 &#8220;Pastorale&#8221; FRANCK Les Eolid\u00e8s SMETATA The moldau R. STRAUSS Don Juan, Op. 20 WAGNER Die Meistersinger von Nuernberg, Prelude Act I BRUCKNER Symphony No. 7 &nbsp; &nbsp; ARTURO TOSCANINI New&hellip;","og_url":"https:\/\/uraniarecords.com\/en\/prodotto\/toscanini-conducts-bruckner\/","og_site_name":"Urania Records","article_modified_time":"2023-03-31T14:59:25+00:00","og_image":[{"width":800,"height":800,"url":"https:\/\/uraniarecords.com\/wp-content\/uploads\/2016\/01\/277-cover.jpg","type":"image\/jpeg"}],"twitter_card":"summary","twitter_misc":{"Est. reading time":"1 minute"},"schema":{"@context":"https:\/\/schema.org","@graph":[{"@type":"WebSite","@id":"https:\/\/uraniarecords.com\/#website","url":"https:\/\/uraniarecords.com\/","name":"Urania Records","description":"The Italian classical Label since 1998","potentialAction":[{"@type":"SearchAction","target":{"@type":"EntryPoint","urlTemplate":"https:\/\/uraniarecords.com\/?s={search_term_string}"},"query-input":"required name=search_term_string"}],"inLanguage":"en-US"},{"@type":"ImageObject","@id":"https:\/\/uraniarecords.com\/en\/prodotto\/toscanini-conducts-bruckner\/#primaryimage","inLanguage":"en-US","url":"https:\/\/uraniarecords.com\/wp-content\/uploads\/2016\/01\/277-cover.jpg","contentUrl":"https:\/\/uraniarecords.com\/wp-content\/uploads\/2016\/01\/277-cover.jpg","width":800,"height":800},{"@type":"WebPage","@id":"https:\/\/uraniarecords.com\/en\/prodotto\/toscanini-conducts-bruckner\/#webpage","url":"https:\/\/uraniarecords.com\/en\/prodotto\/toscanini-conducts-bruckner\/","name":"TOSCANINI CONDUCTS BRUCKNER - Urania Records","isPartOf":{"@id":"https:\/\/uraniarecords.com\/#website"},"primaryImageOfPage":{"@id":"https:\/\/uraniarecords.com\/en\/prodotto\/toscanini-conducts-bruckner\/#primaryimage"},"datePublished":"2016-01-18T16:54:38+00:00","dateModified":"2023-03-31T14:59:25+00:00","breadcrumb":{"@id":"https:\/\/uraniarecords.com\/en\/prodotto\/toscanini-conducts-bruckner\/#breadcrumb"},"inLanguage":"en-US","potentialAction":[{"@type":"ReadAction","target":["https:\/\/uraniarecords.com\/en\/prodotto\/toscanini-conducts-bruckner\/"]}]},{"@type":"BreadcrumbList","@id":"https:\/\/uraniarecords.com\/en\/prodotto\/toscanini-conducts-bruckner\/#breadcrumb","itemListElement":[{"@type":"ListItem","position":1,"name":"Home","item":"https:\/\/uraniarecords.com\/en\/"},{"@type":"ListItem","position":2,"name":"Shop","item":"https:\/\/uraniarecords.com\/en\/shop\/"},{"@type":"ListItem","position":3,"name":"TOSCANINI CONDUCTS BRUCKNER"}]}]}},"_links":{"self":[{"href":"https:\/\/uraniarecords.com\/en\/wp-json\/wp\/v2\/product\/3561"}],"collection":[{"href":"https:\/\/uraniarecords.com\/en\/wp-json\/wp\/v2\/product"}],"about":[{"href":"https:\/\/uraniarecords.com\/en\/wp-json\/wp\/v2\/types\/product"}],"replies":[{"embeddable":true,"href":"https:\/\/uraniarecords.com\/en\/wp-json\/wp\/v2\/comments?post=3561"}],"wp:featuredmedia":[{"embeddable":true,"href":"https:\/\/uraniarecords.com\/en\/wp-json\/wp\/v2\/media\/4217"}],"wp:attachment":[{"href":"https:\/\/uraniarecords.com\/en\/wp-json\/wp\/v2\/media?parent=3561"}],"wp:term":[{"taxonomy":"product_cat","embeddable":true,"href":"https:\/\/uraniarecords.com\/en\/wp-json\/wp\/v2\/product_cat?post=3561"},{"taxonomy":"product_tag","embeddable":true,"href":"https:\/\/uraniarecords.com\/en\/wp-json\/wp\/v2\/product_tag?post=3561"}],"curies":[{"name":"wp","href":"https:\/\/api.w.org\/{rel}","templated":true}]}}