{"id":3605,"date":"2016-01-18T20:32:40","date_gmt":"2016-01-18T20:32:40","guid":{"rendered":"https:\/\/uraniarecords.com\/en\/prodotto\/leibowitz-conducts\/"},"modified":"2024-10-02T16:32:00","modified_gmt":"2024-10-02T16:32:00","slug":"leibowitz-conducts","status":"publish","type":"product","link":"https:\/\/uraniarecords.com\/en\/prodotto\/leibowitz-conducts\/","title":{"rendered":"LEIBOWITZ CONDUCTS"},"content":{"rendered":"<p>CP 131.500 (4 CD)<\/p>\n<p><strong>LEIBOWITZ CONDUCTS \u00a0<\/strong><\/p>\n<p>&nbsp;<\/p>\n<p><strong>BACH<\/strong>: <em>Passacaglia &amp; Fugue BWV 582<\/em> (1960)<\/p>\n<p><strong>BEETHOVEN<\/strong>: <em>12 German Dances<\/em> (1956)<\/p>\n<p><strong>ROSSINI<\/strong>: Overtures: <em>Guglielmo Tell &#8211; Semiramide &#8211; La Gazza ladra &#8211; L&#8217;italiana in Algeri<\/em> (1955)<\/p>\n<p><strong>WAGNER<\/strong>: <em>Die Meistersinger<\/em>, Prelude Act I (1962)<\/p>\n<p><strong>J. STRAUSS JR<\/strong>: <em>Die Fledermaus<\/em>, ouverture (1961)<\/p>\n<p><strong>SAINT-SA\u00cbNS<\/strong>: <em>Danse macabre<\/em> (1960) &#8211;\u00a0<em>Introduction et Rondo capriccioso<\/em> (1962)<\/p>\n<p><strong>BIZET<\/strong>: <em>Symphony in C Major<\/em>\u00a0(1954)<\/p>\n<p><strong>MUSSORSKY<\/strong>: Pictures at an exhibition &#8211; A night on the bald mountain\u00a0\u00a0(1962)<\/p>\n<p><strong>WALDTEUFEL<\/strong>: Les patineurs\u00a0(1961)<\/p>\n<p><strong>CHABRIER<\/strong>: Espana\u00a0(1960)<\/p>\n<p><strong>DE<\/strong> <strong>FALLA<\/strong>: <em>Danza ritual del fuego<\/em>\u00a0(1961)<\/p>\n<p><strong>RAVEL<\/strong>: <em>Bolero, La Valse\u00a0<\/em>(1960)<\/p>\n<p><strong>ROSSINI-RESPIGHI<\/strong>: <em>La boutique fantastique<\/em>\u00a0(1958)<\/p>\n<p>&nbsp;<\/p>\n<p>New Symphony Orchestra London &#8211; Royal Phihlarmoni Orchestra<\/p>\n<p><strong>Ren\u00e9 Leibowitz<\/strong><\/p>\n<p>&nbsp;<\/p>\n<p>DESCRIZIONE PRODOTTO<\/p>\n<p class=\"p1\">La figura di Ren\u00e9 Leibowitz (1913-1972) \u00e8 oggi ricordata soprattutto come quella di un importante direttore d\u2019orchestra francese di origine polacca. Aldil\u00e0 di questo, Leibowitz \u00e8 stato soprattutto un compositore (con un catalogo di circa 90 composizione) \u00e8 un musicologo di grande prestigio, autore di una fondamentale Storia dell\u2019Opera e della prima revisione filologica della Sinfonie di Beethoven (la cui registrazione abbiamo recentemente pubblicato, Urania WS 121. 278). Questo box raccoglie le non molte registrazioni effettuate da Leibowitz tra il 1954 e il 1962, e in ogni caso si tratta dell\u2019unico documento che testimonia l\u2019arte di questo importante direttore, la cui discografia, purtroppo, \u00e8 ridotta a poche mi significative testimonianze sonore.<\/p>\n","protected":false},"excerpt":{"rendered":"<p>CP 131.500 (4 CD) LEIBOWITZ CONDUCTS \u00a0 &nbsp; BACH: Passacaglia &amp; Fugue BWV 582 (1960) BEETHOVEN: 12 German Dances (1956) ROSSINI: Overtures: Guglielmo Tell &#8211; Semiramide &#8211; La Gazza ladra &#8211; L&#8217;italiana in Algeri (1955) WAGNER: Die Meistersinger, Prelude Act I (1962) J. STRAUSS JR: Die Fledermaus, ouverture (1961) SAINT-SA\u00cbNS: Danse macabre (1960) &#8211;\u00a0Introduction et&hellip;<\/p>\n","protected":false},"featured_media":4046,"comment_status":"open","ping_status":"closed","template":"","meta":[],"product_cat":[87,164],"product_tag":[],"yoast_head":"<!-- This site is optimized with the Yoast SEO plugin v17.5 - https:\/\/yoast.com\/wordpress\/plugins\/seo\/ -->\n<title>LEIBOWITZ CONDUCTS - Urania Records<\/title>\n<meta name=\"robots\" content=\"index, follow, max-snippet:-1, max-image-preview:large, max-video-preview:-1\" \/>\n<link rel=\"canonical\" href=\"https:\/\/uraniarecords.com\/en\/prodotto\/leibowitz-conducts\/\" \/>\n<meta property=\"og:locale\" content=\"en_US\" \/>\n<meta property=\"og:type\" content=\"article\" \/>\n<meta property=\"og:title\" content=\"LEIBOWITZ CONDUCTS - Urania Records\" \/>\n<meta property=\"og:description\" content=\"CP 131.500 (4 CD) LEIBOWITZ CONDUCTS \u00a0 &nbsp; BACH: Passacaglia &amp; Fugue BWV 582 (1960) BEETHOVEN: 12 German Dances (1956) ROSSINI: Overtures: Guglielmo Tell &#8211; Semiramide &#8211; La Gazza ladra &#8211; L&#8217;italiana in Algeri (1955) WAGNER: Die Meistersinger, Prelude Act I (1962) J. STRAUSS JR: Die Fledermaus, ouverture (1961) SAINT-SA\u00cbNS: Danse macabre (1960) &#8211;\u00a0Introduction et&hellip;\" \/>\n<meta property=\"og:url\" content=\"https:\/\/uraniarecords.com\/en\/prodotto\/leibowitz-conducts\/\" \/>\n<meta property=\"og:site_name\" content=\"Urania Records\" \/>\n<meta property=\"article:modified_time\" content=\"2024-10-02T16:32:00+00:00\" \/>\n<meta property=\"og:image\" content=\"https:\/\/uraniarecords.com\/wp-content\/uploads\/2016\/01\/279-500-COVER.jpg\" \/>\n\t<meta property=\"og:image:width\" content=\"800\" \/>\n\t<meta property=\"og:image:height\" content=\"700\" \/>\n<meta name=\"twitter:card\" content=\"summary\" \/>\n<meta name=\"twitter:label1\" content=\"Est. reading time\" \/>\n\t<meta name=\"twitter:data1\" content=\"1 minute\" \/>\n<script type=\"application\/ld+json\" class=\"yoast-schema-graph\">{\"@context\":\"https:\/\/schema.org\",\"@graph\":[{\"@type\":\"WebSite\",\"@id\":\"https:\/\/uraniarecords.com\/#website\",\"url\":\"https:\/\/uraniarecords.com\/\",\"name\":\"Urania Records\",\"description\":\"The Italian classical Label since 1998\",\"potentialAction\":[{\"@type\":\"SearchAction\",\"target\":{\"@type\":\"EntryPoint\",\"urlTemplate\":\"https:\/\/uraniarecords.com\/?s={search_term_string}\"},\"query-input\":\"required name=search_term_string\"}],\"inLanguage\":\"en-US\"},{\"@type\":\"ImageObject\",\"@id\":\"https:\/\/uraniarecords.com\/en\/prodotto\/leibowitz-conducts\/#primaryimage\",\"inLanguage\":\"en-US\",\"url\":\"https:\/\/uraniarecords.com\/wp-content\/uploads\/2016\/01\/279-500-COVER.jpg\",\"contentUrl\":\"https:\/\/uraniarecords.com\/wp-content\/uploads\/2016\/01\/279-500-COVER.jpg\",\"width\":800,\"height\":700},{\"@type\":\"WebPage\",\"@id\":\"https:\/\/uraniarecords.com\/en\/prodotto\/leibowitz-conducts\/#webpage\",\"url\":\"https:\/\/uraniarecords.com\/en\/prodotto\/leibowitz-conducts\/\",\"name\":\"LEIBOWITZ CONDUCTS - Urania Records\",\"isPartOf\":{\"@id\":\"https:\/\/uraniarecords.com\/#website\"},\"primaryImageOfPage\":{\"@id\":\"https:\/\/uraniarecords.com\/en\/prodotto\/leibowitz-conducts\/#primaryimage\"},\"datePublished\":\"2016-01-18T20:32:40+00:00\",\"dateModified\":\"2024-10-02T16:32:00+00:00\",\"breadcrumb\":{\"@id\":\"https:\/\/uraniarecords.com\/en\/prodotto\/leibowitz-conducts\/#breadcrumb\"},\"inLanguage\":\"en-US\",\"potentialAction\":[{\"@type\":\"ReadAction\",\"target\":[\"https:\/\/uraniarecords.com\/en\/prodotto\/leibowitz-conducts\/\"]}]},{\"@type\":\"BreadcrumbList\",\"@id\":\"https:\/\/uraniarecords.com\/en\/prodotto\/leibowitz-conducts\/#breadcrumb\",\"itemListElement\":[{\"@type\":\"ListItem\",\"position\":1,\"name\":\"Home\",\"item\":\"https:\/\/uraniarecords.com\/en\/\"},{\"@type\":\"ListItem\",\"position\":2,\"name\":\"Shop\",\"item\":\"https:\/\/uraniarecords.com\/en\/shop\/\"},{\"@type\":\"ListItem\",\"position\":3,\"name\":\"LEIBOWITZ CONDUCTS\"}]}]}<\/script>\n<!-- \/ Yoast SEO plugin. -->","yoast_head_json":{"title":"LEIBOWITZ CONDUCTS - Urania Records","robots":{"index":"index","follow":"follow","max-snippet":"max-snippet:-1","max-image-preview":"max-image-preview:large","max-video-preview":"max-video-preview:-1"},"canonical":"https:\/\/uraniarecords.com\/en\/prodotto\/leibowitz-conducts\/","og_locale":"en_US","og_type":"article","og_title":"LEIBOWITZ CONDUCTS - Urania Records","og_description":"CP 131.500 (4 CD) LEIBOWITZ CONDUCTS \u00a0 &nbsp; BACH: Passacaglia &amp; Fugue BWV 582 (1960) BEETHOVEN: 12 German Dances (1956) ROSSINI: Overtures: Guglielmo Tell &#8211; Semiramide &#8211; La Gazza ladra &#8211; L&#8217;italiana in Algeri (1955) WAGNER: Die Meistersinger, Prelude Act I (1962) J. STRAUSS JR: Die Fledermaus, ouverture (1961) SAINT-SA\u00cbNS: Danse macabre (1960) &#8211;\u00a0Introduction et&hellip;","og_url":"https:\/\/uraniarecords.com\/en\/prodotto\/leibowitz-conducts\/","og_site_name":"Urania Records","article_modified_time":"2024-10-02T16:32:00+00:00","og_image":[{"width":800,"height":700,"url":"https:\/\/uraniarecords.com\/wp-content\/uploads\/2016\/01\/279-500-COVER.jpg","type":"image\/jpeg"}],"twitter_card":"summary","twitter_misc":{"Est. reading time":"1 minute"},"schema":{"@context":"https:\/\/schema.org","@graph":[{"@type":"WebSite","@id":"https:\/\/uraniarecords.com\/#website","url":"https:\/\/uraniarecords.com\/","name":"Urania Records","description":"The Italian classical Label since 1998","potentialAction":[{"@type":"SearchAction","target":{"@type":"EntryPoint","urlTemplate":"https:\/\/uraniarecords.com\/?s={search_term_string}"},"query-input":"required name=search_term_string"}],"inLanguage":"en-US"},{"@type":"ImageObject","@id":"https:\/\/uraniarecords.com\/en\/prodotto\/leibowitz-conducts\/#primaryimage","inLanguage":"en-US","url":"https:\/\/uraniarecords.com\/wp-content\/uploads\/2016\/01\/279-500-COVER.jpg","contentUrl":"https:\/\/uraniarecords.com\/wp-content\/uploads\/2016\/01\/279-500-COVER.jpg","width":800,"height":700},{"@type":"WebPage","@id":"https:\/\/uraniarecords.com\/en\/prodotto\/leibowitz-conducts\/#webpage","url":"https:\/\/uraniarecords.com\/en\/prodotto\/leibowitz-conducts\/","name":"LEIBOWITZ CONDUCTS - Urania Records","isPartOf":{"@id":"https:\/\/uraniarecords.com\/#website"},"primaryImageOfPage":{"@id":"https:\/\/uraniarecords.com\/en\/prodotto\/leibowitz-conducts\/#primaryimage"},"datePublished":"2016-01-18T20:32:40+00:00","dateModified":"2024-10-02T16:32:00+00:00","breadcrumb":{"@id":"https:\/\/uraniarecords.com\/en\/prodotto\/leibowitz-conducts\/#breadcrumb"},"inLanguage":"en-US","potentialAction":[{"@type":"ReadAction","target":["https:\/\/uraniarecords.com\/en\/prodotto\/leibowitz-conducts\/"]}]},{"@type":"BreadcrumbList","@id":"https:\/\/uraniarecords.com\/en\/prodotto\/leibowitz-conducts\/#breadcrumb","itemListElement":[{"@type":"ListItem","position":1,"name":"Home","item":"https:\/\/uraniarecords.com\/en\/"},{"@type":"ListItem","position":2,"name":"Shop","item":"https:\/\/uraniarecords.com\/en\/shop\/"},{"@type":"ListItem","position":3,"name":"LEIBOWITZ CONDUCTS"}]}]}},"_links":{"self":[{"href":"https:\/\/uraniarecords.com\/en\/wp-json\/wp\/v2\/product\/3605"}],"collection":[{"href":"https:\/\/uraniarecords.com\/en\/wp-json\/wp\/v2\/product"}],"about":[{"href":"https:\/\/uraniarecords.com\/en\/wp-json\/wp\/v2\/types\/product"}],"replies":[{"embeddable":true,"href":"https:\/\/uraniarecords.com\/en\/wp-json\/wp\/v2\/comments?post=3605"}],"wp:featuredmedia":[{"embeddable":true,"href":"https:\/\/uraniarecords.com\/en\/wp-json\/wp\/v2\/media\/4046"}],"wp:attachment":[{"href":"https:\/\/uraniarecords.com\/en\/wp-json\/wp\/v2\/media?parent=3605"}],"wp:term":[{"taxonomy":"product_cat","embeddable":true,"href":"https:\/\/uraniarecords.com\/en\/wp-json\/wp\/v2\/product_cat?post=3605"},{"taxonomy":"product_tag","embeddable":true,"href":"https:\/\/uraniarecords.com\/en\/wp-json\/wp\/v2\/product_tag?post=3605"}],"curies":[{"name":"wp","href":"https:\/\/api.w.org\/{rel}","templated":true}]}}