{"id":3912,"date":"2016-01-19T18:17:44","date_gmt":"2016-01-19T18:17:44","guid":{"rendered":"https:\/\/uraniarecords.com\/en\/prodotto\/bernstein-conducts-beethovev\/"},"modified":"2024-02-16T17:35:49","modified_gmt":"2024-02-16T17:35:49","slug":"beethoven-missa-solemnis-berstein","status":"publish","type":"product","link":"https:\/\/uraniarecords.com\/en\/prodotto\/beethoven-missa-solemnis-berstein\/","title":{"rendered":"BEETHOVEN: MISSA SOLEMNIS, BERNSTEIN"},"content":{"rendered":"<p>WS 121.196 (2 CD)<\/p>\n<p>BEETHOVEN<\/p>\n<p><em><strong>MISSA SOLEMNIS<\/strong><\/em><\/p>\n<p><strong>CHORAL FANTASY OP. 80<\/strong><\/p>\n<p><strong>SYMPHONY NO. 5<\/strong><\/p>\n<p><strong>OVERTURES: <em>EGMONT, LEONORE III<\/em><\/strong><\/p>\n<p>&nbsp;<\/p>\n<p>New York Philharmonic Orchestra, 1960 &#8211; 1962<\/p>\n<p><strong>LEONARD BERNSTEIN<\/strong><\/p>\n<p>&nbsp;<\/p>\n<p>DESCRIZIONE PRODOTTO<\/p>\n<p class=\"p1\">Tra le tante edizioni della <em>Missa Solemnis<\/em> di Beethoven, dopo 50 anni dalla sua registrazione, quella di Leonard Berstein del 1960, resta tra le pi\u00f9 belle ed evocative. Innanzitutto si tratta di una registrazione perfetta dal punto di vista della stereofonia e della qualit\u00e0 del suono, poi \u00e8 l&#8217;interpretazione che ne d\u00e0 il grande direttore americano che la rende di perenne attualit\u00e0: profonda, maestosa, nobile, e insieme raccolta, intima, dolorosa. Con l&#8217;edizione Columbia di Karajan a fine anni &#8217;50, questa incisione resta tra le pi\u00f9 importanti tra quelle prodotte nel Novecento.<\/p>\n","protected":false},"excerpt":{"rendered":"<p>WS 121.196 (2 CD) BEETHOVEN MISSA SOLEMNIS CHORAL FANTASY OP. 80 SYMPHONY NO. 5 OVERTURES: EGMONT, LEONORE III &nbsp; New York Philharmonic Orchestra, 1960 &#8211; 1962 LEONARD BERNSTEIN &nbsp; DESCRIZIONE PRODOTTO Tra le tante edizioni della Missa Solemnis di Beethoven, dopo 50 anni dalla sua registrazione, quella di Leonard Berstein del 1960, resta tra le&hellip;<\/p>\n","protected":false},"featured_media":5016,"comment_status":"open","ping_status":"closed","template":"","meta":[],"product_cat":[87,164],"product_tag":[780],"yoast_head":"<!-- This site is optimized with the Yoast SEO plugin v17.5 - https:\/\/yoast.com\/wordpress\/plugins\/seo\/ -->\n<title>BEETHOVEN: MISSA SOLEMNIS, BERNSTEIN - Urania Records<\/title>\n<meta name=\"robots\" content=\"index, follow, max-snippet:-1, max-image-preview:large, max-video-preview:-1\" \/>\n<link rel=\"canonical\" href=\"https:\/\/uraniarecords.com\/en\/prodotto\/beethoven-missa-solemnis-berstein\/\" \/>\n<meta property=\"og:locale\" content=\"en_US\" \/>\n<meta property=\"og:type\" content=\"article\" \/>\n<meta property=\"og:title\" content=\"BEETHOVEN: MISSA SOLEMNIS, BERNSTEIN - Urania Records\" \/>\n<meta property=\"og:description\" content=\"WS 121.196 (2 CD) BEETHOVEN MISSA SOLEMNIS CHORAL FANTASY OP. 80 SYMPHONY NO. 5 OVERTURES: EGMONT, LEONORE III &nbsp; New York Philharmonic Orchestra, 1960 &#8211; 1962 LEONARD BERNSTEIN &nbsp; DESCRIZIONE PRODOTTO Tra le tante edizioni della Missa Solemnis di Beethoven, dopo 50 anni dalla sua registrazione, quella di Leonard Berstein del 1960, resta tra le&hellip;\" \/>\n<meta property=\"og:url\" content=\"https:\/\/uraniarecords.com\/en\/prodotto\/beethoven-missa-solemnis-berstein\/\" \/>\n<meta property=\"og:site_name\" content=\"Urania Records\" \/>\n<meta property=\"article:modified_time\" content=\"2024-02-16T17:35:49+00:00\" \/>\n<meta property=\"og:image\" content=\"https:\/\/uraniarecords.com\/wp-content\/uploads\/2016\/01\/196-cover.jpg\" \/>\n\t<meta property=\"og:image:width\" content=\"800\" \/>\n\t<meta property=\"og:image:height\" content=\"800\" \/>\n<meta name=\"twitter:card\" content=\"summary\" \/>\n<meta name=\"twitter:label1\" content=\"Est. reading time\" \/>\n\t<meta name=\"twitter:data1\" content=\"1 minute\" \/>\n<script type=\"application\/ld+json\" class=\"yoast-schema-graph\">{\"@context\":\"https:\/\/schema.org\",\"@graph\":[{\"@type\":\"WebSite\",\"@id\":\"https:\/\/uraniarecords.com\/#website\",\"url\":\"https:\/\/uraniarecords.com\/\",\"name\":\"Urania Records\",\"description\":\"The Italian classical Label since 1998\",\"potentialAction\":[{\"@type\":\"SearchAction\",\"target\":{\"@type\":\"EntryPoint\",\"urlTemplate\":\"https:\/\/uraniarecords.com\/?s={search_term_string}\"},\"query-input\":\"required name=search_term_string\"}],\"inLanguage\":\"en-US\"},{\"@type\":\"ImageObject\",\"@id\":\"https:\/\/uraniarecords.com\/en\/prodotto\/beethoven-missa-solemnis-berstein\/#primaryimage\",\"inLanguage\":\"en-US\",\"url\":\"https:\/\/uraniarecords.com\/wp-content\/uploads\/2016\/01\/196-cover.jpg\",\"contentUrl\":\"https:\/\/uraniarecords.com\/wp-content\/uploads\/2016\/01\/196-cover.jpg\",\"width\":800,\"height\":800},{\"@type\":\"WebPage\",\"@id\":\"https:\/\/uraniarecords.com\/en\/prodotto\/beethoven-missa-solemnis-berstein\/#webpage\",\"url\":\"https:\/\/uraniarecords.com\/en\/prodotto\/beethoven-missa-solemnis-berstein\/\",\"name\":\"BEETHOVEN: MISSA SOLEMNIS, BERNSTEIN - Urania Records\",\"isPartOf\":{\"@id\":\"https:\/\/uraniarecords.com\/#website\"},\"primaryImageOfPage\":{\"@id\":\"https:\/\/uraniarecords.com\/en\/prodotto\/beethoven-missa-solemnis-berstein\/#primaryimage\"},\"datePublished\":\"2016-01-19T18:17:44+00:00\",\"dateModified\":\"2024-02-16T17:35:49+00:00\",\"breadcrumb\":{\"@id\":\"https:\/\/uraniarecords.com\/en\/prodotto\/beethoven-missa-solemnis-berstein\/#breadcrumb\"},\"inLanguage\":\"en-US\",\"potentialAction\":[{\"@type\":\"ReadAction\",\"target\":[\"https:\/\/uraniarecords.com\/en\/prodotto\/beethoven-missa-solemnis-berstein\/\"]}]},{\"@type\":\"BreadcrumbList\",\"@id\":\"https:\/\/uraniarecords.com\/en\/prodotto\/beethoven-missa-solemnis-berstein\/#breadcrumb\",\"itemListElement\":[{\"@type\":\"ListItem\",\"position\":1,\"name\":\"Home\",\"item\":\"https:\/\/uraniarecords.com\/en\/\"},{\"@type\":\"ListItem\",\"position\":2,\"name\":\"Shop\",\"item\":\"https:\/\/uraniarecords.com\/en\/shop\/\"},{\"@type\":\"ListItem\",\"position\":3,\"name\":\"BEETHOVEN: MISSA SOLEMNIS, BERNSTEIN\"}]}]}<\/script>\n<!-- \/ Yoast SEO plugin. -->","yoast_head_json":{"title":"BEETHOVEN: MISSA SOLEMNIS, BERNSTEIN - Urania Records","robots":{"index":"index","follow":"follow","max-snippet":"max-snippet:-1","max-image-preview":"max-image-preview:large","max-video-preview":"max-video-preview:-1"},"canonical":"https:\/\/uraniarecords.com\/en\/prodotto\/beethoven-missa-solemnis-berstein\/","og_locale":"en_US","og_type":"article","og_title":"BEETHOVEN: MISSA SOLEMNIS, BERNSTEIN - Urania Records","og_description":"WS 121.196 (2 CD) BEETHOVEN MISSA SOLEMNIS CHORAL FANTASY OP. 80 SYMPHONY NO. 5 OVERTURES: EGMONT, LEONORE III &nbsp; New York Philharmonic Orchestra, 1960 &#8211; 1962 LEONARD BERNSTEIN &nbsp; DESCRIZIONE PRODOTTO Tra le tante edizioni della Missa Solemnis di Beethoven, dopo 50 anni dalla sua registrazione, quella di Leonard Berstein del 1960, resta tra le&hellip;","og_url":"https:\/\/uraniarecords.com\/en\/prodotto\/beethoven-missa-solemnis-berstein\/","og_site_name":"Urania Records","article_modified_time":"2024-02-16T17:35:49+00:00","og_image":[{"width":800,"height":800,"url":"https:\/\/uraniarecords.com\/wp-content\/uploads\/2016\/01\/196-cover.jpg","type":"image\/jpeg"}],"twitter_card":"summary","twitter_misc":{"Est. reading time":"1 minute"},"schema":{"@context":"https:\/\/schema.org","@graph":[{"@type":"WebSite","@id":"https:\/\/uraniarecords.com\/#website","url":"https:\/\/uraniarecords.com\/","name":"Urania Records","description":"The Italian classical Label since 1998","potentialAction":[{"@type":"SearchAction","target":{"@type":"EntryPoint","urlTemplate":"https:\/\/uraniarecords.com\/?s={search_term_string}"},"query-input":"required name=search_term_string"}],"inLanguage":"en-US"},{"@type":"ImageObject","@id":"https:\/\/uraniarecords.com\/en\/prodotto\/beethoven-missa-solemnis-berstein\/#primaryimage","inLanguage":"en-US","url":"https:\/\/uraniarecords.com\/wp-content\/uploads\/2016\/01\/196-cover.jpg","contentUrl":"https:\/\/uraniarecords.com\/wp-content\/uploads\/2016\/01\/196-cover.jpg","width":800,"height":800},{"@type":"WebPage","@id":"https:\/\/uraniarecords.com\/en\/prodotto\/beethoven-missa-solemnis-berstein\/#webpage","url":"https:\/\/uraniarecords.com\/en\/prodotto\/beethoven-missa-solemnis-berstein\/","name":"BEETHOVEN: MISSA SOLEMNIS, BERNSTEIN - Urania Records","isPartOf":{"@id":"https:\/\/uraniarecords.com\/#website"},"primaryImageOfPage":{"@id":"https:\/\/uraniarecords.com\/en\/prodotto\/beethoven-missa-solemnis-berstein\/#primaryimage"},"datePublished":"2016-01-19T18:17:44+00:00","dateModified":"2024-02-16T17:35:49+00:00","breadcrumb":{"@id":"https:\/\/uraniarecords.com\/en\/prodotto\/beethoven-missa-solemnis-berstein\/#breadcrumb"},"inLanguage":"en-US","potentialAction":[{"@type":"ReadAction","target":["https:\/\/uraniarecords.com\/en\/prodotto\/beethoven-missa-solemnis-berstein\/"]}]},{"@type":"BreadcrumbList","@id":"https:\/\/uraniarecords.com\/en\/prodotto\/beethoven-missa-solemnis-berstein\/#breadcrumb","itemListElement":[{"@type":"ListItem","position":1,"name":"Home","item":"https:\/\/uraniarecords.com\/en\/"},{"@type":"ListItem","position":2,"name":"Shop","item":"https:\/\/uraniarecords.com\/en\/shop\/"},{"@type":"ListItem","position":3,"name":"BEETHOVEN: MISSA SOLEMNIS, BERNSTEIN"}]}]}},"_links":{"self":[{"href":"https:\/\/uraniarecords.com\/en\/wp-json\/wp\/v2\/product\/3912"}],"collection":[{"href":"https:\/\/uraniarecords.com\/en\/wp-json\/wp\/v2\/product"}],"about":[{"href":"https:\/\/uraniarecords.com\/en\/wp-json\/wp\/v2\/types\/product"}],"replies":[{"embeddable":true,"href":"https:\/\/uraniarecords.com\/en\/wp-json\/wp\/v2\/comments?post=3912"}],"wp:featuredmedia":[{"embeddable":true,"href":"https:\/\/uraniarecords.com\/en\/wp-json\/wp\/v2\/media\/5016"}],"wp:attachment":[{"href":"https:\/\/uraniarecords.com\/en\/wp-json\/wp\/v2\/media?parent=3912"}],"wp:term":[{"taxonomy":"product_cat","embeddable":true,"href":"https:\/\/uraniarecords.com\/en\/wp-json\/wp\/v2\/product_cat?post=3912"},{"taxonomy":"product_tag","embeddable":true,"href":"https:\/\/uraniarecords.com\/en\/wp-json\/wp\/v2\/product_tag?post=3912"}],"curies":[{"name":"wp","href":"https:\/\/api.w.org\/{rel}","templated":true}]}}