{"id":4247,"date":"2016-01-20T18:28:45","date_gmt":"2016-01-20T18:28:45","guid":{"rendered":"https:\/\/uraniarecords.com\/en\/prodotto\/franco-corelli-recitals\/"},"modified":"2023-03-31T15:11:37","modified_gmt":"2023-03-31T15:11:37","slug":"franco-corelli-recitals","status":"publish","type":"product","link":"https:\/\/uraniarecords.com\/en\/prodotto\/franco-corelli-recitals\/","title":{"rendered":"FRANCO CORELLI RECITALS (1956-1962)"},"content":{"rendered":"<p>WS 121.214<\/p>\n<p><strong>FRANCO CORELLI RECITALS (1956-1962)<\/strong><\/p>\n<p><strong>A DISCOGRAPHIC CAREER<\/strong><\/p>\n<p>Operatic Excerpts, Arias, Duets\u00a0and Songs\u00a0from Bellini, Puccini, Verdi, Donizetti, Rossini, Stradella, Bizet, Mozart, Schubert, Mascagni<\/p>\n<p>Various Orchestras and Conductors, (&#8217;50s &amp; 60&#8217;s)<\/p>\n<p>&nbsp;<\/p>\n<p>DESCRIZIONE PRODOTTO<\/p>\n<p class=\"p1\">La figura di Franco Corelli \u00e8 probabilmente quella del tenore pi\u00f9 venerato al mondo, indipendentemente dal paese e dalle culture, e lo \u00e8 forse di pi\u00f9 di quelle di un Del Monaco e di un Pavarotti, che pure hanno infiniti ammiratori e soprattutto hanno lasciato un numero molto pi\u00f9 vasto di registrazioni. Corelli, al contrario, ha registrato abbastanza poco: non pi\u00f9 Di sette o otto opere complete, pi\u00f9 un numero molto limitato di recital. Eppure egli rappresenta al massimo grado la figura del tenore eroico italiano per eccellenza. Certi personaggi del melodramma come Andrea Ch\u00e9nier, Manrico, Radames, Canio, Pollione, Calaf, possono quasi essere identificati con lui. L&#8217;immane potenza vocale, l&#8217;enorme capacit\u00e0 di coinvolgimento emotivo e le doti stilistiche vocali sono a tutt&#8217;oggi talmente indiscutibili che le nuove generazioni di cantanti guardano a Franco Corelli come a un modello irraggiungibile, collocato nel mito. Questa \u00e8 la prima antologia che ne ripercorre la carriera attraverso il repertorio. Si tratta unicamente di registrazioni effettuate in studio, che vanno dalle grandi opere di repertorio tipiche di Corelli agli excursus dei recital, con i meravigliosi sconfinamenti nella canzone napoletana e nei canti sacri. Sono quattro ore di canto leggendario.<\/p>\n","protected":false},"excerpt":{"rendered":"<p>WS 121.214 FRANCO CORELLI RECITALS (1956-1962) A DISCOGRAPHIC CAREER Operatic Excerpts, Arias, Duets\u00a0and Songs\u00a0from Bellini, Puccini, Verdi, Donizetti, Rossini, Stradella, Bizet, Mozart, Schubert, Mascagni Various Orchestras and Conductors, (&#8217;50s &amp; 60&#8217;s) &nbsp; DESCRIZIONE PRODOTTO La figura di Franco Corelli \u00e8 probabilmente quella del tenore pi\u00f9 venerato al mondo, indipendentemente dal paese e dalle culture, e&hellip;<\/p>\n","protected":false},"featured_media":5023,"comment_status":"open","ping_status":"closed","template":"","meta":[],"product_cat":[168],"product_tag":[815],"yoast_head":"<!-- This site is optimized with the Yoast SEO plugin v17.5 - https:\/\/yoast.com\/wordpress\/plugins\/seo\/ -->\n<title>FRANCO CORELLI RECITALS (1956-1962) - Urania Records<\/title>\n<meta name=\"robots\" content=\"index, follow, max-snippet:-1, max-image-preview:large, max-video-preview:-1\" \/>\n<link rel=\"canonical\" href=\"https:\/\/uraniarecords.com\/en\/prodotto\/franco-corelli-recitals\/\" \/>\n<meta property=\"og:locale\" content=\"en_US\" \/>\n<meta property=\"og:type\" content=\"article\" \/>\n<meta property=\"og:title\" content=\"FRANCO CORELLI RECITALS (1956-1962) - Urania Records\" \/>\n<meta property=\"og:description\" content=\"WS 121.214 FRANCO CORELLI RECITALS (1956-1962) A DISCOGRAPHIC CAREER Operatic Excerpts, Arias, Duets\u00a0and Songs\u00a0from Bellini, Puccini, Verdi, Donizetti, Rossini, Stradella, Bizet, Mozart, Schubert, Mascagni Various Orchestras and Conductors, (&#8217;50s &amp; 60&#8217;s) &nbsp; DESCRIZIONE PRODOTTO La figura di Franco Corelli \u00e8 probabilmente quella del tenore pi\u00f9 venerato al mondo, indipendentemente dal paese e dalle culture, e&hellip;\" \/>\n<meta property=\"og:url\" content=\"https:\/\/uraniarecords.com\/en\/prodotto\/franco-corelli-recitals\/\" \/>\n<meta property=\"og:site_name\" content=\"Urania Records\" \/>\n<meta property=\"article:modified_time\" content=\"2023-03-31T15:11:37+00:00\" \/>\n<meta property=\"og:image\" content=\"https:\/\/uraniarecords.com\/wp-content\/uploads\/2016\/01\/214-CORELLI-COVER.jpg\" \/>\n\t<meta property=\"og:image:width\" content=\"800\" \/>\n\t<meta property=\"og:image:height\" content=\"700\" \/>\n<meta name=\"twitter:card\" content=\"summary\" \/>\n<meta name=\"twitter:label1\" content=\"Est. reading time\" \/>\n\t<meta name=\"twitter:data1\" content=\"1 minute\" \/>\n<script type=\"application\/ld+json\" class=\"yoast-schema-graph\">{\"@context\":\"https:\/\/schema.org\",\"@graph\":[{\"@type\":\"WebSite\",\"@id\":\"https:\/\/uraniarecords.com\/#website\",\"url\":\"https:\/\/uraniarecords.com\/\",\"name\":\"Urania Records\",\"description\":\"The Italian classical Label since 1998\",\"potentialAction\":[{\"@type\":\"SearchAction\",\"target\":{\"@type\":\"EntryPoint\",\"urlTemplate\":\"https:\/\/uraniarecords.com\/?s={search_term_string}\"},\"query-input\":\"required name=search_term_string\"}],\"inLanguage\":\"en-US\"},{\"@type\":\"ImageObject\",\"@id\":\"https:\/\/uraniarecords.com\/en\/prodotto\/franco-corelli-recitals\/#primaryimage\",\"inLanguage\":\"en-US\",\"url\":\"https:\/\/uraniarecords.com\/wp-content\/uploads\/2016\/01\/214-CORELLI-COVER.jpg\",\"contentUrl\":\"https:\/\/uraniarecords.com\/wp-content\/uploads\/2016\/01\/214-CORELLI-COVER.jpg\",\"width\":800,\"height\":700},{\"@type\":\"WebPage\",\"@id\":\"https:\/\/uraniarecords.com\/en\/prodotto\/franco-corelli-recitals\/#webpage\",\"url\":\"https:\/\/uraniarecords.com\/en\/prodotto\/franco-corelli-recitals\/\",\"name\":\"FRANCO CORELLI RECITALS (1956-1962) - Urania Records\",\"isPartOf\":{\"@id\":\"https:\/\/uraniarecords.com\/#website\"},\"primaryImageOfPage\":{\"@id\":\"https:\/\/uraniarecords.com\/en\/prodotto\/franco-corelli-recitals\/#primaryimage\"},\"datePublished\":\"2016-01-20T18:28:45+00:00\",\"dateModified\":\"2023-03-31T15:11:37+00:00\",\"breadcrumb\":{\"@id\":\"https:\/\/uraniarecords.com\/en\/prodotto\/franco-corelli-recitals\/#breadcrumb\"},\"inLanguage\":\"en-US\",\"potentialAction\":[{\"@type\":\"ReadAction\",\"target\":[\"https:\/\/uraniarecords.com\/en\/prodotto\/franco-corelli-recitals\/\"]}]},{\"@type\":\"BreadcrumbList\",\"@id\":\"https:\/\/uraniarecords.com\/en\/prodotto\/franco-corelli-recitals\/#breadcrumb\",\"itemListElement\":[{\"@type\":\"ListItem\",\"position\":1,\"name\":\"Home\",\"item\":\"https:\/\/uraniarecords.com\/en\/\"},{\"@type\":\"ListItem\",\"position\":2,\"name\":\"Shop\",\"item\":\"https:\/\/uraniarecords.com\/en\/shop\/\"},{\"@type\":\"ListItem\",\"position\":3,\"name\":\"FRANCO CORELLI RECITALS (1956-1962)\"}]}]}<\/script>\n<!-- \/ Yoast SEO plugin. -->","yoast_head_json":{"title":"FRANCO CORELLI RECITALS (1956-1962) - Urania Records","robots":{"index":"index","follow":"follow","max-snippet":"max-snippet:-1","max-image-preview":"max-image-preview:large","max-video-preview":"max-video-preview:-1"},"canonical":"https:\/\/uraniarecords.com\/en\/prodotto\/franco-corelli-recitals\/","og_locale":"en_US","og_type":"article","og_title":"FRANCO CORELLI RECITALS (1956-1962) - Urania Records","og_description":"WS 121.214 FRANCO CORELLI RECITALS (1956-1962) A DISCOGRAPHIC CAREER Operatic Excerpts, Arias, Duets\u00a0and Songs\u00a0from Bellini, Puccini, Verdi, Donizetti, Rossini, Stradella, Bizet, Mozart, Schubert, Mascagni Various Orchestras and Conductors, (&#8217;50s &amp; 60&#8217;s) &nbsp; DESCRIZIONE PRODOTTO La figura di Franco Corelli \u00e8 probabilmente quella del tenore pi\u00f9 venerato al mondo, indipendentemente dal paese e dalle culture, e&hellip;","og_url":"https:\/\/uraniarecords.com\/en\/prodotto\/franco-corelli-recitals\/","og_site_name":"Urania Records","article_modified_time":"2023-03-31T15:11:37+00:00","og_image":[{"width":800,"height":700,"url":"https:\/\/uraniarecords.com\/wp-content\/uploads\/2016\/01\/214-CORELLI-COVER.jpg","type":"image\/jpeg"}],"twitter_card":"summary","twitter_misc":{"Est. reading time":"1 minute"},"schema":{"@context":"https:\/\/schema.org","@graph":[{"@type":"WebSite","@id":"https:\/\/uraniarecords.com\/#website","url":"https:\/\/uraniarecords.com\/","name":"Urania Records","description":"The Italian classical Label since 1998","potentialAction":[{"@type":"SearchAction","target":{"@type":"EntryPoint","urlTemplate":"https:\/\/uraniarecords.com\/?s={search_term_string}"},"query-input":"required name=search_term_string"}],"inLanguage":"en-US"},{"@type":"ImageObject","@id":"https:\/\/uraniarecords.com\/en\/prodotto\/franco-corelli-recitals\/#primaryimage","inLanguage":"en-US","url":"https:\/\/uraniarecords.com\/wp-content\/uploads\/2016\/01\/214-CORELLI-COVER.jpg","contentUrl":"https:\/\/uraniarecords.com\/wp-content\/uploads\/2016\/01\/214-CORELLI-COVER.jpg","width":800,"height":700},{"@type":"WebPage","@id":"https:\/\/uraniarecords.com\/en\/prodotto\/franco-corelli-recitals\/#webpage","url":"https:\/\/uraniarecords.com\/en\/prodotto\/franco-corelli-recitals\/","name":"FRANCO CORELLI RECITALS (1956-1962) - Urania Records","isPartOf":{"@id":"https:\/\/uraniarecords.com\/#website"},"primaryImageOfPage":{"@id":"https:\/\/uraniarecords.com\/en\/prodotto\/franco-corelli-recitals\/#primaryimage"},"datePublished":"2016-01-20T18:28:45+00:00","dateModified":"2023-03-31T15:11:37+00:00","breadcrumb":{"@id":"https:\/\/uraniarecords.com\/en\/prodotto\/franco-corelli-recitals\/#breadcrumb"},"inLanguage":"en-US","potentialAction":[{"@type":"ReadAction","target":["https:\/\/uraniarecords.com\/en\/prodotto\/franco-corelli-recitals\/"]}]},{"@type":"BreadcrumbList","@id":"https:\/\/uraniarecords.com\/en\/prodotto\/franco-corelli-recitals\/#breadcrumb","itemListElement":[{"@type":"ListItem","position":1,"name":"Home","item":"https:\/\/uraniarecords.com\/en\/"},{"@type":"ListItem","position":2,"name":"Shop","item":"https:\/\/uraniarecords.com\/en\/shop\/"},{"@type":"ListItem","position":3,"name":"FRANCO CORELLI RECITALS (1956-1962)"}]}]}},"_links":{"self":[{"href":"https:\/\/uraniarecords.com\/en\/wp-json\/wp\/v2\/product\/4247"}],"collection":[{"href":"https:\/\/uraniarecords.com\/en\/wp-json\/wp\/v2\/product"}],"about":[{"href":"https:\/\/uraniarecords.com\/en\/wp-json\/wp\/v2\/types\/product"}],"replies":[{"embeddable":true,"href":"https:\/\/uraniarecords.com\/en\/wp-json\/wp\/v2\/comments?post=4247"}],"wp:featuredmedia":[{"embeddable":true,"href":"https:\/\/uraniarecords.com\/en\/wp-json\/wp\/v2\/media\/5023"}],"wp:attachment":[{"href":"https:\/\/uraniarecords.com\/en\/wp-json\/wp\/v2\/media?parent=4247"}],"wp:term":[{"taxonomy":"product_cat","embeddable":true,"href":"https:\/\/uraniarecords.com\/en\/wp-json\/wp\/v2\/product_cat?post=4247"},{"taxonomy":"product_tag","embeddable":true,"href":"https:\/\/uraniarecords.com\/en\/wp-json\/wp\/v2\/product_tag?post=4247"}],"curies":[{"name":"wp","href":"https:\/\/api.w.org\/{rel}","templated":true}]}}