{"id":5870,"date":"2016-01-25T17:05:16","date_gmt":"2016-01-25T17:05:16","guid":{"rendered":"https:\/\/uraniarecords.com\/fr\/?page_id=5870"},"modified":"2016-01-25T18:34:28","modified_gmt":"2016-01-25T18:34:28","slug":"qui-sommes-nous","status":"publish","type":"page","link":"https:\/\/uraniarecords.com\/fr\/qui-sommes-nous\/","title":{"rendered":"QUI SOMMES-NOUS?"},"content":{"rendered":"<p><em>Urania Records<\/em> est un label ind\u00e9pendant, qui op\u00e8re pr\u00e8s du lac de C\u00f4me depuis 1998.<br \/>\nSa production englobe tout le domaine de la musique classique et est divis\u00e9e en deux cat\u00e9gories, en comprennent des documents historiques et digitales.<br \/>\nToutes nos collections historiques offrent enregistrements de haute qualit\u00e9 restaur\u00e9s en 24 bits et 96 kHz avec une m\u00e9thode qui, en conservant le son naturel de la source, r\u00e9cup\u00e8re pleinement la beaut\u00e9 de l&rsquo;enregistrement original. Urania suivre avec particuli\u00e8re attention les plus grands directeurs et artistes du XXe si\u00e8cle et propose des enregistrements rares et in\u00e9dits.<br \/>\nTous nos CD sont publi\u00e9s conform\u00e9ment aux normes internationales en vigueur et sont autoris\u00e9es par la SIAE italienne.<br \/>\nLa nouvelle collection <em>Leonardo<\/em> propose de nouveaux enregistrements avec tous les types de formation instrumentale, en accordant une attention particuli\u00e8re aux premiers enregistrements mondiaux et aux r\u00e9pertoires non-traditionnels.<br \/>\n<em>Urania<\/em> est distribu\u00e9 \u00e0 niveau international \u00e0 travers les meilleurs distributeurs sp\u00e9cialis\u00e9s en Cd de musique classique et \u00e0 travers la distribution num\u00e9rique.<br \/>\nLe catalogue de Urania comprend plus de 500 titres.<\/p>\n","protected":false},"excerpt":{"rendered":"<p>Urania Records est un label ind\u00e9pendant, qui op\u00e8re pr\u00e8s du lac de C\u00f4me depuis 1998. Sa production englobe tout le domaine de la musique classique et est divis\u00e9e en deux cat\u00e9gories, en comprennent des documents historiques et digitales. Toutes nos collections historiques offrent enregistrements de haute qualit\u00e9 restaur\u00e9s en 24 bits et 96 kHz avec&hellip;<\/p>\n","protected":false},"author":1,"featured_media":0,"parent":0,"menu_order":0,"comment_status":"closed","ping_status":"closed","template":"","meta":[],"yoast_head":"<!-- This site is optimized with the Yoast SEO plugin v17.5 - https:\/\/yoast.com\/wordpress\/plugins\/seo\/ -->\n<title>QUI SOMMES-NOUS? - Urania Records<\/title>\n<meta name=\"robots\" content=\"index, follow, max-snippet:-1, max-image-preview:large, max-video-preview:-1\" \/>\n<link rel=\"canonical\" href=\"https:\/\/uraniarecords.com\/fr\/qui-sommes-nous\/\" \/>\n<meta property=\"og:locale\" content=\"fr_FR\" \/>\n<meta property=\"og:type\" content=\"article\" \/>\n<meta property=\"og:title\" content=\"QUI SOMMES-NOUS? - Urania Records\" \/>\n<meta property=\"og:description\" content=\"Urania Records est un label ind\u00e9pendant, qui op\u00e8re pr\u00e8s du lac de C\u00f4me depuis 1998. Sa production englobe tout le domaine de la musique classique et est divis\u00e9e en deux cat\u00e9gories, en comprennent des documents historiques et digitales. Toutes nos collections historiques offrent enregistrements de haute qualit\u00e9 restaur\u00e9s en 24 bits et 96 kHz avec&hellip;\" \/>\n<meta property=\"og:url\" content=\"https:\/\/uraniarecords.com\/fr\/qui-sommes-nous\/\" \/>\n<meta property=\"og:site_name\" content=\"Urania Records\" \/>\n<meta property=\"article:modified_time\" content=\"2016-01-25T18:34:28+00:00\" \/>\n<meta name=\"twitter:card\" content=\"summary\" \/>\n<meta name=\"twitter:label1\" content=\"Dur\u00e9e de lecture est.\" \/>\n\t<meta name=\"twitter:data1\" content=\"1 minute\" \/>\n<script type=\"application\/ld+json\" class=\"yoast-schema-graph\">{\"@context\":\"https:\/\/schema.org\",\"@graph\":[{\"@type\":\"WebSite\",\"@id\":\"https:\/\/uraniarecords.com\/#website\",\"url\":\"https:\/\/uraniarecords.com\/\",\"name\":\"Urania Records\",\"description\":\"The Italian classical Label since 1998\",\"potentialAction\":[{\"@type\":\"SearchAction\",\"target\":{\"@type\":\"EntryPoint\",\"urlTemplate\":\"https:\/\/uraniarecords.com\/?s={search_term_string}\"},\"query-input\":\"required name=search_term_string\"}],\"inLanguage\":\"fr-FR\"},{\"@type\":\"WebPage\",\"@id\":\"https:\/\/uraniarecords.com\/fr\/qui-sommes-nous\/#webpage\",\"url\":\"https:\/\/uraniarecords.com\/fr\/qui-sommes-nous\/\",\"name\":\"QUI SOMMES-NOUS? - Urania Records\",\"isPartOf\":{\"@id\":\"https:\/\/uraniarecords.com\/#website\"},\"datePublished\":\"2016-01-25T17:05:16+00:00\",\"dateModified\":\"2016-01-25T18:34:28+00:00\",\"breadcrumb\":{\"@id\":\"https:\/\/uraniarecords.com\/fr\/qui-sommes-nous\/#breadcrumb\"},\"inLanguage\":\"fr-FR\",\"potentialAction\":[{\"@type\":\"ReadAction\",\"target\":[\"https:\/\/uraniarecords.com\/fr\/qui-sommes-nous\/\"]}]},{\"@type\":\"BreadcrumbList\",\"@id\":\"https:\/\/uraniarecords.com\/fr\/qui-sommes-nous\/#breadcrumb\",\"itemListElement\":[{\"@type\":\"ListItem\",\"position\":1,\"name\":\"Home\",\"item\":\"https:\/\/uraniarecords.com\/fr\/\"},{\"@type\":\"ListItem\",\"position\":2,\"name\":\"QUI SOMMES-NOUS?\"}]}]}<\/script>\n<!-- \/ Yoast SEO plugin. -->","yoast_head_json":{"title":"QUI SOMMES-NOUS? - Urania Records","robots":{"index":"index","follow":"follow","max-snippet":"max-snippet:-1","max-image-preview":"max-image-preview:large","max-video-preview":"max-video-preview:-1"},"canonical":"https:\/\/uraniarecords.com\/fr\/qui-sommes-nous\/","og_locale":"fr_FR","og_type":"article","og_title":"QUI SOMMES-NOUS? - Urania Records","og_description":"Urania Records est un label ind\u00e9pendant, qui op\u00e8re pr\u00e8s du lac de C\u00f4me depuis 1998. Sa production englobe tout le domaine de la musique classique et est divis\u00e9e en deux cat\u00e9gories, en comprennent des documents historiques et digitales. Toutes nos collections historiques offrent enregistrements de haute qualit\u00e9 restaur\u00e9s en 24 bits et 96 kHz avec&hellip;","og_url":"https:\/\/uraniarecords.com\/fr\/qui-sommes-nous\/","og_site_name":"Urania Records","article_modified_time":"2016-01-25T18:34:28+00:00","twitter_card":"summary","twitter_misc":{"Dur\u00e9e de lecture est.":"1 minute"},"schema":{"@context":"https:\/\/schema.org","@graph":[{"@type":"WebSite","@id":"https:\/\/uraniarecords.com\/#website","url":"https:\/\/uraniarecords.com\/","name":"Urania Records","description":"The Italian classical Label since 1998","potentialAction":[{"@type":"SearchAction","target":{"@type":"EntryPoint","urlTemplate":"https:\/\/uraniarecords.com\/?s={search_term_string}"},"query-input":"required name=search_term_string"}],"inLanguage":"fr-FR"},{"@type":"WebPage","@id":"https:\/\/uraniarecords.com\/fr\/qui-sommes-nous\/#webpage","url":"https:\/\/uraniarecords.com\/fr\/qui-sommes-nous\/","name":"QUI SOMMES-NOUS? - Urania Records","isPartOf":{"@id":"https:\/\/uraniarecords.com\/#website"},"datePublished":"2016-01-25T17:05:16+00:00","dateModified":"2016-01-25T18:34:28+00:00","breadcrumb":{"@id":"https:\/\/uraniarecords.com\/fr\/qui-sommes-nous\/#breadcrumb"},"inLanguage":"fr-FR","potentialAction":[{"@type":"ReadAction","target":["https:\/\/uraniarecords.com\/fr\/qui-sommes-nous\/"]}]},{"@type":"BreadcrumbList","@id":"https:\/\/uraniarecords.com\/fr\/qui-sommes-nous\/#breadcrumb","itemListElement":[{"@type":"ListItem","position":1,"name":"Home","item":"https:\/\/uraniarecords.com\/fr\/"},{"@type":"ListItem","position":2,"name":"QUI SOMMES-NOUS?"}]}]}},"_links":{"self":[{"href":"https:\/\/uraniarecords.com\/fr\/wp-json\/wp\/v2\/pages\/5870"}],"collection":[{"href":"https:\/\/uraniarecords.com\/fr\/wp-json\/wp\/v2\/pages"}],"about":[{"href":"https:\/\/uraniarecords.com\/fr\/wp-json\/wp\/v2\/types\/page"}],"author":[{"embeddable":true,"href":"https:\/\/uraniarecords.com\/fr\/wp-json\/wp\/v2\/users\/1"}],"replies":[{"embeddable":true,"href":"https:\/\/uraniarecords.com\/fr\/wp-json\/wp\/v2\/comments?post=5870"}],"version-history":[{"count":0,"href":"https:\/\/uraniarecords.com\/fr\/wp-json\/wp\/v2\/pages\/5870\/revisions"}],"wp:attachment":[{"href":"https:\/\/uraniarecords.com\/fr\/wp-json\/wp\/v2\/media?parent=5870"}],"curies":[{"name":"wp","href":"https:\/\/api.w.org\/{rel}","templated":true}]}}