{"id":14004,"date":"2018-05-31T14:50:42","date_gmt":"2018-05-31T14:50:42","guid":{"rendered":"https:\/\/uraniarecords.com\/?post_type=product&#038;p=14004"},"modified":"2026-02-10T07:25:31","modified_gmt":"2026-02-10T07:25:31","slug":"rossini-soirees-musicales-and-other-works","status":"publish","type":"product","link":"https:\/\/uraniarecords.com\/fr\/prodotto\/rossini-soirees-musicales-and-other-works\/","title":{"rendered":"ROSSINI: SOIR\u00c9ES MUSICALES AND OTHER WORKS"},"content":{"rendered":"<p>ROSSINI: SOIR\u00c9ES MUSICALES AND OTHER WORKS<\/p>\n<p>1-3 <em>La regata veneziana<\/em><\/p>\n<p>4 <em>Mi lagner\u00f2 tacendo<\/em> (dedicated to Gilbert-Lous Duprez) *<\/p>\n<p>5 <em>Mi lagner\u00f2 tacendo<\/em> (dedicated to Marquise Victoria Trivulzio Carandini) *<\/p>\n<p>6-17 <em>Soir\u00e9es musicales<\/em><\/p>\n<p>&nbsp;<\/p>\n<p>*FIRST WORLD RECORDING<\/p>\n<p>&nbsp;<\/p>\n<p>&nbsp;<\/p>\n<p>Valentina Varriale &#8211; soprano<\/p>\n<p>Monica Carletti &#8211; mezzosoprano<\/p>\n<p>Giulio Pelligra &#8211; tenor<\/p>\n<p>Salvatore Grigoli &#8211; bass<\/p>\n<p>Marco Sollini &#8211; piano<\/p>\n<p>(1 CD)<\/p>\n<p>&nbsp;<\/p>\n","protected":false},"excerpt":{"rendered":"<p>ROSSINI: SOIR\u00c9ES MUSICALES AND OTHER WORKS 1-3 La regata veneziana 4 Mi lagner\u00f2 tacendo (dedicated to Gilbert-Lous Duprez) * 5 Mi lagner\u00f2 tacendo (dedicated to Marquise Victoria Trivulzio Carandini) * 6-17 Soir\u00e9es musicales &nbsp; *FIRST WORLD RECORDING &nbsp; &nbsp; Valentina Varriale &#8211; soprano Monica Carletti &#8211; mezzosoprano Giulio Pelligra &#8211; tenor Salvatore Grigoli &#8211; bass&hellip;<\/p>\n","protected":false},"featured_media":14012,"comment_status":"open","ping_status":"closed","template":"","meta":[],"product_cat":[126,144],"product_tag":[],"yoast_head":"<!-- This site is optimized with the Yoast SEO plugin v17.5 - https:\/\/yoast.com\/wordpress\/plugins\/seo\/ -->\n<title>ROSSINI: SOIR\u00c9ES MUSICALES AND OTHER WORKS - Urania Records<\/title>\n<meta name=\"robots\" content=\"index, follow, max-snippet:-1, max-image-preview:large, max-video-preview:-1\" \/>\n<link rel=\"canonical\" href=\"https:\/\/uraniarecords.com\/fr\/prodotto\/rossini-soirees-musicales-and-other-works\/\" \/>\n<meta property=\"og:locale\" content=\"fr_FR\" \/>\n<meta property=\"og:type\" content=\"article\" \/>\n<meta property=\"og:title\" content=\"ROSSINI: SOIR\u00c9ES MUSICALES AND OTHER WORKS - Urania Records\" \/>\n<meta property=\"og:description\" content=\"ROSSINI: SOIR\u00c9ES MUSICALES AND OTHER WORKS 1-3 La regata veneziana 4 Mi lagner\u00f2 tacendo (dedicated to Gilbert-Lous Duprez) * 5 Mi lagner\u00f2 tacendo (dedicated to Marquise Victoria Trivulzio Carandini) * 6-17 Soir\u00e9es musicales &nbsp; *FIRST WORLD RECORDING &nbsp; &nbsp; Valentina Varriale &#8211; soprano Monica Carletti &#8211; mezzosoprano Giulio Pelligra &#8211; tenor Salvatore Grigoli &#8211; bass&hellip;\" \/>\n<meta property=\"og:url\" content=\"https:\/\/uraniarecords.com\/fr\/prodotto\/rossini-soirees-musicales-and-other-works\/\" \/>\n<meta property=\"og:site_name\" content=\"Urania Records\" \/>\n<meta property=\"article:modified_time\" content=\"2026-02-10T07:25:31+00:00\" \/>\n<meta property=\"og:image\" content=\"https:\/\/uraniarecords.com\/wp-content\/uploads\/2018\/05\/14041-cover-sito-1.jpg\" \/>\n\t<meta property=\"og:image:width\" content=\"800\" \/>\n\t<meta property=\"og:image:height\" content=\"800\" \/>\n<meta name=\"twitter:card\" content=\"summary\" \/>\n<script type=\"application\/ld+json\" class=\"yoast-schema-graph\">{\"@context\":\"https:\/\/schema.org\",\"@graph\":[{\"@type\":\"WebSite\",\"@id\":\"https:\/\/uraniarecords.com\/#website\",\"url\":\"https:\/\/uraniarecords.com\/\",\"name\":\"Urania Records\",\"description\":\"The Italian classical Label since 1998\",\"potentialAction\":[{\"@type\":\"SearchAction\",\"target\":{\"@type\":\"EntryPoint\",\"urlTemplate\":\"https:\/\/uraniarecords.com\/?s={search_term_string}\"},\"query-input\":\"required name=search_term_string\"}],\"inLanguage\":\"fr-FR\"},{\"@type\":\"ImageObject\",\"@id\":\"https:\/\/uraniarecords.com\/fr\/prodotto\/rossini-soirees-musicales-and-other-works\/#primaryimage\",\"inLanguage\":\"fr-FR\",\"url\":\"https:\/\/uraniarecords.com\/wp-content\/uploads\/2018\/05\/14041-cover-sito-1.jpg\",\"contentUrl\":\"https:\/\/uraniarecords.com\/wp-content\/uploads\/2018\/05\/14041-cover-sito-1.jpg\",\"width\":800,\"height\":800},{\"@type\":\"WebPage\",\"@id\":\"https:\/\/uraniarecords.com\/fr\/prodotto\/rossini-soirees-musicales-and-other-works\/#webpage\",\"url\":\"https:\/\/uraniarecords.com\/fr\/prodotto\/rossini-soirees-musicales-and-other-works\/\",\"name\":\"ROSSINI: SOIR\\u00c9ES MUSICALES AND OTHER WORKS - Urania Records\",\"isPartOf\":{\"@id\":\"https:\/\/uraniarecords.com\/#website\"},\"primaryImageOfPage\":{\"@id\":\"https:\/\/uraniarecords.com\/fr\/prodotto\/rossini-soirees-musicales-and-other-works\/#primaryimage\"},\"datePublished\":\"2018-05-31T14:50:42+00:00\",\"dateModified\":\"2026-02-10T07:25:31+00:00\",\"breadcrumb\":{\"@id\":\"https:\/\/uraniarecords.com\/fr\/prodotto\/rossini-soirees-musicales-and-other-works\/#breadcrumb\"},\"inLanguage\":\"fr-FR\",\"potentialAction\":[{\"@type\":\"ReadAction\",\"target\":[\"https:\/\/uraniarecords.com\/fr\/prodotto\/rossini-soirees-musicales-and-other-works\/\"]}]},{\"@type\":\"BreadcrumbList\",\"@id\":\"https:\/\/uraniarecords.com\/fr\/prodotto\/rossini-soirees-musicales-and-other-works\/#breadcrumb\",\"itemListElement\":[{\"@type\":\"ListItem\",\"position\":1,\"name\":\"Home\",\"item\":\"https:\/\/uraniarecords.com\/fr\/\"},{\"@type\":\"ListItem\",\"position\":2,\"name\":\"Boutique\",\"item\":\"https:\/\/uraniarecords.com\/fr\/boutique\/\"},{\"@type\":\"ListItem\",\"position\":3,\"name\":\"ROSSINI: SOIR\\u00c9ES MUSICALES AND OTHER WORKS\"}]}]}<\/script>\n<!-- \/ Yoast SEO plugin. -->","yoast_head_json":{"title":"ROSSINI: SOIR\u00c9ES MUSICALES AND OTHER WORKS - Urania Records","robots":{"index":"index","follow":"follow","max-snippet":"max-snippet:-1","max-image-preview":"max-image-preview:large","max-video-preview":"max-video-preview:-1"},"canonical":"https:\/\/uraniarecords.com\/fr\/prodotto\/rossini-soirees-musicales-and-other-works\/","og_locale":"fr_FR","og_type":"article","og_title":"ROSSINI: SOIR\u00c9ES MUSICALES AND OTHER WORKS - Urania Records","og_description":"ROSSINI: SOIR\u00c9ES MUSICALES AND OTHER WORKS 1-3 La regata veneziana 4 Mi lagner\u00f2 tacendo (dedicated to Gilbert-Lous Duprez) * 5 Mi lagner\u00f2 tacendo (dedicated to Marquise Victoria Trivulzio Carandini) * 6-17 Soir\u00e9es musicales &nbsp; *FIRST WORLD RECORDING &nbsp; &nbsp; Valentina Varriale &#8211; soprano Monica Carletti &#8211; mezzosoprano Giulio Pelligra &#8211; tenor Salvatore Grigoli &#8211; bass&hellip;","og_url":"https:\/\/uraniarecords.com\/fr\/prodotto\/rossini-soirees-musicales-and-other-works\/","og_site_name":"Urania Records","article_modified_time":"2026-02-10T07:25:31+00:00","og_image":[{"width":800,"height":800,"url":"https:\/\/uraniarecords.com\/wp-content\/uploads\/2018\/05\/14041-cover-sito-1.jpg","type":"image\/jpeg"}],"twitter_card":"summary","schema":{"@context":"https:\/\/schema.org","@graph":[{"@type":"WebSite","@id":"https:\/\/uraniarecords.com\/#website","url":"https:\/\/uraniarecords.com\/","name":"Urania Records","description":"The Italian classical Label since 1998","potentialAction":[{"@type":"SearchAction","target":{"@type":"EntryPoint","urlTemplate":"https:\/\/uraniarecords.com\/?s={search_term_string}"},"query-input":"required name=search_term_string"}],"inLanguage":"fr-FR"},{"@type":"ImageObject","@id":"https:\/\/uraniarecords.com\/fr\/prodotto\/rossini-soirees-musicales-and-other-works\/#primaryimage","inLanguage":"fr-FR","url":"https:\/\/uraniarecords.com\/wp-content\/uploads\/2018\/05\/14041-cover-sito-1.jpg","contentUrl":"https:\/\/uraniarecords.com\/wp-content\/uploads\/2018\/05\/14041-cover-sito-1.jpg","width":800,"height":800},{"@type":"WebPage","@id":"https:\/\/uraniarecords.com\/fr\/prodotto\/rossini-soirees-musicales-and-other-works\/#webpage","url":"https:\/\/uraniarecords.com\/fr\/prodotto\/rossini-soirees-musicales-and-other-works\/","name":"ROSSINI: SOIR\u00c9ES MUSICALES AND OTHER WORKS - Urania Records","isPartOf":{"@id":"https:\/\/uraniarecords.com\/#website"},"primaryImageOfPage":{"@id":"https:\/\/uraniarecords.com\/fr\/prodotto\/rossini-soirees-musicales-and-other-works\/#primaryimage"},"datePublished":"2018-05-31T14:50:42+00:00","dateModified":"2026-02-10T07:25:31+00:00","breadcrumb":{"@id":"https:\/\/uraniarecords.com\/fr\/prodotto\/rossini-soirees-musicales-and-other-works\/#breadcrumb"},"inLanguage":"fr-FR","potentialAction":[{"@type":"ReadAction","target":["https:\/\/uraniarecords.com\/fr\/prodotto\/rossini-soirees-musicales-and-other-works\/"]}]},{"@type":"BreadcrumbList","@id":"https:\/\/uraniarecords.com\/fr\/prodotto\/rossini-soirees-musicales-and-other-works\/#breadcrumb","itemListElement":[{"@type":"ListItem","position":1,"name":"Home","item":"https:\/\/uraniarecords.com\/fr\/"},{"@type":"ListItem","position":2,"name":"Boutique","item":"https:\/\/uraniarecords.com\/fr\/boutique\/"},{"@type":"ListItem","position":3,"name":"ROSSINI: SOIR\u00c9ES MUSICALES AND OTHER WORKS"}]}]}},"_links":{"self":[{"href":"https:\/\/uraniarecords.com\/fr\/wp-json\/wp\/v2\/product\/14004"}],"collection":[{"href":"https:\/\/uraniarecords.com\/fr\/wp-json\/wp\/v2\/product"}],"about":[{"href":"https:\/\/uraniarecords.com\/fr\/wp-json\/wp\/v2\/types\/product"}],"replies":[{"embeddable":true,"href":"https:\/\/uraniarecords.com\/fr\/wp-json\/wp\/v2\/comments?post=14004"}],"wp:featuredmedia":[{"embeddable":true,"href":"https:\/\/uraniarecords.com\/fr\/wp-json\/wp\/v2\/media\/14012"}],"wp:attachment":[{"href":"https:\/\/uraniarecords.com\/fr\/wp-json\/wp\/v2\/media?parent=14004"}],"wp:term":[{"taxonomy":"product_cat","embeddable":true,"href":"https:\/\/uraniarecords.com\/fr\/wp-json\/wp\/v2\/product_cat?post=14004"},{"taxonomy":"product_tag","embeddable":true,"href":"https:\/\/uraniarecords.com\/fr\/wp-json\/wp\/v2\/product_tag?post=14004"}],"curies":[{"name":"wp","href":"https:\/\/api.w.org\/{rel}","templated":true}]}}