{"id":14420,"date":"2018-12-22T09:03:22","date_gmt":"2018-12-22T09:03:22","guid":{"rendered":"https:\/\/uraniarecords.com\/?post_type=product&#038;p=14420"},"modified":"2024-04-30T16:20:31","modified_gmt":"2024-04-30T16:20:31","slug":"traume-the-golden-songs","status":"publish","type":"product","link":"https:\/\/uraniarecords.com\/fr\/prodotto\/traume-the-golden-songs\/","title":{"rendered":"TR\u00c4UME, THE GOLDEN SONGS"},"content":{"rendered":"<p>TR\u00c4UME, THE GOLDEN SONGS (1 CD)<\/p>\n<p>Franz Schubert:\u00a0<em>Die Forelle &#8211; An die Nachtigall &#8211; St\u00e4ndchen &#8211;\u00a0Wanderers Nachtlied I &#8211; An die Laute<\/em><\/p>\n<p>Robert Schumann:<em>\u00a0Du Ring an meinem Finger &#8211; Fr\u00fchlingsnacht<\/em><\/p>\n<p>Fr\u00e9d\u00e9ric Chopin:\u00a0<em>Pier\u015bcie\u0144 &#8211; Pose\u0142 &#8211; Moja Pieszczotka<\/em><\/p>\n<p>Gabriel Faur\u00e9:\u00a0<em>Apr\u00e8s un r\u00eave &#8211; Clair de lune<\/em><\/p>\n<p>Richard Wagner:\u00a0<em>Tr\u00e4ume &#8211; Gretchen am Spinnrade<\/em><\/p>\n<p>Johannes Brahms:\u00a0<em>Von ewiger Liebe &#8211; Die Mainacht\u00a0&#8211; M\u00e4dchenlied &#8211; Wiegenlied<\/em><\/p>\n<p>Giacomo Puccini:\u00a0<em>Sogno d&rsquo;or<\/em><\/p>\n<p>Manuel de Falla: <em>Nana &#8211; Seguidilla &#8211; El Pa\u00f1o moruno<\/em><\/p>\n<p>Maurice Ravel:\u00a0<em>Chanson Espagnole<\/em><\/p>\n<p>Gioachino Rossini:\u00a0<em>Canzonetta Spagnuola<\/em><\/p>\n<p>VALENTINA PENNINO, SOPRANO<\/p>\n<p>ANNIBALE REBAUDENGO, PIANO<\/p>\n<p>&nbsp;<\/p>\n","protected":false},"excerpt":{"rendered":"<p>TR\u00c4UME, THE GOLDEN SONGS (1 CD) Franz Schubert:\u00a0Die Forelle &#8211; An die Nachtigall &#8211; St\u00e4ndchen &#8211;\u00a0Wanderers Nachtlied I &#8211; An die Laute Robert Schumann:\u00a0Du Ring an meinem Finger &#8211; Fr\u00fchlingsnacht Fr\u00e9d\u00e9ric Chopin:\u00a0Pier\u015bcie\u0144 &#8211; Pose\u0142 &#8211; Moja Pieszczotka Gabriel Faur\u00e9:\u00a0Apr\u00e8s un r\u00eave &#8211; Clair de lune Richard Wagner:\u00a0Tr\u00e4ume &#8211; Gretchen am Spinnrade Johannes Brahms:\u00a0Von ewiger Liebe&hellip;<\/p>\n","protected":false},"featured_media":14423,"comment_status":"open","ping_status":"closed","template":"","meta":[],"product_cat":[126,144],"product_tag":[],"yoast_head":"<!-- This site is optimized with the Yoast SEO plugin v17.5 - https:\/\/yoast.com\/wordpress\/plugins\/seo\/ -->\n<title>TR\u00c4UME, THE GOLDEN SONGS - Urania Records<\/title>\n<meta name=\"robots\" content=\"index, follow, max-snippet:-1, max-image-preview:large, max-video-preview:-1\" \/>\n<link rel=\"canonical\" href=\"https:\/\/uraniarecords.com\/fr\/prodotto\/traume-the-golden-songs\/\" \/>\n<meta property=\"og:locale\" content=\"fr_FR\" \/>\n<meta property=\"og:type\" content=\"article\" \/>\n<meta property=\"og:title\" content=\"TR\u00c4UME, THE GOLDEN SONGS - Urania Records\" \/>\n<meta property=\"og:description\" content=\"TR\u00c4UME, THE GOLDEN SONGS (1 CD) Franz Schubert:\u00a0Die Forelle &#8211; An die Nachtigall &#8211; St\u00e4ndchen &#8211;\u00a0Wanderers Nachtlied I &#8211; An die Laute Robert Schumann:\u00a0Du Ring an meinem Finger &#8211; Fr\u00fchlingsnacht Fr\u00e9d\u00e9ric Chopin:\u00a0Pier\u015bcie\u0144 &#8211; Pose\u0142 &#8211; Moja Pieszczotka Gabriel Faur\u00e9:\u00a0Apr\u00e8s un r\u00eave &#8211; Clair de lune Richard Wagner:\u00a0Tr\u00e4ume &#8211; Gretchen am Spinnrade Johannes Brahms:\u00a0Von ewiger Liebe&hellip;\" \/>\n<meta property=\"og:url\" content=\"https:\/\/uraniarecords.com\/fr\/prodotto\/traume-the-golden-songs\/\" \/>\n<meta property=\"og:site_name\" content=\"Urania Records\" \/>\n<meta property=\"article:modified_time\" content=\"2024-04-30T16:20:31+00:00\" \/>\n<meta property=\"og:image\" content=\"https:\/\/uraniarecords.com\/wp-content\/uploads\/2018\/12\/15035-cover.jpg\" \/>\n\t<meta property=\"og:image:width\" content=\"800\" \/>\n\t<meta property=\"og:image:height\" content=\"800\" \/>\n<meta name=\"twitter:card\" content=\"summary\" \/>\n<meta name=\"twitter:label1\" content=\"Dur\u00e9e de lecture est.\" \/>\n\t<meta name=\"twitter:data1\" content=\"1 minute\" \/>\n<script type=\"application\/ld+json\" class=\"yoast-schema-graph\">{\"@context\":\"https:\/\/schema.org\",\"@graph\":[{\"@type\":\"WebSite\",\"@id\":\"https:\/\/uraniarecords.com\/#website\",\"url\":\"https:\/\/uraniarecords.com\/\",\"name\":\"Urania Records\",\"description\":\"The Italian classical Label since 1998\",\"potentialAction\":[{\"@type\":\"SearchAction\",\"target\":{\"@type\":\"EntryPoint\",\"urlTemplate\":\"https:\/\/uraniarecords.com\/?s={search_term_string}\"},\"query-input\":\"required name=search_term_string\"}],\"inLanguage\":\"fr-FR\"},{\"@type\":\"ImageObject\",\"@id\":\"https:\/\/uraniarecords.com\/fr\/prodotto\/traume-the-golden-songs\/#primaryimage\",\"inLanguage\":\"fr-FR\",\"url\":\"https:\/\/uraniarecords.com\/wp-content\/uploads\/2018\/12\/15035-cover.jpg\",\"contentUrl\":\"https:\/\/uraniarecords.com\/wp-content\/uploads\/2018\/12\/15035-cover.jpg\",\"width\":800,\"height\":800},{\"@type\":\"WebPage\",\"@id\":\"https:\/\/uraniarecords.com\/fr\/prodotto\/traume-the-golden-songs\/#webpage\",\"url\":\"https:\/\/uraniarecords.com\/fr\/prodotto\/traume-the-golden-songs\/\",\"name\":\"TR\\u00c4UME, THE GOLDEN SONGS - Urania Records\",\"isPartOf\":{\"@id\":\"https:\/\/uraniarecords.com\/#website\"},\"primaryImageOfPage\":{\"@id\":\"https:\/\/uraniarecords.com\/fr\/prodotto\/traume-the-golden-songs\/#primaryimage\"},\"datePublished\":\"2018-12-22T09:03:22+00:00\",\"dateModified\":\"2024-04-30T16:20:31+00:00\",\"breadcrumb\":{\"@id\":\"https:\/\/uraniarecords.com\/fr\/prodotto\/traume-the-golden-songs\/#breadcrumb\"},\"inLanguage\":\"fr-FR\",\"potentialAction\":[{\"@type\":\"ReadAction\",\"target\":[\"https:\/\/uraniarecords.com\/fr\/prodotto\/traume-the-golden-songs\/\"]}]},{\"@type\":\"BreadcrumbList\",\"@id\":\"https:\/\/uraniarecords.com\/fr\/prodotto\/traume-the-golden-songs\/#breadcrumb\",\"itemListElement\":[{\"@type\":\"ListItem\",\"position\":1,\"name\":\"Home\",\"item\":\"https:\/\/uraniarecords.com\/fr\/\"},{\"@type\":\"ListItem\",\"position\":2,\"name\":\"Boutique\",\"item\":\"https:\/\/uraniarecords.com\/fr\/boutique\/\"},{\"@type\":\"ListItem\",\"position\":3,\"name\":\"TR\\u00c4UME, THE GOLDEN SONGS\"}]}]}<\/script>\n<!-- \/ Yoast SEO plugin. -->","yoast_head_json":{"title":"TR\u00c4UME, THE GOLDEN SONGS - Urania Records","robots":{"index":"index","follow":"follow","max-snippet":"max-snippet:-1","max-image-preview":"max-image-preview:large","max-video-preview":"max-video-preview:-1"},"canonical":"https:\/\/uraniarecords.com\/fr\/prodotto\/traume-the-golden-songs\/","og_locale":"fr_FR","og_type":"article","og_title":"TR\u00c4UME, THE GOLDEN SONGS - Urania Records","og_description":"TR\u00c4UME, THE GOLDEN SONGS (1 CD) Franz Schubert:\u00a0Die Forelle &#8211; An die Nachtigall &#8211; St\u00e4ndchen &#8211;\u00a0Wanderers Nachtlied I &#8211; An die Laute Robert Schumann:\u00a0Du Ring an meinem Finger &#8211; Fr\u00fchlingsnacht Fr\u00e9d\u00e9ric Chopin:\u00a0Pier\u015bcie\u0144 &#8211; Pose\u0142 &#8211; Moja Pieszczotka Gabriel Faur\u00e9:\u00a0Apr\u00e8s un r\u00eave &#8211; Clair de lune Richard Wagner:\u00a0Tr\u00e4ume &#8211; Gretchen am Spinnrade Johannes Brahms:\u00a0Von ewiger Liebe&hellip;","og_url":"https:\/\/uraniarecords.com\/fr\/prodotto\/traume-the-golden-songs\/","og_site_name":"Urania Records","article_modified_time":"2024-04-30T16:20:31+00:00","og_image":[{"width":800,"height":800,"url":"https:\/\/uraniarecords.com\/wp-content\/uploads\/2018\/12\/15035-cover.jpg","type":"image\/jpeg"}],"twitter_card":"summary","twitter_misc":{"Dur\u00e9e de lecture est.":"1 minute"},"schema":{"@context":"https:\/\/schema.org","@graph":[{"@type":"WebSite","@id":"https:\/\/uraniarecords.com\/#website","url":"https:\/\/uraniarecords.com\/","name":"Urania Records","description":"The Italian classical Label since 1998","potentialAction":[{"@type":"SearchAction","target":{"@type":"EntryPoint","urlTemplate":"https:\/\/uraniarecords.com\/?s={search_term_string}"},"query-input":"required name=search_term_string"}],"inLanguage":"fr-FR"},{"@type":"ImageObject","@id":"https:\/\/uraniarecords.com\/fr\/prodotto\/traume-the-golden-songs\/#primaryimage","inLanguage":"fr-FR","url":"https:\/\/uraniarecords.com\/wp-content\/uploads\/2018\/12\/15035-cover.jpg","contentUrl":"https:\/\/uraniarecords.com\/wp-content\/uploads\/2018\/12\/15035-cover.jpg","width":800,"height":800},{"@type":"WebPage","@id":"https:\/\/uraniarecords.com\/fr\/prodotto\/traume-the-golden-songs\/#webpage","url":"https:\/\/uraniarecords.com\/fr\/prodotto\/traume-the-golden-songs\/","name":"TR\u00c4UME, THE GOLDEN SONGS - Urania Records","isPartOf":{"@id":"https:\/\/uraniarecords.com\/#website"},"primaryImageOfPage":{"@id":"https:\/\/uraniarecords.com\/fr\/prodotto\/traume-the-golden-songs\/#primaryimage"},"datePublished":"2018-12-22T09:03:22+00:00","dateModified":"2024-04-30T16:20:31+00:00","breadcrumb":{"@id":"https:\/\/uraniarecords.com\/fr\/prodotto\/traume-the-golden-songs\/#breadcrumb"},"inLanguage":"fr-FR","potentialAction":[{"@type":"ReadAction","target":["https:\/\/uraniarecords.com\/fr\/prodotto\/traume-the-golden-songs\/"]}]},{"@type":"BreadcrumbList","@id":"https:\/\/uraniarecords.com\/fr\/prodotto\/traume-the-golden-songs\/#breadcrumb","itemListElement":[{"@type":"ListItem","position":1,"name":"Home","item":"https:\/\/uraniarecords.com\/fr\/"},{"@type":"ListItem","position":2,"name":"Boutique","item":"https:\/\/uraniarecords.com\/fr\/boutique\/"},{"@type":"ListItem","position":3,"name":"TR\u00c4UME, THE GOLDEN SONGS"}]}]}},"_links":{"self":[{"href":"https:\/\/uraniarecords.com\/fr\/wp-json\/wp\/v2\/product\/14420"}],"collection":[{"href":"https:\/\/uraniarecords.com\/fr\/wp-json\/wp\/v2\/product"}],"about":[{"href":"https:\/\/uraniarecords.com\/fr\/wp-json\/wp\/v2\/types\/product"}],"replies":[{"embeddable":true,"href":"https:\/\/uraniarecords.com\/fr\/wp-json\/wp\/v2\/comments?post=14420"}],"wp:featuredmedia":[{"embeddable":true,"href":"https:\/\/uraniarecords.com\/fr\/wp-json\/wp\/v2\/media\/14423"}],"wp:attachment":[{"href":"https:\/\/uraniarecords.com\/fr\/wp-json\/wp\/v2\/media?parent=14420"}],"wp:term":[{"taxonomy":"product_cat","embeddable":true,"href":"https:\/\/uraniarecords.com\/fr\/wp-json\/wp\/v2\/product_cat?post=14420"},{"taxonomy":"product_tag","embeddable":true,"href":"https:\/\/uraniarecords.com\/fr\/wp-json\/wp\/v2\/product_tag?post=14420"}],"curies":[{"name":"wp","href":"https:\/\/api.w.org\/{rel}","templated":true}]}}