{"id":14454,"date":"2019-01-22T17:38:21","date_gmt":"2019-01-22T17:38:21","guid":{"rendered":"https:\/\/uraniarecords.com\/?post_type=product&#038;p=14454"},"modified":"2024-04-30T16:20:27","modified_gmt":"2024-04-30T16:20:27","slug":"leoncavallo-complete-piano-works","status":"publish","type":"product","link":"https:\/\/uraniarecords.com\/fr\/prodotto\/leoncavallo-complete-piano-works\/","title":{"rendered":"LEONCAVALLO: COMPLETE PIANO WORKS"},"content":{"rendered":"<p><strong>COMPLETE PIANO WORKS<\/strong><\/p>\n<p>Ruggero Leoncavallo (1858-1919)<\/p>\n<p><i>Cort\u00e8ge de Pulcinella; Valse mignonne, Papillon; Valse coquette; Gavotte; Valse \u00e0 la lune; Marcia nuziale; Au bord du lac; S\u00e8r\u00e8nade-Valse; Pantis vivants; Valse m\u00e9lancolique; Sous les palmiers; Boh\u00e8mienne; Gondola; Romanesca; Tarantella; Flirt-Waltzer; Dolce notte; Chanson d&rsquo;amour; Notturno; Nights of Italy; Primo bacio; Sarabande; Gagliarda; Minuetto; Tema di Marcia Trionfrale per l&rsquo;eroica armata italiana di Tripoli; Brise de mer; Barcarola veneziana; Spanish Album (Suite de Concert)\u00a0<\/i><\/p>\n<p><strong>MARCO SOLLINI<\/strong><\/p>\n<p>2 CD Digipack<\/p>\n<h5><\/h5>\n<h5>Front cover Image: Gianmario Masala<\/h5>\n","protected":false},"excerpt":{"rendered":"<p>COMPLETE PIANO WORKS Ruggero Leoncavallo (1858-1919) Cort\u00e8ge de Pulcinella; Valse mignonne, Papillon; Valse coquette; Gavotte; Valse \u00e0 la lune; Marcia nuziale; Au bord du lac; S\u00e8r\u00e8nade-Valse; Pantis vivants; Valse m\u00e9lancolique; Sous les palmiers; Boh\u00e8mienne; Gondola; Romanesca; Tarantella; Flirt-Waltzer; Dolce notte; Chanson d&rsquo;amour; Notturno; Nights of Italy; Primo bacio; Sarabande; Gagliarda; Minuetto; Tema di Marcia Trionfrale&hellip;<\/p>\n","protected":false},"featured_media":14463,"comment_status":"open","ping_status":"closed","template":"","meta":[],"product_cat":[144,178],"product_tag":[],"yoast_head":"<!-- This site is optimized with the Yoast SEO plugin v17.5 - https:\/\/yoast.com\/wordpress\/plugins\/seo\/ -->\n<title>LEONCAVALLO: COMPLETE PIANO WORKS - Urania Records<\/title>\n<meta name=\"robots\" content=\"index, follow, max-snippet:-1, max-image-preview:large, max-video-preview:-1\" \/>\n<link rel=\"canonical\" href=\"https:\/\/uraniarecords.com\/fr\/prodotto\/leoncavallo-complete-piano-works\/\" \/>\n<meta property=\"og:locale\" content=\"fr_FR\" \/>\n<meta property=\"og:type\" content=\"article\" \/>\n<meta property=\"og:title\" content=\"LEONCAVALLO: COMPLETE PIANO WORKS - Urania Records\" \/>\n<meta property=\"og:description\" content=\"COMPLETE PIANO WORKS Ruggero Leoncavallo (1858-1919) Cort\u00e8ge de Pulcinella; Valse mignonne, Papillon; Valse coquette; Gavotte; Valse \u00e0 la lune; Marcia nuziale; Au bord du lac; S\u00e8r\u00e8nade-Valse; Pantis vivants; Valse m\u00e9lancolique; Sous les palmiers; Boh\u00e8mienne; Gondola; Romanesca; Tarantella; Flirt-Waltzer; Dolce notte; Chanson d&rsquo;amour; Notturno; Nights of Italy; Primo bacio; Sarabande; Gagliarda; Minuetto; Tema di Marcia Trionfrale&hellip;\" \/>\n<meta property=\"og:url\" content=\"https:\/\/uraniarecords.com\/fr\/prodotto\/leoncavallo-complete-piano-works\/\" \/>\n<meta property=\"og:site_name\" content=\"Urania Records\" \/>\n<meta property=\"article:modified_time\" content=\"2024-04-30T16:20:27+00:00\" \/>\n<meta property=\"og:image\" content=\"https:\/\/uraniarecords.com\/wp-content\/uploads\/2019\/01\/LEONCAVALLO-DRAFT-1.jpg\" \/>\n\t<meta property=\"og:image:width\" content=\"800\" \/>\n\t<meta property=\"og:image:height\" content=\"800\" \/>\n<meta name=\"twitter:card\" content=\"summary\" \/>\n<script type=\"application\/ld+json\" class=\"yoast-schema-graph\">{\"@context\":\"https:\/\/schema.org\",\"@graph\":[{\"@type\":\"WebSite\",\"@id\":\"https:\/\/uraniarecords.com\/#website\",\"url\":\"https:\/\/uraniarecords.com\/\",\"name\":\"Urania Records\",\"description\":\"The Italian classical Label since 1998\",\"potentialAction\":[{\"@type\":\"SearchAction\",\"target\":{\"@type\":\"EntryPoint\",\"urlTemplate\":\"https:\/\/uraniarecords.com\/?s={search_term_string}\"},\"query-input\":\"required name=search_term_string\"}],\"inLanguage\":\"fr-FR\"},{\"@type\":\"ImageObject\",\"@id\":\"https:\/\/uraniarecords.com\/fr\/prodotto\/leoncavallo-complete-piano-works\/#primaryimage\",\"inLanguage\":\"fr-FR\",\"url\":\"https:\/\/uraniarecords.com\/wp-content\/uploads\/2019\/01\/LEONCAVALLO-DRAFT-1.jpg\",\"contentUrl\":\"https:\/\/uraniarecords.com\/wp-content\/uploads\/2019\/01\/LEONCAVALLO-DRAFT-1.jpg\",\"width\":800,\"height\":800},{\"@type\":\"WebPage\",\"@id\":\"https:\/\/uraniarecords.com\/fr\/prodotto\/leoncavallo-complete-piano-works\/#webpage\",\"url\":\"https:\/\/uraniarecords.com\/fr\/prodotto\/leoncavallo-complete-piano-works\/\",\"name\":\"LEONCAVALLO: COMPLETE PIANO WORKS - Urania Records\",\"isPartOf\":{\"@id\":\"https:\/\/uraniarecords.com\/#website\"},\"primaryImageOfPage\":{\"@id\":\"https:\/\/uraniarecords.com\/fr\/prodotto\/leoncavallo-complete-piano-works\/#primaryimage\"},\"datePublished\":\"2019-01-22T17:38:21+00:00\",\"dateModified\":\"2024-04-30T16:20:27+00:00\",\"breadcrumb\":{\"@id\":\"https:\/\/uraniarecords.com\/fr\/prodotto\/leoncavallo-complete-piano-works\/#breadcrumb\"},\"inLanguage\":\"fr-FR\",\"potentialAction\":[{\"@type\":\"ReadAction\",\"target\":[\"https:\/\/uraniarecords.com\/fr\/prodotto\/leoncavallo-complete-piano-works\/\"]}]},{\"@type\":\"BreadcrumbList\",\"@id\":\"https:\/\/uraniarecords.com\/fr\/prodotto\/leoncavallo-complete-piano-works\/#breadcrumb\",\"itemListElement\":[{\"@type\":\"ListItem\",\"position\":1,\"name\":\"Home\",\"item\":\"https:\/\/uraniarecords.com\/fr\/\"},{\"@type\":\"ListItem\",\"position\":2,\"name\":\"Boutique\",\"item\":\"https:\/\/uraniarecords.com\/fr\/boutique\/\"},{\"@type\":\"ListItem\",\"position\":3,\"name\":\"LEONCAVALLO: COMPLETE PIANO WORKS\"}]}]}<\/script>\n<!-- \/ Yoast SEO plugin. -->","yoast_head_json":{"title":"LEONCAVALLO: COMPLETE PIANO WORKS - Urania Records","robots":{"index":"index","follow":"follow","max-snippet":"max-snippet:-1","max-image-preview":"max-image-preview:large","max-video-preview":"max-video-preview:-1"},"canonical":"https:\/\/uraniarecords.com\/fr\/prodotto\/leoncavallo-complete-piano-works\/","og_locale":"fr_FR","og_type":"article","og_title":"LEONCAVALLO: COMPLETE PIANO WORKS - Urania Records","og_description":"COMPLETE PIANO WORKS Ruggero Leoncavallo (1858-1919) Cort\u00e8ge de Pulcinella; Valse mignonne, Papillon; Valse coquette; Gavotte; Valse \u00e0 la lune; Marcia nuziale; Au bord du lac; S\u00e8r\u00e8nade-Valse; Pantis vivants; Valse m\u00e9lancolique; Sous les palmiers; Boh\u00e8mienne; Gondola; Romanesca; Tarantella; Flirt-Waltzer; Dolce notte; Chanson d&rsquo;amour; Notturno; Nights of Italy; Primo bacio; Sarabande; Gagliarda; Minuetto; Tema di Marcia Trionfrale&hellip;","og_url":"https:\/\/uraniarecords.com\/fr\/prodotto\/leoncavallo-complete-piano-works\/","og_site_name":"Urania Records","article_modified_time":"2024-04-30T16:20:27+00:00","og_image":[{"width":800,"height":800,"url":"https:\/\/uraniarecords.com\/wp-content\/uploads\/2019\/01\/LEONCAVALLO-DRAFT-1.jpg","type":"image\/jpeg"}],"twitter_card":"summary","schema":{"@context":"https:\/\/schema.org","@graph":[{"@type":"WebSite","@id":"https:\/\/uraniarecords.com\/#website","url":"https:\/\/uraniarecords.com\/","name":"Urania Records","description":"The Italian classical Label since 1998","potentialAction":[{"@type":"SearchAction","target":{"@type":"EntryPoint","urlTemplate":"https:\/\/uraniarecords.com\/?s={search_term_string}"},"query-input":"required name=search_term_string"}],"inLanguage":"fr-FR"},{"@type":"ImageObject","@id":"https:\/\/uraniarecords.com\/fr\/prodotto\/leoncavallo-complete-piano-works\/#primaryimage","inLanguage":"fr-FR","url":"https:\/\/uraniarecords.com\/wp-content\/uploads\/2019\/01\/LEONCAVALLO-DRAFT-1.jpg","contentUrl":"https:\/\/uraniarecords.com\/wp-content\/uploads\/2019\/01\/LEONCAVALLO-DRAFT-1.jpg","width":800,"height":800},{"@type":"WebPage","@id":"https:\/\/uraniarecords.com\/fr\/prodotto\/leoncavallo-complete-piano-works\/#webpage","url":"https:\/\/uraniarecords.com\/fr\/prodotto\/leoncavallo-complete-piano-works\/","name":"LEONCAVALLO: COMPLETE PIANO WORKS - Urania Records","isPartOf":{"@id":"https:\/\/uraniarecords.com\/#website"},"primaryImageOfPage":{"@id":"https:\/\/uraniarecords.com\/fr\/prodotto\/leoncavallo-complete-piano-works\/#primaryimage"},"datePublished":"2019-01-22T17:38:21+00:00","dateModified":"2024-04-30T16:20:27+00:00","breadcrumb":{"@id":"https:\/\/uraniarecords.com\/fr\/prodotto\/leoncavallo-complete-piano-works\/#breadcrumb"},"inLanguage":"fr-FR","potentialAction":[{"@type":"ReadAction","target":["https:\/\/uraniarecords.com\/fr\/prodotto\/leoncavallo-complete-piano-works\/"]}]},{"@type":"BreadcrumbList","@id":"https:\/\/uraniarecords.com\/fr\/prodotto\/leoncavallo-complete-piano-works\/#breadcrumb","itemListElement":[{"@type":"ListItem","position":1,"name":"Home","item":"https:\/\/uraniarecords.com\/fr\/"},{"@type":"ListItem","position":2,"name":"Boutique","item":"https:\/\/uraniarecords.com\/fr\/boutique\/"},{"@type":"ListItem","position":3,"name":"LEONCAVALLO: COMPLETE PIANO WORKS"}]}]}},"_links":{"self":[{"href":"https:\/\/uraniarecords.com\/fr\/wp-json\/wp\/v2\/product\/14454"}],"collection":[{"href":"https:\/\/uraniarecords.com\/fr\/wp-json\/wp\/v2\/product"}],"about":[{"href":"https:\/\/uraniarecords.com\/fr\/wp-json\/wp\/v2\/types\/product"}],"replies":[{"embeddable":true,"href":"https:\/\/uraniarecords.com\/fr\/wp-json\/wp\/v2\/comments?post=14454"}],"wp:featuredmedia":[{"embeddable":true,"href":"https:\/\/uraniarecords.com\/fr\/wp-json\/wp\/v2\/media\/14463"}],"wp:attachment":[{"href":"https:\/\/uraniarecords.com\/fr\/wp-json\/wp\/v2\/media?parent=14454"}],"wp:term":[{"taxonomy":"product_cat","embeddable":true,"href":"https:\/\/uraniarecords.com\/fr\/wp-json\/wp\/v2\/product_cat?post=14454"},{"taxonomy":"product_tag","embeddable":true,"href":"https:\/\/uraniarecords.com\/fr\/wp-json\/wp\/v2\/product_tag?post=14454"}],"curies":[{"name":"wp","href":"https:\/\/api.w.org\/{rel}","templated":true}]}}