{"id":15911,"date":"2020-11-05T17:06:35","date_gmt":"2020-11-05T17:06:35","guid":{"rendered":"https:\/\/uraniarecords.com\/prodotto\/la-famille-couperin\/"},"modified":"2024-04-30T15:53:43","modified_gmt":"2024-04-30T15:53:43","slug":"la-famille-couperin","status":"publish","type":"product","link":"https:\/\/uraniarecords.com\/fr\/prodotto\/la-famille-couperin\/","title":{"rendered":"LA FAMILLE COUPERIN"},"content":{"rendered":"<p>LA FAMILLE COUPERIN<\/p>\n<p><strong>LOUIS COUPERIN<\/strong> (Chaumes-en-Brie, 1626 &#8211; Paris 1661)<\/p>\n<p>SUITE IN D minor<\/p>\n<p><em>Pr\u00e9lude<\/em><br \/>\n<em>Allemande <\/em><br \/>\n<em>Courante<\/em><br \/>\n<em>Sarabande<\/em><br \/>\n<em>Volte <\/em><br \/>\n<em>La Pastourelle<\/em><br \/>\n<em>Chaconne<\/em><\/p>\n<p>SUITE IN F Major<\/p>\n<p><em>Tombeau de M. de Blancrocher<\/em><\/p>\n<p><strong>FRANCOIS COUPERIN<\/strong>, le Grand (Paris, 1668 c.a &#8211; Paris, 1733)<\/p>\n<p>L\u2019ART DE TOUCHER LE CLAVECIN<\/p>\n<p><em>8 Pr\u00e9ludes<\/em><br \/>\n<em>Allemande<\/em><\/p>\n<p>PI\u00c8CES DE CLAVECIN<\/p>\n<p><em>Troisi\u00e8me livre, Quinzi\u00e8me Ordre<\/em><\/p>\n<p><em>Second livre, Sixi\u00e8me Ordre<\/em> (extrait)<\/p>\n<p>LUIGI CHIARIZIA, harpsichord<\/p>\n<p>1 CD<\/p>\n<p>Alla famiglia Couperin si deve il successo della musica per clavicembalo. La figura di Louis rimase a lungo in ombra e alcune sue composizioni tornarono alla luce dopo la sua morte; tuttavia grazie all\u2019attuale ricerca musicologica si tende a rivalutarne l\u2019immagine. Discorso diverso per Fran\u00e7ois le Grand, esponente di riferimento della dinastia, il cui stile compositivo ruota intorno alla sua stessa considerazione: \u201cConfesser\u00f2 in buona fede che preferisco ci\u00f2 che mi commuove a ci\u00f2 che mi sorprende\u201d.<\/p>\n<p>To the Couperin dynasty we owe the success of the music for harpsichord. The figure of Louis languished in obscurity over many years and only recently, through the musicological research, it has been possibile to recognize his genius. The story differs with Fran\u00e7ois the Great, leading member of the dynasty, whose compositional style revolves around his own sentence: \u201cI confess that I far prefer what moves me to what surprises me\u201d.<\/p>\n<p><iframe src=\"https:\/\/lnk.to\/famillecouperin\"width=\"400\" height=\"700\" frameborder=\"0\" scrolling=\"no\"><\/iframe><\/p>\n","protected":false},"excerpt":{"rendered":"<p>LA FAMILLE COUPERIN LOUIS COUPERIN (Chaumes-en-Brie, 1626 &#8211; Paris 1661) SUITE IN D minor Pr\u00e9lude Allemande Courante Sarabande Volte La Pastourelle Chaconne SUITE IN F Major Tombeau de M. de Blancrocher FRANCOIS COUPERIN, le Grand (Paris, 1668 c.a &#8211; Paris, 1733) L\u2019ART DE TOUCHER LE CLAVECIN 8 Pr\u00e9ludes Allemande PI\u00c8CES DE CLAVECIN Troisi\u00e8me livre, Quinzi\u00e8me&hellip;<\/p>\n","protected":false},"featured_media":15882,"comment_status":"open","ping_status":"closed","template":"","meta":[],"product_cat":[163,3348,144],"product_tag":[],"yoast_head":"<!-- This site is optimized with the Yoast SEO plugin v17.5 - https:\/\/yoast.com\/wordpress\/plugins\/seo\/ -->\n<title>LA FAMILLE COPUERIN, Louis et Fran\u00e7ois le Grand<\/title>\n<meta name=\"description\" content=\"LOUIS COUPERIN, SUITE IN D minor, SUITE IN F Major, FRANCOIS COUPERIN L\u2019ART DE TOUCHER LE CLAVECIN, PI\u00c8CES DE CLAVECIN, LUIGI CHIARIZIA\" \/>\n<meta name=\"robots\" content=\"index, follow, max-snippet:-1, max-image-preview:large, max-video-preview:-1\" \/>\n<link rel=\"canonical\" href=\"https:\/\/uraniarecords.com\/fr\/prodotto\/la-famille-couperin\/\" \/>\n<meta property=\"og:locale\" content=\"fr_FR\" \/>\n<meta property=\"og:type\" content=\"article\" \/>\n<meta property=\"og:title\" content=\"LA FAMILLE COPUERIN, Louis et Fran\u00e7ois le Grand\" \/>\n<meta property=\"og:description\" content=\"LOUIS COUPERIN, SUITE IN D minor, SUITE IN F Major, FRANCOIS COUPERIN L\u2019ART DE TOUCHER LE CLAVECIN, PI\u00c8CES DE CLAVECIN, LUIGI CHIARIZIA\" \/>\n<meta property=\"og:url\" content=\"https:\/\/uraniarecords.com\/fr\/prodotto\/la-famille-couperin\/\" \/>\n<meta property=\"og:site_name\" content=\"Urania Records\" \/>\n<meta property=\"article:modified_time\" content=\"2024-04-30T15:53:43+00:00\" \/>\n<meta property=\"og:image\" content=\"https:\/\/uraniarecords.com\/wp-content\/uploads\/2020\/10\/14064-cover-sito.jpg\" \/>\n\t<meta property=\"og:image:width\" content=\"800\" \/>\n\t<meta property=\"og:image:height\" content=\"800\" \/>\n<meta name=\"twitter:card\" content=\"summary\" \/>\n<meta name=\"twitter:label1\" content=\"Dur\u00e9e de lecture est.\" \/>\n\t<meta name=\"twitter:data1\" content=\"1 minute\" \/>\n<script type=\"application\/ld+json\" class=\"yoast-schema-graph\">{\"@context\":\"https:\/\/schema.org\",\"@graph\":[{\"@type\":\"WebSite\",\"@id\":\"https:\/\/uraniarecords.com\/#website\",\"url\":\"https:\/\/uraniarecords.com\/\",\"name\":\"Urania Records\",\"description\":\"The Italian classical Label since 1998\",\"potentialAction\":[{\"@type\":\"SearchAction\",\"target\":{\"@type\":\"EntryPoint\",\"urlTemplate\":\"https:\/\/uraniarecords.com\/?s={search_term_string}\"},\"query-input\":\"required name=search_term_string\"}],\"inLanguage\":\"fr-FR\"},{\"@type\":\"ImageObject\",\"@id\":\"https:\/\/uraniarecords.com\/fr\/prodotto\/la-famille-couperin\/#primaryimage\",\"inLanguage\":\"fr-FR\",\"url\":\"https:\/\/uraniarecords.com\/wp-content\/uploads\/2020\/10\/14064-cover-sito.jpg\",\"contentUrl\":\"https:\/\/uraniarecords.com\/wp-content\/uploads\/2020\/10\/14064-cover-sito.jpg\",\"width\":800,\"height\":800},{\"@type\":\"WebPage\",\"@id\":\"https:\/\/uraniarecords.com\/fr\/prodotto\/la-famille-couperin\/#webpage\",\"url\":\"https:\/\/uraniarecords.com\/fr\/prodotto\/la-famille-couperin\/\",\"name\":\"LA FAMILLE COPUERIN, Louis et Fran\\u00e7ois le Grand\",\"isPartOf\":{\"@id\":\"https:\/\/uraniarecords.com\/#website\"},\"primaryImageOfPage\":{\"@id\":\"https:\/\/uraniarecords.com\/fr\/prodotto\/la-famille-couperin\/#primaryimage\"},\"datePublished\":\"2020-11-05T17:06:35+00:00\",\"dateModified\":\"2024-04-30T15:53:43+00:00\",\"description\":\"LOUIS COUPERIN, SUITE IN D minor, SUITE IN F Major, FRANCOIS COUPERIN L\\u2019ART DE TOUCHER LE CLAVECIN, PI\\u00c8CES DE CLAVECIN, LUIGI CHIARIZIA\",\"breadcrumb\":{\"@id\":\"https:\/\/uraniarecords.com\/fr\/prodotto\/la-famille-couperin\/#breadcrumb\"},\"inLanguage\":\"fr-FR\",\"potentialAction\":[{\"@type\":\"ReadAction\",\"target\":[\"https:\/\/uraniarecords.com\/fr\/prodotto\/la-famille-couperin\/\"]}]},{\"@type\":\"BreadcrumbList\",\"@id\":\"https:\/\/uraniarecords.com\/fr\/prodotto\/la-famille-couperin\/#breadcrumb\",\"itemListElement\":[{\"@type\":\"ListItem\",\"position\":1,\"name\":\"Home\",\"item\":\"https:\/\/uraniarecords.com\/fr\/\"},{\"@type\":\"ListItem\",\"position\":2,\"name\":\"Boutique\",\"item\":\"https:\/\/uraniarecords.com\/fr\/boutique\/\"},{\"@type\":\"ListItem\",\"position\":3,\"name\":\"LA FAMILLE COUPERIN\"}]}]}<\/script>\n<!-- \/ Yoast SEO plugin. -->","yoast_head_json":{"title":"LA FAMILLE COPUERIN, Louis et Fran\u00e7ois le Grand","description":"LOUIS COUPERIN, SUITE IN D minor, SUITE IN F Major, FRANCOIS COUPERIN L\u2019ART DE TOUCHER LE CLAVECIN, PI\u00c8CES DE CLAVECIN, LUIGI CHIARIZIA","robots":{"index":"index","follow":"follow","max-snippet":"max-snippet:-1","max-image-preview":"max-image-preview:large","max-video-preview":"max-video-preview:-1"},"canonical":"https:\/\/uraniarecords.com\/fr\/prodotto\/la-famille-couperin\/","og_locale":"fr_FR","og_type":"article","og_title":"LA FAMILLE COPUERIN, Louis et Fran\u00e7ois le Grand","og_description":"LOUIS COUPERIN, SUITE IN D minor, SUITE IN F Major, FRANCOIS COUPERIN L\u2019ART DE TOUCHER LE CLAVECIN, PI\u00c8CES DE CLAVECIN, LUIGI CHIARIZIA","og_url":"https:\/\/uraniarecords.com\/fr\/prodotto\/la-famille-couperin\/","og_site_name":"Urania Records","article_modified_time":"2024-04-30T15:53:43+00:00","og_image":[{"width":800,"height":800,"url":"https:\/\/uraniarecords.com\/wp-content\/uploads\/2020\/10\/14064-cover-sito.jpg","type":"image\/jpeg"}],"twitter_card":"summary","twitter_misc":{"Dur\u00e9e de lecture est.":"1 minute"},"schema":{"@context":"https:\/\/schema.org","@graph":[{"@type":"WebSite","@id":"https:\/\/uraniarecords.com\/#website","url":"https:\/\/uraniarecords.com\/","name":"Urania Records","description":"The Italian classical Label since 1998","potentialAction":[{"@type":"SearchAction","target":{"@type":"EntryPoint","urlTemplate":"https:\/\/uraniarecords.com\/?s={search_term_string}"},"query-input":"required name=search_term_string"}],"inLanguage":"fr-FR"},{"@type":"ImageObject","@id":"https:\/\/uraniarecords.com\/fr\/prodotto\/la-famille-couperin\/#primaryimage","inLanguage":"fr-FR","url":"https:\/\/uraniarecords.com\/wp-content\/uploads\/2020\/10\/14064-cover-sito.jpg","contentUrl":"https:\/\/uraniarecords.com\/wp-content\/uploads\/2020\/10\/14064-cover-sito.jpg","width":800,"height":800},{"@type":"WebPage","@id":"https:\/\/uraniarecords.com\/fr\/prodotto\/la-famille-couperin\/#webpage","url":"https:\/\/uraniarecords.com\/fr\/prodotto\/la-famille-couperin\/","name":"LA FAMILLE COPUERIN, Louis et Fran\u00e7ois le Grand","isPartOf":{"@id":"https:\/\/uraniarecords.com\/#website"},"primaryImageOfPage":{"@id":"https:\/\/uraniarecords.com\/fr\/prodotto\/la-famille-couperin\/#primaryimage"},"datePublished":"2020-11-05T17:06:35+00:00","dateModified":"2024-04-30T15:53:43+00:00","description":"LOUIS COUPERIN, SUITE IN D minor, SUITE IN F Major, FRANCOIS COUPERIN L\u2019ART DE TOUCHER LE CLAVECIN, PI\u00c8CES DE CLAVECIN, LUIGI CHIARIZIA","breadcrumb":{"@id":"https:\/\/uraniarecords.com\/fr\/prodotto\/la-famille-couperin\/#breadcrumb"},"inLanguage":"fr-FR","potentialAction":[{"@type":"ReadAction","target":["https:\/\/uraniarecords.com\/fr\/prodotto\/la-famille-couperin\/"]}]},{"@type":"BreadcrumbList","@id":"https:\/\/uraniarecords.com\/fr\/prodotto\/la-famille-couperin\/#breadcrumb","itemListElement":[{"@type":"ListItem","position":1,"name":"Home","item":"https:\/\/uraniarecords.com\/fr\/"},{"@type":"ListItem","position":2,"name":"Boutique","item":"https:\/\/uraniarecords.com\/fr\/boutique\/"},{"@type":"ListItem","position":3,"name":"LA FAMILLE COUPERIN"}]}]}},"_links":{"self":[{"href":"https:\/\/uraniarecords.com\/fr\/wp-json\/wp\/v2\/product\/15911"}],"collection":[{"href":"https:\/\/uraniarecords.com\/fr\/wp-json\/wp\/v2\/product"}],"about":[{"href":"https:\/\/uraniarecords.com\/fr\/wp-json\/wp\/v2\/types\/product"}],"replies":[{"embeddable":true,"href":"https:\/\/uraniarecords.com\/fr\/wp-json\/wp\/v2\/comments?post=15911"}],"wp:featuredmedia":[{"embeddable":true,"href":"https:\/\/uraniarecords.com\/fr\/wp-json\/wp\/v2\/media\/15882"}],"wp:attachment":[{"href":"https:\/\/uraniarecords.com\/fr\/wp-json\/wp\/v2\/media?parent=15911"}],"wp:term":[{"taxonomy":"product_cat","embeddable":true,"href":"https:\/\/uraniarecords.com\/fr\/wp-json\/wp\/v2\/product_cat?post=15911"},{"taxonomy":"product_tag","embeddable":true,"href":"https:\/\/uraniarecords.com\/fr\/wp-json\/wp\/v2\/product_tag?post=15911"}],"curies":[{"name":"wp","href":"https:\/\/api.w.org\/{rel}","templated":true}]}}