{"id":16004,"date":"2021-02-09T07:30:04","date_gmt":"2021-02-09T07:30:04","guid":{"rendered":"https:\/\/uraniarecords.com\/?post_type=product&#038;p=16004"},"modified":"2024-04-30T15:53:32","modified_gmt":"2024-04-30T15:53:32","slug":"bischoff-six-sonates-a-violoncelle-et-base","status":"publish","type":"product","link":"https:\/\/uraniarecords.com\/fr\/prodotto\/bischoff-six-sonates-a-violoncelle-et-base\/","title":{"rendered":"BISCHOFF: Six Sonates \u00e0 violoncelle et Ba\u00dfe"},"content":{"rendered":"<p>JOHANN CARL BISCHOFF (Nuremberg 1747 &#8211; Hamburg, after 1800)<\/p>\n<p>Six Sonates \u00e0 violoncelle et ba\u00dfe (Amsterdam, 1779\/82)<\/p>\n<p>Sonata N. 1 in C Major<br \/>\nSonata N. 2 in D Major<br \/>\nSonata N. 3 in E-flat Major<br \/>\nSonata N. 4 in C Major<br \/>\nSonata N. 5 in E Major<br \/>\nSonata N. 6 in F Major<\/p>\n<p>CLAUDIO RONCO<br \/>\nEMANUELA VOZZA<\/p>\n<p>on period instruments<\/p>\n<p>1 CD<\/p>\n<p>Per pi\u00f9 di due secoli relegato dai manuali di storia della musica alla figura di semplice liutaio e inventore di un misterioso strumento che chiam\u00f2 harmonicello, Johann Carl Bischoff recupera oggi, grazie a questa prima incisione assoluta, una fisionomia pi\u00f9 completa e accattivante di compositore e violoncellista virtuoso, capace di creare in questa sua unica opera di sei sonate un eccezionale cammeo, radicato nella migliore tradizione classica ma soprattutto in grado di anticipare l\u2019avventura sublime della musica romantica tedesca.<\/p>\n<p>Lowered for more than two centuries from the textbooks of the history of music to the figure of a simple luthier and inventor of a mysterious instrument called harmonicello, Johann Carl Bischoff recovers today, thanks to this absolute first recording, a more complete and captivating physiognomy of a composer and a virtuoso cellist, capable of creating an exceptional cameo in this unique work of six sonatas, rooted in the best classical tradition, but above all able to anticipate the sublime adventure of German Romantic music.<\/p>\n","protected":false},"excerpt":{"rendered":"<p>JOHANN CARL BISCHOFF (Nuremberg 1747 &#8211; Hamburg, after 1800) Six Sonates \u00e0 violoncelle et ba\u00dfe (Amsterdam, 1779\/82) Sonata N. 1 in C Major Sonata N. 2 in D Major Sonata N. 3 in E-flat Major Sonata N. 4 in C Major Sonata N. 5 in E Major Sonata N. 6 in F Major CLAUDIO RONCO&hellip;<\/p>\n","protected":false},"featured_media":15958,"comment_status":"open","ping_status":"closed","template":"","meta":[],"product_cat":[163,144],"product_tag":[],"yoast_head":"<!-- This site is optimized with the Yoast SEO plugin v17.5 - https:\/\/yoast.com\/wordpress\/plugins\/seo\/ -->\n<title>BISCHOFF: Six Sonates \u00e0 violoncelle et Ba\u00dfe - Urania Records<\/title>\n<meta name=\"robots\" content=\"index, follow, max-snippet:-1, max-image-preview:large, max-video-preview:-1\" \/>\n<link rel=\"canonical\" href=\"https:\/\/uraniarecords.com\/fr\/prodotto\/bischoff-six-sonates-a-violoncelle-et-base\/\" \/>\n<meta property=\"og:locale\" content=\"fr_FR\" \/>\n<meta property=\"og:type\" content=\"article\" \/>\n<meta property=\"og:title\" content=\"BISCHOFF: Six Sonates \u00e0 violoncelle et Ba\u00dfe - Urania Records\" \/>\n<meta property=\"og:description\" content=\"JOHANN CARL BISCHOFF (Nuremberg 1747 &#8211; Hamburg, after 1800) Six Sonates \u00e0 violoncelle et ba\u00dfe (Amsterdam, 1779\/82) Sonata N. 1 in C Major Sonata N. 2 in D Major Sonata N. 3 in E-flat Major Sonata N. 4 in C Major Sonata N. 5 in E Major Sonata N. 6 in F Major CLAUDIO RONCO&hellip;\" \/>\n<meta property=\"og:url\" content=\"https:\/\/uraniarecords.com\/fr\/prodotto\/bischoff-six-sonates-a-violoncelle-et-base\/\" \/>\n<meta property=\"og:site_name\" content=\"Urania Records\" \/>\n<meta property=\"article:modified_time\" content=\"2024-04-30T15:53:32+00:00\" \/>\n<meta property=\"og:image\" content=\"https:\/\/uraniarecords.com\/wp-content\/uploads\/2021\/01\/14066-cover-sito.jpg\" \/>\n\t<meta property=\"og:image:width\" content=\"800\" \/>\n\t<meta property=\"og:image:height\" content=\"800\" \/>\n<meta name=\"twitter:card\" content=\"summary\" \/>\n<meta name=\"twitter:label1\" content=\"Dur\u00e9e de lecture est.\" \/>\n\t<meta name=\"twitter:data1\" content=\"1 minute\" \/>\n<script type=\"application\/ld+json\" class=\"yoast-schema-graph\">{\"@context\":\"https:\/\/schema.org\",\"@graph\":[{\"@type\":\"WebSite\",\"@id\":\"https:\/\/uraniarecords.com\/#website\",\"url\":\"https:\/\/uraniarecords.com\/\",\"name\":\"Urania Records\",\"description\":\"The Italian classical Label since 1998\",\"potentialAction\":[{\"@type\":\"SearchAction\",\"target\":{\"@type\":\"EntryPoint\",\"urlTemplate\":\"https:\/\/uraniarecords.com\/?s={search_term_string}\"},\"query-input\":\"required name=search_term_string\"}],\"inLanguage\":\"fr-FR\"},{\"@type\":\"ImageObject\",\"@id\":\"https:\/\/uraniarecords.com\/fr\/prodotto\/bischoff-six-sonates-a-violoncelle-et-base\/#primaryimage\",\"inLanguage\":\"fr-FR\",\"url\":\"https:\/\/uraniarecords.com\/wp-content\/uploads\/2021\/01\/14066-cover-sito.jpg\",\"contentUrl\":\"https:\/\/uraniarecords.com\/wp-content\/uploads\/2021\/01\/14066-cover-sito.jpg\",\"width\":800,\"height\":800},{\"@type\":\"WebPage\",\"@id\":\"https:\/\/uraniarecords.com\/fr\/prodotto\/bischoff-six-sonates-a-violoncelle-et-base\/#webpage\",\"url\":\"https:\/\/uraniarecords.com\/fr\/prodotto\/bischoff-six-sonates-a-violoncelle-et-base\/\",\"name\":\"BISCHOFF: Six Sonates \\u00e0 violoncelle et Ba\\u00dfe - Urania Records\",\"isPartOf\":{\"@id\":\"https:\/\/uraniarecords.com\/#website\"},\"primaryImageOfPage\":{\"@id\":\"https:\/\/uraniarecords.com\/fr\/prodotto\/bischoff-six-sonates-a-violoncelle-et-base\/#primaryimage\"},\"datePublished\":\"2021-02-09T07:30:04+00:00\",\"dateModified\":\"2024-04-30T15:53:32+00:00\",\"breadcrumb\":{\"@id\":\"https:\/\/uraniarecords.com\/fr\/prodotto\/bischoff-six-sonates-a-violoncelle-et-base\/#breadcrumb\"},\"inLanguage\":\"fr-FR\",\"potentialAction\":[{\"@type\":\"ReadAction\",\"target\":[\"https:\/\/uraniarecords.com\/fr\/prodotto\/bischoff-six-sonates-a-violoncelle-et-base\/\"]}]},{\"@type\":\"BreadcrumbList\",\"@id\":\"https:\/\/uraniarecords.com\/fr\/prodotto\/bischoff-six-sonates-a-violoncelle-et-base\/#breadcrumb\",\"itemListElement\":[{\"@type\":\"ListItem\",\"position\":1,\"name\":\"Home\",\"item\":\"https:\/\/uraniarecords.com\/fr\/\"},{\"@type\":\"ListItem\",\"position\":2,\"name\":\"Boutique\",\"item\":\"https:\/\/uraniarecords.com\/fr\/boutique\/\"},{\"@type\":\"ListItem\",\"position\":3,\"name\":\"BISCHOFF: Six Sonates \\u00e0 violoncelle et Ba\\u00dfe\"}]}]}<\/script>\n<!-- \/ Yoast SEO plugin. -->","yoast_head_json":{"title":"BISCHOFF: Six Sonates \u00e0 violoncelle et Ba\u00dfe - Urania Records","robots":{"index":"index","follow":"follow","max-snippet":"max-snippet:-1","max-image-preview":"max-image-preview:large","max-video-preview":"max-video-preview:-1"},"canonical":"https:\/\/uraniarecords.com\/fr\/prodotto\/bischoff-six-sonates-a-violoncelle-et-base\/","og_locale":"fr_FR","og_type":"article","og_title":"BISCHOFF: Six Sonates \u00e0 violoncelle et Ba\u00dfe - Urania Records","og_description":"JOHANN CARL BISCHOFF (Nuremberg 1747 &#8211; Hamburg, after 1800) Six Sonates \u00e0 violoncelle et ba\u00dfe (Amsterdam, 1779\/82) Sonata N. 1 in C Major Sonata N. 2 in D Major Sonata N. 3 in E-flat Major Sonata N. 4 in C Major Sonata N. 5 in E Major Sonata N. 6 in F Major CLAUDIO RONCO&hellip;","og_url":"https:\/\/uraniarecords.com\/fr\/prodotto\/bischoff-six-sonates-a-violoncelle-et-base\/","og_site_name":"Urania Records","article_modified_time":"2024-04-30T15:53:32+00:00","og_image":[{"width":800,"height":800,"url":"https:\/\/uraniarecords.com\/wp-content\/uploads\/2021\/01\/14066-cover-sito.jpg","type":"image\/jpeg"}],"twitter_card":"summary","twitter_misc":{"Dur\u00e9e de lecture est.":"1 minute"},"schema":{"@context":"https:\/\/schema.org","@graph":[{"@type":"WebSite","@id":"https:\/\/uraniarecords.com\/#website","url":"https:\/\/uraniarecords.com\/","name":"Urania Records","description":"The Italian classical Label since 1998","potentialAction":[{"@type":"SearchAction","target":{"@type":"EntryPoint","urlTemplate":"https:\/\/uraniarecords.com\/?s={search_term_string}"},"query-input":"required name=search_term_string"}],"inLanguage":"fr-FR"},{"@type":"ImageObject","@id":"https:\/\/uraniarecords.com\/fr\/prodotto\/bischoff-six-sonates-a-violoncelle-et-base\/#primaryimage","inLanguage":"fr-FR","url":"https:\/\/uraniarecords.com\/wp-content\/uploads\/2021\/01\/14066-cover-sito.jpg","contentUrl":"https:\/\/uraniarecords.com\/wp-content\/uploads\/2021\/01\/14066-cover-sito.jpg","width":800,"height":800},{"@type":"WebPage","@id":"https:\/\/uraniarecords.com\/fr\/prodotto\/bischoff-six-sonates-a-violoncelle-et-base\/#webpage","url":"https:\/\/uraniarecords.com\/fr\/prodotto\/bischoff-six-sonates-a-violoncelle-et-base\/","name":"BISCHOFF: Six Sonates \u00e0 violoncelle et Ba\u00dfe - Urania Records","isPartOf":{"@id":"https:\/\/uraniarecords.com\/#website"},"primaryImageOfPage":{"@id":"https:\/\/uraniarecords.com\/fr\/prodotto\/bischoff-six-sonates-a-violoncelle-et-base\/#primaryimage"},"datePublished":"2021-02-09T07:30:04+00:00","dateModified":"2024-04-30T15:53:32+00:00","breadcrumb":{"@id":"https:\/\/uraniarecords.com\/fr\/prodotto\/bischoff-six-sonates-a-violoncelle-et-base\/#breadcrumb"},"inLanguage":"fr-FR","potentialAction":[{"@type":"ReadAction","target":["https:\/\/uraniarecords.com\/fr\/prodotto\/bischoff-six-sonates-a-violoncelle-et-base\/"]}]},{"@type":"BreadcrumbList","@id":"https:\/\/uraniarecords.com\/fr\/prodotto\/bischoff-six-sonates-a-violoncelle-et-base\/#breadcrumb","itemListElement":[{"@type":"ListItem","position":1,"name":"Home","item":"https:\/\/uraniarecords.com\/fr\/"},{"@type":"ListItem","position":2,"name":"Boutique","item":"https:\/\/uraniarecords.com\/fr\/boutique\/"},{"@type":"ListItem","position":3,"name":"BISCHOFF: Six Sonates \u00e0 violoncelle et Ba\u00dfe"}]}]}},"_links":{"self":[{"href":"https:\/\/uraniarecords.com\/fr\/wp-json\/wp\/v2\/product\/16004"}],"collection":[{"href":"https:\/\/uraniarecords.com\/fr\/wp-json\/wp\/v2\/product"}],"about":[{"href":"https:\/\/uraniarecords.com\/fr\/wp-json\/wp\/v2\/types\/product"}],"replies":[{"embeddable":true,"href":"https:\/\/uraniarecords.com\/fr\/wp-json\/wp\/v2\/comments?post=16004"}],"wp:featuredmedia":[{"embeddable":true,"href":"https:\/\/uraniarecords.com\/fr\/wp-json\/wp\/v2\/media\/15958"}],"wp:attachment":[{"href":"https:\/\/uraniarecords.com\/fr\/wp-json\/wp\/v2\/media?parent=16004"}],"wp:term":[{"taxonomy":"product_cat","embeddable":true,"href":"https:\/\/uraniarecords.com\/fr\/wp-json\/wp\/v2\/product_cat?post=16004"},{"taxonomy":"product_tag","embeddable":true,"href":"https:\/\/uraniarecords.com\/fr\/wp-json\/wp\/v2\/product_tag?post=16004"}],"curies":[{"name":"wp","href":"https:\/\/api.w.org\/{rel}","templated":true}]}}