{"id":16795,"date":"2022-03-04T13:52:17","date_gmt":"2022-03-04T13:52:17","guid":{"rendered":"https:\/\/uraniarecords.com\/prodotto\/villa-lobos-piano-works\/"},"modified":"2024-04-30T15:52:40","modified_gmt":"2024-04-30T15:52:40","slug":"villa-lobos-piano-works","status":"publish","type":"product","link":"https:\/\/uraniarecords.com\/fr\/prodotto\/villa-lobos-piano-works\/","title":{"rendered":"VILLA-LOBOS: PIANO WORKS"},"content":{"rendered":"<p>VILLA-LOBOS: PIANO WORKS<\/p>\n<p>&nbsp;<\/p>\n<p><em>Bachianas brasileiras No. 4<\/em> W. 264 (1930-41)<\/p>\n<p><em>Ch\u00f4ros No.5<\/em> \u2013 Alma brasileira W. 207 (1925)<\/p>\n<p><em>New York Skyline Melody<\/em> W. 407 (1939)<\/p>\n<p><em>Tristorosa<\/em> W. 034 (1910)<\/p>\n<p><em>Valsa da dor<\/em> W. 316 (1932)<\/p>\n<p><em>Saudades des selvas brasileiras<\/em> W. 226 (1927)<\/p>\n<p><em>Ibericarab\u00e9<\/em> W. 078 (1914)<\/p>\n<p><em>Ciclo Brasileiro<\/em> W. 374<\/p>\n<p><em>Camargo Guarnieri<\/em> from <em>Dez momentos<\/em><\/p>\n<p>&nbsp;<\/p>\n<p>1 CD<\/p>\n<p>MIRIAM BAUMANN, piano<\/p>\n<p>Il Brasile non \u00e8 solo caff\u00e8, calcio, carnevale, tucani e pappagalli. Esiste un altro mondo, parallelo, anche questo variopinto e perdipi\u00f9 colto: \u00e8 il mondo musicale, che per la maggior parte resta ancora sconosciuto agli europei. Questo album si colloca in un progetto pianistico dedicato proprio alla riscoperta e alla divulgazione di compositori colti brasiliani operanti tra la met\u00e0 dell\u2019800 sino alla met\u00e0 del 900. Si vuole cos\u00ec sottolineare e valorizzare i caratteri universali di commistione e di ricchezza culturale, dissolvendo la distanza tra la musica e chi ascolta, e per far ci\u00f2 si \u00e8 deciso di iniziare proprio con colui che \u00e8 considerato il maggior musicista brasiliano, Villa-Lobos: prolifico compositore, polistrumentista ed egli stesso promulgatore di rinnovamento.<\/p>\n<p>&nbsp;<\/p>\n<p>ENGLISH VERSION<\/p>\n<p>Brazil is not only coffee, football, carnival, toucans and parrots. There is another, parallel world, which is also colourful and, moreover, culturally refined: the world of music, most of which is still unknown to Europeans.<br \/>\nIndeed, this album is part of a piano project dedicated to the rediscovery and dissemination of classical Brazilian composers who worked between the mid-19th and mid-20th centuries. The aim is to emphasise and enhance the universal characteristics of mixture and cultural heritage, erasing the distance between the music and the listener: in order to do this, we decided to start with the man who is considered the greatest Brazilian musician, Villa-Lobos: a prolific composer, multi-instrumentalist and himself a promoter of renewal.<\/p>\n<p><iframe src=\"https:\/\/lnk.to\/villalobpiano\"width=\"400\" height=\"700\" frameborder=\"0\" scrolling=\"no\"><\/iframe><\/p>\n<p>&nbsp;<\/p>\n<blockquote class=\"wp-embedded-content\" data-secret=\"DjERuEJmKX\"><p><a href=\"https:\/\/uraniarecords.com\/baumann-miriam-piano\/\">BAUMANN MIRIAM, PIANO<\/a><\/p><\/blockquote>\n<p><iframe class=\"wp-embedded-content\" sandbox=\"allow-scripts\" security=\"restricted\" style=\"position: absolute; clip: rect(1px, 1px, 1px, 1px);\" title=\"&#8220;BAUMANN MIRIAM, PIANO&#8221; &#8212; Urania Records\" src=\"https:\/\/uraniarecords.com\/baumann-miriam-piano\/embed\/#?secret=DjERuEJmKX\" data-secret=\"DjERuEJmKX\" width=\"600\" height=\"338\" frameborder=\"0\" marginwidth=\"0\" marginheight=\"0\" scrolling=\"no\"><\/iframe><\/p>\n<p>&nbsp;<\/p>\n","protected":false},"excerpt":{"rendered":"<p>VILLA-LOBOS: PIANO WORKS &nbsp; Bachianas brasileiras No. 4 W. 264 (1930-41) Ch\u00f4ros No.5 \u2013 Alma brasileira W. 207 (1925) New York Skyline Melody W. 407 (1939) Tristorosa W. 034 (1910) Valsa da dor W. 316 (1932) Saudades des selvas brasileiras W. 226 (1927) Ibericarab\u00e9 W. 078 (1914) Ciclo Brasileiro W. 374 Camargo Guarnieri from Dez&hellip;<\/p>\n","protected":false},"featured_media":16788,"comment_status":"open","ping_status":"closed","template":"","meta":[],"product_cat":[3348,144,178],"product_tag":[],"yoast_head":"<!-- This site is optimized with the Yoast SEO plugin v17.5 - https:\/\/yoast.com\/wordpress\/plugins\/seo\/ -->\n<title>VILLA-LOBOS: PIANO WORKS - Urania Records<\/title>\n<meta name=\"robots\" content=\"index, follow, max-snippet:-1, max-image-preview:large, max-video-preview:-1\" \/>\n<link rel=\"canonical\" href=\"https:\/\/uraniarecords.com\/fr\/prodotto\/villa-lobos-piano-works\/\" \/>\n<meta property=\"og:locale\" content=\"fr_FR\" \/>\n<meta property=\"og:type\" content=\"article\" \/>\n<meta property=\"og:title\" content=\"VILLA-LOBOS: PIANO WORKS - Urania Records\" \/>\n<meta property=\"og:description\" content=\"VILLA-LOBOS: PIANO WORKS &nbsp; Bachianas brasileiras No. 4 W. 264 (1930-41) Ch\u00f4ros No.5 \u2013 Alma brasileira W. 207 (1925) New York Skyline Melody W. 407 (1939) Tristorosa W. 034 (1910) Valsa da dor W. 316 (1932) Saudades des selvas brasileiras W. 226 (1927) Ibericarab\u00e9 W. 078 (1914) Ciclo Brasileiro W. 374 Camargo Guarnieri from Dez&hellip;\" \/>\n<meta property=\"og:url\" content=\"https:\/\/uraniarecords.com\/fr\/prodotto\/villa-lobos-piano-works\/\" \/>\n<meta property=\"og:site_name\" content=\"Urania Records\" \/>\n<meta property=\"article:modified_time\" content=\"2024-04-30T15:52:40+00:00\" \/>\n<meta property=\"og:image\" content=\"https:\/\/uraniarecords.com\/wp-content\/uploads\/2022\/03\/14085-cover-sito.jpg\" \/>\n\t<meta property=\"og:image:width\" content=\"800\" \/>\n\t<meta property=\"og:image:height\" content=\"720\" \/>\n<meta name=\"twitter:card\" content=\"summary\" \/>\n<meta name=\"twitter:label1\" content=\"Dur\u00e9e de lecture est.\" \/>\n\t<meta name=\"twitter:data1\" content=\"1 minute\" \/>\n<script type=\"application\/ld+json\" class=\"yoast-schema-graph\">{\"@context\":\"https:\/\/schema.org\",\"@graph\":[{\"@type\":\"WebSite\",\"@id\":\"https:\/\/uraniarecords.com\/#website\",\"url\":\"https:\/\/uraniarecords.com\/\",\"name\":\"Urania Records\",\"description\":\"The Italian classical Label since 1998\",\"potentialAction\":[{\"@type\":\"SearchAction\",\"target\":{\"@type\":\"EntryPoint\",\"urlTemplate\":\"https:\/\/uraniarecords.com\/?s={search_term_string}\"},\"query-input\":\"required name=search_term_string\"}],\"inLanguage\":\"fr-FR\"},{\"@type\":\"ImageObject\",\"@id\":\"https:\/\/uraniarecords.com\/fr\/prodotto\/villa-lobos-piano-works\/#primaryimage\",\"inLanguage\":\"fr-FR\",\"url\":\"https:\/\/uraniarecords.com\/wp-content\/uploads\/2022\/03\/14085-cover-sito.jpg\",\"contentUrl\":\"https:\/\/uraniarecords.com\/wp-content\/uploads\/2022\/03\/14085-cover-sito.jpg\",\"width\":800,\"height\":720},{\"@type\":\"WebPage\",\"@id\":\"https:\/\/uraniarecords.com\/fr\/prodotto\/villa-lobos-piano-works\/#webpage\",\"url\":\"https:\/\/uraniarecords.com\/fr\/prodotto\/villa-lobos-piano-works\/\",\"name\":\"VILLA-LOBOS: PIANO WORKS - Urania Records\",\"isPartOf\":{\"@id\":\"https:\/\/uraniarecords.com\/#website\"},\"primaryImageOfPage\":{\"@id\":\"https:\/\/uraniarecords.com\/fr\/prodotto\/villa-lobos-piano-works\/#primaryimage\"},\"datePublished\":\"2022-03-04T13:52:17+00:00\",\"dateModified\":\"2024-04-30T15:52:40+00:00\",\"breadcrumb\":{\"@id\":\"https:\/\/uraniarecords.com\/fr\/prodotto\/villa-lobos-piano-works\/#breadcrumb\"},\"inLanguage\":\"fr-FR\",\"potentialAction\":[{\"@type\":\"ReadAction\",\"target\":[\"https:\/\/uraniarecords.com\/fr\/prodotto\/villa-lobos-piano-works\/\"]}]},{\"@type\":\"BreadcrumbList\",\"@id\":\"https:\/\/uraniarecords.com\/fr\/prodotto\/villa-lobos-piano-works\/#breadcrumb\",\"itemListElement\":[{\"@type\":\"ListItem\",\"position\":1,\"name\":\"Home\",\"item\":\"https:\/\/uraniarecords.com\/fr\/\"},{\"@type\":\"ListItem\",\"position\":2,\"name\":\"Boutique\",\"item\":\"https:\/\/uraniarecords.com\/fr\/boutique\/\"},{\"@type\":\"ListItem\",\"position\":3,\"name\":\"VILLA-LOBOS: PIANO WORKS\"}]}]}<\/script>\n<!-- \/ Yoast SEO plugin. -->","yoast_head_json":{"title":"VILLA-LOBOS: PIANO WORKS - Urania Records","robots":{"index":"index","follow":"follow","max-snippet":"max-snippet:-1","max-image-preview":"max-image-preview:large","max-video-preview":"max-video-preview:-1"},"canonical":"https:\/\/uraniarecords.com\/fr\/prodotto\/villa-lobos-piano-works\/","og_locale":"fr_FR","og_type":"article","og_title":"VILLA-LOBOS: PIANO WORKS - Urania Records","og_description":"VILLA-LOBOS: PIANO WORKS &nbsp; Bachianas brasileiras No. 4 W. 264 (1930-41) Ch\u00f4ros No.5 \u2013 Alma brasileira W. 207 (1925) New York Skyline Melody W. 407 (1939) Tristorosa W. 034 (1910) Valsa da dor W. 316 (1932) Saudades des selvas brasileiras W. 226 (1927) Ibericarab\u00e9 W. 078 (1914) Ciclo Brasileiro W. 374 Camargo Guarnieri from Dez&hellip;","og_url":"https:\/\/uraniarecords.com\/fr\/prodotto\/villa-lobos-piano-works\/","og_site_name":"Urania Records","article_modified_time":"2024-04-30T15:52:40+00:00","og_image":[{"width":800,"height":720,"url":"https:\/\/uraniarecords.com\/wp-content\/uploads\/2022\/03\/14085-cover-sito.jpg","type":"image\/jpeg"}],"twitter_card":"summary","twitter_misc":{"Dur\u00e9e de lecture est.":"1 minute"},"schema":{"@context":"https:\/\/schema.org","@graph":[{"@type":"WebSite","@id":"https:\/\/uraniarecords.com\/#website","url":"https:\/\/uraniarecords.com\/","name":"Urania Records","description":"The Italian classical Label since 1998","potentialAction":[{"@type":"SearchAction","target":{"@type":"EntryPoint","urlTemplate":"https:\/\/uraniarecords.com\/?s={search_term_string}"},"query-input":"required name=search_term_string"}],"inLanguage":"fr-FR"},{"@type":"ImageObject","@id":"https:\/\/uraniarecords.com\/fr\/prodotto\/villa-lobos-piano-works\/#primaryimage","inLanguage":"fr-FR","url":"https:\/\/uraniarecords.com\/wp-content\/uploads\/2022\/03\/14085-cover-sito.jpg","contentUrl":"https:\/\/uraniarecords.com\/wp-content\/uploads\/2022\/03\/14085-cover-sito.jpg","width":800,"height":720},{"@type":"WebPage","@id":"https:\/\/uraniarecords.com\/fr\/prodotto\/villa-lobos-piano-works\/#webpage","url":"https:\/\/uraniarecords.com\/fr\/prodotto\/villa-lobos-piano-works\/","name":"VILLA-LOBOS: PIANO WORKS - Urania Records","isPartOf":{"@id":"https:\/\/uraniarecords.com\/#website"},"primaryImageOfPage":{"@id":"https:\/\/uraniarecords.com\/fr\/prodotto\/villa-lobos-piano-works\/#primaryimage"},"datePublished":"2022-03-04T13:52:17+00:00","dateModified":"2024-04-30T15:52:40+00:00","breadcrumb":{"@id":"https:\/\/uraniarecords.com\/fr\/prodotto\/villa-lobos-piano-works\/#breadcrumb"},"inLanguage":"fr-FR","potentialAction":[{"@type":"ReadAction","target":["https:\/\/uraniarecords.com\/fr\/prodotto\/villa-lobos-piano-works\/"]}]},{"@type":"BreadcrumbList","@id":"https:\/\/uraniarecords.com\/fr\/prodotto\/villa-lobos-piano-works\/#breadcrumb","itemListElement":[{"@type":"ListItem","position":1,"name":"Home","item":"https:\/\/uraniarecords.com\/fr\/"},{"@type":"ListItem","position":2,"name":"Boutique","item":"https:\/\/uraniarecords.com\/fr\/boutique\/"},{"@type":"ListItem","position":3,"name":"VILLA-LOBOS: PIANO WORKS"}]}]}},"_links":{"self":[{"href":"https:\/\/uraniarecords.com\/fr\/wp-json\/wp\/v2\/product\/16795"}],"collection":[{"href":"https:\/\/uraniarecords.com\/fr\/wp-json\/wp\/v2\/product"}],"about":[{"href":"https:\/\/uraniarecords.com\/fr\/wp-json\/wp\/v2\/types\/product"}],"replies":[{"embeddable":true,"href":"https:\/\/uraniarecords.com\/fr\/wp-json\/wp\/v2\/comments?post=16795"}],"wp:featuredmedia":[{"embeddable":true,"href":"https:\/\/uraniarecords.com\/fr\/wp-json\/wp\/v2\/media\/16788"}],"wp:attachment":[{"href":"https:\/\/uraniarecords.com\/fr\/wp-json\/wp\/v2\/media?parent=16795"}],"wp:term":[{"taxonomy":"product_cat","embeddable":true,"href":"https:\/\/uraniarecords.com\/fr\/wp-json\/wp\/v2\/product_cat?post=16795"},{"taxonomy":"product_tag","embeddable":true,"href":"https:\/\/uraniarecords.com\/fr\/wp-json\/wp\/v2\/product_tag?post=16795"}],"curies":[{"name":"wp","href":"https:\/\/api.w.org\/{rel}","templated":true}]}}