{"id":17214,"date":"2022-08-31T11:02:02","date_gmt":"2022-08-31T11:02:02","guid":{"rendered":"https:\/\/uraniarecords.com\/prodotto\/j-s-bach-sonatas-for-viola-da-gamba-harpsichord\/"},"modified":"2024-04-30T15:52:13","modified_gmt":"2024-04-30T15:52:13","slug":"j-s-bach-sonatas-for-viola-da-gamba-harpsichord","status":"publish","type":"product","link":"https:\/\/uraniarecords.com\/fr\/prodotto\/j-s-bach-sonatas-for-viola-da-gamba-harpsichord\/","title":{"rendered":"J.S.BACH: SONATAS FOR VIOLA DA GAMBA &#038; HARPSICHORD"},"content":{"rendered":"<span class=\"quform-popup-link quform-popup-link-2\" data-unique-id=\"1fd079\" data-options=\"{&quot;width&quot;:&quot;300&quot;}\"><iframe loading=\"lazy\" src=\"https:\/\/uraniarecords.lnk.to\/Bach-Sonatas-for-Viola-Harpsichord\/widget?view=clickthrough%20\" width=\"300\" height=\"300\" frameborder=\"0\" data-lnk-widget=\"\"><\/iframe><\/span><div class=\"quform-popup\"><div id=\"quform-1fd079\" class=\"quform quform-2 quform-support-page-caching\"><form id=\"quform-form-1fd079\" class=\"quform-form quform-form-2\" action=\"\/fr\/wp-json\/wp\/v2\/product\/17214#quform-1fd079\" method=\"post\" enctype=\"multipart\/form-data\" novalidate=\"novalidate\" data-options=\"{&quot;id&quot;:2,&quot;uniqueId&quot;:&quot;1fd079&quot;,&quot;theme&quot;:&quot;&quot;,&quot;ajax&quot;:true,&quot;logic&quot;:{&quot;logic&quot;:[],&quot;dependents&quot;:[],&quot;elementIds&quot;:[],&quot;dependentElementIds&quot;:[],&quot;animate&quot;:true},&quot;currentPageId&quot;:1,&quot;errorsIcon&quot;:&quot;&quot;,&quot;updateFancybox&quot;:true,&quot;hasPages&quot;:false,&quot;pages&quot;:[1],&quot;pageProgressType&quot;:&quot;numbers&quot;,&quot;tooltipsEnabled&quot;:true,&quot;tooltipClasses&quot;:&quot;qtip-quform-dark qtip-shadow&quot;,&quot;tooltipMy&quot;:&quot;left center&quot;,&quot;tooltipAt&quot;:&quot;right center&quot;,&quot;isRtl&quot;:false,&quot;scrollOffset&quot;:-50,&quot;scrollSpeed&quot;:800}\"><button class=\"quform-default-submit\" name=\"quform_submit\" type=\"submit\" value=\"submit\" aria-hidden=\"true\" tabindex=\"-1\"><\/button><div class=\"quform-form-inner quform-form-inner-2\"><input type=\"hidden\" name=\"quform_form_id\" value=\"2\" \/><input type=\"hidden\" name=\"quform_form_uid\" value=\"1fd079\" \/><input type=\"hidden\" name=\"quform_count\" value=\"1\" \/><input type=\"hidden\" name=\"form_url\" value=\"https:\/\/uraniarecords.com\/fr\/wp-json\/wp\/v2\/product\/17214\" \/><input type=\"hidden\" name=\"referring_url\" value=\"\" \/><input type=\"hidden\" name=\"post_id\" value=\"\" \/><input type=\"hidden\" name=\"post_title\" value=\"\" \/><input type=\"hidden\" name=\"quform_current_page_id\" value=\"1\" \/><input type=\"hidden\" name=\"quform_csrf_token\" value=\"Fvcwm3QkpZpchW5h2Mm0d1MZySJGl7GcXO6xjy3H\" \/><div class=\"quform-elements quform-elements-2 quform-cf quform-responsive-elements-phone-landscape\"><div class=\"quform-element quform-element-page quform-page-1 quform-page-2_1 quform-cf quform-group-style-plain quform-first-page quform-last-page quform-current-page\"><div class=\"quform-child-elements\"><div class=\"quform-element quform-element-text quform-element-2_3 quform-cf quform-element-required\"><div class=\"quform-spacer\"><div class=\"quform-label quform-label-2_3\"><label class=\"quform-label-text\" for=\"quform_2_3_1fd079\">Your Name<span class=\"quform-required\">*<\/span><\/label><\/div><div class=\"quform-inner quform-inner-text quform-inner-2_3\"><div class=\"quform-input quform-input-text quform-input-2_3 quform-cf\"><input type=\"text\" id=\"quform_2_3_1fd079\" name=\"quform_2_3\" class=\"quform-field quform-field-text quform-field-2_3\" \/><\/div><\/div><\/div><\/div><div class=\"quform-element quform-element-email quform-element-2_4 quform-cf quform-element-required\"><div class=\"quform-spacer\"><div class=\"quform-label quform-label-2_4\"><label class=\"quform-label-text\" for=\"quform_2_4_1fd079\">E-mail<span class=\"quform-required\">*<\/span><\/label><\/div><div class=\"quform-inner quform-inner-email quform-inner-2_4\"><div class=\"quform-input quform-input-email quform-input-2_4 quform-cf\"><input type=\"email\" id=\"quform_2_4_1fd079\" name=\"quform_2_4\" class=\"quform-field quform-field-email quform-field-2_4\" \/><\/div><\/div><\/div><\/div><div class=\"quform-element quform-element-text quform-element-2_5 quform-cf quform-element-required\"><div class=\"quform-spacer\"><div class=\"quform-label quform-label-2_5\"><label class=\"quform-label-text\" for=\"quform_2_5_1fd079\">Object request<span class=\"quform-required\">*<\/span><\/label><\/div><div class=\"quform-inner quform-inner-text quform-inner-2_5\"><div class=\"quform-input quform-input-text quform-input-2_5 quform-cf\"><input type=\"text\" id=\"quform_2_5_1fd079\" name=\"quform_2_5\" class=\"quform-field quform-field-text quform-field-2_5\" \/><\/div><\/div><\/div><\/div><div class=\"quform-element quform-element-textarea quform-element-2_6 quform-cf quform-element-required\"><div class=\"quform-spacer\"><div class=\"quform-label quform-label-2_6\"><label class=\"quform-label-text\" for=\"quform_2_6_1fd079\">Message<span class=\"quform-required\">*<\/span><\/label><\/div><div class=\"quform-inner quform-inner-textarea quform-inner-2_6\"><div class=\"quform-input quform-input-textarea quform-input-2_6 quform-cf\"><textarea id=\"quform_2_6_1fd079\" name=\"quform_2_6\" class=\"quform-field quform-field-textarea quform-field-2_6\"><\/textarea><\/div><\/div><\/div><\/div><div class=\"quform-element quform-element-checkbox quform-element-2_7 quform-cf quform-element-required\"><div class=\"quform-spacer\"><div class=\"quform-label quform-label-2_7\"><label class=\"quform-label-text\" id=\"quform_2_7_1fd079_label\">Privacy policy<span class=\"quform-required\">*<\/span><\/label><\/div><div class=\"quform-inner quform-inner-checkbox quform-inner-2_7\"><div class=\"quform-input quform-input-checkbox quform-input-2_7 quform-cf\"><div class=\"quform-options quform-cf quform-options-block quform-options-simple\" role=\"group\" aria-labelledby=\"quform_2_7_1fd079_label\"><div class=\"quform-option\"><input type=\"checkbox\" name=\"quform_2_7[]\" id=\"quform_2_7_1fd079_1\" class=\"quform-field quform-field-checkbox quform-field-2_7 quform-field-2_7_1\" value=\"Accept the terms and conditions on &lt;a href=&quot;https:\/\/uraniarecords.com\/privacy-cookie\/&quot;&gt; Privacy &lt;\/a&gt;\" \/><label for=\"quform_2_7_1fd079_1\" class=\"quform-option-label quform-option-label-2_7_1\"><span class=\"quform-option-text\">Accept the terms and conditions on <a href=\"https:\/\/uraniarecords.com\/privacy-cookie\/\"> Privacy <\/a><\/span><\/label><\/div><\/div><\/div><\/div><\/div><\/div><div class=\"quform-element quform-element-submit quform-element-2_2 quform-cf quform-button-style-theme\"><div class=\"quform-button-submit quform-button-submit-default quform-button-submit-2_2\"><button name=\"quform_submit\" type=\"submit\" class=\"quform-submit\" value=\"submit\"><span class=\"quform-button-text quform-button-submit-text\">Soumettre<\/span><\/button><\/div><div class=\"quform-loading quform-loading-position-left quform-loading-type-spinner-1\"><div class=\"quform-loading-inner\"><div class=\"quform-loading-spinner\"><div class=\"quform-loading-spinner-inner\"><\/div><\/div><\/div><\/div><\/div><div class=\"quform-element-tree\"><label for=\"quform_2_0_1fd079\">Ce champ devrait \u00eatre laiss\u00e9 vide<\/label><input type=\"text\" id=\"quform_2_0_1fd079\" name=\"quform_2_0\" class=\"quform-field quform-field-tree quform-field-2_0\" tabindex=\"-1\" autocomplete=\"off\" \/><\/div><\/div><\/div><\/div><\/div><\/form><\/div><\/div>\n<p>J.S.BACH: SONATAS FOR VIOLA DA GAMBA &amp; HARPSICHORD<\/p>\n<p><em>Sonata in G Major BWV 1027*<\/em><br \/>\n<em>Sonata in D Major BWV 1028*<\/em><br \/>\n<em>Sonata in G minor BWV 1029*<\/em><br \/>\n(*with viola and organ)<\/p>\n<p><em>Suite for Harpsichord in A minor, BWV 818a<\/em><\/p>\n<p>1 CD<\/p>\n<p>Luca Lazzarini, viola<br \/>\nNicola Reniero, harpsichord<\/p>\n<p>&nbsp;<\/p>\n<p>Le tre Sonate contenute in questo album sono tra le composizioni pi\u00f9 famose ed eseguite di Bach e costituiscono uno dei vertici della letteratura per viola da gamba. Per questa registrazione si \u00e8 scelto tuttavia di utilizzare la viola da braccio, seguendo una prassi consolidata gi\u00e0 in epoca barocca e che precede ed accompagna il declino della viola da gamba. La struttura di questi pezzi \u00e8 quella di sonate in trio, genere assai praticato dall\u2019autore. La struttura \u00e8 sostanzialmente polifonica e non permette ad uno strumento di prevalere sull\u2019altro. L\u2019organo \u00e8 stato utilizzato in questa registrazione in luogo del clavicembalo, in alcuni brani, per esplorare nuove soluzioni timbriche e proporre un diverso colore strumentale.<\/p>\n<p>&nbsp;<\/p>\n<p>ENGLISH VERSION<\/p>\n<p>The three sonatas by Bach of this album are likely to rank among the most famous and most performed compositions for viola da gamba, and they represent one of the tops of the literature for this instrument. Nevertheless for this recording was used the viola da braccio, according to the practice of the Baroque era which precedes and accompanies the decline of the viola da gamba. These pieces are composed as a trio sonata, a favourite genre by the Maestro. They are mainly based on polyphonic writing, in which no instrument prevails over the other. In some pieces the organ was used in place of the harpsichord, a choice of the performers to explore new varieties of timbre and offer different instrumental colours.<\/p>\n","protected":false},"excerpt":{"rendered":"<p>J.S.BACH: SONATAS FOR VIOLA DA GAMBA &amp; HARPSICHORD Sonata in G Major BWV 1027* Sonata in D Major BWV 1028* Sonata in G minor BWV 1029* (*with viola and organ) Suite for Harpsichord in A minor, BWV 818a 1 CD Luca Lazzarini, viola Nicola Reniero, harpsichord &nbsp; Le tre Sonate contenute in questo album sono&hellip;<\/p>\n","protected":false},"featured_media":17183,"comment_status":"open","ping_status":"closed","template":"","meta":[],"product_cat":[163,3348,144],"product_tag":[],"yoast_head":"<!-- This site is optimized with the Yoast SEO plugin v17.5 - https:\/\/yoast.com\/wordpress\/plugins\/seo\/ -->\n<title>J.S.BACH: SONATAS FOR VIOLA DA GAMBA &amp; HARPSICHORD - Urania Records<\/title>\n<meta name=\"robots\" content=\"index, follow, max-snippet:-1, max-image-preview:large, max-video-preview:-1\" \/>\n<link rel=\"canonical\" href=\"https:\/\/uraniarecords.com\/fr\/prodotto\/j-s-bach-sonatas-for-viola-da-gamba-harpsichord\/\" \/>\n<meta property=\"og:locale\" content=\"fr_FR\" \/>\n<meta property=\"og:type\" content=\"article\" \/>\n<meta property=\"og:title\" content=\"J.S.BACH: SONATAS FOR VIOLA DA GAMBA &amp; HARPSICHORD - Urania Records\" \/>\n<meta property=\"og:description\" content=\"J.S.BACH: SONATAS FOR VIOLA DA GAMBA &amp; HARPSICHORD Sonata in G Major BWV 1027* Sonata in D Major BWV 1028* Sonata in G minor BWV 1029* (*with viola and organ) Suite for Harpsichord in A minor, BWV 818a 1 CD Luca Lazzarini, viola Nicola Reniero, harpsichord &nbsp; Le tre Sonate contenute in questo album sono&hellip;\" \/>\n<meta property=\"og:url\" content=\"https:\/\/uraniarecords.com\/fr\/prodotto\/j-s-bach-sonatas-for-viola-da-gamba-harpsichord\/\" \/>\n<meta property=\"og:site_name\" content=\"Urania Records\" \/>\n<meta property=\"article:modified_time\" content=\"2024-04-30T15:52:13+00:00\" \/>\n<meta property=\"og:image\" content=\"https:\/\/uraniarecords.com\/wp-content\/uploads\/2022\/08\/14090-cover-sito.jpg\" \/>\n\t<meta property=\"og:image:width\" content=\"800\" \/>\n\t<meta property=\"og:image:height\" content=\"724\" \/>\n<meta name=\"twitter:card\" content=\"summary\" \/>\n<meta name=\"twitter:label1\" content=\"Dur\u00e9e de lecture est.\" \/>\n\t<meta name=\"twitter:data1\" content=\"1 minute\" \/>\n<script type=\"application\/ld+json\" class=\"yoast-schema-graph\">{\"@context\":\"https:\/\/schema.org\",\"@graph\":[{\"@type\":\"WebSite\",\"@id\":\"https:\/\/uraniarecords.com\/#website\",\"url\":\"https:\/\/uraniarecords.com\/\",\"name\":\"Urania Records\",\"description\":\"The Italian classical Label since 1998\",\"potentialAction\":[{\"@type\":\"SearchAction\",\"target\":{\"@type\":\"EntryPoint\",\"urlTemplate\":\"https:\/\/uraniarecords.com\/?s={search_term_string}\"},\"query-input\":\"required name=search_term_string\"}],\"inLanguage\":\"fr-FR\"},{\"@type\":\"ImageObject\",\"@id\":\"https:\/\/uraniarecords.com\/fr\/prodotto\/j-s-bach-sonatas-for-viola-da-gamba-harpsichord\/#primaryimage\",\"inLanguage\":\"fr-FR\",\"url\":\"https:\/\/uraniarecords.com\/wp-content\/uploads\/2022\/08\/14090-cover-sito.jpg\",\"contentUrl\":\"https:\/\/uraniarecords.com\/wp-content\/uploads\/2022\/08\/14090-cover-sito.jpg\",\"width\":800,\"height\":724},{\"@type\":\"WebPage\",\"@id\":\"https:\/\/uraniarecords.com\/fr\/prodotto\/j-s-bach-sonatas-for-viola-da-gamba-harpsichord\/#webpage\",\"url\":\"https:\/\/uraniarecords.com\/fr\/prodotto\/j-s-bach-sonatas-for-viola-da-gamba-harpsichord\/\",\"name\":\"J.S.BACH: SONATAS FOR VIOLA DA GAMBA & HARPSICHORD - Urania Records\",\"isPartOf\":{\"@id\":\"https:\/\/uraniarecords.com\/#website\"},\"primaryImageOfPage\":{\"@id\":\"https:\/\/uraniarecords.com\/fr\/prodotto\/j-s-bach-sonatas-for-viola-da-gamba-harpsichord\/#primaryimage\"},\"datePublished\":\"2022-08-31T11:02:02+00:00\",\"dateModified\":\"2024-04-30T15:52:13+00:00\",\"breadcrumb\":{\"@id\":\"https:\/\/uraniarecords.com\/fr\/prodotto\/j-s-bach-sonatas-for-viola-da-gamba-harpsichord\/#breadcrumb\"},\"inLanguage\":\"fr-FR\",\"potentialAction\":[{\"@type\":\"ReadAction\",\"target\":[\"https:\/\/uraniarecords.com\/fr\/prodotto\/j-s-bach-sonatas-for-viola-da-gamba-harpsichord\/\"]}]},{\"@type\":\"BreadcrumbList\",\"@id\":\"https:\/\/uraniarecords.com\/fr\/prodotto\/j-s-bach-sonatas-for-viola-da-gamba-harpsichord\/#breadcrumb\",\"itemListElement\":[{\"@type\":\"ListItem\",\"position\":1,\"name\":\"Home\",\"item\":\"https:\/\/uraniarecords.com\/fr\/\"},{\"@type\":\"ListItem\",\"position\":2,\"name\":\"Boutique\",\"item\":\"https:\/\/uraniarecords.com\/fr\/boutique\/\"},{\"@type\":\"ListItem\",\"position\":3,\"name\":\"J.S.BACH: SONATAS FOR VIOLA DA GAMBA &#038; HARPSICHORD\"}]}]}<\/script>\n<!-- \/ Yoast SEO plugin. -->","yoast_head_json":{"title":"J.S.BACH: SONATAS FOR VIOLA DA GAMBA & HARPSICHORD - Urania Records","robots":{"index":"index","follow":"follow","max-snippet":"max-snippet:-1","max-image-preview":"max-image-preview:large","max-video-preview":"max-video-preview:-1"},"canonical":"https:\/\/uraniarecords.com\/fr\/prodotto\/j-s-bach-sonatas-for-viola-da-gamba-harpsichord\/","og_locale":"fr_FR","og_type":"article","og_title":"J.S.BACH: SONATAS FOR VIOLA DA GAMBA & HARPSICHORD - Urania Records","og_description":"J.S.BACH: SONATAS FOR VIOLA DA GAMBA &amp; HARPSICHORD Sonata in G Major BWV 1027* Sonata in D Major BWV 1028* Sonata in G minor BWV 1029* (*with viola and organ) Suite for Harpsichord in A minor, BWV 818a 1 CD Luca Lazzarini, viola Nicola Reniero, harpsichord &nbsp; Le tre Sonate contenute in questo album sono&hellip;","og_url":"https:\/\/uraniarecords.com\/fr\/prodotto\/j-s-bach-sonatas-for-viola-da-gamba-harpsichord\/","og_site_name":"Urania Records","article_modified_time":"2024-04-30T15:52:13+00:00","og_image":[{"width":800,"height":724,"url":"https:\/\/uraniarecords.com\/wp-content\/uploads\/2022\/08\/14090-cover-sito.jpg","type":"image\/jpeg"}],"twitter_card":"summary","twitter_misc":{"Dur\u00e9e de lecture est.":"1 minute"},"schema":{"@context":"https:\/\/schema.org","@graph":[{"@type":"WebSite","@id":"https:\/\/uraniarecords.com\/#website","url":"https:\/\/uraniarecords.com\/","name":"Urania Records","description":"The Italian classical Label since 1998","potentialAction":[{"@type":"SearchAction","target":{"@type":"EntryPoint","urlTemplate":"https:\/\/uraniarecords.com\/?s={search_term_string}"},"query-input":"required name=search_term_string"}],"inLanguage":"fr-FR"},{"@type":"ImageObject","@id":"https:\/\/uraniarecords.com\/fr\/prodotto\/j-s-bach-sonatas-for-viola-da-gamba-harpsichord\/#primaryimage","inLanguage":"fr-FR","url":"https:\/\/uraniarecords.com\/wp-content\/uploads\/2022\/08\/14090-cover-sito.jpg","contentUrl":"https:\/\/uraniarecords.com\/wp-content\/uploads\/2022\/08\/14090-cover-sito.jpg","width":800,"height":724},{"@type":"WebPage","@id":"https:\/\/uraniarecords.com\/fr\/prodotto\/j-s-bach-sonatas-for-viola-da-gamba-harpsichord\/#webpage","url":"https:\/\/uraniarecords.com\/fr\/prodotto\/j-s-bach-sonatas-for-viola-da-gamba-harpsichord\/","name":"J.S.BACH: SONATAS FOR VIOLA DA GAMBA & HARPSICHORD - Urania Records","isPartOf":{"@id":"https:\/\/uraniarecords.com\/#website"},"primaryImageOfPage":{"@id":"https:\/\/uraniarecords.com\/fr\/prodotto\/j-s-bach-sonatas-for-viola-da-gamba-harpsichord\/#primaryimage"},"datePublished":"2022-08-31T11:02:02+00:00","dateModified":"2024-04-30T15:52:13+00:00","breadcrumb":{"@id":"https:\/\/uraniarecords.com\/fr\/prodotto\/j-s-bach-sonatas-for-viola-da-gamba-harpsichord\/#breadcrumb"},"inLanguage":"fr-FR","potentialAction":[{"@type":"ReadAction","target":["https:\/\/uraniarecords.com\/fr\/prodotto\/j-s-bach-sonatas-for-viola-da-gamba-harpsichord\/"]}]},{"@type":"BreadcrumbList","@id":"https:\/\/uraniarecords.com\/fr\/prodotto\/j-s-bach-sonatas-for-viola-da-gamba-harpsichord\/#breadcrumb","itemListElement":[{"@type":"ListItem","position":1,"name":"Home","item":"https:\/\/uraniarecords.com\/fr\/"},{"@type":"ListItem","position":2,"name":"Boutique","item":"https:\/\/uraniarecords.com\/fr\/boutique\/"},{"@type":"ListItem","position":3,"name":"J.S.BACH: SONATAS FOR VIOLA DA GAMBA &#038; HARPSICHORD"}]}]}},"_links":{"self":[{"href":"https:\/\/uraniarecords.com\/fr\/wp-json\/wp\/v2\/product\/17214"}],"collection":[{"href":"https:\/\/uraniarecords.com\/fr\/wp-json\/wp\/v2\/product"}],"about":[{"href":"https:\/\/uraniarecords.com\/fr\/wp-json\/wp\/v2\/types\/product"}],"replies":[{"embeddable":true,"href":"https:\/\/uraniarecords.com\/fr\/wp-json\/wp\/v2\/comments?post=17214"}],"wp:featuredmedia":[{"embeddable":true,"href":"https:\/\/uraniarecords.com\/fr\/wp-json\/wp\/v2\/media\/17183"}],"wp:attachment":[{"href":"https:\/\/uraniarecords.com\/fr\/wp-json\/wp\/v2\/media?parent=17214"}],"wp:term":[{"taxonomy":"product_cat","embeddable":true,"href":"https:\/\/uraniarecords.com\/fr\/wp-json\/wp\/v2\/product_cat?post=17214"},{"taxonomy":"product_tag","embeddable":true,"href":"https:\/\/uraniarecords.com\/fr\/wp-json\/wp\/v2\/product_tag?post=17214"}],"curies":[{"name":"wp","href":"https:\/\/api.w.org\/{rel}","templated":true}]}}