{"id":17861,"date":"2023-01-11T17:10:02","date_gmt":"2023-01-11T17:10:02","guid":{"rendered":"https:\/\/uraniarecords.com\/prodotto\/caruso-his-songs\/"},"modified":"2024-04-30T15:51:32","modified_gmt":"2024-04-30T15:51:32","slug":"caruso-his-songs","status":"publish","type":"product","link":"https:\/\/uraniarecords.com\/fr\/prodotto\/caruso-his-songs\/","title":{"rendered":"CARUSO: HIS SONGS"},"content":{"rendered":"<p>CARUSO: HIS SONGS composed FOR him and BY him<\/p>\n<p><strong>9 songs composed BY him<\/strong><\/p>\n<p><em>Adorables Tourments\u00a0<\/em>(1907)<br \/>\n<em>No! Nun di ca so stato<\/em> I* (1911)<br \/>\n<em>Fenesta Abbandunata<\/em>* (1912)<br \/>\n<em>Dreams of Long Ago<\/em> (1912)<br \/>\n<em>Canzona a Dispietto<\/em>* (1912)<br \/>\n<em>Tiempo Antico<\/em> (1912)<br \/>\n<em>Per Sempre Libert\u00e0\/Liberty Forever<\/em>* (1917)<br \/>\n<em>Campane a Sera<\/em> (1918)<br \/>\n<em>Serenata (Souvenirs d\u2019un Concert)<\/em> (1919)<\/p>\n<p><strong>39 songs composed FOR him by<\/strong><\/p>\n<p>Antonio Pini-Corsi (1903) | Francesco Paolo Tosti (1903-1906-1909) ! Ruggero Leoncavallo (1904 -1913) | Luigi Denza (1905) | Arturo Buzzi-Peccia* (1906-1915) | Enrico Leboffe* (1906) | Pier Adolfo Tirindelli* (1906-1920) Mario Ferrarese* (1908 &#8211; 1910) | Salvatore Cardillo (1911) Renato Brogi* (1911) | Mary Helen Brown* (1913) Juan Gay* (1914) | Angelo Bettinelli* (1914) Gaetano Calamani* (1915) | Raoul Gunsbourg* (1915) | Leo Strockoff* (1915) Leopoldo Mugnone* (1916) | Luigi Carvelli* (1916) Gabriele Sibella* (1916) | Pedro Gu\u00e9tary* (1916) | Natalie Townsend (1917) | Ariadne Holmes Edwards (1918) | Albano Seismit-Doda* (1918 &#8211; 1919)<br \/>\nJosephine Uterhart* (1919) | Luis Mendoza Lopez* (1920)<\/p>\n<p>&nbsp;<\/p>\n<p>2 CD<\/p>\n<p>* world premi\u00e8re recording<\/p>\n<p>Simbolo dell\u2019italianit\u00e0 e del bel canto, Enrico Caruso \u00e8 passato dai palcoscenici della provincia napoletana ai pi\u00f9 prestigiosi teatri d\u2019opera del mondo e, con la stessa naturalezza con cui interpreta il Duca di Mantova in Rigoletto, pu\u00f2 tornare a essere lo scugnizzo delle canzoni popolari. Ma ci\u00f2 che \u00e8 meno noto \u00e8 che il grande tenore stesso ha composto un piccolo numero di queste canzoni, e il presente album le riunisce per la prima volta, insieme a un\u2019ampia selezione di pezzi scritti appositamente per lui dai suoi contemporanei. Un repertorio poco conosciuto che merita oggi, a 150 anni dalla nascita di Caruso, di essere riscoperto da un nuovo pubblico.<\/p>\n<p>&nbsp;<\/p>\n<p>A symbol of Italianism and bel canto singing, Enrico Caruso moved from provincial Neapolitan stages to the world\u2019s most prestigious opera houses, and as naturally as he sang the Duke of Mantua in Rigoletto, he could return to being the scugnizzo or street urchin of popular songs. But what is less known is that the great tenor himself composed a small number of these songs, and this album brings them together for the first time, along with a wide selection of pieces that were written especially for him by his contemporaries. A little-known repertoire that deserves today, 150 years after Caruso birth, to be rediscovered by a new audience.<\/p>\n<p>&nbsp;<\/p>\n<p>MARK MILHOFER, tenor<\/p>\n<p>MARCO SCOLASTRA, piano<\/p>\n<p>&nbsp;<\/p>\n<blockquote class=\"wp-embedded-content\" data-secret=\"wNR84HumlP\"><p><a href=\"https:\/\/uraniarecords.com\/milhofer-mark-tenor\/\">MILHOFER MARK, TENOR<\/a><\/p><\/blockquote>\n<p><iframe class=\"wp-embedded-content\" sandbox=\"allow-scripts\" security=\"restricted\" style=\"position: absolute; clip: rect(1px, 1px, 1px, 1px);\" title=\"&#8220;MILHOFER MARK, TENOR&#8221; &#8212; Urania Records\" src=\"https:\/\/uraniarecords.com\/milhofer-mark-tenor\/embed\/#?secret=wNR84HumlP\" data-secret=\"wNR84HumlP\" width=\"600\" height=\"338\" frameborder=\"0\" marginwidth=\"0\" marginheight=\"0\" scrolling=\"no\"><\/iframe><\/p>\n<p>&nbsp;<\/p>\n<blockquote class=\"wp-embedded-content\" data-secret=\"F7VbuUR8lA\"><p><a href=\"https:\/\/uraniarecords.com\/scolastra-marco-piano\/\">SCOLASTRA MARCO, PIANO<\/a><\/p><\/blockquote>\n<p><iframe class=\"wp-embedded-content\" sandbox=\"allow-scripts\" security=\"restricted\" style=\"position: absolute; clip: rect(1px, 1px, 1px, 1px);\" title=\"&#8220;SCOLASTRA MARCO, PIANO&#8221; &#8212; Urania Records\" src=\"https:\/\/uraniarecords.com\/scolastra-marco-piano\/embed\/#?secret=F7VbuUR8lA\" data-secret=\"F7VbuUR8lA\" width=\"600\" height=\"338\" frameborder=\"0\" marginwidth=\"0\" marginheight=\"0\" scrolling=\"no\"><\/iframe><\/p>\n<p>&nbsp;<\/p>\n<p>&nbsp;<\/p>\n<p>Il libro completo dei testi delle canzoni, brevi biografie dei compositori e aneddoti \u00e8 disponibile al seguente link. The book with lyrics and translations of the songs, short composer biographies and anecdotes is available here:<\/p>\n<p><a href=\"https:\/\/uraniarecords.com\/prodotto\/enrico-caruso-the-book\/\">ENRICO CARUSO: THE BOOK<\/a><\/p>\n","protected":false},"excerpt":{"rendered":"<p>CARUSO: HIS SONGS composed FOR him and BY him 9 songs composed BY him Adorables Tourments\u00a0(1907) No! Nun di ca so stato I* (1911) Fenesta Abbandunata* (1912) Dreams of Long Ago (1912) Canzona a Dispietto* (1912) Tiempo Antico (1912) Per Sempre Libert\u00e0\/Liberty Forever* (1917) Campane a Sera (1918) Serenata (Souvenirs d\u2019un Concert) (1919) 39 songs&hellip;<\/p>\n","protected":false},"featured_media":17785,"comment_status":"open","ping_status":"closed","template":"","meta":[],"product_cat":[3348,178,326],"product_tag":[],"yoast_head":"<!-- This site is optimized with the Yoast SEO plugin v17.5 - https:\/\/yoast.com\/wordpress\/plugins\/seo\/ -->\n<title>CARUSO: HIS SONGS - Urania Records<\/title>\n<meta name=\"robots\" content=\"index, follow, max-snippet:-1, max-image-preview:large, max-video-preview:-1\" \/>\n<link rel=\"canonical\" href=\"https:\/\/uraniarecords.com\/fr\/prodotto\/caruso-his-songs\/\" \/>\n<meta property=\"og:locale\" content=\"fr_FR\" \/>\n<meta property=\"og:type\" content=\"article\" \/>\n<meta property=\"og:title\" content=\"CARUSO: HIS SONGS - Urania Records\" \/>\n<meta property=\"og:description\" content=\"CARUSO: HIS SONGS composed FOR him and BY him 9 songs composed BY him Adorables Tourments\u00a0(1907) No! Nun di ca so stato I* (1911) Fenesta Abbandunata* (1912) Dreams of Long Ago (1912) Canzona a Dispietto* (1912) Tiempo Antico (1912) Per Sempre Libert\u00e0\/Liberty Forever* (1917) Campane a Sera (1918) Serenata (Souvenirs d\u2019un Concert) (1919) 39 songs&hellip;\" \/>\n<meta property=\"og:url\" content=\"https:\/\/uraniarecords.com\/fr\/prodotto\/caruso-his-songs\/\" \/>\n<meta property=\"og:site_name\" content=\"Urania Records\" \/>\n<meta property=\"article:modified_time\" content=\"2024-04-30T15:51:32+00:00\" \/>\n<meta property=\"og:image\" content=\"https:\/\/uraniarecords.com\/wp-content\/uploads\/2022\/12\/14096-cover-sito.jpg\" \/>\n\t<meta property=\"og:image:width\" content=\"800\" \/>\n\t<meta property=\"og:image:height\" content=\"721\" \/>\n<meta name=\"twitter:card\" content=\"summary\" \/>\n<meta name=\"twitter:label1\" content=\"Dur\u00e9e de lecture est.\" \/>\n\t<meta name=\"twitter:data1\" content=\"2 minutes\" \/>\n<script type=\"application\/ld+json\" class=\"yoast-schema-graph\">{\"@context\":\"https:\/\/schema.org\",\"@graph\":[{\"@type\":\"WebSite\",\"@id\":\"https:\/\/uraniarecords.com\/#website\",\"url\":\"https:\/\/uraniarecords.com\/\",\"name\":\"Urania Records\",\"description\":\"The Italian classical Label since 1998\",\"potentialAction\":[{\"@type\":\"SearchAction\",\"target\":{\"@type\":\"EntryPoint\",\"urlTemplate\":\"https:\/\/uraniarecords.com\/?s={search_term_string}\"},\"query-input\":\"required name=search_term_string\"}],\"inLanguage\":\"fr-FR\"},{\"@type\":\"ImageObject\",\"@id\":\"https:\/\/uraniarecords.com\/fr\/prodotto\/caruso-his-songs\/#primaryimage\",\"inLanguage\":\"fr-FR\",\"url\":\"https:\/\/uraniarecords.com\/wp-content\/uploads\/2022\/12\/14096-cover-sito.jpg\",\"contentUrl\":\"https:\/\/uraniarecords.com\/wp-content\/uploads\/2022\/12\/14096-cover-sito.jpg\",\"width\":800,\"height\":721},{\"@type\":\"WebPage\",\"@id\":\"https:\/\/uraniarecords.com\/fr\/prodotto\/caruso-his-songs\/#webpage\",\"url\":\"https:\/\/uraniarecords.com\/fr\/prodotto\/caruso-his-songs\/\",\"name\":\"CARUSO: HIS SONGS - Urania Records\",\"isPartOf\":{\"@id\":\"https:\/\/uraniarecords.com\/#website\"},\"primaryImageOfPage\":{\"@id\":\"https:\/\/uraniarecords.com\/fr\/prodotto\/caruso-his-songs\/#primaryimage\"},\"datePublished\":\"2023-01-11T17:10:02+00:00\",\"dateModified\":\"2024-04-30T15:51:32+00:00\",\"breadcrumb\":{\"@id\":\"https:\/\/uraniarecords.com\/fr\/prodotto\/caruso-his-songs\/#breadcrumb\"},\"inLanguage\":\"fr-FR\",\"potentialAction\":[{\"@type\":\"ReadAction\",\"target\":[\"https:\/\/uraniarecords.com\/fr\/prodotto\/caruso-his-songs\/\"]}]},{\"@type\":\"BreadcrumbList\",\"@id\":\"https:\/\/uraniarecords.com\/fr\/prodotto\/caruso-his-songs\/#breadcrumb\",\"itemListElement\":[{\"@type\":\"ListItem\",\"position\":1,\"name\":\"Home\",\"item\":\"https:\/\/uraniarecords.com\/fr\/\"},{\"@type\":\"ListItem\",\"position\":2,\"name\":\"Boutique\",\"item\":\"https:\/\/uraniarecords.com\/fr\/boutique\/\"},{\"@type\":\"ListItem\",\"position\":3,\"name\":\"CARUSO: HIS SONGS\"}]}]}<\/script>\n<!-- \/ Yoast SEO plugin. -->","yoast_head_json":{"title":"CARUSO: HIS SONGS - Urania Records","robots":{"index":"index","follow":"follow","max-snippet":"max-snippet:-1","max-image-preview":"max-image-preview:large","max-video-preview":"max-video-preview:-1"},"canonical":"https:\/\/uraniarecords.com\/fr\/prodotto\/caruso-his-songs\/","og_locale":"fr_FR","og_type":"article","og_title":"CARUSO: HIS SONGS - Urania Records","og_description":"CARUSO: HIS SONGS composed FOR him and BY him 9 songs composed BY him Adorables Tourments\u00a0(1907) No! Nun di ca so stato I* (1911) Fenesta Abbandunata* (1912) Dreams of Long Ago (1912) Canzona a Dispietto* (1912) Tiempo Antico (1912) Per Sempre Libert\u00e0\/Liberty Forever* (1917) Campane a Sera (1918) Serenata (Souvenirs d\u2019un Concert) (1919) 39 songs&hellip;","og_url":"https:\/\/uraniarecords.com\/fr\/prodotto\/caruso-his-songs\/","og_site_name":"Urania Records","article_modified_time":"2024-04-30T15:51:32+00:00","og_image":[{"width":800,"height":721,"url":"https:\/\/uraniarecords.com\/wp-content\/uploads\/2022\/12\/14096-cover-sito.jpg","type":"image\/jpeg"}],"twitter_card":"summary","twitter_misc":{"Dur\u00e9e de lecture est.":"2 minutes"},"schema":{"@context":"https:\/\/schema.org","@graph":[{"@type":"WebSite","@id":"https:\/\/uraniarecords.com\/#website","url":"https:\/\/uraniarecords.com\/","name":"Urania Records","description":"The Italian classical Label since 1998","potentialAction":[{"@type":"SearchAction","target":{"@type":"EntryPoint","urlTemplate":"https:\/\/uraniarecords.com\/?s={search_term_string}"},"query-input":"required name=search_term_string"}],"inLanguage":"fr-FR"},{"@type":"ImageObject","@id":"https:\/\/uraniarecords.com\/fr\/prodotto\/caruso-his-songs\/#primaryimage","inLanguage":"fr-FR","url":"https:\/\/uraniarecords.com\/wp-content\/uploads\/2022\/12\/14096-cover-sito.jpg","contentUrl":"https:\/\/uraniarecords.com\/wp-content\/uploads\/2022\/12\/14096-cover-sito.jpg","width":800,"height":721},{"@type":"WebPage","@id":"https:\/\/uraniarecords.com\/fr\/prodotto\/caruso-his-songs\/#webpage","url":"https:\/\/uraniarecords.com\/fr\/prodotto\/caruso-his-songs\/","name":"CARUSO: HIS SONGS - Urania Records","isPartOf":{"@id":"https:\/\/uraniarecords.com\/#website"},"primaryImageOfPage":{"@id":"https:\/\/uraniarecords.com\/fr\/prodotto\/caruso-his-songs\/#primaryimage"},"datePublished":"2023-01-11T17:10:02+00:00","dateModified":"2024-04-30T15:51:32+00:00","breadcrumb":{"@id":"https:\/\/uraniarecords.com\/fr\/prodotto\/caruso-his-songs\/#breadcrumb"},"inLanguage":"fr-FR","potentialAction":[{"@type":"ReadAction","target":["https:\/\/uraniarecords.com\/fr\/prodotto\/caruso-his-songs\/"]}]},{"@type":"BreadcrumbList","@id":"https:\/\/uraniarecords.com\/fr\/prodotto\/caruso-his-songs\/#breadcrumb","itemListElement":[{"@type":"ListItem","position":1,"name":"Home","item":"https:\/\/uraniarecords.com\/fr\/"},{"@type":"ListItem","position":2,"name":"Boutique","item":"https:\/\/uraniarecords.com\/fr\/boutique\/"},{"@type":"ListItem","position":3,"name":"CARUSO: HIS SONGS"}]}]}},"_links":{"self":[{"href":"https:\/\/uraniarecords.com\/fr\/wp-json\/wp\/v2\/product\/17861"}],"collection":[{"href":"https:\/\/uraniarecords.com\/fr\/wp-json\/wp\/v2\/product"}],"about":[{"href":"https:\/\/uraniarecords.com\/fr\/wp-json\/wp\/v2\/types\/product"}],"replies":[{"embeddable":true,"href":"https:\/\/uraniarecords.com\/fr\/wp-json\/wp\/v2\/comments?post=17861"}],"wp:featuredmedia":[{"embeddable":true,"href":"https:\/\/uraniarecords.com\/fr\/wp-json\/wp\/v2\/media\/17785"}],"wp:attachment":[{"href":"https:\/\/uraniarecords.com\/fr\/wp-json\/wp\/v2\/media?parent=17861"}],"wp:term":[{"taxonomy":"product_cat","embeddable":true,"href":"https:\/\/uraniarecords.com\/fr\/wp-json\/wp\/v2\/product_cat?post=17861"},{"taxonomy":"product_tag","embeddable":true,"href":"https:\/\/uraniarecords.com\/fr\/wp-json\/wp\/v2\/product_tag?post=17861"}],"curies":[{"name":"wp","href":"https:\/\/api.w.org\/{rel}","templated":true}]}}