{"id":20214,"date":"2025-11-19T13:44:04","date_gmt":"2025-11-19T13:44:04","guid":{"rendered":"https:\/\/uraniarecords.com\/prodotto\/brahms-sonatas-for-viola-piano\/"},"modified":"2026-03-04T07:05:26","modified_gmt":"2026-03-04T07:05:26","slug":"brahms-sonatas-for-viola-piano","status":"publish","type":"product","link":"https:\/\/uraniarecords.com\/fr\/prodotto\/brahms-sonatas-for-viola-piano\/","title":{"rendered":"BRAHMS: SONATAS FOR VIOLA &#038; PIANO"},"content":{"rendered":"<p>JOHANNES BRAHMS (1833 \u2013 1897)<\/p>\n<p><em>Sonata I in F Minor, op. 120<\/em><br \/>\nI. Allegro appassionato<br \/>\nII. Andante un poco Adagio<br \/>\nIII. Allegretto grazioso<br \/>\nIV. Vivace<\/p>\n<p><em>Sonata II in E-Flat Major, op. 120<\/em><br \/>\nI. Allegro amabile<br \/>\nII. Allegro appassionato<br \/>\nIII. Andante con moto &#8211; Allegro<\/p>\n<p><em>Scherzo<\/em> from <em>Frei aber einsam in C minor<\/em><br \/>\nfor viola and piano WoO 2 (Arrang. by Karl Stierhof and Luca Ranieri from the original for violin)<\/p>\n<p>Luca Ranieri, viola\u00a0<a href=\"https:\/\/uraniarecords.com\/fr\/ranieri-luca-viola\/\">https:\/\/uraniarecords.com\/ranieri-luca-viola\/<\/a><br \/>\nAndrea Trovato, piano\u00a0<a href=\"https:\/\/uraniarecords.com\/fr\/trovato-andrea-piano\/\">https:\/\/uraniarecords.com\/trovato-andrea-piano\/<\/a><\/p>\n<p>&nbsp;<\/p>\n<p>1 CD, 2025<\/p>\n<p>Tra i pochi brani cameristici brahmsiani che comprendono anche strumenti a fiato si notano le due Sonate per clarinetto e pianoforte op. 120. In queste opere, tuttavia, il compositore prevede l\u2019opzionalit\u00e0 fra clarinetto e viola, tant\u2019\u00e8 che nel panorama concertistico odierno \u00e8 quasi pi\u00f9 frequente ascoltarle nella versione per viola che in quella per clarinetto.<br \/>\nLo Scherzo dalla Sonata F.A.E.: faceva parte di una Sonata per violino e pianoforte composta come omaggio collettivo a Joachim da Albert Dietrich (autore del primo movimento), Robert Schumann (Intermezzo e Finale) e Brahms (Scherzo). La sigla F. A. E. si riferisce al motto rei, aber einsam (libero, ma solo), ma corrisponde anche, nella notazione tedesca, a tre note musicali (fa, la, mi) e il motivo cos\u00ec ricavabile viene naturalmente utilizzato come tema in varie parti della Sonata.<\/p>\n<p>&nbsp;<\/p>\n<p>Among the few Brahmsian chamber pieces that also include wind instruments are the two Sonatas for clarinet and piano op. 120. In these works, however, there is an optionality between clarinet and viola, and in today\u2019s concert scene, it is almost more common to hear them in the viola than in the clarinet version. The \u2018Scherzo\u2019 from the F.A.E. Sonata was part of a Sonata for violin and piano composed as a collective homage to Joachim by Albert Dietrich (author of the first movement), Robert Schumann (Intermezzo and Finale) and Brahms (Scherzo). The abbreviation F. A. E. refers to Joachim\u2019s personal motto frei, aber einsam (free, but alone), but also corresponds to three musical notes and the motif thus derived is naturally used as a theme in various parts of the Sonata.<\/p>\n<p>&nbsp;<\/p>\n<p><iframe loading=\"lazy\" src=\"https:\/\/lnk.to\/Brahmssonatas\" width=\"400\" height=\"700\" frameborder=\"0\" scrolling=\"no\"><\/iframe><\/p>\n","protected":false},"excerpt":{"rendered":"<p>JOHANNES BRAHMS (1833 \u2013 1897) Sonata I in F Minor, op. 120 I. Allegro appassionato II. Andante un poco Adagio III. Allegretto grazioso IV. Vivace Sonata II in E-Flat Major, op. 120 I. Allegro amabile II. Allegro appassionato III. Andante con moto &#8211; Allegro Scherzo from Frei aber einsam in C minor for viola and&hellip;<\/p>\n","protected":false},"featured_media":20204,"comment_status":"open","ping_status":"closed","template":"","meta":[],"product_cat":[3373,3348,144,178],"product_tag":[],"yoast_head":"<!-- This site is optimized with the Yoast SEO plugin v17.5 - https:\/\/yoast.com\/wordpress\/plugins\/seo\/ -->\n<title>BRAHMS: SONATAS FOR VIOLA &amp; PIANO - Urania Records<\/title>\n<meta name=\"robots\" content=\"index, follow, max-snippet:-1, max-image-preview:large, max-video-preview:-1\" \/>\n<link rel=\"canonical\" href=\"https:\/\/uraniarecords.com\/fr\/prodotto\/brahms-sonatas-for-viola-piano\/\" \/>\n<meta property=\"og:locale\" content=\"fr_FR\" \/>\n<meta property=\"og:type\" content=\"article\" \/>\n<meta property=\"og:title\" content=\"BRAHMS: SONATAS FOR VIOLA &amp; PIANO - Urania Records\" \/>\n<meta property=\"og:description\" content=\"JOHANNES BRAHMS (1833 \u2013 1897) Sonata I in F Minor, op. 120 I. Allegro appassionato II. Andante un poco Adagio III. Allegretto grazioso IV. Vivace Sonata II in E-Flat Major, op. 120 I. Allegro amabile II. Allegro appassionato III. Andante con moto &#8211; Allegro Scherzo from Frei aber einsam in C minor for viola and&hellip;\" \/>\n<meta property=\"og:url\" content=\"https:\/\/uraniarecords.com\/fr\/prodotto\/brahms-sonatas-for-viola-piano\/\" \/>\n<meta property=\"og:site_name\" content=\"Urania Records\" \/>\n<meta property=\"article:modified_time\" content=\"2026-03-04T07:05:26+00:00\" \/>\n<meta property=\"og:image\" content=\"https:\/\/uraniarecords.com\/wp-content\/uploads\/2025\/09\/14133-cover.jpg\" \/>\n\t<meta property=\"og:image:width\" content=\"800\" \/>\n\t<meta property=\"og:image:height\" content=\"717\" \/>\n<meta name=\"twitter:card\" content=\"summary\" \/>\n<meta name=\"twitter:label1\" content=\"Dur\u00e9e de lecture est.\" \/>\n\t<meta name=\"twitter:data1\" content=\"2 minutes\" \/>\n<script type=\"application\/ld+json\" class=\"yoast-schema-graph\">{\"@context\":\"https:\/\/schema.org\",\"@graph\":[{\"@type\":\"WebSite\",\"@id\":\"https:\/\/uraniarecords.com\/#website\",\"url\":\"https:\/\/uraniarecords.com\/\",\"name\":\"Urania Records\",\"description\":\"The Italian classical Label since 1998\",\"potentialAction\":[{\"@type\":\"SearchAction\",\"target\":{\"@type\":\"EntryPoint\",\"urlTemplate\":\"https:\/\/uraniarecords.com\/?s={search_term_string}\"},\"query-input\":\"required name=search_term_string\"}],\"inLanguage\":\"fr-FR\"},{\"@type\":\"ImageObject\",\"@id\":\"https:\/\/uraniarecords.com\/fr\/prodotto\/brahms-sonatas-for-viola-piano\/#primaryimage\",\"inLanguage\":\"fr-FR\",\"url\":\"https:\/\/uraniarecords.com\/wp-content\/uploads\/2025\/09\/14133-cover.jpg\",\"contentUrl\":\"https:\/\/uraniarecords.com\/wp-content\/uploads\/2025\/09\/14133-cover.jpg\",\"width\":800,\"height\":717},{\"@type\":\"WebPage\",\"@id\":\"https:\/\/uraniarecords.com\/fr\/prodotto\/brahms-sonatas-for-viola-piano\/#webpage\",\"url\":\"https:\/\/uraniarecords.com\/fr\/prodotto\/brahms-sonatas-for-viola-piano\/\",\"name\":\"BRAHMS: SONATAS FOR VIOLA & PIANO - Urania Records\",\"isPartOf\":{\"@id\":\"https:\/\/uraniarecords.com\/#website\"},\"primaryImageOfPage\":{\"@id\":\"https:\/\/uraniarecords.com\/fr\/prodotto\/brahms-sonatas-for-viola-piano\/#primaryimage\"},\"datePublished\":\"2025-11-19T13:44:04+00:00\",\"dateModified\":\"2026-03-04T07:05:26+00:00\",\"breadcrumb\":{\"@id\":\"https:\/\/uraniarecords.com\/fr\/prodotto\/brahms-sonatas-for-viola-piano\/#breadcrumb\"},\"inLanguage\":\"fr-FR\",\"potentialAction\":[{\"@type\":\"ReadAction\",\"target\":[\"https:\/\/uraniarecords.com\/fr\/prodotto\/brahms-sonatas-for-viola-piano\/\"]}]},{\"@type\":\"BreadcrumbList\",\"@id\":\"https:\/\/uraniarecords.com\/fr\/prodotto\/brahms-sonatas-for-viola-piano\/#breadcrumb\",\"itemListElement\":[{\"@type\":\"ListItem\",\"position\":1,\"name\":\"Home\",\"item\":\"https:\/\/uraniarecords.com\/fr\/\"},{\"@type\":\"ListItem\",\"position\":2,\"name\":\"Boutique\",\"item\":\"https:\/\/uraniarecords.com\/fr\/boutique\/\"},{\"@type\":\"ListItem\",\"position\":3,\"name\":\"BRAHMS: SONATAS FOR VIOLA &#038; PIANO\"}]}]}<\/script>\n<!-- \/ Yoast SEO plugin. -->","yoast_head_json":{"title":"BRAHMS: SONATAS FOR VIOLA & PIANO - Urania Records","robots":{"index":"index","follow":"follow","max-snippet":"max-snippet:-1","max-image-preview":"max-image-preview:large","max-video-preview":"max-video-preview:-1"},"canonical":"https:\/\/uraniarecords.com\/fr\/prodotto\/brahms-sonatas-for-viola-piano\/","og_locale":"fr_FR","og_type":"article","og_title":"BRAHMS: SONATAS FOR VIOLA & PIANO - Urania Records","og_description":"JOHANNES BRAHMS (1833 \u2013 1897) Sonata I in F Minor, op. 120 I. Allegro appassionato II. Andante un poco Adagio III. Allegretto grazioso IV. Vivace Sonata II in E-Flat Major, op. 120 I. Allegro amabile II. Allegro appassionato III. Andante con moto &#8211; Allegro Scherzo from Frei aber einsam in C minor for viola and&hellip;","og_url":"https:\/\/uraniarecords.com\/fr\/prodotto\/brahms-sonatas-for-viola-piano\/","og_site_name":"Urania Records","article_modified_time":"2026-03-04T07:05:26+00:00","og_image":[{"width":800,"height":717,"url":"https:\/\/uraniarecords.com\/wp-content\/uploads\/2025\/09\/14133-cover.jpg","type":"image\/jpeg"}],"twitter_card":"summary","twitter_misc":{"Dur\u00e9e de lecture est.":"2 minutes"},"schema":{"@context":"https:\/\/schema.org","@graph":[{"@type":"WebSite","@id":"https:\/\/uraniarecords.com\/#website","url":"https:\/\/uraniarecords.com\/","name":"Urania Records","description":"The Italian classical Label since 1998","potentialAction":[{"@type":"SearchAction","target":{"@type":"EntryPoint","urlTemplate":"https:\/\/uraniarecords.com\/?s={search_term_string}"},"query-input":"required name=search_term_string"}],"inLanguage":"fr-FR"},{"@type":"ImageObject","@id":"https:\/\/uraniarecords.com\/fr\/prodotto\/brahms-sonatas-for-viola-piano\/#primaryimage","inLanguage":"fr-FR","url":"https:\/\/uraniarecords.com\/wp-content\/uploads\/2025\/09\/14133-cover.jpg","contentUrl":"https:\/\/uraniarecords.com\/wp-content\/uploads\/2025\/09\/14133-cover.jpg","width":800,"height":717},{"@type":"WebPage","@id":"https:\/\/uraniarecords.com\/fr\/prodotto\/brahms-sonatas-for-viola-piano\/#webpage","url":"https:\/\/uraniarecords.com\/fr\/prodotto\/brahms-sonatas-for-viola-piano\/","name":"BRAHMS: SONATAS FOR VIOLA & PIANO - Urania Records","isPartOf":{"@id":"https:\/\/uraniarecords.com\/#website"},"primaryImageOfPage":{"@id":"https:\/\/uraniarecords.com\/fr\/prodotto\/brahms-sonatas-for-viola-piano\/#primaryimage"},"datePublished":"2025-11-19T13:44:04+00:00","dateModified":"2026-03-04T07:05:26+00:00","breadcrumb":{"@id":"https:\/\/uraniarecords.com\/fr\/prodotto\/brahms-sonatas-for-viola-piano\/#breadcrumb"},"inLanguage":"fr-FR","potentialAction":[{"@type":"ReadAction","target":["https:\/\/uraniarecords.com\/fr\/prodotto\/brahms-sonatas-for-viola-piano\/"]}]},{"@type":"BreadcrumbList","@id":"https:\/\/uraniarecords.com\/fr\/prodotto\/brahms-sonatas-for-viola-piano\/#breadcrumb","itemListElement":[{"@type":"ListItem","position":1,"name":"Home","item":"https:\/\/uraniarecords.com\/fr\/"},{"@type":"ListItem","position":2,"name":"Boutique","item":"https:\/\/uraniarecords.com\/fr\/boutique\/"},{"@type":"ListItem","position":3,"name":"BRAHMS: SONATAS FOR VIOLA &#038; PIANO"}]}]}},"_links":{"self":[{"href":"https:\/\/uraniarecords.com\/fr\/wp-json\/wp\/v2\/product\/20214"}],"collection":[{"href":"https:\/\/uraniarecords.com\/fr\/wp-json\/wp\/v2\/product"}],"about":[{"href":"https:\/\/uraniarecords.com\/fr\/wp-json\/wp\/v2\/types\/product"}],"replies":[{"embeddable":true,"href":"https:\/\/uraniarecords.com\/fr\/wp-json\/wp\/v2\/comments?post=20214"}],"wp:featuredmedia":[{"embeddable":true,"href":"https:\/\/uraniarecords.com\/fr\/wp-json\/wp\/v2\/media\/20204"}],"wp:attachment":[{"href":"https:\/\/uraniarecords.com\/fr\/wp-json\/wp\/v2\/media?parent=20214"}],"wp:term":[{"taxonomy":"product_cat","embeddable":true,"href":"https:\/\/uraniarecords.com\/fr\/wp-json\/wp\/v2\/product_cat?post=20214"},{"taxonomy":"product_tag","embeddable":true,"href":"https:\/\/uraniarecords.com\/fr\/wp-json\/wp\/v2\/product_tag?post=20214"}],"curies":[{"name":"wp","href":"https:\/\/api.w.org\/{rel}","templated":true}]}}