{"id":20432,"date":"2026-03-08T06:35:04","date_gmt":"2026-03-08T06:35:04","guid":{"rendered":"https:\/\/uraniarecords.com\/prodotto\/carl-filtsch-piano-works\/"},"modified":"2026-03-18T14:42:47","modified_gmt":"2026-03-18T14:42:47","slug":"carl-filtsch-piano-works","status":"publish","type":"product","link":"https:\/\/uraniarecords.com\/fr\/prodotto\/carl-filtsch-piano-works\/","title":{"rendered":"CARL FILTSCH: PIANO WORKS"},"content":{"rendered":"<p>CARL FILTSCH (1830\u20131845): PIANO WORKS<\/p>\n<div><em>Introduktion und Variationen \u00fcber ein ber\u00fchmtes Thema aus \u201cIl pirata\u201d von Bellini,\u00a0 op. 2\u00a0<\/em><\/div>\n<div><em>Premi\u00e8res pens\u00e9es musicales op. 3<\/em><\/div>\n<div><em>Impromptu nos. 1 &amp; 2 op. post. nos. 1 &amp; 2<\/em><\/div>\n<div><em>Choral\u00a0<\/em><\/div>\n<div><em>Sechs Kleine Pr\u00e4ludien\u00a0<\/em><\/div>\n<div><em>Pr\u00e9lude<\/em><\/div>\n<div><em>Fugue<\/em><\/div>\n<div><em>\u00c9tude h\u00e9ro\u00efque<\/em><\/div>\n<div><em>Albumblatt\u00a0\u00a0<\/em><\/div>\n<div><em>Andante &amp; Nocturne op. 1<\/em><\/div>\n<div><em>Notturno Op. 14<\/em><\/div>\n<div><em>\u00c9tudes op. 8 &amp; 10\u00a0<\/em><\/div>\n<div><em>Adieu! Romance sans paroles op. 19\u00a0<\/em><\/div>\n<div><em>Adieu! Das Lebewohl von Venedig, op. post. n. 3\u00a0<\/em><\/div>\n<div><em>Fantaisie dramatique op. 22\u00a0<\/em><\/div>\n<div><\/div>\n<div>RAMONA MUNTEANU, piano\u00a0<a href=\"https:\/\/uraniarecords.com\/munteanu-ramona-piano\/\">https:\/\/uraniarecords.com\/munteanu-ramona-piano\/<\/a><\/div>\n<div>LINK<\/div>\n<div>1 CD, 2026<\/div>\n<div><\/div>\n<div>\n<p>\u201cMio Dio! Che fanciullo! Nessuno mi ha capito come lo fa questo bambino\u2026 non \u00e8 imitazione, \u00e8 lo stesso sentimento, un istinto che lo fa suonare senza ragionare, come se non potesse essere diverso. Lui suona quasi tutte le mie composizioni senza averle sentite suonare, senza avergli mostrato la minima cosa &#8211; non esattamente come me (avendo la sua personalit\u00e0) ma sicuramente non meno bene.\u201d Chopin su Filtsch (The Humorist, 1843)<\/p>\n<p>\u201cMy God! What a child! No one has understood me as this boy does\u2026 this is not imitation, it is the same feeling, an instinct that makes him play without reasoning, as if he could not be otherwise. He plays almost all of my compositions without having heard them performed, without my having shown him the slightest thing \u2014 not exactly like me (having his own personality), but just as well.\u201d\u00a0Chopin on Filtsch\u00a0(The Humorist, 1843)<\/p>\n<\/div>\n<p>&nbsp;<\/p>\n<p><iframe loading=\"lazy\" src=\"https:\/\/lnk.to\/Filtsch\" width=\"400\" height=\"700\" frameborder=\"0\" scrolling=\"no\"><\/iframe><\/p>\n","protected":false},"excerpt":{"rendered":"<p>CARL FILTSCH (1830\u20131845): PIANO WORKS Introduktion und Variationen \u00fcber ein ber\u00fchmtes Thema aus \u201cIl pirata\u201d von Bellini,\u00a0 op. 2\u00a0 Premi\u00e8res pens\u00e9es musicales op. 3 Impromptu nos. 1 &amp; 2 op. post. nos. 1 &amp; 2 Choral\u00a0 Sechs Kleine Pr\u00e4ludien\u00a0 Pr\u00e9lude Fugue \u00c9tude h\u00e9ro\u00efque Albumblatt\u00a0\u00a0 Andante &amp; Nocturne op. 1 Notturno Op. 14 \u00c9tudes op. 8&hellip;<\/p>\n","protected":false},"featured_media":20308,"comment_status":"open","ping_status":"closed","template":"","meta":[],"product_cat":[3348,144,178],"product_tag":[],"yoast_head":"<!-- This site is optimized with the Yoast SEO plugin v17.5 - https:\/\/yoast.com\/wordpress\/plugins\/seo\/ -->\n<title>CARL FILTSCH: PIANO WORKS - Urania Records<\/title>\n<meta name=\"robots\" content=\"index, follow, max-snippet:-1, max-image-preview:large, max-video-preview:-1\" \/>\n<link rel=\"canonical\" href=\"https:\/\/uraniarecords.com\/fr\/prodotto\/carl-filtsch-piano-works\/\" \/>\n<meta property=\"og:locale\" content=\"fr_FR\" \/>\n<meta property=\"og:type\" content=\"article\" \/>\n<meta property=\"og:title\" content=\"CARL FILTSCH: PIANO WORKS - Urania Records\" \/>\n<meta property=\"og:description\" content=\"CARL FILTSCH (1830\u20131845): PIANO WORKS Introduktion und Variationen \u00fcber ein ber\u00fchmtes Thema aus \u201cIl pirata\u201d von Bellini,\u00a0 op. 2\u00a0 Premi\u00e8res pens\u00e9es musicales op. 3 Impromptu nos. 1 &amp; 2 op. post. nos. 1 &amp; 2 Choral\u00a0 Sechs Kleine Pr\u00e4ludien\u00a0 Pr\u00e9lude Fugue \u00c9tude h\u00e9ro\u00efque Albumblatt\u00a0\u00a0 Andante &amp; Nocturne op. 1 Notturno Op. 14 \u00c9tudes op. 8&hellip;\" \/>\n<meta property=\"og:url\" content=\"https:\/\/uraniarecords.com\/fr\/prodotto\/carl-filtsch-piano-works\/\" \/>\n<meta property=\"og:site_name\" content=\"Urania Records\" \/>\n<meta property=\"article:modified_time\" content=\"2026-03-18T14:42:47+00:00\" \/>\n<meta property=\"og:image\" content=\"https:\/\/uraniarecords.com\/wp-content\/uploads\/2026\/02\/14136-cover-SITO.jpg\" \/>\n\t<meta property=\"og:image:width\" content=\"800\" \/>\n\t<meta property=\"og:image:height\" content=\"717\" \/>\n<meta name=\"twitter:card\" content=\"summary\" \/>\n<meta name=\"twitter:label1\" content=\"Dur\u00e9e de lecture est.\" \/>\n\t<meta name=\"twitter:data1\" content=\"1 minute\" \/>\n<script type=\"application\/ld+json\" class=\"yoast-schema-graph\">{\"@context\":\"https:\/\/schema.org\",\"@graph\":[{\"@type\":\"WebSite\",\"@id\":\"https:\/\/uraniarecords.com\/#website\",\"url\":\"https:\/\/uraniarecords.com\/\",\"name\":\"Urania Records\",\"description\":\"The Italian classical Label since 1998\",\"potentialAction\":[{\"@type\":\"SearchAction\",\"target\":{\"@type\":\"EntryPoint\",\"urlTemplate\":\"https:\/\/uraniarecords.com\/?s={search_term_string}\"},\"query-input\":\"required name=search_term_string\"}],\"inLanguage\":\"fr-FR\"},{\"@type\":\"ImageObject\",\"@id\":\"https:\/\/uraniarecords.com\/fr\/prodotto\/carl-filtsch-piano-works\/#primaryimage\",\"inLanguage\":\"fr-FR\",\"url\":\"https:\/\/uraniarecords.com\/wp-content\/uploads\/2026\/02\/14136-cover-SITO.jpg\",\"contentUrl\":\"https:\/\/uraniarecords.com\/wp-content\/uploads\/2026\/02\/14136-cover-SITO.jpg\",\"width\":800,\"height\":717},{\"@type\":\"WebPage\",\"@id\":\"https:\/\/uraniarecords.com\/fr\/prodotto\/carl-filtsch-piano-works\/#webpage\",\"url\":\"https:\/\/uraniarecords.com\/fr\/prodotto\/carl-filtsch-piano-works\/\",\"name\":\"CARL FILTSCH: PIANO WORKS - Urania Records\",\"isPartOf\":{\"@id\":\"https:\/\/uraniarecords.com\/#website\"},\"primaryImageOfPage\":{\"@id\":\"https:\/\/uraniarecords.com\/fr\/prodotto\/carl-filtsch-piano-works\/#primaryimage\"},\"datePublished\":\"2026-03-08T06:35:04+00:00\",\"dateModified\":\"2026-03-18T14:42:47+00:00\",\"breadcrumb\":{\"@id\":\"https:\/\/uraniarecords.com\/fr\/prodotto\/carl-filtsch-piano-works\/#breadcrumb\"},\"inLanguage\":\"fr-FR\",\"potentialAction\":[{\"@type\":\"ReadAction\",\"target\":[\"https:\/\/uraniarecords.com\/fr\/prodotto\/carl-filtsch-piano-works\/\"]}]},{\"@type\":\"BreadcrumbList\",\"@id\":\"https:\/\/uraniarecords.com\/fr\/prodotto\/carl-filtsch-piano-works\/#breadcrumb\",\"itemListElement\":[{\"@type\":\"ListItem\",\"position\":1,\"name\":\"Home\",\"item\":\"https:\/\/uraniarecords.com\/fr\/\"},{\"@type\":\"ListItem\",\"position\":2,\"name\":\"Boutique\",\"item\":\"https:\/\/uraniarecords.com\/fr\/boutique\/\"},{\"@type\":\"ListItem\",\"position\":3,\"name\":\"CARL FILTSCH: PIANO WORKS\"}]}]}<\/script>\n<!-- \/ Yoast SEO plugin. -->","yoast_head_json":{"title":"CARL FILTSCH: PIANO WORKS - Urania Records","robots":{"index":"index","follow":"follow","max-snippet":"max-snippet:-1","max-image-preview":"max-image-preview:large","max-video-preview":"max-video-preview:-1"},"canonical":"https:\/\/uraniarecords.com\/fr\/prodotto\/carl-filtsch-piano-works\/","og_locale":"fr_FR","og_type":"article","og_title":"CARL FILTSCH: PIANO WORKS - Urania Records","og_description":"CARL FILTSCH (1830\u20131845): PIANO WORKS Introduktion und Variationen \u00fcber ein ber\u00fchmtes Thema aus \u201cIl pirata\u201d von Bellini,\u00a0 op. 2\u00a0 Premi\u00e8res pens\u00e9es musicales op. 3 Impromptu nos. 1 &amp; 2 op. post. nos. 1 &amp; 2 Choral\u00a0 Sechs Kleine Pr\u00e4ludien\u00a0 Pr\u00e9lude Fugue \u00c9tude h\u00e9ro\u00efque Albumblatt\u00a0\u00a0 Andante &amp; Nocturne op. 1 Notturno Op. 14 \u00c9tudes op. 8&hellip;","og_url":"https:\/\/uraniarecords.com\/fr\/prodotto\/carl-filtsch-piano-works\/","og_site_name":"Urania Records","article_modified_time":"2026-03-18T14:42:47+00:00","og_image":[{"width":800,"height":717,"url":"https:\/\/uraniarecords.com\/wp-content\/uploads\/2026\/02\/14136-cover-SITO.jpg","type":"image\/jpeg"}],"twitter_card":"summary","twitter_misc":{"Dur\u00e9e de lecture est.":"1 minute"},"schema":{"@context":"https:\/\/schema.org","@graph":[{"@type":"WebSite","@id":"https:\/\/uraniarecords.com\/#website","url":"https:\/\/uraniarecords.com\/","name":"Urania Records","description":"The Italian classical Label since 1998","potentialAction":[{"@type":"SearchAction","target":{"@type":"EntryPoint","urlTemplate":"https:\/\/uraniarecords.com\/?s={search_term_string}"},"query-input":"required name=search_term_string"}],"inLanguage":"fr-FR"},{"@type":"ImageObject","@id":"https:\/\/uraniarecords.com\/fr\/prodotto\/carl-filtsch-piano-works\/#primaryimage","inLanguage":"fr-FR","url":"https:\/\/uraniarecords.com\/wp-content\/uploads\/2026\/02\/14136-cover-SITO.jpg","contentUrl":"https:\/\/uraniarecords.com\/wp-content\/uploads\/2026\/02\/14136-cover-SITO.jpg","width":800,"height":717},{"@type":"WebPage","@id":"https:\/\/uraniarecords.com\/fr\/prodotto\/carl-filtsch-piano-works\/#webpage","url":"https:\/\/uraniarecords.com\/fr\/prodotto\/carl-filtsch-piano-works\/","name":"CARL FILTSCH: PIANO WORKS - Urania Records","isPartOf":{"@id":"https:\/\/uraniarecords.com\/#website"},"primaryImageOfPage":{"@id":"https:\/\/uraniarecords.com\/fr\/prodotto\/carl-filtsch-piano-works\/#primaryimage"},"datePublished":"2026-03-08T06:35:04+00:00","dateModified":"2026-03-18T14:42:47+00:00","breadcrumb":{"@id":"https:\/\/uraniarecords.com\/fr\/prodotto\/carl-filtsch-piano-works\/#breadcrumb"},"inLanguage":"fr-FR","potentialAction":[{"@type":"ReadAction","target":["https:\/\/uraniarecords.com\/fr\/prodotto\/carl-filtsch-piano-works\/"]}]},{"@type":"BreadcrumbList","@id":"https:\/\/uraniarecords.com\/fr\/prodotto\/carl-filtsch-piano-works\/#breadcrumb","itemListElement":[{"@type":"ListItem","position":1,"name":"Home","item":"https:\/\/uraniarecords.com\/fr\/"},{"@type":"ListItem","position":2,"name":"Boutique","item":"https:\/\/uraniarecords.com\/fr\/boutique\/"},{"@type":"ListItem","position":3,"name":"CARL FILTSCH: PIANO WORKS"}]}]}},"_links":{"self":[{"href":"https:\/\/uraniarecords.com\/fr\/wp-json\/wp\/v2\/product\/20432"}],"collection":[{"href":"https:\/\/uraniarecords.com\/fr\/wp-json\/wp\/v2\/product"}],"about":[{"href":"https:\/\/uraniarecords.com\/fr\/wp-json\/wp\/v2\/types\/product"}],"replies":[{"embeddable":true,"href":"https:\/\/uraniarecords.com\/fr\/wp-json\/wp\/v2\/comments?post=20432"}],"wp:featuredmedia":[{"embeddable":true,"href":"https:\/\/uraniarecords.com\/fr\/wp-json\/wp\/v2\/media\/20308"}],"wp:attachment":[{"href":"https:\/\/uraniarecords.com\/fr\/wp-json\/wp\/v2\/media?parent=20432"}],"wp:term":[{"taxonomy":"product_cat","embeddable":true,"href":"https:\/\/uraniarecords.com\/fr\/wp-json\/wp\/v2\/product_cat?post=20432"},{"taxonomy":"product_tag","embeddable":true,"href":"https:\/\/uraniarecords.com\/fr\/wp-json\/wp\/v2\/product_tag?post=20432"}],"curies":[{"name":"wp","href":"https:\/\/api.w.org\/{rel}","templated":true}]}}