{"id":3159,"date":"2016-01-12T15:17:28","date_gmt":"2016-01-12T15:17:28","guid":{"rendered":"https:\/\/uraniarecords.com\/fr\/prodotto\/le-quattro-stagioni\/"},"modified":"2023-11-30T16:23:26","modified_gmt":"2023-11-30T16:23:26","slug":"le-quattro-stagioni","status":"publish","type":"product","link":"https:\/\/uraniarecords.com\/fr\/prodotto\/le-quattro-stagioni\/","title":{"rendered":"LE QUATTRO STAGIONI"},"content":{"rendered":"<p>LDV 14001 (1 CD)<\/p>\n<p>ANTONIO VIVALDI<\/p>\n<p><strong><em>LE QUATTRO STAGIONI<\/em><\/strong><\/p>\n<p>La primavera &#8211; L&rsquo;estate &#8211; L&rsquo;autunno &#8211; L&rsquo;inverno<\/p>\n<p><em>LA FOLLIA<\/em><\/p>\n<p>&nbsp;<\/p>\n<p><strong>OFICINA MUSICUM<\/strong><\/p>\n<p>Riccardo Favero, conductor<\/p>\n<p>&nbsp;<\/p>\n<p><iframe loading=\"lazy\" title=\"Antonio Vivaldi: Le quattro stagioni - The four seasons (The summer)\" width=\"1200\" height=\"675\" src=\"https:\/\/www.youtube.com\/embed\/TTV33RSJ4Vo?feature=oembed\" frameborder=\"0\" allow=\"accelerometer; autoplay; clipboard-write; encrypted-media; gyroscope; picture-in-picture\" allowfullscreen><\/iframe><\/p>\n<p>&nbsp;<\/p>\n<p>DESRIZIONE PRODOTTO<\/p>\n<p class=\"p1\">Da quando, al principio degli anni Sessanta del secolo scorso, i Musici le resero note attraverso una memorabile incisione (Ws 121. 134), Le Quattro Stagioni sono diventate uno degli evergreen della discografia internazionale. Tutti i pi\u00f9 noti complessi da camera si sono cimentati con esse, e le hanno proposte in pubblico, sicuri dell\u2019immancabile successo. Negli ultimi decenni, con l\u2019affermarsi della prassi esecutiva filologica, le Quattro Stagioni sono divenute il soggetto preferito per sperimentazioni che spesso ne hanno completamente fuorviato il senso e il carattere. Conciliare il rispetto della prassi esecutiva antica con un senso della musicalit\u00e0 tutto italiano, pieno di colore, senso del ritmo e vitalit\u00e0, \u00e8 stato lo scopo principale di questa incisione dell\u2019Oficina Musicum, che ci restituisce il capolavoro vivaldiano in tutta la sua smagliante gioia di vivere, con una freschezza ed una brillantezza di accenti che sembrano farne un\u2019opera mai ascoltata prima d\u2019ora.<\/p>\n<p>&nbsp;<\/p>\n<p><iframe loading=\"lazy\" src=\"https:\/\/lnk.to\/4stagioni\" width=\"400\" height=\"700\" frameborder=\"0\" scrolling=\"no\"><\/iframe><\/p>\n","protected":false},"excerpt":{"rendered":"<p>LDV 14001 (1 CD) ANTONIO VIVALDI LE QUATTRO STAGIONI La primavera &#8211; L&rsquo;estate &#8211; L&rsquo;autunno &#8211; L&rsquo;inverno LA FOLLIA &nbsp; OFICINA MUSICUM Riccardo Favero, conductor &nbsp; &nbsp; DESRIZIONE PRODOTTO Da quando, al principio degli anni Sessanta del secolo scorso, i Musici le resero note attraverso una memorabile incisione (Ws 121. 134), Le Quattro Stagioni sono&hellip;<\/p>\n","protected":false},"featured_media":3382,"comment_status":"open","ping_status":"closed","template":"","meta":[],"product_cat":[163,144],"product_tag":[247,203],"yoast_head":"<!-- This site is optimized with the Yoast SEO plugin v17.5 - https:\/\/yoast.com\/wordpress\/plugins\/seo\/ -->\n<title>LE QUATTRO STAGIONI - Urania Records<\/title>\n<meta name=\"robots\" content=\"index, follow, max-snippet:-1, max-image-preview:large, max-video-preview:-1\" \/>\n<link rel=\"canonical\" href=\"https:\/\/uraniarecords.com\/fr\/prodotto\/le-quattro-stagioni\/\" \/>\n<meta property=\"og:locale\" content=\"fr_FR\" \/>\n<meta property=\"og:type\" content=\"article\" \/>\n<meta property=\"og:title\" content=\"LE QUATTRO STAGIONI - Urania Records\" \/>\n<meta property=\"og:description\" content=\"LDV 14001 (1 CD) ANTONIO VIVALDI LE QUATTRO STAGIONI La primavera &#8211; L&rsquo;estate &#8211; L&rsquo;autunno &#8211; L&rsquo;inverno LA FOLLIA &nbsp; OFICINA MUSICUM Riccardo Favero, conductor &nbsp; &nbsp; DESRIZIONE PRODOTTO Da quando, al principio degli anni Sessanta del secolo scorso, i Musici le resero note attraverso una memorabile incisione (Ws 121. 134), Le Quattro Stagioni sono&hellip;\" \/>\n<meta property=\"og:url\" content=\"https:\/\/uraniarecords.com\/fr\/prodotto\/le-quattro-stagioni\/\" \/>\n<meta property=\"og:site_name\" content=\"Urania Records\" \/>\n<meta property=\"article:modified_time\" content=\"2023-11-30T16:23:26+00:00\" \/>\n<meta property=\"og:image\" content=\"https:\/\/uraniarecords.com\/wp-content\/uploads\/2016\/01\/14001-cover.jpg\" \/>\n\t<meta property=\"og:image:width\" content=\"800\" \/>\n\t<meta property=\"og:image:height\" content=\"800\" \/>\n<meta name=\"twitter:card\" content=\"summary\" \/>\n<meta name=\"twitter:label1\" content=\"Dur\u00e9e de lecture est.\" \/>\n\t<meta name=\"twitter:data1\" content=\"1 minute\" \/>\n<script type=\"application\/ld+json\" class=\"yoast-schema-graph\">{\"@context\":\"https:\/\/schema.org\",\"@graph\":[{\"@type\":\"WebSite\",\"@id\":\"https:\/\/uraniarecords.com\/#website\",\"url\":\"https:\/\/uraniarecords.com\/\",\"name\":\"Urania Records\",\"description\":\"The Italian classical Label since 1998\",\"potentialAction\":[{\"@type\":\"SearchAction\",\"target\":{\"@type\":\"EntryPoint\",\"urlTemplate\":\"https:\/\/uraniarecords.com\/?s={search_term_string}\"},\"query-input\":\"required name=search_term_string\"}],\"inLanguage\":\"fr-FR\"},{\"@type\":\"ImageObject\",\"@id\":\"https:\/\/uraniarecords.com\/fr\/prodotto\/le-quattro-stagioni\/#primaryimage\",\"inLanguage\":\"fr-FR\",\"url\":\"https:\/\/uraniarecords.com\/wp-content\/uploads\/2016\/01\/14001-cover.jpg\",\"contentUrl\":\"https:\/\/uraniarecords.com\/wp-content\/uploads\/2016\/01\/14001-cover.jpg\",\"width\":800,\"height\":800},{\"@type\":\"WebPage\",\"@id\":\"https:\/\/uraniarecords.com\/fr\/prodotto\/le-quattro-stagioni\/#webpage\",\"url\":\"https:\/\/uraniarecords.com\/fr\/prodotto\/le-quattro-stagioni\/\",\"name\":\"LE QUATTRO STAGIONI - Urania Records\",\"isPartOf\":{\"@id\":\"https:\/\/uraniarecords.com\/#website\"},\"primaryImageOfPage\":{\"@id\":\"https:\/\/uraniarecords.com\/fr\/prodotto\/le-quattro-stagioni\/#primaryimage\"},\"datePublished\":\"2016-01-12T15:17:28+00:00\",\"dateModified\":\"2023-11-30T16:23:26+00:00\",\"breadcrumb\":{\"@id\":\"https:\/\/uraniarecords.com\/fr\/prodotto\/le-quattro-stagioni\/#breadcrumb\"},\"inLanguage\":\"fr-FR\",\"potentialAction\":[{\"@type\":\"ReadAction\",\"target\":[\"https:\/\/uraniarecords.com\/fr\/prodotto\/le-quattro-stagioni\/\"]}]},{\"@type\":\"BreadcrumbList\",\"@id\":\"https:\/\/uraniarecords.com\/fr\/prodotto\/le-quattro-stagioni\/#breadcrumb\",\"itemListElement\":[{\"@type\":\"ListItem\",\"position\":1,\"name\":\"Home\",\"item\":\"https:\/\/uraniarecords.com\/fr\/\"},{\"@type\":\"ListItem\",\"position\":2,\"name\":\"Boutique\",\"item\":\"https:\/\/uraniarecords.com\/fr\/boutique\/\"},{\"@type\":\"ListItem\",\"position\":3,\"name\":\"LE QUATTRO STAGIONI\"}]}]}<\/script>\n<!-- \/ Yoast SEO plugin. -->","yoast_head_json":{"title":"LE QUATTRO STAGIONI - Urania Records","robots":{"index":"index","follow":"follow","max-snippet":"max-snippet:-1","max-image-preview":"max-image-preview:large","max-video-preview":"max-video-preview:-1"},"canonical":"https:\/\/uraniarecords.com\/fr\/prodotto\/le-quattro-stagioni\/","og_locale":"fr_FR","og_type":"article","og_title":"LE QUATTRO STAGIONI - Urania Records","og_description":"LDV 14001 (1 CD) ANTONIO VIVALDI LE QUATTRO STAGIONI La primavera &#8211; L&rsquo;estate &#8211; L&rsquo;autunno &#8211; L&rsquo;inverno LA FOLLIA &nbsp; OFICINA MUSICUM Riccardo Favero, conductor &nbsp; &nbsp; DESRIZIONE PRODOTTO Da quando, al principio degli anni Sessanta del secolo scorso, i Musici le resero note attraverso una memorabile incisione (Ws 121. 134), Le Quattro Stagioni sono&hellip;","og_url":"https:\/\/uraniarecords.com\/fr\/prodotto\/le-quattro-stagioni\/","og_site_name":"Urania Records","article_modified_time":"2023-11-30T16:23:26+00:00","og_image":[{"width":800,"height":800,"url":"https:\/\/uraniarecords.com\/wp-content\/uploads\/2016\/01\/14001-cover.jpg","type":"image\/jpeg"}],"twitter_card":"summary","twitter_misc":{"Dur\u00e9e de lecture est.":"1 minute"},"schema":{"@context":"https:\/\/schema.org","@graph":[{"@type":"WebSite","@id":"https:\/\/uraniarecords.com\/#website","url":"https:\/\/uraniarecords.com\/","name":"Urania Records","description":"The Italian classical Label since 1998","potentialAction":[{"@type":"SearchAction","target":{"@type":"EntryPoint","urlTemplate":"https:\/\/uraniarecords.com\/?s={search_term_string}"},"query-input":"required name=search_term_string"}],"inLanguage":"fr-FR"},{"@type":"ImageObject","@id":"https:\/\/uraniarecords.com\/fr\/prodotto\/le-quattro-stagioni\/#primaryimage","inLanguage":"fr-FR","url":"https:\/\/uraniarecords.com\/wp-content\/uploads\/2016\/01\/14001-cover.jpg","contentUrl":"https:\/\/uraniarecords.com\/wp-content\/uploads\/2016\/01\/14001-cover.jpg","width":800,"height":800},{"@type":"WebPage","@id":"https:\/\/uraniarecords.com\/fr\/prodotto\/le-quattro-stagioni\/#webpage","url":"https:\/\/uraniarecords.com\/fr\/prodotto\/le-quattro-stagioni\/","name":"LE QUATTRO STAGIONI - Urania Records","isPartOf":{"@id":"https:\/\/uraniarecords.com\/#website"},"primaryImageOfPage":{"@id":"https:\/\/uraniarecords.com\/fr\/prodotto\/le-quattro-stagioni\/#primaryimage"},"datePublished":"2016-01-12T15:17:28+00:00","dateModified":"2023-11-30T16:23:26+00:00","breadcrumb":{"@id":"https:\/\/uraniarecords.com\/fr\/prodotto\/le-quattro-stagioni\/#breadcrumb"},"inLanguage":"fr-FR","potentialAction":[{"@type":"ReadAction","target":["https:\/\/uraniarecords.com\/fr\/prodotto\/le-quattro-stagioni\/"]}]},{"@type":"BreadcrumbList","@id":"https:\/\/uraniarecords.com\/fr\/prodotto\/le-quattro-stagioni\/#breadcrumb","itemListElement":[{"@type":"ListItem","position":1,"name":"Home","item":"https:\/\/uraniarecords.com\/fr\/"},{"@type":"ListItem","position":2,"name":"Boutique","item":"https:\/\/uraniarecords.com\/fr\/boutique\/"},{"@type":"ListItem","position":3,"name":"LE QUATTRO STAGIONI"}]}]}},"_links":{"self":[{"href":"https:\/\/uraniarecords.com\/fr\/wp-json\/wp\/v2\/product\/3159"}],"collection":[{"href":"https:\/\/uraniarecords.com\/fr\/wp-json\/wp\/v2\/product"}],"about":[{"href":"https:\/\/uraniarecords.com\/fr\/wp-json\/wp\/v2\/types\/product"}],"replies":[{"embeddable":true,"href":"https:\/\/uraniarecords.com\/fr\/wp-json\/wp\/v2\/comments?post=3159"}],"wp:featuredmedia":[{"embeddable":true,"href":"https:\/\/uraniarecords.com\/fr\/wp-json\/wp\/v2\/media\/3382"}],"wp:attachment":[{"href":"https:\/\/uraniarecords.com\/fr\/wp-json\/wp\/v2\/media?parent=3159"}],"wp:term":[{"taxonomy":"product_cat","embeddable":true,"href":"https:\/\/uraniarecords.com\/fr\/wp-json\/wp\/v2\/product_cat?post=3159"},{"taxonomy":"product_tag","embeddable":true,"href":"https:\/\/uraniarecords.com\/fr\/wp-json\/wp\/v2\/product_tag?post=3159"}],"curies":[{"name":"wp","href":"https:\/\/api.w.org\/{rel}","templated":true}]}}