{"id":3527,"date":"2016-01-18T16:32:08","date_gmt":"2016-01-18T16:32:08","guid":{"rendered":"https:\/\/uraniarecords.com\/fr\/prodotto\/beethoven-9-symphonies-leibowitz\/"},"modified":"2024-03-28T11:42:14","modified_gmt":"2024-03-28T11:42:14","slug":"beethoven-9-symphonies-leibowitz","status":"publish","type":"product","link":"https:\/\/uraniarecords.com\/fr\/prodotto\/beethoven-9-symphonies-leibowitz\/","title":{"rendered":"BEETHOVEN: 9 SYMPHONIES, LEIBOWITZ"},"content":{"rendered":"<p>WS 121.278 (5 CD)<\/p>\n<p><strong><em>BEETHOVEN: THE 9 SYMPHONIES &#8211;\u00a0<\/em>OVERTURES: Egmont &#8211; Leonore III<\/strong><\/p>\n<p>ROYAL PHILHARMONIC ORCHESTRA, 1961-1962<\/p>\n<p>RENE&rsquo; LEIBOWITZ<\/p>\n<p>&nbsp;<\/p>\n<p>DESCRIZIONE PRODOTTO<\/p>\n<p class=\"p1\">Tra le tante edizioni complete delle Nove Sinfonie di Beethoven, questa registrazione del 1961 si avvale della prima edizione critica moderna dei capolavori di Beethoven realizzata proprio dall&rsquo;interprete stesso di questi dischi: Ren\u00e9 Leibowitz. Ancor oggi, aldil\u00e0 del valore filologico, queste registrazione delle Nove Sinfonie si fa per\u00f2 notare per la straordinaria bellezza del suono orchestrale, che a a suo tempo fu realizzata nella leggendaria \u00ab\u00a0Linving Stero\u00a0\u00bb, che a mezzo secolo di distanza non ha perso in nulla le sue caratteristiche di dinamica e splendore timbrico.<\/p>\n","protected":false},"excerpt":{"rendered":"<p>WS 121.278 (5 CD) BEETHOVEN: THE 9 SYMPHONIES &#8211;\u00a0OVERTURES: Egmont &#8211; Leonore III ROYAL PHILHARMONIC ORCHESTRA, 1961-1962 RENE&rsquo; LEIBOWITZ &nbsp; DESCRIZIONE PRODOTTO Tra le tante edizioni complete delle Nove Sinfonie di Beethoven, questa registrazione del 1961 si avvale della prima edizione critica moderna dei capolavori di Beethoven realizzata proprio dall&rsquo;interprete stesso di questi dischi: Ren\u00e9&hellip;<\/p>\n","protected":false},"featured_media":4713,"comment_status":"open","ping_status":"closed","template":"","meta":[],"product_cat":[144,165],"product_tag":[348],"yoast_head":"<!-- This site is optimized with the Yoast SEO plugin v17.5 - https:\/\/yoast.com\/wordpress\/plugins\/seo\/ -->\n<title>BEETHOVEN: 9 SYMPHONIES, LEIBOWITZ - Urania Records<\/title>\n<meta name=\"robots\" content=\"index, follow, max-snippet:-1, max-image-preview:large, max-video-preview:-1\" \/>\n<link rel=\"canonical\" href=\"https:\/\/uraniarecords.com\/fr\/prodotto\/beethoven-9-symphonies-leibowitz\/\" \/>\n<meta property=\"og:locale\" content=\"fr_FR\" \/>\n<meta property=\"og:type\" content=\"article\" \/>\n<meta property=\"og:title\" content=\"BEETHOVEN: 9 SYMPHONIES, LEIBOWITZ - Urania Records\" \/>\n<meta property=\"og:description\" content=\"WS 121.278 (5 CD) BEETHOVEN: THE 9 SYMPHONIES &#8211;\u00a0OVERTURES: Egmont &#8211; Leonore III ROYAL PHILHARMONIC ORCHESTRA, 1961-1962 RENE&rsquo; LEIBOWITZ &nbsp; DESCRIZIONE PRODOTTO Tra le tante edizioni complete delle Nove Sinfonie di Beethoven, questa registrazione del 1961 si avvale della prima edizione critica moderna dei capolavori di Beethoven realizzata proprio dall&rsquo;interprete stesso di questi dischi: Ren\u00e9&hellip;\" \/>\n<meta property=\"og:url\" content=\"https:\/\/uraniarecords.com\/fr\/prodotto\/beethoven-9-symphonies-leibowitz\/\" \/>\n<meta property=\"og:site_name\" content=\"Urania Records\" \/>\n<meta property=\"article:modified_time\" content=\"2024-03-28T11:42:14+00:00\" \/>\n<meta property=\"og:image\" content=\"https:\/\/uraniarecords.com\/wp-content\/uploads\/2016\/01\/278-cover-1.jpg\" \/>\n\t<meta property=\"og:image:width\" content=\"800\" \/>\n\t<meta property=\"og:image:height\" content=\"700\" \/>\n<meta name=\"twitter:card\" content=\"summary\" \/>\n<meta name=\"twitter:label1\" content=\"Dur\u00e9e de lecture est.\" \/>\n\t<meta name=\"twitter:data1\" content=\"1 minute\" \/>\n<script type=\"application\/ld+json\" class=\"yoast-schema-graph\">{\"@context\":\"https:\/\/schema.org\",\"@graph\":[{\"@type\":\"WebSite\",\"@id\":\"https:\/\/uraniarecords.com\/#website\",\"url\":\"https:\/\/uraniarecords.com\/\",\"name\":\"Urania Records\",\"description\":\"The Italian classical Label since 1998\",\"potentialAction\":[{\"@type\":\"SearchAction\",\"target\":{\"@type\":\"EntryPoint\",\"urlTemplate\":\"https:\/\/uraniarecords.com\/?s={search_term_string}\"},\"query-input\":\"required name=search_term_string\"}],\"inLanguage\":\"fr-FR\"},{\"@type\":\"ImageObject\",\"@id\":\"https:\/\/uraniarecords.com\/fr\/prodotto\/beethoven-9-symphonies-leibowitz\/#primaryimage\",\"inLanguage\":\"fr-FR\",\"url\":\"https:\/\/uraniarecords.com\/wp-content\/uploads\/2016\/01\/278-cover-1.jpg\",\"contentUrl\":\"https:\/\/uraniarecords.com\/wp-content\/uploads\/2016\/01\/278-cover-1.jpg\",\"width\":800,\"height\":700},{\"@type\":\"WebPage\",\"@id\":\"https:\/\/uraniarecords.com\/fr\/prodotto\/beethoven-9-symphonies-leibowitz\/#webpage\",\"url\":\"https:\/\/uraniarecords.com\/fr\/prodotto\/beethoven-9-symphonies-leibowitz\/\",\"name\":\"BEETHOVEN: 9 SYMPHONIES, LEIBOWITZ - Urania Records\",\"isPartOf\":{\"@id\":\"https:\/\/uraniarecords.com\/#website\"},\"primaryImageOfPage\":{\"@id\":\"https:\/\/uraniarecords.com\/fr\/prodotto\/beethoven-9-symphonies-leibowitz\/#primaryimage\"},\"datePublished\":\"2016-01-18T16:32:08+00:00\",\"dateModified\":\"2024-03-28T11:42:14+00:00\",\"breadcrumb\":{\"@id\":\"https:\/\/uraniarecords.com\/fr\/prodotto\/beethoven-9-symphonies-leibowitz\/#breadcrumb\"},\"inLanguage\":\"fr-FR\",\"potentialAction\":[{\"@type\":\"ReadAction\",\"target\":[\"https:\/\/uraniarecords.com\/fr\/prodotto\/beethoven-9-symphonies-leibowitz\/\"]}]},{\"@type\":\"BreadcrumbList\",\"@id\":\"https:\/\/uraniarecords.com\/fr\/prodotto\/beethoven-9-symphonies-leibowitz\/#breadcrumb\",\"itemListElement\":[{\"@type\":\"ListItem\",\"position\":1,\"name\":\"Home\",\"item\":\"https:\/\/uraniarecords.com\/fr\/\"},{\"@type\":\"ListItem\",\"position\":2,\"name\":\"Boutique\",\"item\":\"https:\/\/uraniarecords.com\/fr\/boutique\/\"},{\"@type\":\"ListItem\",\"position\":3,\"name\":\"BEETHOVEN: 9 SYMPHONIES, LEIBOWITZ\"}]}]}<\/script>\n<!-- \/ Yoast SEO plugin. -->","yoast_head_json":{"title":"BEETHOVEN: 9 SYMPHONIES, LEIBOWITZ - Urania Records","robots":{"index":"index","follow":"follow","max-snippet":"max-snippet:-1","max-image-preview":"max-image-preview:large","max-video-preview":"max-video-preview:-1"},"canonical":"https:\/\/uraniarecords.com\/fr\/prodotto\/beethoven-9-symphonies-leibowitz\/","og_locale":"fr_FR","og_type":"article","og_title":"BEETHOVEN: 9 SYMPHONIES, LEIBOWITZ - Urania Records","og_description":"WS 121.278 (5 CD) BEETHOVEN: THE 9 SYMPHONIES &#8211;\u00a0OVERTURES: Egmont &#8211; Leonore III ROYAL PHILHARMONIC ORCHESTRA, 1961-1962 RENE&rsquo; LEIBOWITZ &nbsp; DESCRIZIONE PRODOTTO Tra le tante edizioni complete delle Nove Sinfonie di Beethoven, questa registrazione del 1961 si avvale della prima edizione critica moderna dei capolavori di Beethoven realizzata proprio dall&rsquo;interprete stesso di questi dischi: Ren\u00e9&hellip;","og_url":"https:\/\/uraniarecords.com\/fr\/prodotto\/beethoven-9-symphonies-leibowitz\/","og_site_name":"Urania Records","article_modified_time":"2024-03-28T11:42:14+00:00","og_image":[{"width":800,"height":700,"url":"https:\/\/uraniarecords.com\/wp-content\/uploads\/2016\/01\/278-cover-1.jpg","type":"image\/jpeg"}],"twitter_card":"summary","twitter_misc":{"Dur\u00e9e de lecture est.":"1 minute"},"schema":{"@context":"https:\/\/schema.org","@graph":[{"@type":"WebSite","@id":"https:\/\/uraniarecords.com\/#website","url":"https:\/\/uraniarecords.com\/","name":"Urania Records","description":"The Italian classical Label since 1998","potentialAction":[{"@type":"SearchAction","target":{"@type":"EntryPoint","urlTemplate":"https:\/\/uraniarecords.com\/?s={search_term_string}"},"query-input":"required name=search_term_string"}],"inLanguage":"fr-FR"},{"@type":"ImageObject","@id":"https:\/\/uraniarecords.com\/fr\/prodotto\/beethoven-9-symphonies-leibowitz\/#primaryimage","inLanguage":"fr-FR","url":"https:\/\/uraniarecords.com\/wp-content\/uploads\/2016\/01\/278-cover-1.jpg","contentUrl":"https:\/\/uraniarecords.com\/wp-content\/uploads\/2016\/01\/278-cover-1.jpg","width":800,"height":700},{"@type":"WebPage","@id":"https:\/\/uraniarecords.com\/fr\/prodotto\/beethoven-9-symphonies-leibowitz\/#webpage","url":"https:\/\/uraniarecords.com\/fr\/prodotto\/beethoven-9-symphonies-leibowitz\/","name":"BEETHOVEN: 9 SYMPHONIES, LEIBOWITZ - Urania Records","isPartOf":{"@id":"https:\/\/uraniarecords.com\/#website"},"primaryImageOfPage":{"@id":"https:\/\/uraniarecords.com\/fr\/prodotto\/beethoven-9-symphonies-leibowitz\/#primaryimage"},"datePublished":"2016-01-18T16:32:08+00:00","dateModified":"2024-03-28T11:42:14+00:00","breadcrumb":{"@id":"https:\/\/uraniarecords.com\/fr\/prodotto\/beethoven-9-symphonies-leibowitz\/#breadcrumb"},"inLanguage":"fr-FR","potentialAction":[{"@type":"ReadAction","target":["https:\/\/uraniarecords.com\/fr\/prodotto\/beethoven-9-symphonies-leibowitz\/"]}]},{"@type":"BreadcrumbList","@id":"https:\/\/uraniarecords.com\/fr\/prodotto\/beethoven-9-symphonies-leibowitz\/#breadcrumb","itemListElement":[{"@type":"ListItem","position":1,"name":"Home","item":"https:\/\/uraniarecords.com\/fr\/"},{"@type":"ListItem","position":2,"name":"Boutique","item":"https:\/\/uraniarecords.com\/fr\/boutique\/"},{"@type":"ListItem","position":3,"name":"BEETHOVEN: 9 SYMPHONIES, LEIBOWITZ"}]}]}},"_links":{"self":[{"href":"https:\/\/uraniarecords.com\/fr\/wp-json\/wp\/v2\/product\/3527"}],"collection":[{"href":"https:\/\/uraniarecords.com\/fr\/wp-json\/wp\/v2\/product"}],"about":[{"href":"https:\/\/uraniarecords.com\/fr\/wp-json\/wp\/v2\/types\/product"}],"replies":[{"embeddable":true,"href":"https:\/\/uraniarecords.com\/fr\/wp-json\/wp\/v2\/comments?post=3527"}],"wp:featuredmedia":[{"embeddable":true,"href":"https:\/\/uraniarecords.com\/fr\/wp-json\/wp\/v2\/media\/4713"}],"wp:attachment":[{"href":"https:\/\/uraniarecords.com\/fr\/wp-json\/wp\/v2\/media?parent=3527"}],"wp:term":[{"taxonomy":"product_cat","embeddable":true,"href":"https:\/\/uraniarecords.com\/fr\/wp-json\/wp\/v2\/product_cat?post=3527"},{"taxonomy":"product_tag","embeddable":true,"href":"https:\/\/uraniarecords.com\/fr\/wp-json\/wp\/v2\/product_tag?post=3527"}],"curies":[{"name":"wp","href":"https:\/\/api.w.org\/{rel}","templated":true}]}}