{"id":3588,"date":"2016-01-18T17:16:15","date_gmt":"2016-01-18T17:16:15","guid":{"rendered":"https:\/\/uraniarecords.com\/fr\/prodotto\/divisions-and-sonatas\/"},"modified":"2023-03-31T14:59:05","modified_gmt":"2023-03-31T14:59:05","slug":"divisions-and-sonatas","status":"publish","type":"product","link":"https:\/\/uraniarecords.com\/fr\/prodotto\/divisions-and-sonatas\/","title":{"rendered":"DIVISIONS AND SONATAS"},"content":{"rendered":"<p>LDV 14009<\/p>\n<p><strong>DIVISIONS AND SONATAS &#8211; ENGLISH AND FRENCH MUSIC FOR RECORDER AND LUTE<\/strong><\/p>\n<p><strong>DIEUPART <\/strong><\/p>\n<p><em>Suite II (Six Suittes de Clavessin)<\/em><\/p>\n<p><strong>ANONIMOUS <\/strong><\/p>\n<p><em>Divisions on a ground (The Division Flute)<\/em><\/p>\n<p><em>An Italian ground \u00a0<em>(The Division Flute)<\/em><\/em><\/p>\n<p><em>Tollets grounds\u00a0<em>(The Division Flute)<\/em><\/em><\/p>\n<p><strong>HELY<\/strong><\/p>\n<p><em>Fantasia (Lord Herbert of Cherbury&rsquo;s lute book)<strong>*<\/strong><\/em><\/p>\n<p><strong>PHILIDOR<\/strong><\/p>\n<p><em>Sonata pour la flute \u00e0 bec (Premier livre de pi\u00e8ce)<\/em><\/p>\n<p><strong>FRANCISQUE<\/strong><\/p>\n<p><em>Pr\u00e9lude (Le tr\u00e9sor d&rsquo;Orph\u00e9e)<\/em><\/p>\n<p><strong>BRAUN<\/strong><\/p>\n<p><em>Suite (Pi+ces sans basse)<\/em><\/p>\n<p><strong>HOTTETERRE<\/strong><\/p>\n<p><em>Pr\u00e9lude (L&rsquo;art de pr\u00e9ludier)<\/em><\/p>\n<p><strong>PURCELL<\/strong><\/p>\n<p><em>Sonata in G Minor, Z. 770 (Sonatas and solos for the violin and the flute)<\/em><\/p>\n<p><em>Prelude (Select Preludes and voluntaires)<\/em><\/p>\n<p><strong>COPERARIO<\/strong><\/p>\n<p><em>Coperario, or the Gray&rsquo;s Inn, the First<\/em><\/p>\n<p>&nbsp;<\/p>\n<p><strong>*World-premi\u00e8re recording<\/strong><\/p>\n<p>&nbsp;<\/p>\n<p><strong><em>ENSEMBLE LA SELVA<\/em><\/strong><\/p>\n<p><em>CAROLINA PACE, recorder<\/em><\/p>\n<p><em>MICHELE CARRECA, lute &amp; theorbo<\/em><\/p>\n","protected":false},"excerpt":{"rendered":"<p>LDV 14009 DIVISIONS AND SONATAS &#8211; ENGLISH AND FRENCH MUSIC FOR RECORDER AND LUTE DIEUPART Suite II (Six Suittes de Clavessin) ANONIMOUS Divisions on a ground (The Division Flute) An Italian ground \u00a0(The Division Flute) Tollets grounds\u00a0(The Division Flute) HELY Fantasia (Lord Herbert of Cherbury&rsquo;s lute book)* PHILIDOR Sonata pour la flute \u00e0 bec (Premier&hellip;<\/p>\n","protected":false},"featured_media":4107,"comment_status":"open","ping_status":"closed","template":"","meta":[],"product_cat":[163,144],"product_tag":[480,481,482],"yoast_head":"<!-- This site is optimized with the Yoast SEO plugin v17.5 - https:\/\/yoast.com\/wordpress\/plugins\/seo\/ -->\n<title>DIVISIONS AND SONATAS - Urania Records<\/title>\n<meta name=\"robots\" content=\"index, follow, max-snippet:-1, max-image-preview:large, max-video-preview:-1\" \/>\n<link rel=\"canonical\" href=\"https:\/\/uraniarecords.com\/fr\/prodotto\/divisions-and-sonatas\/\" \/>\n<meta property=\"og:locale\" content=\"fr_FR\" \/>\n<meta property=\"og:type\" content=\"article\" \/>\n<meta property=\"og:title\" content=\"DIVISIONS AND SONATAS - Urania Records\" \/>\n<meta property=\"og:description\" content=\"LDV 14009 DIVISIONS AND SONATAS &#8211; ENGLISH AND FRENCH MUSIC FOR RECORDER AND LUTE DIEUPART Suite II (Six Suittes de Clavessin) ANONIMOUS Divisions on a ground (The Division Flute) An Italian ground \u00a0(The Division Flute) Tollets grounds\u00a0(The Division Flute) HELY Fantasia (Lord Herbert of Cherbury&rsquo;s lute book)* PHILIDOR Sonata pour la flute \u00e0 bec (Premier&hellip;\" \/>\n<meta property=\"og:url\" content=\"https:\/\/uraniarecords.com\/fr\/prodotto\/divisions-and-sonatas\/\" \/>\n<meta property=\"og:site_name\" content=\"Urania Records\" \/>\n<meta property=\"article:modified_time\" content=\"2023-03-31T14:59:05+00:00\" \/>\n<meta property=\"og:image\" content=\"https:\/\/uraniarecords.com\/wp-content\/uploads\/2016\/01\/14009-cover.jpg\" \/>\n\t<meta property=\"og:image:width\" content=\"800\" \/>\n\t<meta property=\"og:image:height\" content=\"800\" \/>\n<meta name=\"twitter:card\" content=\"summary\" \/>\n<meta name=\"twitter:label1\" content=\"Dur\u00e9e de lecture est.\" \/>\n\t<meta name=\"twitter:data1\" content=\"1 minute\" \/>\n<script type=\"application\/ld+json\" class=\"yoast-schema-graph\">{\"@context\":\"https:\/\/schema.org\",\"@graph\":[{\"@type\":\"WebSite\",\"@id\":\"https:\/\/uraniarecords.com\/#website\",\"url\":\"https:\/\/uraniarecords.com\/\",\"name\":\"Urania Records\",\"description\":\"The Italian classical Label since 1998\",\"potentialAction\":[{\"@type\":\"SearchAction\",\"target\":{\"@type\":\"EntryPoint\",\"urlTemplate\":\"https:\/\/uraniarecords.com\/?s={search_term_string}\"},\"query-input\":\"required name=search_term_string\"}],\"inLanguage\":\"fr-FR\"},{\"@type\":\"ImageObject\",\"@id\":\"https:\/\/uraniarecords.com\/fr\/prodotto\/divisions-and-sonatas\/#primaryimage\",\"inLanguage\":\"fr-FR\",\"url\":\"https:\/\/uraniarecords.com\/wp-content\/uploads\/2016\/01\/14009-cover.jpg\",\"contentUrl\":\"https:\/\/uraniarecords.com\/wp-content\/uploads\/2016\/01\/14009-cover.jpg\",\"width\":800,\"height\":800},{\"@type\":\"WebPage\",\"@id\":\"https:\/\/uraniarecords.com\/fr\/prodotto\/divisions-and-sonatas\/#webpage\",\"url\":\"https:\/\/uraniarecords.com\/fr\/prodotto\/divisions-and-sonatas\/\",\"name\":\"DIVISIONS AND SONATAS - Urania Records\",\"isPartOf\":{\"@id\":\"https:\/\/uraniarecords.com\/#website\"},\"primaryImageOfPage\":{\"@id\":\"https:\/\/uraniarecords.com\/fr\/prodotto\/divisions-and-sonatas\/#primaryimage\"},\"datePublished\":\"2016-01-18T17:16:15+00:00\",\"dateModified\":\"2023-03-31T14:59:05+00:00\",\"breadcrumb\":{\"@id\":\"https:\/\/uraniarecords.com\/fr\/prodotto\/divisions-and-sonatas\/#breadcrumb\"},\"inLanguage\":\"fr-FR\",\"potentialAction\":[{\"@type\":\"ReadAction\",\"target\":[\"https:\/\/uraniarecords.com\/fr\/prodotto\/divisions-and-sonatas\/\"]}]},{\"@type\":\"BreadcrumbList\",\"@id\":\"https:\/\/uraniarecords.com\/fr\/prodotto\/divisions-and-sonatas\/#breadcrumb\",\"itemListElement\":[{\"@type\":\"ListItem\",\"position\":1,\"name\":\"Home\",\"item\":\"https:\/\/uraniarecords.com\/fr\/\"},{\"@type\":\"ListItem\",\"position\":2,\"name\":\"Boutique\",\"item\":\"https:\/\/uraniarecords.com\/fr\/boutique\/\"},{\"@type\":\"ListItem\",\"position\":3,\"name\":\"DIVISIONS AND SONATAS\"}]}]}<\/script>\n<!-- \/ Yoast SEO plugin. -->","yoast_head_json":{"title":"DIVISIONS AND SONATAS - Urania Records","robots":{"index":"index","follow":"follow","max-snippet":"max-snippet:-1","max-image-preview":"max-image-preview:large","max-video-preview":"max-video-preview:-1"},"canonical":"https:\/\/uraniarecords.com\/fr\/prodotto\/divisions-and-sonatas\/","og_locale":"fr_FR","og_type":"article","og_title":"DIVISIONS AND SONATAS - Urania Records","og_description":"LDV 14009 DIVISIONS AND SONATAS &#8211; ENGLISH AND FRENCH MUSIC FOR RECORDER AND LUTE DIEUPART Suite II (Six Suittes de Clavessin) ANONIMOUS Divisions on a ground (The Division Flute) An Italian ground \u00a0(The Division Flute) Tollets grounds\u00a0(The Division Flute) HELY Fantasia (Lord Herbert of Cherbury&rsquo;s lute book)* PHILIDOR Sonata pour la flute \u00e0 bec (Premier&hellip;","og_url":"https:\/\/uraniarecords.com\/fr\/prodotto\/divisions-and-sonatas\/","og_site_name":"Urania Records","article_modified_time":"2023-03-31T14:59:05+00:00","og_image":[{"width":800,"height":800,"url":"https:\/\/uraniarecords.com\/wp-content\/uploads\/2016\/01\/14009-cover.jpg","type":"image\/jpeg"}],"twitter_card":"summary","twitter_misc":{"Dur\u00e9e de lecture est.":"1 minute"},"schema":{"@context":"https:\/\/schema.org","@graph":[{"@type":"WebSite","@id":"https:\/\/uraniarecords.com\/#website","url":"https:\/\/uraniarecords.com\/","name":"Urania Records","description":"The Italian classical Label since 1998","potentialAction":[{"@type":"SearchAction","target":{"@type":"EntryPoint","urlTemplate":"https:\/\/uraniarecords.com\/?s={search_term_string}"},"query-input":"required name=search_term_string"}],"inLanguage":"fr-FR"},{"@type":"ImageObject","@id":"https:\/\/uraniarecords.com\/fr\/prodotto\/divisions-and-sonatas\/#primaryimage","inLanguage":"fr-FR","url":"https:\/\/uraniarecords.com\/wp-content\/uploads\/2016\/01\/14009-cover.jpg","contentUrl":"https:\/\/uraniarecords.com\/wp-content\/uploads\/2016\/01\/14009-cover.jpg","width":800,"height":800},{"@type":"WebPage","@id":"https:\/\/uraniarecords.com\/fr\/prodotto\/divisions-and-sonatas\/#webpage","url":"https:\/\/uraniarecords.com\/fr\/prodotto\/divisions-and-sonatas\/","name":"DIVISIONS AND SONATAS - Urania Records","isPartOf":{"@id":"https:\/\/uraniarecords.com\/#website"},"primaryImageOfPage":{"@id":"https:\/\/uraniarecords.com\/fr\/prodotto\/divisions-and-sonatas\/#primaryimage"},"datePublished":"2016-01-18T17:16:15+00:00","dateModified":"2023-03-31T14:59:05+00:00","breadcrumb":{"@id":"https:\/\/uraniarecords.com\/fr\/prodotto\/divisions-and-sonatas\/#breadcrumb"},"inLanguage":"fr-FR","potentialAction":[{"@type":"ReadAction","target":["https:\/\/uraniarecords.com\/fr\/prodotto\/divisions-and-sonatas\/"]}]},{"@type":"BreadcrumbList","@id":"https:\/\/uraniarecords.com\/fr\/prodotto\/divisions-and-sonatas\/#breadcrumb","itemListElement":[{"@type":"ListItem","position":1,"name":"Home","item":"https:\/\/uraniarecords.com\/fr\/"},{"@type":"ListItem","position":2,"name":"Boutique","item":"https:\/\/uraniarecords.com\/fr\/boutique\/"},{"@type":"ListItem","position":3,"name":"DIVISIONS AND SONATAS"}]}]}},"_links":{"self":[{"href":"https:\/\/uraniarecords.com\/fr\/wp-json\/wp\/v2\/product\/3588"}],"collection":[{"href":"https:\/\/uraniarecords.com\/fr\/wp-json\/wp\/v2\/product"}],"about":[{"href":"https:\/\/uraniarecords.com\/fr\/wp-json\/wp\/v2\/types\/product"}],"replies":[{"embeddable":true,"href":"https:\/\/uraniarecords.com\/fr\/wp-json\/wp\/v2\/comments?post=3588"}],"wp:featuredmedia":[{"embeddable":true,"href":"https:\/\/uraniarecords.com\/fr\/wp-json\/wp\/v2\/media\/4107"}],"wp:attachment":[{"href":"https:\/\/uraniarecords.com\/fr\/wp-json\/wp\/v2\/media?parent=3588"}],"wp:term":[{"taxonomy":"product_cat","embeddable":true,"href":"https:\/\/uraniarecords.com\/fr\/wp-json\/wp\/v2\/product_cat?post=3588"},{"taxonomy":"product_tag","embeddable":true,"href":"https:\/\/uraniarecords.com\/fr\/wp-json\/wp\/v2\/product_tag?post=3588"}],"curies":[{"name":"wp","href":"https:\/\/api.w.org\/{rel}","templated":true}]}}