{"id":3594,"date":"2016-01-18T17:19:36","date_gmt":"2016-01-18T17:19:36","guid":{"rendered":"https:\/\/uraniarecords.com\/fr\/prodotto\/bohemian-music-for-flute-guitar\/"},"modified":"2023-03-31T14:59:01","modified_gmt":"2023-03-31T14:59:01","slug":"bohemian-music-for-flute-guitar","status":"publish","type":"product","link":"https:\/\/uraniarecords.com\/fr\/prodotto\/bohemian-music-for-flute-guitar\/","title":{"rendered":"BOHEMIAN MUSIC FOR FLUTE &#038; GUITAR"},"content":{"rendered":"<p><strong>BOHEMIAN MUSIC FOR FLUTE &amp; GUITAR<\/strong><\/p>\n<p><strong>Ji\u0159\u00ed Matys<\/strong> (*1927)<\/p>\n<p><em>Suita<\/em><\/p>\n<p><em>Hra pro dva<\/em><\/p>\n<p><strong>Sylvie Bodorov\u00e1<\/strong> (*1954)<\/p>\n<p><em>Impromtus<\/em>\u00a0 \u2013 Four movements for solo flute<\/p>\n<p><em>Poh\u00e1dky jen tak (Fairy Tales only)<\/em><\/p>\n<p><strong>Ji\u0159\u00ed Baier<\/strong> (1934 &#8211; 2005)<\/p>\n<p>Bagatela<\/p>\n<p><strong>Jan Nov\u00e1k<\/strong> (1921 \u2013 1984)<\/p>\n<p><em>Cithara poetica<\/em><\/p>\n<p><em>Choreae Vernales<\/em><\/p>\n<p>&nbsp;<\/p>\n<p><em><strong>DUO FLETRA<\/strong><\/em><\/p>\n<p><em>SIMONE BELLUCCI, guitar<\/em><\/p>\n<p><em> HANA BUDISOVA COLOMBO, flute<\/em><\/p>\n<p>&nbsp;<\/p>\n<p>DESCRIZIONE PRODOTTO<\/p>\n<p class=\"p1\">Il programma registrato in questo CD propone musiche, anche discograficamente inedite, di autori boemi novecenteschi e contemporanei alcuni internazionalmente noti, altri meno frequentati oltre i confini del loro paese e comunque certamente meritevoli di essere conosciuti. Ogni brano &#8211; ogni autore &#8211; manifesta con autorevolezza la propria cifra stilistica, la propria poetica e la propria ricerca formale; elementi comuni a questo gruppo di compositori sono la chiarezza delle forme e la distanza tanto dalla ricerca ossessiva della dissonanza quanto dall\u2019effetto fine a se stesso.<\/p>\n<p><iframe loading=\"lazy\" title=\"Sylvie Bodorova: Pohadky jen tak (Fairy-Tales only)\" width=\"1200\" height=\"675\" src=\"https:\/\/www.youtube.com\/embed\/JugKYW9-oG8?feature=oembed\" frameborder=\"0\" allow=\"accelerometer; autoplay; clipboard-write; encrypted-media; gyroscope; picture-in-picture\" allowfullscreen><\/iframe><\/p>\n","protected":false},"excerpt":{"rendered":"<p>BOHEMIAN MUSIC FOR FLUTE &amp; GUITAR Ji\u0159\u00ed Matys (*1927) Suita Hra pro dva Sylvie Bodorov\u00e1 (*1954) Impromtus\u00a0 \u2013 Four movements for solo flute Poh\u00e1dky jen tak (Fairy Tales only) Ji\u0159\u00ed Baier (1934 &#8211; 2005) Bagatela Jan Nov\u00e1k (1921 \u2013 1984) Cithara poetica Choreae Vernales &nbsp; DUO FLETRA SIMONE BELLUCCI, guitar HANA BUDISOVA COLOMBO, flute &nbsp;&hellip;<\/p>\n","protected":false},"featured_media":4021,"comment_status":"open","ping_status":"closed","template":"","meta":[],"product_cat":[126,144],"product_tag":[495,496,497],"yoast_head":"<!-- This site is optimized with the Yoast SEO plugin v17.5 - https:\/\/yoast.com\/wordpress\/plugins\/seo\/ -->\n<title>BOHEMIAN MUSIC FOR FLUTE &amp; GUITAR - Urania Records<\/title>\n<meta name=\"robots\" content=\"index, follow, max-snippet:-1, max-image-preview:large, max-video-preview:-1\" \/>\n<link rel=\"canonical\" href=\"https:\/\/uraniarecords.com\/fr\/prodotto\/bohemian-music-for-flute-guitar\/\" \/>\n<meta property=\"og:locale\" content=\"fr_FR\" \/>\n<meta property=\"og:type\" content=\"article\" \/>\n<meta property=\"og:title\" content=\"BOHEMIAN MUSIC FOR FLUTE &amp; GUITAR - Urania Records\" \/>\n<meta property=\"og:description\" content=\"BOHEMIAN MUSIC FOR FLUTE &amp; GUITAR Ji\u0159\u00ed Matys (*1927) Suita Hra pro dva Sylvie Bodorov\u00e1 (*1954) Impromtus\u00a0 \u2013 Four movements for solo flute Poh\u00e1dky jen tak (Fairy Tales only) Ji\u0159\u00ed Baier (1934 &#8211; 2005) Bagatela Jan Nov\u00e1k (1921 \u2013 1984) Cithara poetica Choreae Vernales &nbsp; DUO FLETRA SIMONE BELLUCCI, guitar HANA BUDISOVA COLOMBO, flute &nbsp;&hellip;\" \/>\n<meta property=\"og:url\" content=\"https:\/\/uraniarecords.com\/fr\/prodotto\/bohemian-music-for-flute-guitar\/\" \/>\n<meta property=\"og:site_name\" content=\"Urania Records\" \/>\n<meta property=\"article:modified_time\" content=\"2023-03-31T14:59:01+00:00\" \/>\n<meta property=\"og:image\" content=\"https:\/\/uraniarecords.com\/wp-content\/uploads\/2016\/01\/14006-cover.jpg\" \/>\n\t<meta property=\"og:image:width\" content=\"800\" \/>\n\t<meta property=\"og:image:height\" content=\"800\" \/>\n<meta name=\"twitter:card\" content=\"summary\" \/>\n<meta name=\"twitter:label1\" content=\"Dur\u00e9e de lecture est.\" \/>\n\t<meta name=\"twitter:data1\" content=\"1 minute\" \/>\n<script type=\"application\/ld+json\" class=\"yoast-schema-graph\">{\"@context\":\"https:\/\/schema.org\",\"@graph\":[{\"@type\":\"WebSite\",\"@id\":\"https:\/\/uraniarecords.com\/#website\",\"url\":\"https:\/\/uraniarecords.com\/\",\"name\":\"Urania Records\",\"description\":\"The Italian classical Label since 1998\",\"potentialAction\":[{\"@type\":\"SearchAction\",\"target\":{\"@type\":\"EntryPoint\",\"urlTemplate\":\"https:\/\/uraniarecords.com\/?s={search_term_string}\"},\"query-input\":\"required name=search_term_string\"}],\"inLanguage\":\"fr-FR\"},{\"@type\":\"ImageObject\",\"@id\":\"https:\/\/uraniarecords.com\/fr\/prodotto\/bohemian-music-for-flute-guitar\/#primaryimage\",\"inLanguage\":\"fr-FR\",\"url\":\"https:\/\/uraniarecords.com\/wp-content\/uploads\/2016\/01\/14006-cover.jpg\",\"contentUrl\":\"https:\/\/uraniarecords.com\/wp-content\/uploads\/2016\/01\/14006-cover.jpg\",\"width\":800,\"height\":800},{\"@type\":\"WebPage\",\"@id\":\"https:\/\/uraniarecords.com\/fr\/prodotto\/bohemian-music-for-flute-guitar\/#webpage\",\"url\":\"https:\/\/uraniarecords.com\/fr\/prodotto\/bohemian-music-for-flute-guitar\/\",\"name\":\"BOHEMIAN MUSIC FOR FLUTE & GUITAR - Urania Records\",\"isPartOf\":{\"@id\":\"https:\/\/uraniarecords.com\/#website\"},\"primaryImageOfPage\":{\"@id\":\"https:\/\/uraniarecords.com\/fr\/prodotto\/bohemian-music-for-flute-guitar\/#primaryimage\"},\"datePublished\":\"2016-01-18T17:19:36+00:00\",\"dateModified\":\"2023-03-31T14:59:01+00:00\",\"breadcrumb\":{\"@id\":\"https:\/\/uraniarecords.com\/fr\/prodotto\/bohemian-music-for-flute-guitar\/#breadcrumb\"},\"inLanguage\":\"fr-FR\",\"potentialAction\":[{\"@type\":\"ReadAction\",\"target\":[\"https:\/\/uraniarecords.com\/fr\/prodotto\/bohemian-music-for-flute-guitar\/\"]}]},{\"@type\":\"BreadcrumbList\",\"@id\":\"https:\/\/uraniarecords.com\/fr\/prodotto\/bohemian-music-for-flute-guitar\/#breadcrumb\",\"itemListElement\":[{\"@type\":\"ListItem\",\"position\":1,\"name\":\"Home\",\"item\":\"https:\/\/uraniarecords.com\/fr\/\"},{\"@type\":\"ListItem\",\"position\":2,\"name\":\"Boutique\",\"item\":\"https:\/\/uraniarecords.com\/fr\/boutique\/\"},{\"@type\":\"ListItem\",\"position\":3,\"name\":\"BOHEMIAN MUSIC FOR FLUTE &#038; GUITAR\"}]}]}<\/script>\n<!-- \/ Yoast SEO plugin. -->","yoast_head_json":{"title":"BOHEMIAN MUSIC FOR FLUTE & GUITAR - Urania Records","robots":{"index":"index","follow":"follow","max-snippet":"max-snippet:-1","max-image-preview":"max-image-preview:large","max-video-preview":"max-video-preview:-1"},"canonical":"https:\/\/uraniarecords.com\/fr\/prodotto\/bohemian-music-for-flute-guitar\/","og_locale":"fr_FR","og_type":"article","og_title":"BOHEMIAN MUSIC FOR FLUTE & GUITAR - Urania Records","og_description":"BOHEMIAN MUSIC FOR FLUTE &amp; GUITAR Ji\u0159\u00ed Matys (*1927) Suita Hra pro dva Sylvie Bodorov\u00e1 (*1954) Impromtus\u00a0 \u2013 Four movements for solo flute Poh\u00e1dky jen tak (Fairy Tales only) Ji\u0159\u00ed Baier (1934 &#8211; 2005) Bagatela Jan Nov\u00e1k (1921 \u2013 1984) Cithara poetica Choreae Vernales &nbsp; DUO FLETRA SIMONE BELLUCCI, guitar HANA BUDISOVA COLOMBO, flute &nbsp;&hellip;","og_url":"https:\/\/uraniarecords.com\/fr\/prodotto\/bohemian-music-for-flute-guitar\/","og_site_name":"Urania Records","article_modified_time":"2023-03-31T14:59:01+00:00","og_image":[{"width":800,"height":800,"url":"https:\/\/uraniarecords.com\/wp-content\/uploads\/2016\/01\/14006-cover.jpg","type":"image\/jpeg"}],"twitter_card":"summary","twitter_misc":{"Dur\u00e9e de lecture est.":"1 minute"},"schema":{"@context":"https:\/\/schema.org","@graph":[{"@type":"WebSite","@id":"https:\/\/uraniarecords.com\/#website","url":"https:\/\/uraniarecords.com\/","name":"Urania Records","description":"The Italian classical Label since 1998","potentialAction":[{"@type":"SearchAction","target":{"@type":"EntryPoint","urlTemplate":"https:\/\/uraniarecords.com\/?s={search_term_string}"},"query-input":"required name=search_term_string"}],"inLanguage":"fr-FR"},{"@type":"ImageObject","@id":"https:\/\/uraniarecords.com\/fr\/prodotto\/bohemian-music-for-flute-guitar\/#primaryimage","inLanguage":"fr-FR","url":"https:\/\/uraniarecords.com\/wp-content\/uploads\/2016\/01\/14006-cover.jpg","contentUrl":"https:\/\/uraniarecords.com\/wp-content\/uploads\/2016\/01\/14006-cover.jpg","width":800,"height":800},{"@type":"WebPage","@id":"https:\/\/uraniarecords.com\/fr\/prodotto\/bohemian-music-for-flute-guitar\/#webpage","url":"https:\/\/uraniarecords.com\/fr\/prodotto\/bohemian-music-for-flute-guitar\/","name":"BOHEMIAN MUSIC FOR FLUTE & GUITAR - Urania Records","isPartOf":{"@id":"https:\/\/uraniarecords.com\/#website"},"primaryImageOfPage":{"@id":"https:\/\/uraniarecords.com\/fr\/prodotto\/bohemian-music-for-flute-guitar\/#primaryimage"},"datePublished":"2016-01-18T17:19:36+00:00","dateModified":"2023-03-31T14:59:01+00:00","breadcrumb":{"@id":"https:\/\/uraniarecords.com\/fr\/prodotto\/bohemian-music-for-flute-guitar\/#breadcrumb"},"inLanguage":"fr-FR","potentialAction":[{"@type":"ReadAction","target":["https:\/\/uraniarecords.com\/fr\/prodotto\/bohemian-music-for-flute-guitar\/"]}]},{"@type":"BreadcrumbList","@id":"https:\/\/uraniarecords.com\/fr\/prodotto\/bohemian-music-for-flute-guitar\/#breadcrumb","itemListElement":[{"@type":"ListItem","position":1,"name":"Home","item":"https:\/\/uraniarecords.com\/fr\/"},{"@type":"ListItem","position":2,"name":"Boutique","item":"https:\/\/uraniarecords.com\/fr\/boutique\/"},{"@type":"ListItem","position":3,"name":"BOHEMIAN MUSIC FOR FLUTE &#038; GUITAR"}]}]}},"_links":{"self":[{"href":"https:\/\/uraniarecords.com\/fr\/wp-json\/wp\/v2\/product\/3594"}],"collection":[{"href":"https:\/\/uraniarecords.com\/fr\/wp-json\/wp\/v2\/product"}],"about":[{"href":"https:\/\/uraniarecords.com\/fr\/wp-json\/wp\/v2\/types\/product"}],"replies":[{"embeddable":true,"href":"https:\/\/uraniarecords.com\/fr\/wp-json\/wp\/v2\/comments?post=3594"}],"wp:featuredmedia":[{"embeddable":true,"href":"https:\/\/uraniarecords.com\/fr\/wp-json\/wp\/v2\/media\/4021"}],"wp:attachment":[{"href":"https:\/\/uraniarecords.com\/fr\/wp-json\/wp\/v2\/media?parent=3594"}],"wp:term":[{"taxonomy":"product_cat","embeddable":true,"href":"https:\/\/uraniarecords.com\/fr\/wp-json\/wp\/v2\/product_cat?post=3594"},{"taxonomy":"product_tag","embeddable":true,"href":"https:\/\/uraniarecords.com\/fr\/wp-json\/wp\/v2\/product_tag?post=3594"}],"curies":[{"name":"wp","href":"https:\/\/api.w.org\/{rel}","templated":true}]}}