{"id":3626,"date":"2016-01-19T11:15:04","date_gmt":"2016-01-19T11:15:04","guid":{"rendered":"https:\/\/uraniarecords.com\/fr\/prodotto\/incidental-music\/"},"modified":"2023-03-31T14:58:38","modified_gmt":"2023-03-31T14:58:38","slug":"incidental-music","status":"publish","type":"product","link":"https:\/\/uraniarecords.com\/fr\/prodotto\/incidental-music\/","title":{"rendered":"INCIDENTAL MUSIC"},"content":{"rendered":"<p>WS 121.122 (2 CD)<\/p>\n<p><strong>SCHERCHEN CONDUCTS INCIDENTAL MUSIC<\/strong><\/p>\n<p><strong>BEETHOVEN<\/strong> &#8211; <em>Egmont, Prometheus<\/em><\/p>\n<p><strong>MENDELSSOHN<\/strong> &#8211; <em>A midsummer night&rsquo;s dream<\/em><\/p>\n<p><strong>GRIEG<\/strong> &#8211; <em>Peer Gynt<\/em><\/p>\n<p>&nbsp;<\/p>\n<p><strong>HERMANN SCHERCHEN<\/strong><\/p>\n<p>Rundfunk-sinfonieorchester Leipzig<\/p>\n<p>1960 Broadcast recordings of the East German Radio<\/p>\n<p>&nbsp;<\/p>\n<p>DESCRIZIONE PRODOTTO<\/p>\n<p class=\"p1\">Pubblicate una sola volta nel 1993, queste registrazioni (di eccezionale qualit\u00e0 stereo) delle Musiche di Scena da Egmont, Prometeo, Sogno di una notte di mezza estate, Peer Gynt, sono veramente delle assolute rarit\u00e0 nel quadro della stessa discografia di Scherchen. Dal punto di vista del repertorio sono poi tra le pochissime che realizzano il concetto stesso di musiche di scena nel vero senso della parola: ossia di musiche al servizio di una voce recitante. E stupefacente allora ascoltare questo repertorio molto noto nell\u2019esatto contesto in cui \u00e8 nato. La musica, per quanto conosciuta, sembrer\u00e0 diversa e assumer\u00e0 una forza che la sola esecuzione orchestrale non pu\u00f2 darle.<\/p>\n","protected":false},"excerpt":{"rendered":"<p>WS 121.122 (2 CD) SCHERCHEN CONDUCTS INCIDENTAL MUSIC BEETHOVEN &#8211; Egmont, Prometheus MENDELSSOHN &#8211; A midsummer night&rsquo;s dream GRIEG &#8211; Peer Gynt &nbsp; HERMANN SCHERCHEN Rundfunk-sinfonieorchester Leipzig 1960 Broadcast recordings of the East German Radio &nbsp; DESCRIZIONE PRODOTTO Pubblicate una sola volta nel 1993, queste registrazioni (di eccezionale qualit\u00e0 stereo) delle Musiche di Scena da&hellip;<\/p>\n","protected":false},"featured_media":4052,"comment_status":"open","ping_status":"closed","template":"","meta":[],"product_cat":[144,165],"product_tag":[],"yoast_head":"<!-- This site is optimized with the Yoast SEO plugin v17.5 - https:\/\/yoast.com\/wordpress\/plugins\/seo\/ -->\n<title>INCIDENTAL MUSIC - Urania Records<\/title>\n<meta name=\"robots\" content=\"index, follow, max-snippet:-1, max-image-preview:large, max-video-preview:-1\" \/>\n<link rel=\"canonical\" href=\"https:\/\/uraniarecords.com\/fr\/prodotto\/incidental-music\/\" \/>\n<meta property=\"og:locale\" content=\"fr_FR\" \/>\n<meta property=\"og:type\" content=\"article\" \/>\n<meta property=\"og:title\" content=\"INCIDENTAL MUSIC - Urania Records\" \/>\n<meta property=\"og:description\" content=\"WS 121.122 (2 CD) SCHERCHEN CONDUCTS INCIDENTAL MUSIC BEETHOVEN &#8211; Egmont, Prometheus MENDELSSOHN &#8211; A midsummer night&rsquo;s dream GRIEG &#8211; Peer Gynt &nbsp; HERMANN SCHERCHEN Rundfunk-sinfonieorchester Leipzig 1960 Broadcast recordings of the East German Radio &nbsp; DESCRIZIONE PRODOTTO Pubblicate una sola volta nel 1993, queste registrazioni (di eccezionale qualit\u00e0 stereo) delle Musiche di Scena da&hellip;\" \/>\n<meta property=\"og:url\" content=\"https:\/\/uraniarecords.com\/fr\/prodotto\/incidental-music\/\" \/>\n<meta property=\"og:site_name\" content=\"Urania Records\" \/>\n<meta property=\"article:modified_time\" content=\"2023-03-31T14:58:38+00:00\" \/>\n<meta property=\"og:image\" content=\"https:\/\/uraniarecords.com\/wp-content\/uploads\/2016\/01\/122-cover.jpg\" \/>\n\t<meta property=\"og:image:width\" content=\"800\" \/>\n\t<meta property=\"og:image:height\" content=\"700\" \/>\n<meta name=\"twitter:card\" content=\"summary\" \/>\n<meta name=\"twitter:label1\" content=\"Dur\u00e9e de lecture est.\" \/>\n\t<meta name=\"twitter:data1\" content=\"1 minute\" \/>\n<script type=\"application\/ld+json\" class=\"yoast-schema-graph\">{\"@context\":\"https:\/\/schema.org\",\"@graph\":[{\"@type\":\"WebSite\",\"@id\":\"https:\/\/uraniarecords.com\/#website\",\"url\":\"https:\/\/uraniarecords.com\/\",\"name\":\"Urania Records\",\"description\":\"The Italian classical Label since 1998\",\"potentialAction\":[{\"@type\":\"SearchAction\",\"target\":{\"@type\":\"EntryPoint\",\"urlTemplate\":\"https:\/\/uraniarecords.com\/?s={search_term_string}\"},\"query-input\":\"required name=search_term_string\"}],\"inLanguage\":\"fr-FR\"},{\"@type\":\"ImageObject\",\"@id\":\"https:\/\/uraniarecords.com\/fr\/prodotto\/incidental-music\/#primaryimage\",\"inLanguage\":\"fr-FR\",\"url\":\"https:\/\/uraniarecords.com\/wp-content\/uploads\/2016\/01\/122-cover.jpg\",\"contentUrl\":\"https:\/\/uraniarecords.com\/wp-content\/uploads\/2016\/01\/122-cover.jpg\",\"width\":800,\"height\":700},{\"@type\":\"WebPage\",\"@id\":\"https:\/\/uraniarecords.com\/fr\/prodotto\/incidental-music\/#webpage\",\"url\":\"https:\/\/uraniarecords.com\/fr\/prodotto\/incidental-music\/\",\"name\":\"INCIDENTAL MUSIC - Urania Records\",\"isPartOf\":{\"@id\":\"https:\/\/uraniarecords.com\/#website\"},\"primaryImageOfPage\":{\"@id\":\"https:\/\/uraniarecords.com\/fr\/prodotto\/incidental-music\/#primaryimage\"},\"datePublished\":\"2016-01-19T11:15:04+00:00\",\"dateModified\":\"2023-03-31T14:58:38+00:00\",\"breadcrumb\":{\"@id\":\"https:\/\/uraniarecords.com\/fr\/prodotto\/incidental-music\/#breadcrumb\"},\"inLanguage\":\"fr-FR\",\"potentialAction\":[{\"@type\":\"ReadAction\",\"target\":[\"https:\/\/uraniarecords.com\/fr\/prodotto\/incidental-music\/\"]}]},{\"@type\":\"BreadcrumbList\",\"@id\":\"https:\/\/uraniarecords.com\/fr\/prodotto\/incidental-music\/#breadcrumb\",\"itemListElement\":[{\"@type\":\"ListItem\",\"position\":1,\"name\":\"Home\",\"item\":\"https:\/\/uraniarecords.com\/fr\/\"},{\"@type\":\"ListItem\",\"position\":2,\"name\":\"Boutique\",\"item\":\"https:\/\/uraniarecords.com\/fr\/boutique\/\"},{\"@type\":\"ListItem\",\"position\":3,\"name\":\"INCIDENTAL MUSIC\"}]}]}<\/script>\n<!-- \/ Yoast SEO plugin. -->","yoast_head_json":{"title":"INCIDENTAL MUSIC - Urania Records","robots":{"index":"index","follow":"follow","max-snippet":"max-snippet:-1","max-image-preview":"max-image-preview:large","max-video-preview":"max-video-preview:-1"},"canonical":"https:\/\/uraniarecords.com\/fr\/prodotto\/incidental-music\/","og_locale":"fr_FR","og_type":"article","og_title":"INCIDENTAL MUSIC - Urania Records","og_description":"WS 121.122 (2 CD) SCHERCHEN CONDUCTS INCIDENTAL MUSIC BEETHOVEN &#8211; Egmont, Prometheus MENDELSSOHN &#8211; A midsummer night&rsquo;s dream GRIEG &#8211; Peer Gynt &nbsp; HERMANN SCHERCHEN Rundfunk-sinfonieorchester Leipzig 1960 Broadcast recordings of the East German Radio &nbsp; DESCRIZIONE PRODOTTO Pubblicate una sola volta nel 1993, queste registrazioni (di eccezionale qualit\u00e0 stereo) delle Musiche di Scena da&hellip;","og_url":"https:\/\/uraniarecords.com\/fr\/prodotto\/incidental-music\/","og_site_name":"Urania Records","article_modified_time":"2023-03-31T14:58:38+00:00","og_image":[{"width":800,"height":700,"url":"https:\/\/uraniarecords.com\/wp-content\/uploads\/2016\/01\/122-cover.jpg","type":"image\/jpeg"}],"twitter_card":"summary","twitter_misc":{"Dur\u00e9e de lecture est.":"1 minute"},"schema":{"@context":"https:\/\/schema.org","@graph":[{"@type":"WebSite","@id":"https:\/\/uraniarecords.com\/#website","url":"https:\/\/uraniarecords.com\/","name":"Urania Records","description":"The Italian classical Label since 1998","potentialAction":[{"@type":"SearchAction","target":{"@type":"EntryPoint","urlTemplate":"https:\/\/uraniarecords.com\/?s={search_term_string}"},"query-input":"required name=search_term_string"}],"inLanguage":"fr-FR"},{"@type":"ImageObject","@id":"https:\/\/uraniarecords.com\/fr\/prodotto\/incidental-music\/#primaryimage","inLanguage":"fr-FR","url":"https:\/\/uraniarecords.com\/wp-content\/uploads\/2016\/01\/122-cover.jpg","contentUrl":"https:\/\/uraniarecords.com\/wp-content\/uploads\/2016\/01\/122-cover.jpg","width":800,"height":700},{"@type":"WebPage","@id":"https:\/\/uraniarecords.com\/fr\/prodotto\/incidental-music\/#webpage","url":"https:\/\/uraniarecords.com\/fr\/prodotto\/incidental-music\/","name":"INCIDENTAL MUSIC - Urania Records","isPartOf":{"@id":"https:\/\/uraniarecords.com\/#website"},"primaryImageOfPage":{"@id":"https:\/\/uraniarecords.com\/fr\/prodotto\/incidental-music\/#primaryimage"},"datePublished":"2016-01-19T11:15:04+00:00","dateModified":"2023-03-31T14:58:38+00:00","breadcrumb":{"@id":"https:\/\/uraniarecords.com\/fr\/prodotto\/incidental-music\/#breadcrumb"},"inLanguage":"fr-FR","potentialAction":[{"@type":"ReadAction","target":["https:\/\/uraniarecords.com\/fr\/prodotto\/incidental-music\/"]}]},{"@type":"BreadcrumbList","@id":"https:\/\/uraniarecords.com\/fr\/prodotto\/incidental-music\/#breadcrumb","itemListElement":[{"@type":"ListItem","position":1,"name":"Home","item":"https:\/\/uraniarecords.com\/fr\/"},{"@type":"ListItem","position":2,"name":"Boutique","item":"https:\/\/uraniarecords.com\/fr\/boutique\/"},{"@type":"ListItem","position":3,"name":"INCIDENTAL MUSIC"}]}]}},"_links":{"self":[{"href":"https:\/\/uraniarecords.com\/fr\/wp-json\/wp\/v2\/product\/3626"}],"collection":[{"href":"https:\/\/uraniarecords.com\/fr\/wp-json\/wp\/v2\/product"}],"about":[{"href":"https:\/\/uraniarecords.com\/fr\/wp-json\/wp\/v2\/types\/product"}],"replies":[{"embeddable":true,"href":"https:\/\/uraniarecords.com\/fr\/wp-json\/wp\/v2\/comments?post=3626"}],"wp:featuredmedia":[{"embeddable":true,"href":"https:\/\/uraniarecords.com\/fr\/wp-json\/wp\/v2\/media\/4052"}],"wp:attachment":[{"href":"https:\/\/uraniarecords.com\/fr\/wp-json\/wp\/v2\/media?parent=3626"}],"wp:term":[{"taxonomy":"product_cat","embeddable":true,"href":"https:\/\/uraniarecords.com\/fr\/wp-json\/wp\/v2\/product_cat?post=3626"},{"taxonomy":"product_tag","embeddable":true,"href":"https:\/\/uraniarecords.com\/fr\/wp-json\/wp\/v2\/product_tag?post=3626"}],"curies":[{"name":"wp","href":"https:\/\/api.w.org\/{rel}","templated":true}]}}