{"id":3631,"date":"2016-01-19T11:20:12","date_gmt":"2016-01-19T11:20:12","guid":{"rendered":"https:\/\/uraniarecords.com\/fr\/prodotto\/mozart-string-quartets\/"},"modified":"2023-12-01T11:48:04","modified_gmt":"2023-12-01T11:48:04","slug":"mozart-string-quartets","status":"publish","type":"product","link":"https:\/\/uraniarecords.com\/fr\/prodotto\/mozart-string-quartets\/","title":{"rendered":"MOZART: STRING QUARTETS"},"content":{"rendered":"<p>WS 121.120 (2 CD)<\/p>\n<p><strong>AMADEUS QUARTET PLAYS MOZART STRING QUARTETS<\/strong><\/p>\n<p><em>String Quartet in B Flat Major, KV 458 \u00ab\u00a0The Hunt\u00a0\u00bb<\/em><\/p>\n<p><em>String Quartet in C Major, KV 465 \u00ab\u00a0Dissonance\u00a0\u00bb<\/em><\/p>\n<p><em>String Quartet in D Major, KV 499 \u00ab\u00a0Hoffmeister\u00a0\u00bb<\/em><\/p>\n<p><em>String Quartet in F Major, KV 575 \u00ab\u00a0Prussian\u00a0\u00bb<\/em><\/p>\n<p><em>String Quartet in F Major, KV 590 \u00ab\u00a0Prussian\u00a0\u00bb<\/em><\/p>\n<p><strong>AMADEUS QUARTET<\/strong><\/p>\n<p>Recordings: 1951\/1955<\/p>\n<p>&nbsp;<\/p>\n<p>DESCRIZIONE PRODOTTO<\/p>\n<p>&nbsp;<\/p>\n<p class=\"p1\">Il Quartetto Amadeus, con il Quartetto Italiano, in Europa \u00e8 stata la pi\u00f9 famosa formazione da camera della seconda met\u00e0 del Novecento. Mozart, Beethoven e Schubert hanno ricevuto da questo Quartetto alcune tra le pi\u00f9 prestigiose interpretazioni dei loro lavori. In questo bax da 2 CD Urania\u00a0sono presenti i quartetti pi\u00f9 significativi del repertorio mozartiano, incisi dal Quartetto Amadeus tra il 1951 e il 1955. Si tratta di vere pietre miliari della storia dell&rsquo;interpretazione cameristica.<\/p>\n<p><iframe loading=\"lazy\" src=\"https:\/\/lnk.to\/mozartstringquartets\" width=\"400\" height=\"700\" frameborder=\"0\" scrolling=\"no\"><\/iframe><\/p>\n","protected":false},"excerpt":{"rendered":"<p>WS 121.120 (2 CD) AMADEUS QUARTET PLAYS MOZART STRING QUARTETS String Quartet in B Flat Major, KV 458 \u00ab\u00a0The Hunt\u00a0\u00bb String Quartet in C Major, KV 465 \u00ab\u00a0Dissonance\u00a0\u00bb String Quartet in D Major, KV 499 \u00ab\u00a0Hoffmeister\u00a0\u00bb String Quartet in F Major, KV 575 \u00ab\u00a0Prussian\u00a0\u00bb String Quartet in F Major, KV 590 \u00ab\u00a0Prussian\u00a0\u00bb AMADEUS QUARTET Recordings:&hellip;<\/p>\n","protected":false},"featured_media":4785,"comment_status":"open","ping_status":"closed","template":"","meta":[],"product_cat":[126,144],"product_tag":[543,544,1042],"yoast_head":"<!-- This site is optimized with the Yoast SEO plugin v17.5 - https:\/\/yoast.com\/wordpress\/plugins\/seo\/ -->\n<title>MOZART: STRING QUARTETS - Urania Records<\/title>\n<meta name=\"robots\" content=\"index, follow, max-snippet:-1, max-image-preview:large, max-video-preview:-1\" \/>\n<link rel=\"canonical\" href=\"https:\/\/uraniarecords.com\/fr\/prodotto\/mozart-string-quartets\/\" \/>\n<meta property=\"og:locale\" content=\"fr_FR\" \/>\n<meta property=\"og:type\" content=\"article\" \/>\n<meta property=\"og:title\" content=\"MOZART: STRING QUARTETS - Urania Records\" \/>\n<meta property=\"og:description\" content=\"WS 121.120 (2 CD) AMADEUS QUARTET PLAYS MOZART STRING QUARTETS String Quartet in B Flat Major, KV 458 \u00ab\u00a0The Hunt\u00a0\u00bb String Quartet in C Major, KV 465 \u00ab\u00a0Dissonance\u00a0\u00bb String Quartet in D Major, KV 499 \u00ab\u00a0Hoffmeister\u00a0\u00bb String Quartet in F Major, KV 575 \u00ab\u00a0Prussian\u00a0\u00bb String Quartet in F Major, KV 590 \u00ab\u00a0Prussian\u00a0\u00bb AMADEUS QUARTET Recordings:&hellip;\" \/>\n<meta property=\"og:url\" content=\"https:\/\/uraniarecords.com\/fr\/prodotto\/mozart-string-quartets\/\" \/>\n<meta property=\"og:site_name\" content=\"Urania Records\" \/>\n<meta property=\"article:modified_time\" content=\"2023-12-01T11:48:04+00:00\" \/>\n<meta property=\"og:image\" content=\"https:\/\/uraniarecords.com\/wp-content\/uploads\/2016\/01\/120-cover.jpg\" \/>\n\t<meta property=\"og:image:width\" content=\"800\" \/>\n\t<meta property=\"og:image:height\" content=\"800\" \/>\n<meta name=\"twitter:card\" content=\"summary\" \/>\n<meta name=\"twitter:label1\" content=\"Dur\u00e9e de lecture est.\" \/>\n\t<meta name=\"twitter:data1\" content=\"1 minute\" \/>\n<script type=\"application\/ld+json\" class=\"yoast-schema-graph\">{\"@context\":\"https:\/\/schema.org\",\"@graph\":[{\"@type\":\"WebSite\",\"@id\":\"https:\/\/uraniarecords.com\/#website\",\"url\":\"https:\/\/uraniarecords.com\/\",\"name\":\"Urania Records\",\"description\":\"The Italian classical Label since 1998\",\"potentialAction\":[{\"@type\":\"SearchAction\",\"target\":{\"@type\":\"EntryPoint\",\"urlTemplate\":\"https:\/\/uraniarecords.com\/?s={search_term_string}\"},\"query-input\":\"required name=search_term_string\"}],\"inLanguage\":\"fr-FR\"},{\"@type\":\"ImageObject\",\"@id\":\"https:\/\/uraniarecords.com\/fr\/prodotto\/mozart-string-quartets\/#primaryimage\",\"inLanguage\":\"fr-FR\",\"url\":\"https:\/\/uraniarecords.com\/wp-content\/uploads\/2016\/01\/120-cover.jpg\",\"contentUrl\":\"https:\/\/uraniarecords.com\/wp-content\/uploads\/2016\/01\/120-cover.jpg\",\"width\":800,\"height\":800},{\"@type\":\"WebPage\",\"@id\":\"https:\/\/uraniarecords.com\/fr\/prodotto\/mozart-string-quartets\/#webpage\",\"url\":\"https:\/\/uraniarecords.com\/fr\/prodotto\/mozart-string-quartets\/\",\"name\":\"MOZART: STRING QUARTETS - Urania Records\",\"isPartOf\":{\"@id\":\"https:\/\/uraniarecords.com\/#website\"},\"primaryImageOfPage\":{\"@id\":\"https:\/\/uraniarecords.com\/fr\/prodotto\/mozart-string-quartets\/#primaryimage\"},\"datePublished\":\"2016-01-19T11:20:12+00:00\",\"dateModified\":\"2023-12-01T11:48:04+00:00\",\"breadcrumb\":{\"@id\":\"https:\/\/uraniarecords.com\/fr\/prodotto\/mozart-string-quartets\/#breadcrumb\"},\"inLanguage\":\"fr-FR\",\"potentialAction\":[{\"@type\":\"ReadAction\",\"target\":[\"https:\/\/uraniarecords.com\/fr\/prodotto\/mozart-string-quartets\/\"]}]},{\"@type\":\"BreadcrumbList\",\"@id\":\"https:\/\/uraniarecords.com\/fr\/prodotto\/mozart-string-quartets\/#breadcrumb\",\"itemListElement\":[{\"@type\":\"ListItem\",\"position\":1,\"name\":\"Home\",\"item\":\"https:\/\/uraniarecords.com\/fr\/\"},{\"@type\":\"ListItem\",\"position\":2,\"name\":\"Boutique\",\"item\":\"https:\/\/uraniarecords.com\/fr\/boutique\/\"},{\"@type\":\"ListItem\",\"position\":3,\"name\":\"MOZART: STRING QUARTETS\"}]}]}<\/script>\n<!-- \/ Yoast SEO plugin. -->","yoast_head_json":{"title":"MOZART: STRING QUARTETS - Urania Records","robots":{"index":"index","follow":"follow","max-snippet":"max-snippet:-1","max-image-preview":"max-image-preview:large","max-video-preview":"max-video-preview:-1"},"canonical":"https:\/\/uraniarecords.com\/fr\/prodotto\/mozart-string-quartets\/","og_locale":"fr_FR","og_type":"article","og_title":"MOZART: STRING QUARTETS - Urania Records","og_description":"WS 121.120 (2 CD) AMADEUS QUARTET PLAYS MOZART STRING QUARTETS String Quartet in B Flat Major, KV 458 \u00ab\u00a0The Hunt\u00a0\u00bb String Quartet in C Major, KV 465 \u00ab\u00a0Dissonance\u00a0\u00bb String Quartet in D Major, KV 499 \u00ab\u00a0Hoffmeister\u00a0\u00bb String Quartet in F Major, KV 575 \u00ab\u00a0Prussian\u00a0\u00bb String Quartet in F Major, KV 590 \u00ab\u00a0Prussian\u00a0\u00bb AMADEUS QUARTET Recordings:&hellip;","og_url":"https:\/\/uraniarecords.com\/fr\/prodotto\/mozart-string-quartets\/","og_site_name":"Urania Records","article_modified_time":"2023-12-01T11:48:04+00:00","og_image":[{"width":800,"height":800,"url":"https:\/\/uraniarecords.com\/wp-content\/uploads\/2016\/01\/120-cover.jpg","type":"image\/jpeg"}],"twitter_card":"summary","twitter_misc":{"Dur\u00e9e de lecture est.":"1 minute"},"schema":{"@context":"https:\/\/schema.org","@graph":[{"@type":"WebSite","@id":"https:\/\/uraniarecords.com\/#website","url":"https:\/\/uraniarecords.com\/","name":"Urania Records","description":"The Italian classical Label since 1998","potentialAction":[{"@type":"SearchAction","target":{"@type":"EntryPoint","urlTemplate":"https:\/\/uraniarecords.com\/?s={search_term_string}"},"query-input":"required name=search_term_string"}],"inLanguage":"fr-FR"},{"@type":"ImageObject","@id":"https:\/\/uraniarecords.com\/fr\/prodotto\/mozart-string-quartets\/#primaryimage","inLanguage":"fr-FR","url":"https:\/\/uraniarecords.com\/wp-content\/uploads\/2016\/01\/120-cover.jpg","contentUrl":"https:\/\/uraniarecords.com\/wp-content\/uploads\/2016\/01\/120-cover.jpg","width":800,"height":800},{"@type":"WebPage","@id":"https:\/\/uraniarecords.com\/fr\/prodotto\/mozart-string-quartets\/#webpage","url":"https:\/\/uraniarecords.com\/fr\/prodotto\/mozart-string-quartets\/","name":"MOZART: STRING QUARTETS - Urania Records","isPartOf":{"@id":"https:\/\/uraniarecords.com\/#website"},"primaryImageOfPage":{"@id":"https:\/\/uraniarecords.com\/fr\/prodotto\/mozart-string-quartets\/#primaryimage"},"datePublished":"2016-01-19T11:20:12+00:00","dateModified":"2023-12-01T11:48:04+00:00","breadcrumb":{"@id":"https:\/\/uraniarecords.com\/fr\/prodotto\/mozart-string-quartets\/#breadcrumb"},"inLanguage":"fr-FR","potentialAction":[{"@type":"ReadAction","target":["https:\/\/uraniarecords.com\/fr\/prodotto\/mozart-string-quartets\/"]}]},{"@type":"BreadcrumbList","@id":"https:\/\/uraniarecords.com\/fr\/prodotto\/mozart-string-quartets\/#breadcrumb","itemListElement":[{"@type":"ListItem","position":1,"name":"Home","item":"https:\/\/uraniarecords.com\/fr\/"},{"@type":"ListItem","position":2,"name":"Boutique","item":"https:\/\/uraniarecords.com\/fr\/boutique\/"},{"@type":"ListItem","position":3,"name":"MOZART: STRING QUARTETS"}]}]}},"_links":{"self":[{"href":"https:\/\/uraniarecords.com\/fr\/wp-json\/wp\/v2\/product\/3631"}],"collection":[{"href":"https:\/\/uraniarecords.com\/fr\/wp-json\/wp\/v2\/product"}],"about":[{"href":"https:\/\/uraniarecords.com\/fr\/wp-json\/wp\/v2\/types\/product"}],"replies":[{"embeddable":true,"href":"https:\/\/uraniarecords.com\/fr\/wp-json\/wp\/v2\/comments?post=3631"}],"wp:featuredmedia":[{"embeddable":true,"href":"https:\/\/uraniarecords.com\/fr\/wp-json\/wp\/v2\/media\/4785"}],"wp:attachment":[{"href":"https:\/\/uraniarecords.com\/fr\/wp-json\/wp\/v2\/media?parent=3631"}],"wp:term":[{"taxonomy":"product_cat","embeddable":true,"href":"https:\/\/uraniarecords.com\/fr\/wp-json\/wp\/v2\/product_cat?post=3631"},{"taxonomy":"product_tag","embeddable":true,"href":"https:\/\/uraniarecords.com\/fr\/wp-json\/wp\/v2\/product_tag?post=3631"}],"curies":[{"name":"wp","href":"https:\/\/api.w.org\/{rel}","templated":true}]}}