{"id":4688,"date":"2016-01-21T13:43:26","date_gmt":"2016-01-21T13:43:26","guid":{"rendered":"https:\/\/uraniarecords.com\/fr\/prodotto\/puccini-madama-butterfly-price\/"},"modified":"2023-03-31T15:11:16","modified_gmt":"2023-03-31T15:11:16","slug":"puccini-madama-butterfly-price","status":"publish","type":"product","link":"https:\/\/uraniarecords.com\/fr\/prodotto\/puccini-madama-butterfly-price\/","title":{"rendered":"PUCCINI: MADAMA BUTTERFLY, PRICE"},"content":{"rendered":"<p>WS 121.178 ( 2 CD)<\/p>\n<p><strong>PUCCINI: MADAMA BUTTERFLY<\/strong><\/p>\n<p>LEONTYNE PRICE &#8211; RICHARD TUCKER &#8211; PHILIP MAERO<\/p>\n<p><em>Orchestra e coro dell&rsquo;Opera di Roma &#8211; 1962\u00a0<\/em><\/p>\n<p><strong>ERICH LEINSDORF<\/strong><\/p>\n<p>&nbsp;<\/p>\n<p>DESCRIZIONE PRODOTTO<\/p>\n<p class=\"p1\">Questa famosa versione di <i>Madama Butterfly<\/i> \u00e8 sempre stata un evergreen tra la discografia. Eccellente la cooperazione tra Leontyne Price e Erich Leinsdorf, la cui versione della musica puccianiana va lontano dell\u2019ordinaria prospettiva dei direttori italiani del tempo. La Price, per temperamento e psicologia \u00e8 sempre stata pi\u00f9 vicina al ruolo di Tosca e tuttavia \u00e8 stata una delle pi\u00f9 importanti Butterfly con la Tebaldi e la Scotto. Da non dimenticare la presenza del pi\u00f9 grande tenore americano del tempo, Richard Tucker.<\/p>\n","protected":false},"excerpt":{"rendered":"<p>WS 121.178 ( 2 CD) PUCCINI: MADAMA BUTTERFLY LEONTYNE PRICE &#8211; RICHARD TUCKER &#8211; PHILIP MAERO Orchestra e coro dell&rsquo;Opera di Roma &#8211; 1962\u00a0 ERICH LEINSDORF &nbsp; DESCRIZIONE PRODOTTO Questa famosa versione di Madama Butterfly \u00e8 sempre stata un evergreen tra la discografia. Eccellente la cooperazione tra Leontyne Price e Erich Leinsdorf, la cui versione&hellip;<\/p>\n","protected":false},"featured_media":5298,"comment_status":"open","ping_status":"closed","template":"","meta":[],"product_cat":[169],"product_tag":[980],"yoast_head":"<!-- This site is optimized with the Yoast SEO plugin v17.5 - https:\/\/yoast.com\/wordpress\/plugins\/seo\/ -->\n<title>PUCCINI: MADAMA BUTTERFLY, PRICE - Urania Records<\/title>\n<meta name=\"robots\" content=\"index, follow, max-snippet:-1, max-image-preview:large, max-video-preview:-1\" \/>\n<link rel=\"canonical\" href=\"https:\/\/uraniarecords.com\/fr\/prodotto\/puccini-madama-butterfly-price\/\" \/>\n<meta property=\"og:locale\" content=\"fr_FR\" \/>\n<meta property=\"og:type\" content=\"article\" \/>\n<meta property=\"og:title\" content=\"PUCCINI: MADAMA BUTTERFLY, PRICE - Urania Records\" \/>\n<meta property=\"og:description\" content=\"WS 121.178 ( 2 CD) PUCCINI: MADAMA BUTTERFLY LEONTYNE PRICE &#8211; RICHARD TUCKER &#8211; PHILIP MAERO Orchestra e coro dell&rsquo;Opera di Roma &#8211; 1962\u00a0 ERICH LEINSDORF &nbsp; DESCRIZIONE PRODOTTO Questa famosa versione di Madama Butterfly \u00e8 sempre stata un evergreen tra la discografia. Eccellente la cooperazione tra Leontyne Price e Erich Leinsdorf, la cui versione&hellip;\" \/>\n<meta property=\"og:url\" content=\"https:\/\/uraniarecords.com\/fr\/prodotto\/puccini-madama-butterfly-price\/\" \/>\n<meta property=\"og:site_name\" content=\"Urania Records\" \/>\n<meta property=\"article:modified_time\" content=\"2023-03-31T15:11:16+00:00\" \/>\n<meta property=\"og:image\" content=\"https:\/\/uraniarecords.com\/wp-content\/uploads\/2016\/01\/178-cover-copia.jpg\" \/>\n\t<meta property=\"og:image:width\" content=\"800\" \/>\n\t<meta property=\"og:image:height\" content=\"800\" \/>\n<meta name=\"twitter:card\" content=\"summary\" \/>\n<meta name=\"twitter:label1\" content=\"Dur\u00e9e de lecture est.\" \/>\n\t<meta name=\"twitter:data1\" content=\"1 minute\" \/>\n<script type=\"application\/ld+json\" class=\"yoast-schema-graph\">{\"@context\":\"https:\/\/schema.org\",\"@graph\":[{\"@type\":\"WebSite\",\"@id\":\"https:\/\/uraniarecords.com\/#website\",\"url\":\"https:\/\/uraniarecords.com\/\",\"name\":\"Urania Records\",\"description\":\"The Italian classical Label since 1998\",\"potentialAction\":[{\"@type\":\"SearchAction\",\"target\":{\"@type\":\"EntryPoint\",\"urlTemplate\":\"https:\/\/uraniarecords.com\/?s={search_term_string}\"},\"query-input\":\"required name=search_term_string\"}],\"inLanguage\":\"fr-FR\"},{\"@type\":\"ImageObject\",\"@id\":\"https:\/\/uraniarecords.com\/fr\/prodotto\/puccini-madama-butterfly-price\/#primaryimage\",\"inLanguage\":\"fr-FR\",\"url\":\"https:\/\/uraniarecords.com\/wp-content\/uploads\/2016\/01\/178-cover-copia.jpg\",\"contentUrl\":\"https:\/\/uraniarecords.com\/wp-content\/uploads\/2016\/01\/178-cover-copia.jpg\",\"width\":800,\"height\":800},{\"@type\":\"WebPage\",\"@id\":\"https:\/\/uraniarecords.com\/fr\/prodotto\/puccini-madama-butterfly-price\/#webpage\",\"url\":\"https:\/\/uraniarecords.com\/fr\/prodotto\/puccini-madama-butterfly-price\/\",\"name\":\"PUCCINI: MADAMA BUTTERFLY, PRICE - Urania Records\",\"isPartOf\":{\"@id\":\"https:\/\/uraniarecords.com\/#website\"},\"primaryImageOfPage\":{\"@id\":\"https:\/\/uraniarecords.com\/fr\/prodotto\/puccini-madama-butterfly-price\/#primaryimage\"},\"datePublished\":\"2016-01-21T13:43:26+00:00\",\"dateModified\":\"2023-03-31T15:11:16+00:00\",\"breadcrumb\":{\"@id\":\"https:\/\/uraniarecords.com\/fr\/prodotto\/puccini-madama-butterfly-price\/#breadcrumb\"},\"inLanguage\":\"fr-FR\",\"potentialAction\":[{\"@type\":\"ReadAction\",\"target\":[\"https:\/\/uraniarecords.com\/fr\/prodotto\/puccini-madama-butterfly-price\/\"]}]},{\"@type\":\"BreadcrumbList\",\"@id\":\"https:\/\/uraniarecords.com\/fr\/prodotto\/puccini-madama-butterfly-price\/#breadcrumb\",\"itemListElement\":[{\"@type\":\"ListItem\",\"position\":1,\"name\":\"Home\",\"item\":\"https:\/\/uraniarecords.com\/fr\/\"},{\"@type\":\"ListItem\",\"position\":2,\"name\":\"Boutique\",\"item\":\"https:\/\/uraniarecords.com\/fr\/boutique\/\"},{\"@type\":\"ListItem\",\"position\":3,\"name\":\"PUCCINI: MADAMA BUTTERFLY, PRICE\"}]}]}<\/script>\n<!-- \/ Yoast SEO plugin. -->","yoast_head_json":{"title":"PUCCINI: MADAMA BUTTERFLY, PRICE - Urania Records","robots":{"index":"index","follow":"follow","max-snippet":"max-snippet:-1","max-image-preview":"max-image-preview:large","max-video-preview":"max-video-preview:-1"},"canonical":"https:\/\/uraniarecords.com\/fr\/prodotto\/puccini-madama-butterfly-price\/","og_locale":"fr_FR","og_type":"article","og_title":"PUCCINI: MADAMA BUTTERFLY, PRICE - Urania Records","og_description":"WS 121.178 ( 2 CD) PUCCINI: MADAMA BUTTERFLY LEONTYNE PRICE &#8211; RICHARD TUCKER &#8211; PHILIP MAERO Orchestra e coro dell&rsquo;Opera di Roma &#8211; 1962\u00a0 ERICH LEINSDORF &nbsp; DESCRIZIONE PRODOTTO Questa famosa versione di Madama Butterfly \u00e8 sempre stata un evergreen tra la discografia. Eccellente la cooperazione tra Leontyne Price e Erich Leinsdorf, la cui versione&hellip;","og_url":"https:\/\/uraniarecords.com\/fr\/prodotto\/puccini-madama-butterfly-price\/","og_site_name":"Urania Records","article_modified_time":"2023-03-31T15:11:16+00:00","og_image":[{"width":800,"height":800,"url":"https:\/\/uraniarecords.com\/wp-content\/uploads\/2016\/01\/178-cover-copia.jpg","type":"image\/jpeg"}],"twitter_card":"summary","twitter_misc":{"Dur\u00e9e de lecture est.":"1 minute"},"schema":{"@context":"https:\/\/schema.org","@graph":[{"@type":"WebSite","@id":"https:\/\/uraniarecords.com\/#website","url":"https:\/\/uraniarecords.com\/","name":"Urania Records","description":"The Italian classical Label since 1998","potentialAction":[{"@type":"SearchAction","target":{"@type":"EntryPoint","urlTemplate":"https:\/\/uraniarecords.com\/?s={search_term_string}"},"query-input":"required name=search_term_string"}],"inLanguage":"fr-FR"},{"@type":"ImageObject","@id":"https:\/\/uraniarecords.com\/fr\/prodotto\/puccini-madama-butterfly-price\/#primaryimage","inLanguage":"fr-FR","url":"https:\/\/uraniarecords.com\/wp-content\/uploads\/2016\/01\/178-cover-copia.jpg","contentUrl":"https:\/\/uraniarecords.com\/wp-content\/uploads\/2016\/01\/178-cover-copia.jpg","width":800,"height":800},{"@type":"WebPage","@id":"https:\/\/uraniarecords.com\/fr\/prodotto\/puccini-madama-butterfly-price\/#webpage","url":"https:\/\/uraniarecords.com\/fr\/prodotto\/puccini-madama-butterfly-price\/","name":"PUCCINI: MADAMA BUTTERFLY, PRICE - Urania Records","isPartOf":{"@id":"https:\/\/uraniarecords.com\/#website"},"primaryImageOfPage":{"@id":"https:\/\/uraniarecords.com\/fr\/prodotto\/puccini-madama-butterfly-price\/#primaryimage"},"datePublished":"2016-01-21T13:43:26+00:00","dateModified":"2023-03-31T15:11:16+00:00","breadcrumb":{"@id":"https:\/\/uraniarecords.com\/fr\/prodotto\/puccini-madama-butterfly-price\/#breadcrumb"},"inLanguage":"fr-FR","potentialAction":[{"@type":"ReadAction","target":["https:\/\/uraniarecords.com\/fr\/prodotto\/puccini-madama-butterfly-price\/"]}]},{"@type":"BreadcrumbList","@id":"https:\/\/uraniarecords.com\/fr\/prodotto\/puccini-madama-butterfly-price\/#breadcrumb","itemListElement":[{"@type":"ListItem","position":1,"name":"Home","item":"https:\/\/uraniarecords.com\/fr\/"},{"@type":"ListItem","position":2,"name":"Boutique","item":"https:\/\/uraniarecords.com\/fr\/boutique\/"},{"@type":"ListItem","position":3,"name":"PUCCINI: MADAMA BUTTERFLY, PRICE"}]}]}},"_links":{"self":[{"href":"https:\/\/uraniarecords.com\/fr\/wp-json\/wp\/v2\/product\/4688"}],"collection":[{"href":"https:\/\/uraniarecords.com\/fr\/wp-json\/wp\/v2\/product"}],"about":[{"href":"https:\/\/uraniarecords.com\/fr\/wp-json\/wp\/v2\/types\/product"}],"replies":[{"embeddable":true,"href":"https:\/\/uraniarecords.com\/fr\/wp-json\/wp\/v2\/comments?post=4688"}],"wp:featuredmedia":[{"embeddable":true,"href":"https:\/\/uraniarecords.com\/fr\/wp-json\/wp\/v2\/media\/5298"}],"wp:attachment":[{"href":"https:\/\/uraniarecords.com\/fr\/wp-json\/wp\/v2\/media?parent=4688"}],"wp:term":[{"taxonomy":"product_cat","embeddable":true,"href":"https:\/\/uraniarecords.com\/fr\/wp-json\/wp\/v2\/product_cat?post=4688"},{"taxonomy":"product_tag","embeddable":true,"href":"https:\/\/uraniarecords.com\/fr\/wp-json\/wp\/v2\/product_tag?post=4688"}],"curies":[{"name":"wp","href":"https:\/\/api.w.org\/{rel}","templated":true}]}}